{"id":992798,"date":"2025-02-07T14:44:54","date_gmt":"2025-02-07T11:44:54","guid":{"rendered":"https:\/\/cukurpartners.com\/cukur-partners-akademi-katilimcilar-icin-aydinlatma-metni\/"},"modified":"2025-02-07T14:44:54","modified_gmt":"2025-02-07T11:44:54","slug":"cukur-partners-akademi-katilimcilar-icin-aydinlatma-metni","status":"publish","type":"page","link":"https:\/\/cukurpartners.com\/tr\/cukur-partners-akademi-katilimcilar-icin-aydinlatma-metni\/","title":{"rendered":"\u00c7ukur Partners Akademi Kat\u0131l\u0131mc\u0131lar \u0130\u00e7in Ayd\u0131nlatma Metni"},"content":{"rendered":"\t\t<div data-elementor-type=\"wp-page\" data-elementor-id=\"992798\" class=\"elementor elementor-992798 elementor-992789\" data-elementor-post-type=\"page\">\n\t\t\t\t<div class=\"elementor-element elementor-element-4c5b0c25 e-flex e-con-boxed e-con e-parent\" data-id=\"4c5b0c25\" data-element_type=\"container\" data-settings=\"{&quot;background_background&quot;:&quot;classic&quot;,&quot;animation&quot;:&quot;none&quot;}\">\n\t\t\t\t\t<div class=\"e-con-inner\">\n\t\t<div class=\"elementor-element elementor-element-527627da e-con-full e-flex e-con e-child\" data-id=\"527627da\" data-element_type=\"container\">\n\t\t\t\t<div class=\"elementor-element elementor-element-44c53118 elementor-widget elementor-widget-heading\" data-id=\"44c53118\" data-element_type=\"widget\" data-settings=\"{&quot;_animation&quot;:&quot;none&quot;,&quot;_animation_tablet&quot;:&quot;none&quot;}\" data-widget_type=\"heading.default\">\n\t\t\t\t<div class=\"elementor-widget-container\">\n\t\t\t\t\t<h1 class=\"elementor-heading-title elementor-size-default\">\u00c7ukur Partners Akademi Kat\u0131l\u0131mc\u0131lar \u0130\u00e7in Ayd\u0131nlatma Metni<\/h1>\t\t\t\t<\/div>\n\t\t\t\t<\/div>\n\t\t\t\t<\/div>\n\t\t\t\t\t<\/div>\n\t\t\t\t<\/div>\n\t\t<div class=\"elementor-element elementor-element-2fbc75da e-con-full e-flex e-con e-parent\" data-id=\"2fbc75da\" data-element_type=\"container\">\n\t\t<div class=\"elementor-element elementor-element-6ed5d8bb e-flex e-con-boxed e-con e-child\" data-id=\"6ed5d8bb\" data-element_type=\"container\">\n\t\t\t\t\t<div class=\"e-con-inner\">\n\t\t\t\t<div class=\"elementor-element elementor-element-52c1dcc7 elementor-widget elementor-widget-text-editor\" data-id=\"52c1dcc7\" data-element_type=\"widget\" data-widget_type=\"text-editor.default\">\n\t\t\t\t<div class=\"elementor-widget-container\">\n\t\t\t\t\t\t\t\t\t<h4><b>\u00c7UKUR &amp; PARTNERS AKADEM\u0130 KATILIMCILARI \u0130\u00c7\u0130N K\u0130\u015e\u0130SEL VER\u0130LER\u0130N \u0130\u015eLENMES\u0130 HAKKINDA AYDINLATMA METN\u0130<\/b><\/h4><p><br \/><b><\/b><\/p><ul><li aria-level=\"1\"><b>Giri\u015f<\/b><\/li><\/ul><p><span style=\"font-weight: 400;\">\u00c7UKUR &amp; PARTNERS \u2013 DEVR\u0130M \u00c7UKUR AVUKATLIK B\u00dcROSU (bundan b\u00f6yle \u201c\u00c7ukur &amp; Partners\u201d veya \u201cB\u00fcro\u201d olarak an\u0131lacakt\u0131r) taraf\u0131ndan i\u015fbu Ayd\u0131nlatma Metni ile taraf\u0131n\u0131za bilgi vermek ve ayd\u0131nlatma y\u00fck\u00fcml\u00fcl\u00fc\u011f\u00fcm\u00fcz\u00fcn yerine getirilmesi ama\u00e7lanm\u0131\u015ft\u0131r.\u00a0<\/span><b><\/b><\/p><ul><li aria-level=\"1\"><b>Ki\u015fisel Verilerin Toplama Y\u00f6ntemi<\/b><\/li><\/ul><p><span style=\"font-weight: 400;\">B\u00fcromuz taraf\u0131ndan i\u015flenen ki\u015fisel verileriniz, B\u00fcromuzun kurdu\u011fu \u00c7ukur &amp; Partners Akademi kapsam\u0131nda kat\u0131l\u0131mc\u0131lara e\u011fitim verilebilmesi, kat\u0131l\u0131mc\u0131lar ile ileti\u015fime ge\u00e7ilebilmesi, kat\u0131l\u0131mc\u0131lar\u0131n memnuniyeti ve ba\u011fl\u0131l\u0131\u011f\u0131 s\u00fcre\u00e7lerinin y\u00fcr\u00fct\u00fclmesi, hukuk i\u015flerinin takibi ve y\u00fcr\u00fct\u00fclmesi, e\u011fitim s\u00fcre\u00e7lerinin iyile\u015ftirilmesine y\u00f6nelik \u00f6nerilerin al\u0131nmas\u0131 ve de\u011ferlendirilmesi sebepleri ile i\u015flenmektedir.\u00a0<\/span><\/p><ul><li style=\"font-weight: 400;\" aria-level=\"1\"><b>\u00d6zel Nitelikli Ki\u015fisel Verilerin \u0130\u015flenmesi ve Hukuki Sebepleri<\/b><\/li><\/ul><p><span style=\"font-weight: 400;\">\u00c7ukur &amp; Partners Akademi\u2019ye ba\u015fvuru yaparken g\u00f6nderdi\u011finiz \u00f6zge\u00e7mi\u015flerinizde \u00f6zel nitelikli ki\u015fisel verilere yer vermeniz halinde, B\u00fcromuzca taraf\u0131n\u0131za ait\u00a0\u00f6zel nitelikli ki\u015fisel verileriniz de i\u015flenebilecektir. \u00d6zel nitelikli ki\u015fisel verileriniz, \u00c7ukur &amp; Partners Akademi\u2019nin se\u00e7me ve kabul edilme s\u00fcrecinde de\u011ferlendirilmek amac\u0131yla i\u015flenecek olup i\u015flenen ki\u015fisel verileriniz KVKK\u2019n\u0131n 6. maddesi 2. f\u0131kras\u0131 kapsam\u0131nda a\u00e7\u0131k r\u0131za \u015fart\u0131n\u0131n sa\u011flanmas\u0131 halinde i\u015flenecektir.\u00a0\u00a0\u00a0<\/span><b><\/b><\/p><ul><li aria-level=\"1\"><b>Ki\u015fisel Verilerin Toplanma Y\u00f6ntemi ve Hukuki Sebebi\u00a0<\/b><\/li><\/ul><p><span style=\"font-weight: 400;\">Ki\u015fisel verileriniz, otomatik veya otomatik olmayan y\u00f6ntemlerle, B\u00fcromuz internet sitesi, e-posta adresi ve benzeri vas\u0131talarla s\u00f6zl\u00fc ya da elektronik olarak toplanabilecektir. Toplanan ki\u015fisel verileriniz KVKK\u2019n\u0131n 5. Maddesinin 2. F\u0131kras\u0131 kapsam\u0131nda bir s\u00f6zle\u015fmenin kurulmas\u0131 veya ifas\u0131yla do\u011frudan do\u011fruya ilgili olmas\u0131, bir hakk\u0131n tesisi, kullan\u0131lmas\u0131 veya korunmas\u0131 i\u00e7in ve veri sorumlusunun me\u015fru menfaatleri i\u00e7in veri i\u015flenmesinin zorunlu olmas\u0131 hukuki sebeplerine dayan\u0131larak i\u015flenmektedir.<\/span><b><\/b><\/p><ul><li aria-level=\"1\"><b>Ki\u015fisel Verilerin Aktar\u0131lmas\u0131 ve \u0130\u015flenme S\u00fcresi\u00a0<\/b><\/li><\/ul><p><span style=\"font-weight: 400;\">Toplanan ki\u015fisel verileriniz, KVKK\u2019n\u0131n \u201cki\u015fisel verilerin aktar\u0131lmas\u0131\u201dna ili\u015fkin 8. Maddesinde bahsedilen hukuki sebeplere dayan\u0131larak yahut gerekmesi halinde a\u00e7\u0131k r\u0131za \u015fart\u0131n\u0131n sa\u011flanmas\u0131 ile kanunen yetkili kamu kurumlar\u0131 ve \u00f6zel ki\u015filere aktar\u0131labilmektedir. Ki\u015fisel verileriniz, ki\u015fisel veri i\u015fleme amac\u0131n\u0131n ortadan kalkmas\u0131, kanunlar ve ilgili sair mevzuat kapsam\u0131nda belirlenen zorunlu saklama s\u00fcrelerinin dolmas\u0131yla yahut ki\u015fisel verilerinizin silinmesi, anonim hale getirilmesi veya yok edilmesi talebiniz do\u011frultusunda m\u00fcmk\u00fcn olmas\u0131 halinde ilk periyodik imha i\u015flemi ile ki\u015fisel verileriniz silinir, anonim hale getirilir veya yok edilir.\u00a0<\/span><b><\/b><\/p><ul><li aria-level=\"1\"><b>\u0130lgili Ki\u015finin KVKK\u2019 n\u0131n 11. Maddesinde Say\u0131lan Haklar\u0131\u00a0<\/b><\/li><\/ul><p><span style=\"font-weight: 400;\">\u0130lgili ki\u015fi olarak, KVKK\u2019n\u0131n 11. Maddesinde say\u0131lan haklar\u0131n\u0131za ili\u015fkin taleplerinizi <\/span><span style=\"font-weight: 400;\">\u201cVeri Sorumlusuna Ba\u015fvuru Usul ve Esaslar\u0131 Hakk\u0131nda Tebli\u011f\u201de uygun olarak<\/span><span style=\"font-weight: 400;\">, B\u00fcromuzun a\u015fa\u011f\u0131da belirtilen adresine posta ya da noter arac\u0131l\u0131\u011f\u0131 ile g\u00f6nderece\u011finiz yaz\u0131l\u0131 talep dilek\u00e7esi ya da info@cukurpartners.com elektronik posta adresine g\u00f6nderece\u011finiz elektronik imzal\u0131 yaz\u0131l\u0131 talebiniz ile kullanabilirsiniz.\u00a0<\/span><\/p><p>\u00a0<\/p><h5><b>VER\u0130 SORUMLUSU<\/b> <b>: \u00c7UKUR &amp; PARTNERS \u2013 AV. DEVR\u0130M \u00c7UKUR AVUKATLIK B\u00dcROSU<\/b><\/h5><p><b><br \/>Adres<\/b> <b>: \u015eehit Nevres Bulvar\u0131 K\u0131z\u0131lay \u0130\u015f Merkezi No: 3 Kat: 3\/A 35520 Alsancak\/\u0130ZM\u0130R<\/b><\/p><p><b>E-Posta<\/b> <b>: info@cukurpartners.com<\/b><\/p>\t\t\t\t\t\t\t\t<\/div>\n\t\t\t\t<\/div>\n\t\t\t\t\t<\/div>\n\t\t\t\t<\/div>\n\t\t\t\t<\/div>\n\t\t\t\t<\/div>\n\t\t","protected":false},"excerpt":{"rendered":"<p>\u00c7UKUR &amp; PARTNERS AKADEM\u0130 KATILIMCILARI \u0130\u00c7\u0130N K\u0130\u015e\u0130SEL VER\u0130LER\u0130N \u0130\u015eLENMES\u0130 HAKKINDA AYDINLATMA METN\u0130 Giri\u015f \u00c7UKUR &amp; PARTNERS \u2013 DEVR\u0130M \u00c7UKUR AVUKATLIK B\u00dcROSU (bundan b\u00f6yle \u201c\u00c7ukur &amp; Partners\u201d veya \u201cB\u00fcro\u201d olarak an\u0131lacakt\u0131r) taraf\u0131ndan i\u015fbu Ayd\u0131nlatma Metni ile taraf\u0131n\u0131za bilgi vermek ve ayd\u0131nlatma y\u00fck\u00fcml\u00fcl\u00fc\u011f\u00fcm\u00fcz\u00fcn yerine getirilmesi ama\u00e7lanm\u0131\u015ft\u0131r.\u00a0 Ki\u015fisel Verilerin Toplama Y\u00f6ntemi B\u00fcromuz taraf\u0131ndan i\u015flenen ki\u015fisel verileriniz, B\u00fcromuzun kurdu\u011fu&#8230;<\/p>\n","protected":false},"author":1,"featured_media":0,"parent":0,"menu_order":7,"comment_status":"closed","ping_status":"closed","template":"","meta":{"footnotes":""},"class_list":["post-992798","page","type-page","status-publish","hentry"],"_links":{"self":[{"href":"https:\/\/cukurpartners.com\/tr\/wp-json\/wp\/v2\/pages\/992798","targetHints":{"allow":["GET"]}}],"collection":[{"href":"https:\/\/cukurpartners.com\/tr\/wp-json\/wp\/v2\/pages"}],"about":[{"href":"https:\/\/cukurpartners.com\/tr\/wp-json\/wp\/v2\/types\/page"}],"author":[{"embeddable":true,"href":"https:\/\/cukurpartners.com\/tr\/wp-json\/wp\/v2\/users\/1"}],"replies":[{"embeddable":true,"href":"https:\/\/cukurpartners.com\/tr\/wp-json\/wp\/v2\/comments?post=992798"}],"version-history":[{"count":0,"href":"https:\/\/cukurpartners.com\/tr\/wp-json\/wp\/v2\/pages\/992798\/revisions"}],"wp:attachment":[{"href":"https:\/\/cukurpartners.com\/tr\/wp-json\/wp\/v2\/media?parent=992798"}],"curies":[{"name":"wp","href":"https:\/\/api.w.org\/{rel}","templated":true}]}}