{"id":992882,"date":"2024-12-20T11:35:00","date_gmt":"2024-12-20T08:35:00","guid":{"rendered":"https:\/\/cukurpartners.com\/international-excellence\/"},"modified":"2025-05-08T13:22:21","modified_gmt":"2025-05-08T10:22:21","slug":"uluslararasi-hizmetlerimiz","status":"publish","type":"page","link":"https:\/\/cukurpartners.com\/tr\/uluslararasi-hizmetlerimiz\/","title":{"rendered":"ULUSLARARASI HI\u0307ZMETLERI\u0307MI\u0307Z"},"content":{"rendered":"\t\t<div data-elementor-type=\"wp-page\" data-elementor-id=\"992882\" class=\"elementor elementor-992882 elementor-991812\" data-elementor-post-type=\"page\">\n\t\t\t\t<div class=\"elementor-element elementor-element-384fcd7a e-flex e-con-boxed e-con e-parent\" data-id=\"384fcd7a\" data-element_type=\"container\" data-settings=\"{&quot;background_background&quot;:&quot;classic&quot;,&quot;animation&quot;:&quot;none&quot;}\">\n\t\t\t\t\t<div class=\"e-con-inner\">\n\t\t<div class=\"elementor-element elementor-element-33faef09 e-con-full e-flex e-con e-child\" data-id=\"33faef09\" data-element_type=\"container\">\n\t\t\t\t<div class=\"elementor-element elementor-element-16603dcb elementor-widget elementor-widget-heading\" data-id=\"16603dcb\" data-element_type=\"widget\" data-settings=\"{&quot;_animation&quot;:&quot;none&quot;,&quot;_animation_tablet&quot;:&quot;none&quot;}\" data-widget_type=\"heading.default\">\n\t\t\t\t<div class=\"elementor-widget-container\">\n\t\t\t\t\t<h1 class=\"elementor-heading-title elementor-size-default\">ULUSLARARASI HI\u0307ZMETLERI\u0307MI\u0307Z<\/h1>\t\t\t\t<\/div>\n\t\t\t\t<\/div>\n\t\t\t\t<\/div>\n\t\t\t\t\t<\/div>\n\t\t\t\t<\/div>\n\t\t<div class=\"elementor-element elementor-element-50633367 e-con-full e-flex e-con e-parent\" data-id=\"50633367\" data-element_type=\"container\">\n\t\t<div class=\"elementor-element elementor-element-79f7bff2 e-flex e-con-boxed e-con e-child\" data-id=\"79f7bff2\" data-element_type=\"container\">\n\t\t\t\t\t<div class=\"e-con-inner\">\n\t\t\t\t<div class=\"elementor-element elementor-element-2dd5b54d elementor-widget elementor-widget-text-editor\" data-id=\"2dd5b54d\" data-element_type=\"widget\" data-widget_type=\"text-editor.default\">\n\t\t\t\t<div class=\"elementor-widget-container\">\n\t\t\t\t\t\t\t\t\t<p><span style=\"font-weight: 400;\">\u00c7ukur &amp; Partners\u2019ta i\u015fimizin de m\u00fcvekkillerimizin de \u00f6nemli bir b\u00f6l\u00fcm\u00fc uluslararas\u0131d\u0131r.<\/span><\/p><p><span style=\"font-weight: 400;\">Uluslararas\u0131 \u015firketler ve i\u015f insanlar\u0131na sunulan 360 derece hukuk hizmetleri i\u015fimizin kayda de\u011fer bir par\u00e7as\u0131n\u0131 olu\u015fturuyor. D\u00fcnyan\u0131n hemen t\u00fcm b\u00f6lgelerinden uluslararas\u0131 \u015firketler, T\u00fcrkiye\u2019nin her yerindeki hukuki \u00e7\u00f6z\u00fcm ve hizmet ihtiya\u00e7lar\u0131 i\u00e7in hukuk firmam\u0131z\u0131 de\u011ferli bir partner olarak g\u00f6r\u00fcyorlar. Avukatlar\u0131m\u0131z, uluslararas\u0131 m\u00fcvekkillerimizin hukuk ekipleriyle yak\u0131n i\u015f birli\u011fi i\u00e7inde \u00e7al\u0131\u015farak, \u00c7ukur &amp; Partners\u2019\u0131 T\u00fcrkiye\u2019deki uluslararas\u0131 i\u015flemler, hukuki ihtiya\u00e7lar ve uyu\u015fmazl\u0131klar i\u00e7in g\u00fcvenilir bir i\u015f orta\u011f\u0131 haline getiriyorlar.<\/span><\/p><p><span style=\"font-weight: 400;\">D\u00fcnyan\u0131n \u00f6nde gelen global hukuk firmalar\u0131 ile, \u00fclkelerinin en sayg\u0131n ve de\u011ferli hukuk b\u00fcrolar\u0131 da m\u00fcvekkillerinin T\u00fcrkiye\u2019deki hukuki ihtiya\u00e7lar\u0131 i\u00e7in firmam\u0131za g\u00fcveniyorlar ve bizi tercih ediyorlar.\u00a0<\/span><\/p><p><span style=\"font-weight: 400;\">D\u00fcnyan\u0131n hemen her b\u00f6lgesinde de\u011ferli projelere imza atan, i\u015flerini global \u00f6l\u00e7ekte b\u00fcy\u00fcten T\u00fcrk \u015firketleri ve i\u015f insanlar\u0131 da uluslararas\u0131 hukuki hizmetler noktas\u0131nda hukuk firmam\u0131z\u0131 bir k\u00f6pr\u00fc olarak g\u00f6r\u00fcyorlar ve onlar\u0131n g\u00fcncel hukuki ihtiya\u00e7lar\u0131nda uluslararas\u0131 hukuk firmalar\u0131 ile koordine \u015fekilde hukuki deste\u011fi bizimle y\u00fcr\u00fct\u00fcyorlar. T\u00fcrk \u015firketlerinin uluslararas\u0131 yap\u0131lanma, ortakl\u0131k, kurumsal finans ve her t\u00fcrl\u00fc hukuki i\u015flerinde ve ba\u015far\u0131 yolculuklar\u0131nda yanlar\u0131nda olmaktan k\u0131van\u00e7 duyuyoruz.<\/span><\/p><p><span style=\"font-weight: 400;\">Legal500 ve IFLR1000 gibi sayg\u0131n ba\u011f\u0131ms\u0131z derecelendirme kurulu\u015flar\u0131 \u00c7ukur &amp; Partners\u2019\u0131 uzun y\u0131llard\u0131r \u00e7al\u0131\u015fma alanlar\u0131nda takdir ediyor ve tavsiye ediyorlar. Ayr\u0131ca hukuk firmam\u0131z hukuk sekt\u00f6r\u00fcn\u00fcn en sayg\u0131n \u00f6d\u00fclleri aras\u0131nda yer alan The Lawyer European Awards taraf\u0131ndan 2 y\u0131l \u00fcst \u00fcste (2016-2017) \u201cT\u00fcrkiye\u2019de Y\u0131l\u0131n Hukuk B\u00fcrosu\u201d \u00f6d\u00fcl\u00fcne lay\u0131k g\u00f6r\u00fclm\u00fc\u015f olman\u0131n ve bir\u00e7ok farkl\u0131 hukuk alan\u0131nda se\u00e7kin uluslararas\u0131 kurulu\u015flar taraf\u0131ndan en iyi hukuk b\u00fcrolar\u0131ndan biri olarak g\u00f6sterilmenin gururunu da ta\u015f\u0131maktad\u0131r.<\/span><\/p><p><span style=\"font-weight: 400;\">\u00c7ukur &amp; Partners i\u00e7erisinde, \u00f6zelikle i\u015f k\u00fclt\u00fcr\u00fcne daha a\u015fina oldu\u011fumuz, o b\u00f6lgelerden bolca \u015firkete ve i\u015f insan\u0131na hizmet verdi\u011fimiz, T\u00fcrk \u015firketlerinin o b\u00f6lgelerdeki hukuk ihtiya\u00e7lar\u0131 i\u00e7in de \u00f6nde gelen uluslararas\u0131 hukuk firmalar\u0131yla \u00f6zel ba\u011flar kurdu\u011fumuz baz\u0131 \u00fclke ve b\u00f6lgeler i\u00e7in \u00f6zel \u00e7al\u0131\u015fma gruplar\u0131 olu\u015fturduk.<\/span><\/p><p><span style=\"font-weight: 400;\">Buna ek olarak, i\u00e7erisinde \u00e7ok de\u011ferli hukuk firmalar\u0131n\u0131n yer ald\u0131\u011f\u0131 \u00f6nemli bir uluslararas\u0131 hukuk network\u00fc olan Avrupa Hukuk\u00e7ular Birli\u011fi\u2019nin (<a href=\"https:\/\/www.europeanlawyers.org\/\" target=\"_blank\" rel=\"noopener\">AEL<\/a>, <a href=\"https:\/\/www.europeanlawyers.org\" target=\"_blank\" rel=\"noopener\">https:\/\/www.europeanlawyers.org<\/a> ) T\u00fcrkiye m\u00fcnhas\u0131r \u00fcyesi olarak, k\u00fcresel i\u015f birlikleriyle m\u00fcvekkillerimize g\u00fc\u00e7l\u00fc bir uluslararas\u0131 perspektif ve kolayl\u0131k sunuyoruz.<\/span><\/p>\t\t\t\t\t\t\t\t<\/div>\n\t\t\t\t<\/div>\n\t\t\t\t\t<\/div>\n\t\t\t\t<\/div>\n\t\t\t\t<\/div>\n\t\t\t\t<\/div>\n\t\t","protected":false},"excerpt":{"rendered":"<p>\u00c7ukur &amp; Partners\u2019ta i\u015fimizin de m\u00fcvekkillerimizin de \u00f6nemli bir b\u00f6l\u00fcm\u00fc uluslararas\u0131d\u0131r. Uluslararas\u0131 \u015firketler ve i\u015f insanlar\u0131na sunulan 360 derece hukuk hizmetleri i\u015fimizin kayda de\u011fer bir par\u00e7as\u0131n\u0131 olu\u015fturuyor. D\u00fcnyan\u0131n hemen t\u00fcm b\u00f6lgelerinden uluslararas\u0131 \u015firketler, T\u00fcrkiye\u2019nin her yerindeki hukuki \u00e7\u00f6z\u00fcm ve hizmet ihtiya\u00e7lar\u0131 i\u00e7in hukuk firmam\u0131z\u0131 de\u011ferli bir partner olarak g\u00f6r\u00fcyorlar. Avukatlar\u0131m\u0131z, uluslararas\u0131 m\u00fcvekkillerimizin hukuk ekipleriyle yak\u0131n&#8230;<\/p>\n","protected":false},"author":1,"featured_media":991814,"parent":0,"menu_order":25,"comment_status":"closed","ping_status":"closed","template":"","meta":{"footnotes":""},"class_list":["post-992882","page","type-page","status-publish","has-post-thumbnail","hentry"],"_links":{"self":[{"href":"https:\/\/cukurpartners.com\/tr\/wp-json\/wp\/v2\/pages\/992882","targetHints":{"allow":["GET"]}}],"collection":[{"href":"https:\/\/cukurpartners.com\/tr\/wp-json\/wp\/v2\/pages"}],"about":[{"href":"https:\/\/cukurpartners.com\/tr\/wp-json\/wp\/v2\/types\/page"}],"author":[{"embeddable":true,"href":"https:\/\/cukurpartners.com\/tr\/wp-json\/wp\/v2\/users\/1"}],"replies":[{"embeddable":true,"href":"https:\/\/cukurpartners.com\/tr\/wp-json\/wp\/v2\/comments?post=992882"}],"version-history":[{"count":7,"href":"https:\/\/cukurpartners.com\/tr\/wp-json\/wp\/v2\/pages\/992882\/revisions"}],"predecessor-version":[{"id":993400,"href":"https:\/\/cukurpartners.com\/tr\/wp-json\/wp\/v2\/pages\/992882\/revisions\/993400"}],"wp:featuredmedia":[{"embeddable":true,"href":"https:\/\/cukurpartners.com\/tr\/wp-json\/wp\/v2\/media\/991814"}],"wp:attachment":[{"href":"https:\/\/cukurpartners.com\/tr\/wp-json\/wp\/v2\/media?parent=992882"}],"curies":[{"name":"wp","href":"https:\/\/api.w.org\/{rel}","templated":true}]}}