{"id":992887,"date":"2024-08-01T15:15:16","date_gmt":"2024-08-01T12:15:16","guid":{"rendered":"https:\/\/cukurpartners.com\/international-recognition-and-accolades\/"},"modified":"2025-04-18T15:47:06","modified_gmt":"2025-04-18T12:47:06","slug":"uluslararasi-calisma-gruplarimiz","status":"publish","type":"page","link":"https:\/\/cukurpartners.com\/tr\/cukur-partners-hakkinda\/uluslararasi-calisma-gruplarimiz\/","title":{"rendered":"ULUSLARARASI C\u0327ALIS\u0327MA GRUPLARIMIZ"},"content":{"rendered":"\t\t<div data-elementor-type=\"wp-page\" data-elementor-id=\"992887\" class=\"elementor elementor-992887 elementor-990036\" data-elementor-post-type=\"page\">\n\t\t\t\t<div class=\"elementor-element elementor-element-77ad489e e-flex e-con-boxed e-con e-parent\" data-id=\"77ad489e\" data-element_type=\"container\" data-settings=\"{&quot;background_background&quot;:&quot;classic&quot;,&quot;animation&quot;:&quot;none&quot;}\">\n\t\t\t\t\t<div class=\"e-con-inner\">\n\t\t<div class=\"elementor-element elementor-element-4ca97801 e-con-full e-flex e-con e-child\" data-id=\"4ca97801\" data-element_type=\"container\">\n\t\t\t\t<div class=\"elementor-element elementor-element-c12e7ee elementor-widget elementor-widget-heading\" data-id=\"c12e7ee\" data-element_type=\"widget\" data-settings=\"{&quot;_animation&quot;:&quot;none&quot;,&quot;_animation_tablet&quot;:&quot;none&quot;}\" data-widget_type=\"heading.default\">\n\t\t\t\t<div class=\"elementor-widget-container\">\n\t\t\t\t\t<h1 class=\"elementor-heading-title elementor-size-default\">ULUSLARARASI C\u0327ALIS\u0327MA GRUPLARIMIZ<\/h1>\t\t\t\t<\/div>\n\t\t\t\t<\/div>\n\t\t\t\t<\/div>\n\t\t\t\t\t<\/div>\n\t\t\t\t<\/div>\n\t\t<div class=\"elementor-element elementor-element-63f770e8 e-con-full e-flex e-con e-parent\" data-id=\"63f770e8\" data-element_type=\"container\">\n\t\t<div class=\"elementor-element elementor-element-1932d95e e-flex e-con-boxed e-con e-child\" data-id=\"1932d95e\" data-element_type=\"container\">\n\t\t\t\t\t<div class=\"e-con-inner\">\n\t\t\t\t<div class=\"elementor-element elementor-element-10df411a elementor-widget elementor-widget-text-editor\" data-id=\"10df411a\" data-element_type=\"widget\" data-widget_type=\"text-editor.default\">\n\t\t\t\t<div class=\"elementor-widget-container\">\n\t\t\t\t\t\t\t\t\t<p><span style=\"font-weight: 400;\">\u00c7ukur &amp; Partners i\u00e7erisinde 30 y\u0131l\u0131 a\u015fk\u0131n s\u00fcredir uluslararas\u0131 alanda hizmet vermek, bizi bir taraftan k\u00fcresel anlamda tan\u0131nan ve sayg\u0131 g\u00f6ren bir hukuk firmas\u0131 haline d\u00f6n\u00fc\u015ft\u00fcr\u00fcrken, di\u011fer taraftan da d\u00fcnyan\u0131n farkl\u0131 b\u00f6lge ve \u00fclkelerinin i\u015f k\u00fclt\u00fcrlerine daha a\u015fina hale gelmemizi ve buralarla daha \u00f6zel ba\u011flar kurmam\u0131z\u0131 sa\u011flad\u0131.<\/span><\/p><p><span style=\"font-weight: 400;\">Ekip arkada\u015flar\u0131m\u0131z\u0131n bir\u00e7o\u011funun d\u00fcnyan\u0131n sayg\u0131n \u00fcniversitelerinden derecelere sahip olmas\u0131, uluslararas\u0131 ve global hukuk firmalar\u0131yla son 20 y\u0131lda kurulan ve derinle\u015fen i\u015f ba\u011flant\u0131lar\u0131m\u0131z, bu \u00fclkelerden kayda de\u011fer say\u0131da \u015firkete ve i\u015f insan\u0131na hizmet sunuyor olmam\u0131z, bu b\u00f6lgelere ili\u015fkin uzmanl\u0131k ve deneyimimizi daha da art\u0131rd\u0131.<\/span><\/p><p><span style=\"font-weight: 400;\">Bu bak\u0131\u015f a\u00e7\u0131s\u0131yla bu \u00fclke ve b\u00f6lgelere ili\u015fkin etkin bir ileti\u015fimi ve hukuk hizmet noktas\u0131nda daha zengin imkanlar\u0131 sunmay\u0131 sa\u011flayan uluslararas\u0131 \u00e7al\u0131\u015fma gruplar\u0131m\u0131z olu\u015ftu ve geli\u015fti.<\/span><\/p><p><span style=\"font-weight: 400;\">Bir taraftan bu b\u00f6lgelerden gelen \u015firketler ve i\u015f insanlar\u0131na daha rahat ve \u00f6zg\u00fcn bir hukuk hizmeti sunabilirken, di\u011fer taraftan bu co\u011frafyalarda i\u015f yapan T\u00fcrk \u015firketleri ve i\u015f insanlar\u0131 i\u00e7in de \u00f6nemli bir kolayla\u015ft\u0131r\u0131c\u0131 \u00e7\u00f6z\u00fcm orta\u011f\u0131 konumuna geldik.<\/span><\/p><p><span style=\"font-weight: 400;\">\u00c7al\u0131\u015fma gruplar\u0131m\u0131z ve bu b\u00f6lgelerdeki hizmetlerimiz konusunda daha geni\u015f bilgi almak \u00fczere her zaman bizimle ileti\u015fime ge\u00e7ebilirsiniz.\u00a0<\/span><\/p><p><span style=\"font-weight: 400;\">Hukuk firmam\u0131z i\u00e7erisinde aktif faaliyet y\u00fcr\u00fct\u00fclen, g\u00fcncel uluslararas\u0131 \u00e7al\u0131\u015fma gruplar\u0131m\u0131z (Alfabetik s\u0131ralamayla) a\u015fa\u011f\u0131daki \u015fekildedir:<\/span><\/p><ul><li><span style=\"font-weight: 400;\">ASYA\u00a0<\/span><ul><li><span style=\"font-weight: 400;\">ASEAN \u00dcLKELER\u0130<\/span><\/li><li><span style=\"font-weight: 400;\">\u00c7\u0130N<\/span><\/li><li><span style=\"font-weight: 400;\">H\u0130ND\u0130STAN\u00a0<\/span><\/li><li><span style=\"font-weight: 400;\">JAPONYA<\/span><\/li><li><span style=\"font-weight: 400;\">KORE<\/span><\/li><\/ul><\/li><li><span style=\"font-weight: 400;\">AZERBAYCAN VE T\u00dcRK DEVLETLER\u0130<\/span><\/li><li><span style=\"font-weight: 400;\">AVRUPA\u00a0<\/span><\/li><li><span style=\"font-weight: 400;\">ALMANYA VE ALMANCA KONU\u015eULAN \u00dcLKELER<\/span><\/li><li><span style=\"font-weight: 400;\">\u0130NG\u0130LTERE<\/span><\/li><li><span style=\"font-weight: 400;\">\u0130TALYA<\/span><\/li><li><span style=\"font-weight: 400;\">NORD\u0130K &amp; BALTIK \u00dcLKELER\u0130<\/span><\/li><li><span style=\"font-weight: 400;\">KUZEY AMER\u0130KA<\/span><\/li><li><span style=\"font-weight: 400;\">ORTADO\u011eU VE K\u00d6RFEZ \u00dcLKELER\u0130<\/span><\/li><\/ul>\t\t\t\t\t\t\t\t<\/div>\n\t\t\t\t<\/div>\n\t\t\t\t\t<\/div>\n\t\t\t\t<\/div>\n\t\t\t\t<\/div>\n\t\t\t\t<\/div>\n\t\t","protected":false},"excerpt":{"rendered":"<p>\u00c7ukur &amp; Partners i\u00e7erisinde 30 y\u0131l\u0131 a\u015fk\u0131n s\u00fcredir uluslararas\u0131 alanda hizmet vermek, bizi bir taraftan k\u00fcresel anlamda tan\u0131nan ve sayg\u0131 g\u00f6ren bir hukuk firmas\u0131 haline d\u00f6n\u00fc\u015ft\u00fcr\u00fcrken, di\u011fer taraftan da d\u00fcnyan\u0131n farkl\u0131 b\u00f6lge ve \u00fclkelerinin i\u015f k\u00fclt\u00fcrlerine daha a\u015fina hale gelmemizi ve buralarla daha \u00f6zel ba\u011flar kurmam\u0131z\u0131 sa\u011flad\u0131. Ekip arkada\u015flar\u0131m\u0131z\u0131n bir\u00e7o\u011funun d\u00fcnyan\u0131n sayg\u0131n \u00fcniversitelerinden derecelere sahip&#8230;<\/p>\n","protected":false},"author":1,"featured_media":991359,"parent":992921,"menu_order":106,"comment_status":"closed","ping_status":"closed","template":"elementor_header_footer","meta":{"footnotes":""},"class_list":["post-992887","page","type-page","status-publish","has-post-thumbnail","hentry"],"_links":{"self":[{"href":"https:\/\/cukurpartners.com\/tr\/wp-json\/wp\/v2\/pages\/992887","targetHints":{"allow":["GET"]}}],"collection":[{"href":"https:\/\/cukurpartners.com\/tr\/wp-json\/wp\/v2\/pages"}],"about":[{"href":"https:\/\/cukurpartners.com\/tr\/wp-json\/wp\/v2\/types\/page"}],"author":[{"embeddable":true,"href":"https:\/\/cukurpartners.com\/tr\/wp-json\/wp\/v2\/users\/1"}],"replies":[{"embeddable":true,"href":"https:\/\/cukurpartners.com\/tr\/wp-json\/wp\/v2\/comments?post=992887"}],"version-history":[{"count":4,"href":"https:\/\/cukurpartners.com\/tr\/wp-json\/wp\/v2\/pages\/992887\/revisions"}],"predecessor-version":[{"id":992892,"href":"https:\/\/cukurpartners.com\/tr\/wp-json\/wp\/v2\/pages\/992887\/revisions\/992892"}],"up":[{"embeddable":true,"href":"https:\/\/cukurpartners.com\/tr\/wp-json\/wp\/v2\/pages\/992921"}],"wp:featuredmedia":[{"embeddable":true,"href":"https:\/\/cukurpartners.com\/tr\/wp-json\/wp\/v2\/media\/991359"}],"wp:attachment":[{"href":"https:\/\/cukurpartners.com\/tr\/wp-json\/wp\/v2\/media?parent=992887"}],"curies":[{"name":"wp","href":"https:\/\/api.w.org\/{rel}","templated":true}]}}