{"id":992893,"date":"2024-08-01T16:16:29","date_gmt":"2024-08-01T13:16:29","guid":{"rendered":"https:\/\/cukurpartners.com\/sustainable-and-responsible-business\/"},"modified":"2025-05-08T11:33:07","modified_gmt":"2025-05-08T08:33:07","slug":"surdurulebilir-ve-sorumlu-is-anlayisimiz","status":"publish","type":"page","link":"https:\/\/cukurpartners.com\/tr\/cukur-partners-hakkinda\/surdurulebilir-ve-sorumlu-is-anlayisimiz\/","title":{"rendered":"S\u00dcRD\u00dcR\u00dcLEB\u0130L\u0130R VE SORUMLU \u0130\u015e ANLAYI\u015eIMIZ"},"content":{"rendered":"\t\t<div data-elementor-type=\"wp-page\" data-elementor-id=\"992893\" class=\"elementor elementor-992893 elementor-990057\" data-elementor-post-type=\"page\">\n\t\t\t\t<div class=\"elementor-element elementor-element-7812572 e-flex e-con-boxed e-con e-parent\" data-id=\"7812572\" data-element_type=\"container\" data-settings=\"{&quot;background_background&quot;:&quot;classic&quot;,&quot;animation&quot;:&quot;none&quot;}\">\n\t\t\t\t\t<div class=\"e-con-inner\">\n\t\t<div class=\"elementor-element elementor-element-b256456 e-con-full e-flex e-con e-child\" data-id=\"b256456\" data-element_type=\"container\">\n\t\t\t\t<div class=\"elementor-element elementor-element-24c60fd elementor-widget elementor-widget-heading\" data-id=\"24c60fd\" data-element_type=\"widget\" data-settings=\"{&quot;_animation&quot;:&quot;none&quot;,&quot;_animation_tablet&quot;:&quot;none&quot;}\" data-widget_type=\"heading.default\">\n\t\t\t\t<div class=\"elementor-widget-container\">\n\t\t\t\t\t<h1 class=\"elementor-heading-title elementor-size-default\">S\u00dcRD\u00dcR\u00dcLEB\u0130L\u0130R VE SORUMLU \u0130\u015e ANLAYI\u015eIMIZ<\/h1>\t\t\t\t<\/div>\n\t\t\t\t<\/div>\n\t\t\t\t<\/div>\n\t\t\t\t\t<\/div>\n\t\t\t\t<\/div>\n\t\t<div class=\"elementor-element elementor-element-aea3a5b e-con-full e-flex e-con e-parent\" data-id=\"aea3a5b\" data-element_type=\"container\">\n\t\t<div class=\"elementor-element elementor-element-665c329 e-flex e-con-boxed e-con e-child\" data-id=\"665c329\" data-element_type=\"container\">\n\t\t\t\t\t<div class=\"e-con-inner\">\n\t\t\t\t<div class=\"elementor-element elementor-element-64ddda7 elementor-widget elementor-widget-text-editor\" data-id=\"64ddda7\" data-element_type=\"widget\" data-widget_type=\"text-editor.default\">\n\t\t\t\t<div class=\"elementor-widget-container\">\n\t\t\t\t\t\t\t\t\t<p><span style=\"font-weight: 400;\">\u00c7ukur &amp; Partners olarak, s\u00fcrd\u00fcr\u00fclebilir ve sorumlu i\u015f anlay\u0131\u015f\u0131m\u0131z\u0131 1993 y\u0131l\u0131ndaki kurulu\u015fumuzdan bu yana temel de\u011ferlerimizin merkezinde tutuyoruz. Bu yakla\u015f\u0131m\u0131 kurumsal de\u011ferlerimize ve g\u00fcnl\u00fck operasyonlar\u0131m\u0131za entegre ederek, m\u00fcvekkillerimiz, toplum ve \u00e7evre ile olan ili\u015fkilerimizde uzun vadeli \u00e7\u0131karlar\u0131 ve geni\u015f kapsaml\u0131 etkileri g\u00f6z \u00f6n\u00fcnde bulunduran bilin\u00e7li kararlar almak \u00f6nceli\u011fimiz.<\/span><\/p><p><span style=\"font-weight: 400;\">Hukuki hizmetlerimizin \u00f6tesinde, \u015feffafl\u0131k, hesap verebilirlik ve somut de\u011fer \u00fcretme sorumlulu\u011funu ta\u015f\u0131yor; sosyal sorumluluk \u00e7al\u0131\u015fmalar\u0131m\u0131z ve pro bono hizmetlerimiz ve i\u015f birliklerimiz arac\u0131l\u0131\u011f\u0131yla topluma katk\u0131da bulunuyoruz. BM K\u00fcresel \u0130lkeler S\u00f6zle\u015fmesi\u2019nin (UN Global Compact) imzac\u0131s\u0131 ve etkin bir uygulay\u0131c\u0131s\u0131 bir kurum olarak, k\u00fcresel standartlarla uyumlu bir \u015fekilde hareket ediyor, karbon ayak izimizi azalt\u0131yor ve sadece \u00e7evresel de\u011fil, toplumsal s\u00fcrd\u00fcr\u00fclebilirli\u011fi de g\u00f6zetiyoruz. Kapsay\u0131c\u0131 ve \u00e7e\u015fitliliklere duyarl\u0131 bir i\u015f ortam\u0131 yaratmaya, ESG uygulamalar\u0131nda \u00f6nc\u00fcl\u00fck etmeye ve t\u00fcm operasyonlar\u0131m\u0131zda y\u00fcksek etik standartlar\u0131 korumaya kararl\u0131y\u0131z.<\/span><\/p><h3><span style=\"font-weight: 400;\">KURUMSAL SOSYAL SORUMLULUK<\/span><\/h3><p><span style=\"font-weight: 400;\">\u00c7ukur &amp; Partners olarak, ba\u015far\u0131y\u0131 yaln\u0131zca m\u00fcvekkillerimize sundu\u011fumuz hizmetlerle de\u011fil, \u00e7al\u0131\u015fanlar\u0131m\u0131z, toplum ve \u00e7evre kar\u015f\u0131s\u0131ndaki sorumluluklar\u0131m\u0131zla da \u00f6l\u00e7\u00fcyoruz. M\u00fcvekkillerimizin g\u00fcvenine de\u011fer veriyor, toplumsal duyarl\u0131l\u0131klar\u0131m\u0131z\u0131n bilinciyle hay\u0131rsever projeler, g\u00f6n\u00fcll\u00fcl\u00fck faaliyetleri ve bilgi payla\u015f\u0131m\u0131 yoluyla topluma katk\u0131da bulunuyoruz. E\u011fitim, gen\u00e7lik, \u00e7evre, sa\u011fl\u0131k, k\u00fclt\u00fcr &amp; sanat, hukuk mesle\u011fi ve giri\u015fimcilik alanlar\u0131nda y\u00fcr\u00fctt\u00fc\u011f\u00fcm\u00fcz kurumsal sosyal sorumluluk projeleriyle bilin\u00e7li ve olumlu bir etki yaratmay\u0131 hedefliyoruz.<\/span><\/p><p><span style=\"font-weight: 400;\">Bunun yan\u0131 s\u0131ra, \u00c7ukur &amp; Partners Akademi arac\u0131l\u0131\u011f\u0131yla hukuk fak\u00fcltesi \u00f6\u011frencilerine ve gen\u00e7 avukatlara burs, kariyer geli\u015fimi ve mentorluk programlar\u0131 sunarak, gelece\u011fin hukuk profesyonellerini destekliyoruz.<\/span><\/p><h3><span style=\"font-weight: 400;\">PRO BONO H\u0130ZMETLER\u0130<\/span><\/h3><p><span style=\"font-weight: 400;\">Pro bono \u00e7al\u0131\u015fmalar\u0131, \u00c7ukur &amp; Partners\u2019\u0131n kurumsal k\u00fclt\u00fcr\u00fcn\u00fcn ayr\u0131lmaz bir par\u00e7as\u0131d\u0131r ve m\u00fcvekkil \u00e7al\u0131\u015fmalar\u0131m\u0131zla ayn\u0131 titizlik ve \u00f6zenle ele al\u0131nmaktad\u0131r. Hukuki uzmanl\u0131\u011f\u0131m\u0131z\u0131 toplumsal fayda sa\u011flamak amac\u0131yla kullan\u0131yor, sivil toplum kurulu\u015flar\u0131 ile i\u015f birli\u011fi yaparak sosyal de\u011fi\u015fime katk\u0131da bulunuyoruz.<\/span><\/p><p><span style=\"font-weight: 400;\">Pro bono hizmetlerin yan\u0131 s\u0131ra, d\u00fc\u015f\u00fcnce liderli\u011fi ve ara\u015ft\u0131rma \u00e7al\u0131\u015fmalar\u0131na da katk\u0131 sa\u011fl\u0131yoruz. \u0130\u015f d\u00fcnyas\u0131 \u00f6rg\u00fctleri, sekt\u00f6rel dernekler ve akademik kurumlarla i\u015f birli\u011fi yaparak dan\u0131\u015fmanl\u0131k deste\u011fi, etkinlikler ve e\u011fitimler sunuyoruz.<\/span><\/p>\t\t\t\t\t\t\t\t<\/div>\n\t\t\t\t<\/div>\n\t\t\t\t\t<\/div>\n\t\t\t\t<\/div>\n\t\t\t\t<div class=\"vamtam-has-theme-widget-styles elementor-element elementor-element-5cf7b4b elementor-widget elementor-widget-image\" data-id=\"5cf7b4b\" data-element_type=\"widget\" data-widget_type=\"image.default\">\n\t\t\t\t<div class=\"elementor-widget-container\">\n\t\t\t\t\t\t\t\t\t<div class=\"elementor-image\">\n\t\t\t\t\t\t\t\t\t\t\t\t\t\t\t\t\t\t\t\t\t<img fetchpriority=\"high\" decoding=\"async\" width=\"1500\" height=\"1001\" src=\"https:\/\/cukurpartners.com\/wp-content\/uploads\/2025\/01\/SUSTAINABLE-AND-RESPONSIBLE-PRACTICE-middle.jpg\" class=\"attachment-full size-full wp-image-992380\" alt=\"\" srcset=\"https:\/\/cukurpartners.com\/wp-content\/uploads\/2025\/01\/SUSTAINABLE-AND-RESPONSIBLE-PRACTICE-middle.jpg 1500w, https:\/\/cukurpartners.com\/wp-content\/uploads\/2025\/01\/SUSTAINABLE-AND-RESPONSIBLE-PRACTICE-middle-300x200.jpg 300w, https:\/\/cukurpartners.com\/wp-content\/uploads\/2025\/01\/SUSTAINABLE-AND-RESPONSIBLE-PRACTICE-middle-1024x683.jpg 1024w, https:\/\/cukurpartners.com\/wp-content\/uploads\/2025\/01\/SUSTAINABLE-AND-RESPONSIBLE-PRACTICE-middle-768x513.jpg 768w\" sizes=\"(max-width: 1500px) 100vw, 1500px\" \/>\t\t\t\t\t\t\t\t\t\t\t\t\t\t\t\t\t\t\t\t\t\t\t\t<\/div>\n\t\t\t\t\t\t\t\t<\/div>\n\t\t\t\t<\/div>\n\t\t<div class=\"elementor-element elementor-element-1efd709 e-flex e-con-boxed e-con e-child\" data-id=\"1efd709\" data-element_type=\"container\">\n\t\t\t\t\t<div class=\"e-con-inner\">\n\t\t\t\t<div class=\"elementor-element elementor-element-e75b0af elementor-widget elementor-widget-text-editor\" data-id=\"e75b0af\" data-element_type=\"widget\" data-widget_type=\"text-editor.default\">\n\t\t\t\t<div class=\"elementor-widget-container\">\n\t\t\t\t\t\t\t\t\t<h3><span style=\"font-weight: 400;\">S\u00dcRD\u00dcR\u00dcLEB\u0130L\u0130RL\u0130K VE \u00c7EVRE<\/span><\/h3><p><span style=\"font-weight: 400;\">\u00c7ukur &amp; Partners olarak, T\u00fcrkiye\u2019de hukuk sekt\u00f6r\u00fcnde s\u00fcrd\u00fcr\u00fclebilirlik uygulamalar\u0131n \u00f6nc\u00fcs\u00fc olmay\u0131 kurumsal sorumluluklar\u0131m\u0131z\u0131n temel unsurlar\u0131ndan biri olarak g\u00f6r\u00fcyoruz. Ye\u015fil giri\u015fimler arac\u0131l\u0131\u011f\u0131yla \u00e7evresel etkimizi en aza indiriyor, s\u00fcrd\u00fcr\u00fclebilir i\u015f modelleri ile enerji ve kaynak verimlili\u011fini art\u0131r\u0131yor ve \u00e7al\u0131\u015fanlar\u0131m\u0131z\u0131 ve payda\u015flar\u0131m\u0131z\u0131 \u00e7evresel sorumluluk konusunda bilin\u00e7lendirmeye \u00f6zen g\u00f6steriyoruz.<\/span><\/p><p><span style=\"font-weight: 400;\">\u00c7evre \u00f6rg\u00fctleriyle yapt\u0131\u011f\u0131m\u0131z i\u015f birlikleri sayesinde biyolojik \u00e7e\u015fitlili\u011fin korunmas\u0131, iklim de\u011fi\u015fikli\u011fiyle m\u00fccadele ve at\u0131k y\u00f6netimi konular\u0131nda aktif rol al\u0131yoruz. BM K\u00fcresel S\u00f6zle\u015fmesi \u00e7er\u00e7evesinde Global Compact imzac\u0131s\u0131 ve etkin bir uygulay\u0131c\u0131s\u0131 olarak, uluslararas\u0131 \u00e7evre standartlar\u0131yla uyumlu \u015fekilde hareket ediyor, bu prensipleri t\u00fcm faaliyetlerimize ve i\u015fyerlerimize entegre ediyoruz. Enerji verimlili\u011fi, s\u00fcrd\u00fcr\u00fclebilir at\u0131k y\u00f6netimi ve firma \u00e7ap\u0131nda y\u00fcr\u00fctt\u00fc\u011f\u00fcm\u00fcz etkinliklerle s\u00fcrd\u00fcr\u00fclebilirlik k\u00fclt\u00fcr\u00fcn\u00fc te\u015fvik ederek daha ye\u015fil bir gelecek i\u00e7in kararl\u0131l\u0131kla \u00e7al\u0131\u015f\u0131yoruz.<\/span><\/p><h3><span style=\"font-weight: 400;\">KAPSAYICILIK, \u00c7E\u015e\u0130TL\u0130L\u0130K, REFAH VE \u0130Y\u0130 YA\u015eAM<\/span><\/h3><p><span style=\"font-weight: 400;\">\u00c7ukur &amp; Partners olarak, kapsay\u0131c\u0131, destekleyici ve sa\u011fl\u0131kl\u0131 bir \u00e7al\u0131\u015fma ortam\u0131 ve i\u015f deneyimi yaratman\u0131n hizmet kalitemizi art\u0131rd\u0131\u011f\u0131na inan\u0131yoruz. Ki\u015fisel farkl\u0131l\u0131klara ve \u00e7e\u015fitlili\u011fe sayg\u0131 duyuyor, de\u011fer veriyor, herkes i\u00e7in e\u015fit f\u0131rsatlar sunmaya \u00f6zen g\u00f6steriyoruz. Esnek \u00e7al\u0131\u015fma modelleri ve aile dostu politikalar ile sa\u011fl\u0131kl\u0131 bir i\u015f-ya\u015fam dengesi kurmay\u0131 destekliyoruz.<\/span><\/p><p><span style=\"font-weight: 400;\">Toplumsal cinsiyet e\u015fitli\u011fi ve kad\u0131nlar\u0131n i\u015f hayat\u0131nda desteklenmesi konusundaki \u00f6nc\u00fcl\u00fc\u011f\u00fcm\u00fcz\u00fc BM Kad\u0131n\u0131n G\u00fc\u00e7lenmesi Prensipleri (UN Women Empowerment Principles) gibi giri\u015fimlerle destekliyor, fiziksel, duygusal ve mesleki anlamda b\u00fct\u00fcnc\u00fcl bir iyilik hali sa\u011flamak amac\u0131yla mentorluk, ko\u00e7luk, esnek \u00e7al\u0131\u015fma modelleri ve refah kaynaklar\u0131 sunuyoruz. Ekibimizin hem profesyonel hem de ki\u015fisel olarak en y\u00fcksek potansiyeline ula\u015fmas\u0131n\u0131 te\u015fvik eden bir kurum k\u00fclt\u00fcr\u00fc olu\u015fturuyoruz.<\/span><\/p><h3><span style=\"font-weight: 400;\">ET\u0130K VE \u0130\u015e \u0130LKELER\u0130M\u0130Z<\/span><\/h3><p><span style=\"font-weight: 400;\">\u00c7ukur &amp; Partners olarak, d\u00fcr\u00fcstl\u00fck, \u015feffafl\u0131k ve m\u00fckemmeliyet temel de\u011ferlerimiz do\u011frultusunda en y\u00fcksek etik ve mesleki standartlar\u0131 korumaya kararl\u0131y\u0131z. En geni\u015f anlam\u0131yla insan haklar\u0131, \u00e7al\u0131\u015fan haklar\u0131, \u00e7evresel s\u00fcrd\u00fcr\u00fclebilirlik ve yolsuzlukla m\u00fccadele konular\u0131nda uluslararas\u0131 standartlar\u0131 g\u00f6zetiyoruz.<\/span><\/p><p><span style=\"font-weight: 400;\">Yolsuzluk, kara para aklama, r\u00fc\u015fvet, ter\u00f6rizmin finansman\u0131 ve modern k\u00f6lelik uygulamalar\u0131na kar\u015f\u0131 s\u0131f\u0131r tolerans politikas\u0131 benimseyerek, sorumlu i\u015f uygulamalar\u0131na olan ba\u011fl\u0131l\u0131\u011f\u0131m\u0131z\u0131 en g\u00fc\u00e7l\u00fc \u015fekilde s\u00fcrd\u00fcr\u00fcyoruz.<\/span><\/p>\t\t\t\t\t\t\t\t<\/div>\n\t\t\t\t<\/div>\n\t\t\t\t\t<\/div>\n\t\t\t\t<\/div>\n\t\t\t\t<\/div>\n\t\t\t\t<\/div>\n\t\t","protected":false},"excerpt":{"rendered":"<p>\u00c7ukur &amp; Partners olarak, s\u00fcrd\u00fcr\u00fclebilir ve sorumlu i\u015f anlay\u0131\u015f\u0131m\u0131z\u0131 1993 y\u0131l\u0131ndaki kurulu\u015fumuzdan bu yana temel de\u011ferlerimizin merkezinde tutuyoruz. Bu yakla\u015f\u0131m\u0131 kurumsal de\u011ferlerimize ve g\u00fcnl\u00fck operasyonlar\u0131m\u0131za entegre ederek, m\u00fcvekkillerimiz, toplum ve \u00e7evre ile olan ili\u015fkilerimizde uzun vadeli \u00e7\u0131karlar\u0131 ve geni\u015f kapsaml\u0131 etkileri g\u00f6z \u00f6n\u00fcnde bulunduran bilin\u00e7li kararlar almak \u00f6nceli\u011fimiz. Hukuki hizmetlerimizin \u00f6tesinde, \u015feffafl\u0131k, hesap verebilirlik ve&#8230;<\/p>\n","protected":false},"author":1,"featured_media":991336,"parent":992921,"menu_order":103,"comment_status":"closed","ping_status":"closed","template":"elementor_header_footer","meta":{"footnotes":""},"class_list":["post-992893","page","type-page","status-publish","has-post-thumbnail","hentry"],"_links":{"self":[{"href":"https:\/\/cukurpartners.com\/tr\/wp-json\/wp\/v2\/pages\/992893","targetHints":{"allow":["GET"]}}],"collection":[{"href":"https:\/\/cukurpartners.com\/tr\/wp-json\/wp\/v2\/pages"}],"about":[{"href":"https:\/\/cukurpartners.com\/tr\/wp-json\/wp\/v2\/types\/page"}],"author":[{"embeddable":true,"href":"https:\/\/cukurpartners.com\/tr\/wp-json\/wp\/v2\/users\/1"}],"replies":[{"embeddable":true,"href":"https:\/\/cukurpartners.com\/tr\/wp-json\/wp\/v2\/comments?post=992893"}],"version-history":[{"count":7,"href":"https:\/\/cukurpartners.com\/tr\/wp-json\/wp\/v2\/pages\/992893\/revisions"}],"predecessor-version":[{"id":993334,"href":"https:\/\/cukurpartners.com\/tr\/wp-json\/wp\/v2\/pages\/992893\/revisions\/993334"}],"up":[{"embeddable":true,"href":"https:\/\/cukurpartners.com\/tr\/wp-json\/wp\/v2\/pages\/992921"}],"wp:featuredmedia":[{"embeddable":true,"href":"https:\/\/cukurpartners.com\/tr\/wp-json\/wp\/v2\/media\/991336"}],"wp:attachment":[{"href":"https:\/\/cukurpartners.com\/tr\/wp-json\/wp\/v2\/media?parent=992893"}],"curies":[{"name":"wp","href":"https:\/\/api.w.org\/{rel}","templated":true}]}}