{"id":992898,"date":"2024-12-20T17:43:19","date_gmt":"2024-12-20T14:43:19","guid":{"rendered":"https:\/\/cukurpartners.com\/career\/"},"modified":"2025-05-08T13:21:00","modified_gmt":"2025-05-08T10:21:00","slug":"kariyer","status":"publish","type":"page","link":"https:\/\/cukurpartners.com\/tr\/kariyer\/","title":{"rendered":"KAR\u0130YER"},"content":{"rendered":"\t\t<div data-elementor-type=\"wp-page\" data-elementor-id=\"992898\" class=\"elementor elementor-992898 elementor-991939\" data-elementor-post-type=\"page\">\n\t\t\t\t<div class=\"elementor-element elementor-element-56e71f7d e-flex e-con-boxed e-con e-parent\" data-id=\"56e71f7d\" data-element_type=\"container\" data-settings=\"{&quot;background_background&quot;:&quot;classic&quot;,&quot;animation&quot;:&quot;none&quot;}\">\n\t\t\t\t\t<div class=\"e-con-inner\">\n\t\t<div class=\"elementor-element elementor-element-698889ec e-con-full e-flex e-con e-child\" data-id=\"698889ec\" data-element_type=\"container\">\n\t\t\t\t<div class=\"elementor-element elementor-element-73625dec elementor-widget elementor-widget-heading\" data-id=\"73625dec\" data-element_type=\"widget\" data-settings=\"{&quot;_animation&quot;:&quot;none&quot;,&quot;_animation_tablet&quot;:&quot;none&quot;}\" data-widget_type=\"heading.default\">\n\t\t\t\t<div class=\"elementor-widget-container\">\n\t\t\t\t\t<h1 class=\"elementor-heading-title elementor-size-default\">KAR\u0130YER<\/h1>\t\t\t\t<\/div>\n\t\t\t\t<\/div>\n\t\t\t\t<\/div>\n\t\t\t\t\t<\/div>\n\t\t\t\t<\/div>\n\t\t<div class=\"elementor-element elementor-element-1321e003 e-con-full e-flex e-con e-parent\" data-id=\"1321e003\" data-element_type=\"container\">\n\t\t<div class=\"elementor-element elementor-element-6244487d e-flex e-con-boxed e-con e-child\" data-id=\"6244487d\" data-element_type=\"container\">\n\t\t\t\t\t<div class=\"e-con-inner\">\n\t\t\t\t<div class=\"elementor-element elementor-element-120a47bf elementor-widget elementor-widget-text-editor\" data-id=\"120a47bf\" data-element_type=\"widget\" data-widget_type=\"text-editor.default\">\n\t\t\t\t<div class=\"elementor-widget-container\">\n\t\t\t\t\t\t\t\t\t<h3><span style=\"font-weight: 400;\">\u00c7UKUR &amp; PARTNERS\u2019IN B\u0130R PAR\u00c7ASI OLMAK<\/span><\/h3><p><span style=\"font-weight: 400;\">\u00c7ukur &amp; Partners olarak, avukatlar\u0131m\u0131z ve ekip \u00fcyelerimiz ba\u015far\u0131m\u0131z\u0131n ve s\u00fcrd\u00fcr\u00fclebilirli\u011fimizin temelidir. T\u0131pk\u0131 m\u00fcvekkil ili\u015fkilerimizde oldu\u011fu gibi, t\u00fcm avukatlar ve \u00e7al\u0131\u015fanlar\u0131m\u0131z\u0131 tak\u0131m arkada\u015f\u0131m\u0131z olarak kabul ediyor, ortak bir hedef do\u011frultusunda birlikte \u00e7al\u0131\u015f\u0131yoruz. Ki\u015fisel ve mesleki geli\u015fime \u00f6nem veren avukatlara ve t\u00fcm ekibimize ideal bir \u00e7al\u0131\u015fma ortam\u0131, uzun vadeli kariyer planlamas\u0131 ve e\u015fit f\u0131rsatlar sunuyoruz.<\/span><\/p><p><span style=\"font-weight: 400;\">Bu bak\u0131\u015f a\u00e7\u0131s\u0131yla, \u00c7ukur &amp; Partners\u2019ta, ekibimizin geli\u015fimine de\u011fer ve \u00f6ncelik veriyoruz. Bu kapsamda firmam\u0131z i\u00e7erisindeki at\u00f6lyeler, seminerler ve e\u011fitimlerle becerileri ve bilgileri geli\u015ftirme f\u0131rsatlar\u0131 sunuyoruz. Ayr\u0131ca, uluslararas\u0131 e\u011fitimlere, konferanslara ve hukuk etkinliklerine kat\u0131l\u0131m\u0131 te\u015fvik ederek k\u00fcresel geli\u015fim ve networking imkanlar\u0131 sa\u011fl\u0131yoruz. \u00c7ukur &amp; Partners Akademisi ve Social Club kul\u00fcb\u00fcm\u00fcz, bu \u00e7abalar\u0131m\u0131z\u0131n \u00f6nemli bir par\u00e7as\u0131.<\/span><\/p><p><span style=\"font-weight: 400;\">Ekip \u00fcyelerimizin refah\u0131n\u0131 ve i\u015f-ya\u015fam dengesini g\u00f6zeterek, en iyi \u00e7al\u0131\u015fma ortam\u0131 deneyimini yaratmay\u0131 hedefliyoruz. Mutlu, pozitif, sorumlu ve motive olmu\u015f ekip arkada\u015flar\u0131n\u0131 de\u011ferli g\u00f6r\u00fcyoruz. Esnek \u00e7al\u0131\u015fma d\u00fczenlemeleri ve iyi ya\u015fam ve refah programlar\u0131 sunarak sa\u011fl\u0131kl\u0131 ve hayat\u0131ndan memnun bir ekip olu\u015fturmay\u0131 ama\u00e7l\u0131yoruz.<\/span><\/p><p><span style=\"font-weight: 400;\">\u00c7ukur &amp; Partners, \u00e7e\u015fitli ve kapsay\u0131c\u0131 bir \u00e7al\u0131\u015fma ortam\u0131 olu\u015fturmay\u0131 taahh\u00fct ediyor. \u00c7e\u015fitlili\u011fin ekibimizi zenginle\u015ftirdi\u011fine ve hukuki uygulamalar\u0131m\u0131z\u0131 geli\u015ftirdi\u011fine inan\u0131yoruz. Firmam\u0131z, g\u00fc\u00e7l\u00fc \u00e7e\u015fitlilik ve kapsay\u0131c\u0131l\u0131k politikalar\u0131n\u0131 hayata ge\u00e7irerek cinsiyet, \u0131rk, etnik k\u00f6ken, din, cinsel y\u00f6nelim veya ge\u00e7mi\u015f fark etmeksizin herkese e\u015fit f\u0131rsatlar sunuyor. Sayg\u0131, adalet ve i\u015f birli\u011fi k\u00fclt\u00fcr\u00fcn\u00fc te\u015fvik ederek, herkesin de\u011ferli ve g\u00fc\u00e7l\u00fc hissetti\u011fi bir i\u015f ortam\u0131 yaratmay\u0131 \u00f6nemsiyoruz.<\/span><\/p><h3><span style=\"font-weight: 400;\">KIDEML\u0130 AVUKATLAR<\/span><\/h3><p><span style=\"font-weight: 400;\">K\u0131demli avukatlar\u0131n ekibimize kat\u0131lmas\u0131, geleceklerini bizimle birlikte in\u015fa etmeyi se\u00e7meleri bizi mutlu ediyor ve heyecanland\u0131r\u0131yor. Deneyimli adaylar\u0131n, ba\u015fvurular\u0131nda genel CV i\u00e7eriklerinin yan\u0131 s\u0131ra, \u00f6nceki kariyerlerinde \u00fcstlendikleri roller ve hukuki \u00e7al\u0131\u015fmalar hakk\u0131nda ayr\u0131nt\u0131l\u0131 bilgi sunmalar\u0131n\u0131 \u00f6zellikle bekliyoruz. \u0130leri d\u00fczeyde i\u015f ve hukuk \u0130ngilizcesi, \u00f6nde gelen uluslararas\u0131 ve T\u00fcrk \u00fcniversitelerinden lisans\u00fcst\u00fc dereceler ve ikinci bir yabanc\u0131 dil bilgisi k\u0131demli avukatlar\u0131n ekibimize kat\u0131lmalar\u0131nda de\u011fer verdi\u011fimiz \u00f6zellikler aras\u0131ndad\u0131r.<\/span><\/p><h3><span style=\"font-weight: 400;\">KAR\u0130YERLER\u0130N\u0130N BA\u015eINDAK\u0130 AVUKATLAR<\/span><\/h3><p><span style=\"font-weight: 400;\">Kariyerlerine yeni ad\u0131m atm\u0131\u015f veya mesle\u011fin ilk y\u0131llar\u0131ndaki gen\u00e7 avukatlara, uzmanl\u0131klar\u0131n\u0131 ve mesleki yeteneklerini geli\u015ftirebilecekleri, \u00e7al\u0131\u015fma alanlar\u0131na odaklanabilecekleri bir ortam sunuyoruz. \u0130\u015f ba\u015fvurusu yapan gen\u00e7 adaylardan, \u00f6ncelikle net ve a\u00e7\u0131k bir \u015fekilde geni\u015f \u00f6l\u00e7ekli bir kurumsal hukuk firmas\u0131nda uzun vadeli bir kariyer kararl\u0131l\u0131\u011f\u0131n\u0131 ve \u00f6z geli\u015fimlerine olan ba\u011fl\u0131l\u0131klar\u0131n\u0131 g\u00f6stermelerini bekliyoruz. \u0130leri d\u00fczeyde i\u015f ve hukuk \u0130ngilizcesi bilgisi, sayg\u0131n uluslararas\u0131 veya T\u00fcrk \u00fcniversitelerinin hukuk fak\u00fcltelerinden al\u0131nm\u0131\u015f diplomalar ve ikinci bir yabanc\u0131 dil bilgisi de tercihte rol oynayabilmektedir.<\/span><\/p><h3><span style=\"font-weight: 400;\">STAJYER AVUKATLAR<\/span><\/h3><p><span style=\"font-weight: 400;\">\u00c7ukur &amp; Partners\u2019ta uzun d\u00f6nemli yasal stajyer avukat ba\u015fvurular\u0131n\u0131 her y\u0131l may\u0131s ay\u0131 sonuna kadar kabul ediyoruz. May\u0131s ay\u0131ndan sonraki ba\u015fvurular\u0131 ise \u00fcz\u00fclerek de\u011ferlendirme d\u0131\u015f\u0131 b\u0131rak\u0131yoruz. Ancak staj ba\u015fvurular\u0131m\u0131z\u0131 \u015eubat ay\u0131nda a\u00e7\u0131yor olmam\u0131z nedeniyle kontenjanlar\u0131m\u0131z h\u0131zla doldu\u011fundan, kurumsal ve uluslararas\u0131 \u00e7al\u0131\u015fan bir hukuk firmas\u0131nda staj yapma hedefi olan adaylar\u0131n May\u0131s ay\u0131n\u0131 beklemeden, \u00e7ok daha erken ba\u015fvuru yap\u0131lmas\u0131n\u0131 da \u00f6neriyoruz. \u00c7ukur &amp; Partners\u2019ta uzun d\u00f6nemli staj, hukuk firmam\u0131zda ileride ekibimize dahil edebilece\u011fimiz en uygun ekip arkada\u015flar\u0131m\u0131z\u0131n se\u00e7imi i\u00e7in bir haz\u0131rl\u0131k d\u00f6nemi mahiyetinde g\u00f6r\u00fcld\u00fc\u011f\u00fc gibi, ayn\u0131 zamanda \u00e7ok de\u011ferli ve ger\u00e7ek bir i\u015f deneyimi vaat etmektedir. Stajyerlerimiz akademi imkanlar\u0131ndan da yararlanman\u0131n \u00f6tesinde, kendilerine \u00f6zel y\u00fcr\u00fctt\u00fc\u011f\u00fcm\u00fcz kariyer geli\u015fim program\u0131m\u0131z ile staj sonunda mesle\u011fe tam olarak haz\u0131r bir donan\u0131mla ad\u0131m atabilmektedirler.\u00a0 Mezun stajyerlerimizin \u00fclkemizin ve d\u00fcnyan\u0131n \u00f6nde gelen hukuk firmalar\u0131 ve \u015firketleri taraf\u0131ndan \u00f6ncelikle tercih edilerek k\u0131sa s\u00fcrede i\u015fe al\u0131nmalar\u0131, staj program\u0131m\u0131z\u0131n ve stajyerlerimizin kalitesine duyulan g\u00fcvenin bir yans\u0131mas\u0131d\u0131r.\u00a0<\/span><\/p>\t\t\t\t\t\t\t\t<\/div>\n\t\t\t\t<\/div>\n\t\t\t\t\t<\/div>\n\t\t\t\t<\/div>\n\t\t\t\t<div class=\"vamtam-has-theme-widget-styles elementor-element elementor-element-5195452 elementor-widget elementor-widget-image\" data-id=\"5195452\" data-element_type=\"widget\" data-widget_type=\"image.default\">\n\t\t\t\t<div class=\"elementor-widget-container\">\n\t\t\t\t\t\t\t\t\t<div class=\"elementor-image\">\n\t\t\t\t\t\t\t\t\t\t\t\t\t\t\t\t\t\t\t\t\t<img fetchpriority=\"high\" decoding=\"async\" width=\"1500\" height=\"1001\" src=\"https:\/\/cukurpartners.com\/wp-content\/uploads\/2024\/12\/career-middle-photo.jpg\" class=\"attachment-full size-full wp-image-992233\" alt=\"\" srcset=\"https:\/\/cukurpartners.com\/wp-content\/uploads\/2024\/12\/career-middle-photo.jpg 1500w, https:\/\/cukurpartners.com\/wp-content\/uploads\/2024\/12\/career-middle-photo-300x200.jpg 300w, https:\/\/cukurpartners.com\/wp-content\/uploads\/2024\/12\/career-middle-photo-1024x683.jpg 1024w, https:\/\/cukurpartners.com\/wp-content\/uploads\/2024\/12\/career-middle-photo-768x513.jpg 768w\" sizes=\"(max-width: 1500px) 100vw, 1500px\" \/>\t\t\t\t\t\t\t\t\t\t\t\t\t\t\t\t\t\t\t\t\t\t\t\t<\/div>\n\t\t\t\t\t\t\t\t<\/div>\n\t\t\t\t<\/div>\n\t\t<div class=\"elementor-element elementor-element-1eeb588 e-flex e-con-boxed e-con e-child\" data-id=\"1eeb588\" data-element_type=\"container\">\n\t\t\t\t\t<div class=\"e-con-inner\">\n\t\t\t\t<div class=\"elementor-element elementor-element-954df2b elementor-widget elementor-widget-text-editor\" data-id=\"954df2b\" data-element_type=\"widget\" data-widget_type=\"text-editor.default\">\n\t\t\t\t<div class=\"elementor-widget-container\">\n\t\t\t\t\t\t\t\t\t<h3><span style=\"font-weight: 400;\">HUKUK FAK\u00dcLTES\u0130 \u00d6\u011eRENC\u0130LER\u0130 VE KISA S\u00dcREL\u0130 STAJ FIRSATLARI<\/span><\/h3><p><span style=\"font-weight: 400;\">\u00c7ukur &amp; Partners\u2019ta hukuk fak\u00fcltesi \u00f6\u011frencilerini kabul etti\u011fimiz k\u0131sa d\u00f6nemli staj programlar\u0131n\u0131 her y\u0131l a\u00e7m\u0131yoruz. Bu \u015fekilde \u00f6zel programlar\u0131 olduk\u00e7a nadir ilan etmekteyiz. Ancak, \u00c7ukur &amp; Partners Akademi arac\u0131l\u0131\u011f\u0131yla, hukuk fak\u00fcltesi \u00f6\u011frencilerine sundu\u011fumuz \u00e7ok daha \u00f6zel ve \u00f6zg\u00fcn profesyonel ve ki\u015fisel geli\u015fim f\u0131rsatlar\u0131 bulunmaktad\u0131r. Gerek istisnai olarak a\u00e7abildi\u011fimiz k\u0131sa d\u00f6nemli staj programlar\u0131n\u0131 gerekse de akademimizin programlar\u0131n\u0131 takip edebilir ve ba\u015fvuru yapabilirsiniz. Bu akademi programlar\u0131 sayesinde, avukatl\u0131k mesle\u011fine daha haz\u0131rl\u0131kl\u0131 bir giri\u015f sa\u011flayarak ba\u015far\u0131l\u0131 bir hukuk kariyeri i\u00e7in gerekli becerileri kazanabilirsiniz. Akademi mezunlar\u0131m\u0131z\u0131n yasal stajyer se\u00e7imlerimizde de \u00f6zel bir de\u011ferlendirmeye tutulduklar\u0131n\u0131 belirtmek isteriz.<\/span><\/p><h3><span style=\"font-weight: 400;\">\u0130DAR\u0130 EK\u0130B\u0130M\u0130Z\u00a0<\/span><\/h3><p><span style=\"font-weight: 400;\">\u0130dari ekibimizde olu\u015fan ihtiya\u00e7lar i\u00e7in de zaman zaman kadrolar olu\u015fturulmakta ve i\u015f ilanlar\u0131m\u0131z web sitemiz ve sosyal medya hesaplar\u0131m\u0131zdan duyurulmaktad\u0131r.<\/span><\/p><h3><span style=\"font-weight: 400;\">B\u0130ZE KATILIN<\/span><\/h3><p><span style=\"font-weight: 400;\">\u00c7ukur &amp; Partners ekibine kat\u0131lmak ilginizi \u00e7ekiyorsa, bu konuda aranan \u00f6zellikleri ta\u015f\u0131d\u0131\u011f\u0131n\u0131za ve kurumsal ve geni\u015f \u00f6l\u00e7ekli bir hukuk b\u00fcrosunda bir kariyerin sizin i\u00e7in ideal oldu\u011funa inan\u0131yorsan\u0131z, mesleki ve ki\u015fisel donan\u0131mlar\u0131n\u0131z\u0131, deneyimlerinizi ve \u00f6nceki mesleki \u00e7al\u0131\u015fmalar\u0131n\u0131z\u0131 detayl\u0131 olarak anlamam\u0131za imk\u00e2n verecek \u015fekilde bize ba\u015fvurabilirsiniz. Hukuk alan\u0131nda geli\u015fime a\u00e7\u0131k, keyifli ve ba\u015far\u0131l\u0131 bir kariyer i\u00e7in sizi ekibimizde g\u00f6rmekten mutluluk duyar\u0131z.<\/span><\/p><p><span style=\"font-weight: 400;\">CV\u2019nizi ve ba\u015fvurunuzu her zaman do\u011frudan \u0130nsan Kaynaklar\u0131 departman\u0131m\u0131za \u015fu e-mail adresi ile g\u00f6nderebilirsiniz: kariyer@cukurpartners.com<\/span><\/p><p><span style=\"font-weight: 400;\">En son kariyer f\u0131rsatlar\u0131 ve ba\u015fvuru prosed\u00fcrleri hakk\u0131nda bilgi almak i\u00e7in web sitemizin B\u0130ZDEN HABERLER b\u00f6l\u00fcm\u00fcn\u00fc ziyaret edebilir ve LinkedIn \u00fczerinden duyurular\u0131m\u0131z\u0131 takipte kalabilirsiniz.<\/span><\/p><p><span style=\"font-weight: 400;\">\u00c7ukur &amp; Partners ekibine kat\u0131lma s\u00fcrecinin, farkl\u0131 \u00e7al\u0131\u015fma gruplar\u0131ndan ve departmanlardan geni\u015f bir ekibin dahil oldu\u011fu birka\u00e7 a\u015famal\u0131 ve zaman alabilen bir s\u00fcre\u00e7 oldu\u011funu da bilmenizi isteriz.<\/span><\/p><p><span style=\"font-weight: 400;\">Ekibimizi se\u00e7erken donan\u0131m ve yeteneklerinden \u00f6nce adaylar\u0131n karakterleri \u00f6zelliklerinin bizler i\u00e7in en \u00f6nemli belirleyici oldu\u011funu da \u00f6zellikle vurgulamak istiyoruz.<\/span><\/p>\t\t\t\t\t\t\t\t<\/div>\n\t\t\t\t<\/div>\n\t\t\t\t\t<\/div>\n\t\t\t\t<\/div>\n\t\t\t\t<\/div>\n\t\t\t\t<\/div>\n\t\t","protected":false},"excerpt":{"rendered":"<p>\u00c7UKUR &amp; PARTNERS\u2019IN B\u0130R PAR\u00c7ASI OLMAK \u00c7ukur &amp; Partners olarak, avukatlar\u0131m\u0131z ve ekip \u00fcyelerimiz ba\u015far\u0131m\u0131z\u0131n ve s\u00fcrd\u00fcr\u00fclebilirli\u011fimizin temelidir. T\u0131pk\u0131 m\u00fcvekkil ili\u015fkilerimizde oldu\u011fu gibi, t\u00fcm avukatlar ve \u00e7al\u0131\u015fanlar\u0131m\u0131z\u0131 tak\u0131m arkada\u015f\u0131m\u0131z olarak kabul ediyor, ortak bir hedef do\u011frultusunda birlikte \u00e7al\u0131\u015f\u0131yoruz. Ki\u015fisel ve mesleki geli\u015fime \u00f6nem veren avukatlara ve t\u00fcm ekibimize ideal bir \u00e7al\u0131\u015fma ortam\u0131, uzun vadeli kariyer&#8230;<\/p>\n","protected":false},"author":1,"featured_media":991941,"parent":0,"menu_order":10,"comment_status":"closed","ping_status":"closed","template":"","meta":{"footnotes":""},"class_list":["post-992898","page","type-page","status-publish","has-post-thumbnail","hentry"],"_links":{"self":[{"href":"https:\/\/cukurpartners.com\/tr\/wp-json\/wp\/v2\/pages\/992898","targetHints":{"allow":["GET"]}}],"collection":[{"href":"https:\/\/cukurpartners.com\/tr\/wp-json\/wp\/v2\/pages"}],"about":[{"href":"https:\/\/cukurpartners.com\/tr\/wp-json\/wp\/v2\/types\/page"}],"author":[{"embeddable":true,"href":"https:\/\/cukurpartners.com\/tr\/wp-json\/wp\/v2\/users\/1"}],"replies":[{"embeddable":true,"href":"https:\/\/cukurpartners.com\/tr\/wp-json\/wp\/v2\/comments?post=992898"}],"version-history":[{"count":7,"href":"https:\/\/cukurpartners.com\/tr\/wp-json\/wp\/v2\/pages\/992898\/revisions"}],"predecessor-version":[{"id":993397,"href":"https:\/\/cukurpartners.com\/tr\/wp-json\/wp\/v2\/pages\/992898\/revisions\/993397"}],"wp:featuredmedia":[{"embeddable":true,"href":"https:\/\/cukurpartners.com\/tr\/wp-json\/wp\/v2\/media\/991941"}],"wp:attachment":[{"href":"https:\/\/cukurpartners.com\/tr\/wp-json\/wp\/v2\/media?parent=992898"}],"curies":[{"name":"wp","href":"https:\/\/api.w.org\/{rel}","templated":true}]}}