{"id":992909,"date":"2024-12-20T17:34:17","date_gmt":"2024-12-20T14:34:17","guid":{"rendered":"https:\/\/cukurpartners.com\/team\/"},"modified":"2025-04-18T16:19:25","modified_gmt":"2025-04-18T13:19:25","slug":"ekibimiz","status":"publish","type":"page","link":"https:\/\/cukurpartners.com\/tr\/ekibimiz\/","title":{"rendered":"EK\u0130B\u0130M\u0130Z"},"content":{"rendered":"\t\t<div data-elementor-type=\"wp-page\" data-elementor-id=\"992909\" class=\"elementor elementor-992909 elementor-991931\" data-elementor-post-type=\"page\">\n\t\t\t\t<div class=\"elementor-element elementor-element-39f7feed e-flex e-con-boxed e-con e-parent\" data-id=\"39f7feed\" data-element_type=\"container\" data-settings=\"{&quot;background_background&quot;:&quot;classic&quot;,&quot;animation&quot;:&quot;none&quot;}\">\n\t\t\t\t\t<div class=\"e-con-inner\">\n\t\t<div class=\"elementor-element elementor-element-2819505 e-con-full e-flex e-con e-child\" data-id=\"2819505\" data-element_type=\"container\">\n\t\t\t\t<div class=\"elementor-element elementor-element-47545c41 elementor-widget elementor-widget-heading\" data-id=\"47545c41\" data-element_type=\"widget\" data-settings=\"{&quot;_animation&quot;:&quot;none&quot;,&quot;_animation_tablet&quot;:&quot;none&quot;}\" data-widget_type=\"heading.default\">\n\t\t\t\t<div class=\"elementor-widget-container\">\n\t\t\t\t\t<h1 class=\"elementor-heading-title elementor-size-default\">EK\u0130B\u0130M\u0130Z<\/h1>\t\t\t\t<\/div>\n\t\t\t\t<\/div>\n\t\t\t\t<\/div>\n\t\t\t\t\t<\/div>\n\t\t\t\t<\/div>\n\t\t<div class=\"elementor-element elementor-element-677c7e4c e-con-full e-flex e-con e-parent\" data-id=\"677c7e4c\" data-element_type=\"container\">\n\t\t<div class=\"elementor-element elementor-element-5a25122a e-flex e-con-boxed e-con e-child\" data-id=\"5a25122a\" data-element_type=\"container\">\n\t\t\t\t\t<div class=\"e-con-inner\">\n\t\t\t\t<div class=\"elementor-element elementor-element-2dc8ec4c elementor-widget elementor-widget-text-editor\" data-id=\"2dc8ec4c\" data-element_type=\"widget\" data-widget_type=\"text-editor.default\">\n\t\t\t\t<div class=\"elementor-widget-container\">\n\t\t\t\t\t\t\t\t\t<p><span style=\"font-weight: 400;\">Geni\u015f \u00f6l\u00e7ekli \u00c7ukur &amp; Partners ekibimiz farkl\u0131 uzmanl\u0131k ve deneyim seviyelerinde avukatlar, hukuk dan\u0131\u015fmanlar\u0131 ve idari \u00e7al\u0131\u015fanlar\u0131m\u0131zdan olu\u015fuyor.<\/span><\/p><p><span style=\"font-weight: 400;\">\u00c7ukur &amp; Partners\u2019\u0131n pek \u00e7ok ekip \u00fcyesi \u00fclkemizin ve d\u00fcnyan\u0131n sayg\u0131n e\u011fitim kurumlar\u0131ndan dereceler ta\u015f\u0131yorlar ve uluslararas\u0131 alanda sayg\u0131n bir\u00e7ok kurulu\u015f taraf\u0131ndan \u015fahsen de takdir edilerek tavsiye ediliyorlar.<\/span><\/p><p><span style=\"font-weight: 400;\">Biz, \u00c7ukur &amp; Partners ekibi olarak ki\u015fisel, kurumsal ve mesleki olarak s\u00fcrd\u00fcr\u00fclebilir geli\u015fime ve ya\u015fam boyu \u00f6\u011frenmeye inan\u0131yor, en y\u00fcksek sorumluluk duygumuzla, birlik ve beraberlik ruhumuzla ve pozitif enerjimizle \u00e7al\u0131\u015f\u0131yoruz.<\/span><\/p><p><span style=\"font-weight: 400;\">De\u011fer ve \u00e7\u00f6z\u00fcm \u00fcreten her i\u015fimizde, iyilik yolundaki t\u00fcm gayret ve projelerimizde, \u00c7ukur &amp; Partners\u2019\u0131 i\u015f d\u00fcnyas\u0131 i\u00e7in se\u00e7kin bir tak\u0131m arkada\u015f\u0131 yapan hizmet ve \u00e7al\u0131\u015fmalar\u0131m\u0131zda t\u00fcm ekip arkada\u015flar\u0131m\u0131z\u0131n eme\u011fi, akl\u0131 ve katk\u0131s\u0131 var. Onlar \u00c7ukur &amp; Partners\u2019\u0131 var eden yap\u0131ta\u015flar\u0131.<\/span><\/p>\t\t\t\t\t\t\t\t<\/div>\n\t\t\t\t<\/div>\n\t\t\t\t<div class=\"vamtam-has-theme-widget-styles elementor-element elementor-element-f972e3e elementor-widget__width-auto elementor-hidden-desktop elementor-hidden-tablet elementor-hidden-mobile vamtam-has-underline-anim elementor-widget elementor-widget-button\" data-id=\"f972e3e\" data-element_type=\"widget\" data-widget_type=\"button.default\">\n\t\t\t\t<div class=\"elementor-widget-container\">\n\t\t\t\t\t\t\t\t\t<div class=\"elementor-button-wrapper\">\n\t\t\t\t\t<a class=\"elementor-button elementor-button-link elementor-size-sm\" href=\"mailto:info@cukurpartners.com\">\n\t\t\t\t\t\t<span class=\"elementor-button-content-wrapper\">\n\t\t\t\t\t\t<span class=\"elementor-button-icon\">\n\t\t\t\t<i aria-hidden=\"true\" class=\"vamtamtheme- vamtam-theme-icon-arrow-right-top\"><\/i>\t\t\t<\/span>\n\t\t\t\t\t\t\t\t\t<span class=\"elementor-button-text\">MEET OUR TEAM MEMBERS<\/span>\n\t\t\t\t\t<\/span>\n\t\t\t\t\t<\/a>\n\t\t\t\t<\/div>\n\t\t\t\t\t\t\t\t<\/div>\n\t\t\t\t<\/div>\n\t\t\t\t\t<\/div>\n\t\t\t\t<\/div>\n\t\t\t\t<\/div>\n\t\t\t\t<\/div>\n\t\t","protected":false},"excerpt":{"rendered":"<p>Geni\u015f \u00f6l\u00e7ekli \u00c7ukur &amp; Partners ekibimiz farkl\u0131 uzmanl\u0131k ve deneyim seviyelerinde avukatlar, hukuk dan\u0131\u015fmanlar\u0131 ve idari \u00e7al\u0131\u015fanlar\u0131m\u0131zdan olu\u015fuyor. \u00c7ukur &amp; Partners\u2019\u0131n pek \u00e7ok ekip \u00fcyesi \u00fclkemizin ve d\u00fcnyan\u0131n sayg\u0131n e\u011fitim kurumlar\u0131ndan dereceler ta\u015f\u0131yorlar ve uluslararas\u0131 alanda sayg\u0131n bir\u00e7ok kurulu\u015f taraf\u0131ndan \u015fahsen de takdir edilerek tavsiye ediliyorlar. Biz, \u00c7ukur &amp; Partners ekibi olarak ki\u015fisel, kurumsal ve&#8230;<\/p>\n","protected":false},"author":1,"featured_media":991933,"parent":0,"menu_order":11,"comment_status":"closed","ping_status":"closed","template":"","meta":{"footnotes":""},"class_list":["post-992909","page","type-page","status-publish","has-post-thumbnail","hentry"],"_links":{"self":[{"href":"https:\/\/cukurpartners.com\/tr\/wp-json\/wp\/v2\/pages\/992909","targetHints":{"allow":["GET"]}}],"collection":[{"href":"https:\/\/cukurpartners.com\/tr\/wp-json\/wp\/v2\/pages"}],"about":[{"href":"https:\/\/cukurpartners.com\/tr\/wp-json\/wp\/v2\/types\/page"}],"author":[{"embeddable":true,"href":"https:\/\/cukurpartners.com\/tr\/wp-json\/wp\/v2\/users\/1"}],"replies":[{"embeddable":true,"href":"https:\/\/cukurpartners.com\/tr\/wp-json\/wp\/v2\/comments?post=992909"}],"version-history":[{"count":4,"href":"https:\/\/cukurpartners.com\/tr\/wp-json\/wp\/v2\/pages\/992909\/revisions"}],"predecessor-version":[{"id":992913,"href":"https:\/\/cukurpartners.com\/tr\/wp-json\/wp\/v2\/pages\/992909\/revisions\/992913"}],"wp:featuredmedia":[{"embeddable":true,"href":"https:\/\/cukurpartners.com\/tr\/wp-json\/wp\/v2\/media\/991933"}],"wp:attachment":[{"href":"https:\/\/cukurpartners.com\/tr\/wp-json\/wp\/v2\/media?parent=992909"}],"curies":[{"name":"wp","href":"https:\/\/api.w.org\/{rel}","templated":true}]}}