{"id":992914,"date":"2022-09-26T20:29:52","date_gmt":"2022-09-26T17:29:52","guid":{"rendered":"https:\/\/cukurpartners.com\/values-culture\/"},"modified":"2025-05-08T11:17:13","modified_gmt":"2025-05-08T08:17:13","slug":"degerlerimiz-ve-is-kulturumuz","status":"publish","type":"page","link":"https:\/\/cukurpartners.com\/tr\/cukur-partners-hakkinda\/degerlerimiz-ve-is-kulturumuz\/","title":{"rendered":"DEG\u0306ERLERI\u0307MI\u0307Z VE I\u0307S\u0327 KU\u0308LTU\u0308RU\u0308MU\u0308Z"},"content":{"rendered":"\t\t<div data-elementor-type=\"wp-page\" data-elementor-id=\"992914\" class=\"elementor elementor-992914 elementor-515\" data-elementor-post-type=\"page\">\n\t\t\t\t<div class=\"elementor-element elementor-element-3f5a7ef e-flex e-con-boxed e-con e-parent\" data-id=\"3f5a7ef\" data-element_type=\"container\">\n\t\t\t\t\t<div class=\"e-con-inner\">\n\t\t<div class=\"elementor-element elementor-element-2be6a0b e-con-full e-flex e-con e-child\" data-id=\"2be6a0b\" data-element_type=\"container\">\n\t\t\t\t<div class=\"elementor-element elementor-element-d781ac5 elementor-widget elementor-widget-text-editor\" data-id=\"d781ac5\" data-element_type=\"widget\" data-widget_type=\"text-editor.default\">\n\t\t\t\t<div class=\"elementor-widget-container\">\n\t\t\t\t\t\t\t\t\t<h4><b>30 YILI A\u015eKIN S\u00dcRED\u0130R \u015e\u0130RKETLER\u0130N VE \u0130\u015e D\u00dcNYASININ G\u00dcVEN\u0130L\u0130R HUKUK DANI\u015eMANIYIZ.<\/b><\/h4>\t\t\t\t\t\t\t\t<\/div>\n\t\t\t\t<\/div>\n\t\t\t\t<div class=\"elementor-element elementor-element-67efe6b elementor-widget elementor-widget-text-editor\" data-id=\"67efe6b\" data-element_type=\"widget\" data-widget_type=\"text-editor.default\">\n\t\t\t\t<div class=\"elementor-widget-container\">\n\t\t\t\t\t\t\t\t\t<h3><span style=\"font-weight: 400;\">TAKIM ARKADA\u015eINIZ\u00a0<\/span><\/h3><p><span style=\"font-weight: 400;\">\u00c7ukur &amp; Partners olarak, hem firmam\u0131z i\u00e7inde hem de m\u00fcvekkillerimizle i\u015f birli\u011fine dayal\u0131 g\u00fc\u00e7l\u00fc ili\u015fkiler kurmaya inan\u0131yoruz. Hukuki i\u015flem ve s\u00fcre\u00e7lere g\u00fcvenle yakla\u015fmak i\u00e7in i\u015f birli\u011fine dayal\u0131 bir yakla\u015f\u0131m benimseyerek, ekibimizin tamam\u0131n\u0131 strateji geli\u015ftirme ve problem \u00e7\u00f6zme s\u00fcre\u00e7lerine dahil ediyoruz. Bu sayede her m\u00fcvekkilimizin \u00f6zg\u00fcn ve \u00e7e\u015fitli ihtiya\u00e7lar\u0131na uygun kapsaml\u0131 \u00e7\u00f6z\u00fcmler sunuyoruz. Kendimizi m\u00fcvekkillerimizin yolculuklar\u0131n\u0131n bir payda\u015f\u0131 olarak g\u00f6r\u00fcyor, a\u00e7\u0131k ileti\u015fimi s\u00fcrd\u00fcrerek ortak ba\u015far\u0131lar\u0131 kutluyor ve destekleyici ve kapsay\u0131c\u0131 bir \u00e7al\u0131\u015fma deneyimi yarat\u0131yoruz. \u201cBiz Bir Tak\u0131m\u0131z\u201d temel hizmet felsefemiz ve bu bak\u0131\u015f a\u00e7\u0131s\u0131, bilgiye ve sorumlulu\u011fa dayal\u0131 bir yak\u0131nl\u0131\u011f\u0131 ifade ediyor.<\/span><\/p><h3><span style=\"font-weight: 400;\">YEN\u0130L\u0130K\u00c7\u0130L\u0130K VE YARATICILIK\u00a0<\/span><\/h3><p><span style=\"font-weight: 400;\">\u00c7ukur &amp; Partners olarak, karma\u015f\u0131k hukuki meselelere yenilik\u00e7i ve yarat\u0131c\u0131 \u00e7\u00f6z\u00fcmler sunmaktan keyif al\u0131yoruz. Al\u0131\u015f\u0131lagelmi\u015fin d\u0131\u015f\u0131na \u00e7\u0131karak, i\u015flerimizi yaparken ve de\u011fer \u00fcretirken en g\u00fcncel teknolojiden yararlan\u0131yor ve s\u00fcrekli de\u011fi\u015fen hukuk ve i\u015f d\u00fcnyas\u0131na uyum sa\u011flayarak benzersiz bir hizmet deneyimi sunmaya \u00e7aba sarf ediyoruz. Yakla\u015f\u0131m\u0131m\u0131z, m\u00fcvekkillerimizin ihtiya\u00e7lar\u0131na odaklanarak ba\u015far\u0131ya y\u00f6nlendiren stratejiler geli\u015ftirmeyi hedefliyor.\u00a0<\/span><\/p><h3><span style=\"font-weight: 400;\">POZ\u0130T\u0130F, D\u0130NAM\u0130K VE PROAKT\u0130F\u00a0<\/span><\/h3><p><span style=\"font-weight: 400;\">Her ad\u0131m\u0131m\u0131zda pozitifli\u011fin g\u00fcc\u00fcn\u00fc benimsiyor, hukuki zorluklara iyimser ve \u00e7\u00f6z\u00fcm odakl\u0131 bir bak\u0131\u015f a\u00e7\u0131s\u0131yla yakla\u015f\u0131yoruz. Bu pozitif yakla\u015f\u0131m, m\u00fcvekkillerimiz, ekibimiz ve toplumla g\u00fc\u00e7l\u00fc ili\u015fkiler kurmam\u0131za olanak tan\u0131yor; kar\u015f\u0131l\u0131kl\u0131 sayg\u0131, anlay\u0131\u015f ve destek ortam\u0131n\u0131 peki\u015ftiriyor. Proaktif ve dinamik bir hizmet anlay\u0131\u015f\u0131 ile m\u00fcvekkillerimizin ihtiya\u00e7lar\u0131n\u0131 \u00f6ng\u00f6rerek, yak\u0131n ve olumlu bir ileti\u015fimle, g\u00fcncel ve potansiyel hukuki konular\u0131 birlikte \u00e7\u00f6z\u00fcml\u00fcyoruz. \u0130yi ya\u015fam ve i\u015f-ya\u015fam dengesi de\u011ferlerimizle ekibimizi motive ediyor ve \u00fcst\u00fcn hizmet sunma kapasitemizi g\u00fc\u00e7lendiriyoruz.\u00a0<\/span><\/p><h3><span style=\"font-weight: 400;\">SORUMLU VE S\u00dcRD\u00dcR\u00dcLEB\u0130L\u0130R \u00c7\u00d6Z\u00dcM ORTA\u011eINIZ<\/span><\/h3><p><span style=\"font-weight: 400;\">M\u00fcvekkillerimize ve topluma kar\u015f\u0131 sorumlu hizmet sunma taahh\u00fcd\u00fcm\u00fcz, t\u00fcm \u00e7al\u0131\u015fmalar\u0131m\u0131z\u0131n merkezinde yer al\u0131yor. Hukuki hizmetlerimizde, s\u00fcre\u00e7 boyunca m\u00fcvekkillerimizin desteklendi\u011fini hissetmelerini sa\u011flamak i\u00e7in empati ve sayg\u0131yla \u00f6zelle\u015ftirilmi\u015f \u00e7\u00f6z\u00fcmler sunuyoruz. Toplumsal sorumluluk duygumuzla pro bono \u015fekilde \u00fccretsiz hukuki destekler sa\u011fl\u0131yor ve yerel sivil toplum kurulu\u015flar\u0131n\u0131 kurumsal sosyal sorumluluk projelerimizle destekliyoruz. Bu, adalete ve sa\u011fl\u0131kl\u0131 ya\u015fam ko\u015fullar\u0131na eri\u015fimin herkes i\u00e7in bir hak oldu\u011funa olan inanc\u0131m\u0131z\u0131 yans\u0131t\u0131yor. En y\u00fcksek etik standartlar\u0131 koruyarak, t\u00fcm etkile\u015fimlerimizde d\u00fcr\u00fcstl\u00fck, \u015feffafl\u0131k ve hesap verebilirli\u011fi esas al\u0131yoruz. Ayr\u0131ca, s\u00fcrd\u00fcr\u00fclebilirli\u011fi te\u015fvik ediyor ve etki yaratan olumlu de\u011fi\u015fimleri hayat\u0131m\u0131za yans\u0131t\u0131yoruz. Akademimiz ile gen\u00e7 hukuk\u00e7ular\u0131n yeti\u015fmesine ve kariyer geli\u015fimine destek ve burs olanaklar\u0131 sa\u011fl\u0131yoruz.<\/span><\/p>\t\t\t\t\t\t\t\t<\/div>\n\t\t\t\t<\/div>\n\t\t\t\t<\/div>\n\t\t\t\t\t<\/div>\n\t\t\t\t<\/div>\n\t\t\t\t<\/div>\n\t\t","protected":false},"excerpt":{"rendered":"<p>30 YILI A\u015eKIN S\u00dcRED\u0130R \u015e\u0130RKETLER\u0130N VE \u0130\u015e D\u00dcNYASININ G\u00dcVEN\u0130L\u0130R HUKUK DANI\u015eMANIYIZ. TAKIM ARKADA\u015eINIZ\u00a0 \u00c7ukur &amp; Partners olarak, hem firmam\u0131z i\u00e7inde hem de m\u00fcvekkillerimizle i\u015f birli\u011fine dayal\u0131 g\u00fc\u00e7l\u00fc ili\u015fkiler kurmaya inan\u0131yoruz. Hukuki i\u015flem ve s\u00fcre\u00e7lere g\u00fcvenle yakla\u015fmak i\u00e7in i\u015f birli\u011fine dayal\u0131 bir yakla\u015f\u0131m benimseyerek, ekibimizin tamam\u0131n\u0131 strateji geli\u015ftirme ve problem \u00e7\u00f6zme s\u00fcre\u00e7lerine dahil ediyoruz. Bu sayede&#8230;<\/p>\n","protected":false},"author":1,"featured_media":991327,"parent":992921,"menu_order":108,"comment_status":"closed","ping_status":"closed","template":"","meta":{"footnotes":""},"class_list":["post-992914","page","type-page","status-publish","has-post-thumbnail","hentry"],"_links":{"self":[{"href":"https:\/\/cukurpartners.com\/tr\/wp-json\/wp\/v2\/pages\/992914","targetHints":{"allow":["GET"]}}],"collection":[{"href":"https:\/\/cukurpartners.com\/tr\/wp-json\/wp\/v2\/pages"}],"about":[{"href":"https:\/\/cukurpartners.com\/tr\/wp-json\/wp\/v2\/types\/page"}],"author":[{"embeddable":true,"href":"https:\/\/cukurpartners.com\/tr\/wp-json\/wp\/v2\/users\/1"}],"replies":[{"embeddable":true,"href":"https:\/\/cukurpartners.com\/tr\/wp-json\/wp\/v2\/comments?post=992914"}],"version-history":[{"count":10,"href":"https:\/\/cukurpartners.com\/tr\/wp-json\/wp\/v2\/pages\/992914\/revisions"}],"predecessor-version":[{"id":993331,"href":"https:\/\/cukurpartners.com\/tr\/wp-json\/wp\/v2\/pages\/992914\/revisions\/993331"}],"up":[{"embeddable":true,"href":"https:\/\/cukurpartners.com\/tr\/wp-json\/wp\/v2\/pages\/992921"}],"wp:featuredmedia":[{"embeddable":true,"href":"https:\/\/cukurpartners.com\/tr\/wp-json\/wp\/v2\/media\/991327"}],"wp:attachment":[{"href":"https:\/\/cukurpartners.com\/tr\/wp-json\/wp\/v2\/media?parent=992914"}],"curies":[{"name":"wp","href":"https:\/\/api.w.org\/{rel}","templated":true}]}}