{"id":992921,"date":"2022-09-26T21:44:28","date_gmt":"2022-09-26T18:44:28","guid":{"rendered":"https:\/\/cukurpartners.com\/about-our-firm\/"},"modified":"2025-04-21T11:27:40","modified_gmt":"2025-04-21T08:27:40","slug":"cukur-partners-hakkinda","status":"publish","type":"page","link":"https:\/\/cukurpartners.com\/tr\/cukur-partners-hakkinda\/","title":{"rendered":"\u00c7UKUR &#038; PARTNERS HAKKINDA"},"content":{"rendered":"\t\t<div data-elementor-type=\"wp-page\" data-elementor-id=\"992921\" class=\"elementor elementor-992921 elementor-586\" data-elementor-post-type=\"page\">\n\t\t\t\t<div class=\"elementor-element elementor-element-2e6917b e-flex e-con-boxed e-con e-parent\" data-id=\"2e6917b\" data-element_type=\"container\" data-settings=\"{&quot;background_background&quot;:&quot;classic&quot;,&quot;animation&quot;:&quot;none&quot;}\">\n\t\t\t\t\t<div class=\"e-con-inner\">\n\t\t<div class=\"elementor-element elementor-element-cc487be e-con-full e-flex e-con e-child\" data-id=\"cc487be\" data-element_type=\"container\">\n\t\t\t\t<div class=\"elementor-element elementor-element-c30b3e4 elementor-widget elementor-widget-heading\" data-id=\"c30b3e4\" data-element_type=\"widget\" data-settings=\"{&quot;_animation&quot;:&quot;none&quot;,&quot;_animation_tablet&quot;:&quot;none&quot;}\" data-widget_type=\"heading.default\">\n\t\t\t\t<div class=\"elementor-widget-container\">\n\t\t\t\t\t<h1 class=\"elementor-heading-title elementor-size-default\">\u00c7UKUR &#038; PARTNERS HAKKINDA<\/h1>\t\t\t\t<\/div>\n\t\t\t\t<\/div>\n\t\t\t\t<\/div>\n\t\t\t\t\t<\/div>\n\t\t\t\t<\/div>\n\t\t\t\t<section class=\"elementor-section elementor-top-section elementor-element elementor-element-b3dcb25 elementor-section-stretched elementor-section-boxed elementor-section-height-default elementor-section-height-default\" data-id=\"b3dcb25\" data-element_type=\"section\" data-settings=\"{&quot;stretch_section&quot;:&quot;section-stretched&quot;}\">\n\t\t\t\t\t\t<div class=\"elementor-container elementor-column-gap-no\">\n\t\t\t\t\t<div class=\"elementor-column elementor-col-100 elementor-top-column elementor-element elementor-element-b31cd4e\" data-id=\"b31cd4e\" data-element_type=\"column\">\n\t\t\t<div class=\"elementor-widget-wrap elementor-element-populated\">\n\t\t\t\t\t\t<div class=\"elementor-element elementor-element-0a35de8 elementor-widget elementor-widget-text-editor\" data-id=\"0a35de8\" data-element_type=\"widget\" data-widget_type=\"text-editor.default\">\n\t\t\t\t<div class=\"elementor-widget-container\">\n\t\t\t\t\t\t\t\t\t<p>\u00c7ukur &amp; Partners\u2019ta biz i\u015f d\u00fcnyas\u0131na, \u015firketlere ve i\u015f insanlar\u0131na hizmet veriyoruz.\u00a0\u00a0<\/p><p>30 y\u0131l\u0131 a\u015fk\u0131n s\u00fcredir y\u00fcksek bir sorumluluk bilinci ta\u015f\u0131yan pozitif enerjimizle, yarat\u0131c\u0131 ve yenilik\u00e7i yakla\u015f\u0131m\u0131m\u0131zla de\u011fer \u00fcretiyoruz.\u00a0<\/p><p>Hukuk Firmam\u0131z\u0131n \u00e7al\u0131\u015fma alanlar\u0131 aras\u0131nda \u00f6zel uzmanl\u0131k ve deneyim gerektiren yat\u0131r\u0131m, ortakl\u0131k ve kurumsal finans i\u015flemleri, birle\u015fme ve devralmalar, \u015firketler hukuku ve kurumsal y\u00f6netim, ticaret ve uluslararas\u0131 ticaret hukuku, teknoloji ve bili\u015fim hukuku, i\u015f ve insan kaynaklar\u0131 hukuku ve in\u015faat ve gayrimenkul hukuku \u00f6n plana \u00e7\u0131kmaktad\u0131r. T\u00fcm \u00e7al\u0131\u015fma alanlar\u0131m\u0131za y\u00f6nelik geni\u015f \u00e7er\u00e7evede hukuki uyum hizmetleri sunarken bu konulardaki uyu\u015fmazl\u0131klar\u0131 da dava, tahkim ve arabuluculuk s\u00fcre\u00e7leri ile \u00e7\u00f6z\u00fcmlemekteyiz.<\/p><p>\u015eirketlere ve i\u015f d\u00fcnyas\u0131na sunmakta oldu\u011fumuz hizmetlerimizin temel \u00e7er\u00e7evesini, s\u00fcrekli ve kapsaml\u0131 mahiyette stratejik hukuk dan\u0131\u015fmanl\u0131\u011f\u0131, \u00f6zel nitelikli kurumsal finans i\u015flemlerinde hukuki dan\u0131\u015fmanl\u0131k, yasal d\u00fczenlemelere uyum dan\u0131\u015fmanl\u0131\u011f\u0131 ve hukuki ihtilaflar\u0131n \u00e7\u00f6z\u00fcmlenmesi olu\u015fturmaktad\u0131r.<\/p><p>Hizmetlerimizden s\u0131kl\u0131kla T\u00fcrkiye ve uluslararas\u0131 i\u015f d\u00fcnyas\u0131n\u0131n \u00f6nde gelen holdingleri, b\u00fcy\u00fck \u00f6l\u00e7ekli \u015firketleri ve finans kurulu\u015flar\u0131 ile birlikte aile \u015firketleri, KOB\u0130\u2019ler, geli\u015fmekte olan i\u015fletmeler, ba\u015flang\u0131\u00e7 ve b\u00fcy\u00fcme a\u015famas\u0131ndaki yeni nesil giri\u015fimler, giri\u015fimciler, profesyoneller, i\u015f insanlar\u0131 ve aileleri yararlanmaktad\u0131r.<\/p><p>\u00c7ukur &amp; Partners\u2019\u0131n \u00e7al\u0131\u015fma alanlar\u0131 ve hizmet anlay\u0131\u015f\u0131, \u00f6nde gelen ba\u011f\u0131ms\u0131z uluslararas\u0131 derecelendirme kurulu\u015flar\u0131 taraf\u0131ndan uzun y\u0131llard\u0131r de\u011ferlendirilmekte ve tavsiye edilmektedir.<\/p><p>T\u00fcm hizmetlerimizi \u00fclkemizin her k\u00f6\u015fesinde eri\u015filebilir k\u0131lmak odak noktalar\u0131m\u0131zdan birisi.\u00a0<\/p><p>Ulusal d\u00fczeydeki geni\u015f hizmet \u00e7er\u00e7evemizin yan\u0131 s\u0131ra, sahip oldu\u011fumuz g\u00fc\u00e7l\u00fc uluslararas\u0131 i\u015f birli\u011fi a\u011f\u0131m\u0131z ile m\u00fcvekkillerimize uluslararas\u0131 yap\u0131lanmalar ve i\u015flemler, \u00e7ok uluslu uyu\u015fmazl\u0131klar ve k\u00fcresel d\u00fczenlemelere uyum konular\u0131nda da uluslararas\u0131 hukuki destek sa\u011flamaktay\u0131z.<\/p><p>Sorumluluk ve s\u00fcrd\u00fcr\u00fclebilirlik, i\u015f felsefemizin ayr\u0131lmaz bir par\u00e7as\u0131d\u0131r. \u00c7ukur &amp; Partners Academy, pro bono \u00e7al\u0131\u015fmalar\u0131m\u0131z, kurumsal sosyal sorumluluk (CSR) projelerimiz ve s\u00fcrd\u00fcr\u00fclebilirlik uygulamalar\u0131m\u0131za verdi\u011fimiz \u00f6nem, sorumlu i\u015f anlay\u0131\u015f\u0131m\u0131z\u0131n en somut g\u00f6stergeleridir. M\u00fcvekkillerimiz i\u00e7in uzun vadeli de\u011fer yarat\u0131rken i\u00e7inde ya\u015fad\u0131\u011f\u0131m\u0131z toplum, \u00fclke ve d\u00fcnya i\u00e7in de olumlu bir etki \u00fcretmeyi hedefliyoruz.<\/p>\t\t\t\t\t\t\t\t<\/div>\n\t\t\t\t<\/div>\n\t\t\t\t\t<\/div>\n\t\t<\/div>\n\t\t\t\t\t<\/div>\n\t\t<\/section>\n\t\t\t\t<\/div>\n\t\t","protected":false},"excerpt":{"rendered":"<p>Our standard of excellence is fueled by the desire to protect you.<\/p>\n","protected":false},"author":1,"featured_media":988156,"parent":0,"menu_order":115,"comment_status":"closed","ping_status":"closed","template":"","meta":{"footnotes":""},"class_list":["post-992921","page","type-page","status-publish","has-post-thumbnail","hentry"],"_links":{"self":[{"href":"https:\/\/cukurpartners.com\/tr\/wp-json\/wp\/v2\/pages\/992921","targetHints":{"allow":["GET"]}}],"collection":[{"href":"https:\/\/cukurpartners.com\/tr\/wp-json\/wp\/v2\/pages"}],"about":[{"href":"https:\/\/cukurpartners.com\/tr\/wp-json\/wp\/v2\/types\/page"}],"author":[{"embeddable":true,"href":"https:\/\/cukurpartners.com\/tr\/wp-json\/wp\/v2\/users\/1"}],"replies":[{"embeddable":true,"href":"https:\/\/cukurpartners.com\/tr\/wp-json\/wp\/v2\/comments?post=992921"}],"version-history":[{"count":4,"href":"https:\/\/cukurpartners.com\/tr\/wp-json\/wp\/v2\/pages\/992921\/revisions"}],"predecessor-version":[{"id":992925,"href":"https:\/\/cukurpartners.com\/tr\/wp-json\/wp\/v2\/pages\/992921\/revisions\/992925"}],"wp:featuredmedia":[{"embeddable":true,"href":"https:\/\/cukurpartners.com\/tr\/wp-json\/wp\/v2\/media\/988156"}],"wp:attachment":[{"href":"https:\/\/cukurpartners.com\/tr\/wp-json\/wp\/v2\/media?parent=992921"}],"curies":[{"name":"wp","href":"https:\/\/api.w.org\/{rel}","templated":true}]}}