{"id":992926,"date":"2024-08-01T16:06:23","date_gmt":"2024-08-01T13:06:23","guid":{"rendered":"https:\/\/cukurpartners.com\/cukur-partners-hakkinda\/cukur-partners-academy\/"},"modified":"2025-05-08T11:37:22","modified_gmt":"2025-05-08T08:37:22","slug":"cukur-partners-akademi","status":"publish","type":"page","link":"https:\/\/cukurpartners.com\/tr\/cukur-partners-hakkinda\/cukur-partners-akademi\/","title":{"rendered":"\u00c7UKUR &#038; PARTNERS AKADEM\u0130"},"content":{"rendered":"\t\t<div data-elementor-type=\"wp-page\" data-elementor-id=\"992926\" class=\"elementor elementor-992926 elementor-990046\" data-elementor-post-type=\"page\">\n\t\t\t\t<div class=\"elementor-element elementor-element-a993573 e-flex e-con-boxed e-con e-parent\" data-id=\"a993573\" data-element_type=\"container\" data-settings=\"{&quot;background_background&quot;:&quot;classic&quot;,&quot;animation&quot;:&quot;none&quot;}\">\n\t\t\t\t\t<div class=\"e-con-inner\">\n\t\t<div class=\"elementor-element elementor-element-a663a2d e-con-full e-flex e-con e-child\" data-id=\"a663a2d\" data-element_type=\"container\">\n\t\t\t\t<div class=\"elementor-element elementor-element-b5d2b37 elementor-widget elementor-widget-heading\" data-id=\"b5d2b37\" data-element_type=\"widget\" data-settings=\"{&quot;_animation&quot;:&quot;none&quot;,&quot;_animation_tablet&quot;:&quot;none&quot;}\" data-widget_type=\"heading.default\">\n\t\t\t\t<div class=\"elementor-widget-container\">\n\t\t\t\t\t<h1 class=\"elementor-heading-title elementor-size-default\">\u00c7UKUR &#038; PARTNERS AKADEM\u0130<\/h1>\t\t\t\t<\/div>\n\t\t\t\t<\/div>\n\t\t\t\t<\/div>\n\t\t\t\t\t<\/div>\n\t\t\t\t<\/div>\n\t\t<div class=\"elementor-element elementor-element-8e22eb7 e-con-full e-flex e-con e-parent\" data-id=\"8e22eb7\" data-element_type=\"container\">\n\t\t<div class=\"elementor-element elementor-element-e6d3135 e-flex e-con-boxed e-con e-child\" data-id=\"e6d3135\" data-element_type=\"container\">\n\t\t\t\t\t<div class=\"e-con-inner\">\n\t\t\t\t<div class=\"elementor-element elementor-element-f1bb393 elementor-widget elementor-widget-text-editor\" data-id=\"f1bb393\" data-element_type=\"widget\" data-widget_type=\"text-editor.default\">\n\t\t\t\t<div class=\"elementor-widget-container\">\n\t\t\t\t\t\t\t\t\t<h3>HUKUK SEKT\u00d6R\u00dcNDE \u00d6NC\u00dc B\u0130R \u0130Y\u0130L\u0130K HAREKET\u0130<\/h3><p>\u00c7ukur &amp; Partners Akademi ile kaynaklar\u0131m\u0131z\u0131n anlaml\u0131 b\u00f6l\u00fcm\u00fcn\u00fc hukuk sekt\u00f6r\u00fcnde \u00f6nc\u00fc bir iyilik hareketini s\u00fcrd\u00fcrmek i\u00e7in kullan\u0131yoruz.<\/p><p>Akademimiz, gen\u00e7 hukuk\u00e7ular i\u00e7in f\u0131rsat e\u015fitli\u011fine, mesleki ve ki\u015fisel geli\u015fimi desteklemeye, yetenekleri geli\u015ftirmeye ve kariyer se\u00e7eneklerini art\u0131rmaya adanm\u0131\u015f bir platformdur.\u00a0<\/p><p>Akademimiz ile, hukuk \u00f6\u011frencileri ve gen\u00e7 avukatlar i\u00e7in kapsaml\u0131 burs, geli\u015fim, e\u011fitim, mentorluk ve ko\u00e7luk programlar\u0131 sunarak ba\u015far\u0131l\u0131 bir kariyer i\u00e7in gerekli becerileri kazand\u0131rmay\u0131 hedefliyoruz.\u00a0<\/p><p>Akademimizin devam eden \u00e7al\u0131\u015fmalar\u0131, g\u00fcncel projeleri ve ilanlar\u0131 ile ilgili t\u00fcm bilgilere web sitemizin <a href=\"https:\/\/cukurpartners.com\/tr\/bizden-haberler\/\">B\u0130ZDEN HABERLER<\/a> b\u00f6l\u00fcm\u00fcnden ve firmam\u0131z\u0131n <a href=\"https:\/\/tr.linkedin.com\/company\/%C3%A7ukur&amp;y%C4%B1lmaz-law-firm\" target=\"_blank\" rel=\"noopener\">linkedin<\/a> hesaplar\u0131ndan ula\u015fabilirsiniz.<\/p><h3>KEVSER &amp; N\u0130HAT \u00c7UKUR HUKUK FAK\u00dcLTES\u0130 \u00d6\u011eRENC\u0130LER\u0130 \u0130\u00c7\u0130N BURS PROGRAMI<\/h3><p>\u00c7ukur &amp; Partners olarak, Kevser &amp; Nihat \u00c7ukur Burs Program\u0131m\u0131z ile hukuk e\u011fitiminin ve gen\u00e7lerimizin gelece\u011fine destek veriyoruz. Bu sayg\u0131n giri\u015fim, \u00fcst\u00fcn ba\u015far\u0131 g\u00f6steren ihtiya\u00e7 sahibi hukuk fak\u00fcltesi \u00f6\u011frencilerine mali deste\u011fin yan\u0131 s\u0131ra, deneyimli hukuk\u00e7ulardan mentorluk ve networking f\u0131rsatlar\u0131 sunuyor.<\/p><p>T\u00fcm ya\u015famlar\u0131n\u0131 e\u011fitime, iyili\u011fe ve gen\u00e7li\u011fe adanm\u0131\u015f iki se\u00e7kin \u00f6\u011fretmenin ad\u0131na ve onuruna kurulan bu program, akademik m\u00fckemmeliyet, liderlik potansiyeli ve etik ba\u011fl\u0131l\u0131\u011f\u0131 te\u015fvik ediyor. Burs program\u0131na kabul edilen gen\u00e7ler, bir taraftan proje payda\u015f\u0131m\u0131z T\u00fcrk E\u011fitim Vakf\u0131n\u0131n (TEV) olanaklar\u0131ndan ve sayg\u0131n mezun a\u011f\u0131ndan yararlan\u0131rken, di\u011fer yandan akademik ba\u015far\u0131, liderlik becerileri ve firmam\u0131z\u0131n sorumlu ve s\u00fcrd\u00fcr\u00fclebilir i\u015f de\u011ferleriyle uyumlu bir geli\u015fim imk\u00e2n\u0131 yakal\u0131yorlar.<\/p><p>Bu program\u0131m\u0131za ba\u015fvurular her y\u0131l akademik y\u0131l \u00f6ncesinde TEV ba\u015fvuru sistemi \u00fczerinden ger\u00e7ekle\u015ftirilmektedir.<\/p><h3>HUKUK FAK\u00dcLTES\u0130 \u00d6\u011eRENC\u0130LER\u0130 \u0130\u00c7\u0130N KAR\u0130YERE HAZIRLIK PROGRAMI<\/h3><p>Hukuk sekt\u00f6r\u00fcnde ba\u015far\u0131l\u0131 bir kariyer, akademik ba\u015far\u0131n\u0131n \u00f6tesinde, mesle\u011fe de haz\u0131rl\u0131k gerektirir. \u00c7ukur &amp; Partners Akademi\u2019deki kariyer haz\u0131rl\u0131k programlar\u0131m\u0131z hukuk fak\u00fcltesi \u00f6\u011frencilerini avukatl\u0131k mesle\u011fi i\u00e7in gerekli beceri ve pratik bilgilerle donatma konusunda katk\u0131 sa\u011flamay\u0131 hedefliyor. At\u00f6lye \u00e7al\u0131\u015fmalar\u0131, seminerler ve networking f\u0131rsatlar\u0131 ile \u00f6\u011frencilerin akademiden mesleki ya\u015fama ge\u00e7i\u015fte kendilerini haz\u0131r hissetmeleri i\u00e7in destek veriyoruz.<\/p><p>9-12 ay s\u00fcreli Profesyonel ve Ki\u015fisel Geli\u015fim Program\u0131m\u0131z, \u00fc\u00e7\u00fcnc\u00fc ve d\u00f6rd\u00fcnc\u00fc s\u0131n\u0131f hukuk fak\u00fcltesi \u00f6\u011frencilerine \u00e7evrimi\u00e7i olarak sunulmaktad\u0131r. Kat\u0131l\u0131mc\u0131lar, hukuki ara\u015ft\u0131rma, m\u00fcvekkil ili\u015fkileri, m\u00fczakere ve ileti\u015fim teknikleri, ki\u015fisel geli\u015fim ve iyi ya\u015fam uygulamalar\u0131 ve mesleki etik gibi konularda uzmanlardan rehberlik ve e\u011fitimler al\u0131yorlar. Sosyal sorumluluk taahh\u00fcd\u00fcm\u00fcz kapsam\u0131nda, bu program\u0131m\u0131z da t\u00fcm di\u011fer destek programlar\u0131m\u0131z gibi kat\u0131l\u0131mc\u0131lara \u00fccretsiz olarak sunuluyor.<\/p>\t\t\t\t\t\t\t\t<\/div>\n\t\t\t\t<\/div>\n\t\t\t\t\t<\/div>\n\t\t\t\t<\/div>\n\t\t\t\t<div class=\"vamtam-has-theme-widget-styles elementor-element elementor-element-abae857 elementor-widget elementor-widget-image\" data-id=\"abae857\" data-element_type=\"widget\" data-widget_type=\"image.default\">\n\t\t\t\t<div class=\"elementor-widget-container\">\n\t\t\t\t\t\t\t\t\t<div class=\"elementor-image\">\n\t\t\t\t\t\t\t\t\t\t\t\t\t\t\t\t\t\t\t\t\t<img fetchpriority=\"high\" decoding=\"async\" width=\"1382\" height=\"922\" src=\"https:\/\/cukurpartners.com\/wp-content\/uploads\/2025\/01\/cukur-academy-middle.jpg\" class=\"attachment-full size-full wp-image-992385\" alt=\"\" srcset=\"https:\/\/cukurpartners.com\/wp-content\/uploads\/2025\/01\/cukur-academy-middle.jpg 1382w, https:\/\/cukurpartners.com\/wp-content\/uploads\/2025\/01\/cukur-academy-middle-300x200.jpg 300w, https:\/\/cukurpartners.com\/wp-content\/uploads\/2025\/01\/cukur-academy-middle-1024x683.jpg 1024w, https:\/\/cukurpartners.com\/wp-content\/uploads\/2025\/01\/cukur-academy-middle-768x512.jpg 768w\" sizes=\"(max-width: 1382px) 100vw, 1382px\" \/>\t\t\t\t\t\t\t\t\t\t\t\t\t\t\t\t\t\t\t\t\t\t\t\t<\/div>\n\t\t\t\t\t\t\t\t<\/div>\n\t\t\t\t<\/div>\n\t\t<div class=\"elementor-element elementor-element-3cd74ac e-flex e-con-boxed e-con e-child\" data-id=\"3cd74ac\" data-element_type=\"container\">\n\t\t\t\t\t<div class=\"e-con-inner\">\n\t\t\t\t<div class=\"elementor-element elementor-element-5e88939 elementor-widget elementor-widget-text-editor\" data-id=\"5e88939\" data-element_type=\"widget\" data-widget_type=\"text-editor.default\">\n\t\t\t\t<div class=\"elementor-widget-container\">\n\t\t\t\t\t\t\t\t\t<h3>GEN\u00c7 AVUKATLAR \u0130\u00c7\u0130N KAR\u0130YER GEL\u0130\u015eT\u0130RME VE HIZLANDIRMA MENTORLUK PROGRAMI<\/h3><p>Kariyerine yeni ba\u015flayan gen\u00e7 avukatlar i\u00e7in \u00c7ukur &amp; Partners Akademisi, kapsaml\u0131 kariyer geli\u015ftirme ve h\u0131zland\u0131rma programlar\u0131 sunuyor. Ko\u00e7luk ve mentorluk \u00e7al\u0131\u015fmalar\u0131m\u0131z, gen\u00e7 avukatlara kendilerine \u00f6zel ki\u015fisel rehberlik ve destek sa\u011flayarak, \u00f6zg\u00fcvenlerini art\u0131rmalar\u0131na, becerilerini geli\u015ftirmelerine ve s\u00fcrd\u00fcr\u00fclebilir bir kariyer geli\u015fimi elde etmelerine yard\u0131mc\u0131 oluyor.<\/p><p>Bu program, kariyerinin ilk be\u015f y\u0131l\u0131nda olan avukatlar ve stajyer avukatlar i\u00e7in \u00f6zel olarak tasarlanm\u0131\u015ft\u0131r. 9-12 ay s\u00fcreli \u00e7evrimi\u00e7i program\u0131m\u0131z, mentorluk deste\u011fi ile birlikte hem kariyer planlamas\u0131na hem de ki\u015fisel geli\u015fime odaklanan e\u011fitimler sunuyor. Kat\u0131l\u0131mc\u0131lar, liderlik, dayan\u0131kl\u0131l\u0131k ve etkili ileti\u015fim becerilerini de geli\u015ftiriyorlar.<\/p><h3>\u015e\u0130RKETLER VE \u0130\u015e D\u00dcNYASI \u0130\u00c7\u0130N HUKUK\u0130 E\u011e\u0130T\u0130MLER<\/h3><p>\u00c7ukur &amp; Partners Akademisi, \u015firketler ve i\u015f profesyonelleri i\u00e7in \u00f6zel olarak tasarlanm\u0131\u015f hukuki e\u011fitim programlar\u0131 da sunuyor. Uzmanlar taraf\u0131ndan y\u00f6netilen bu e\u011fitimler, karma\u015f\u0131k hukuki meseleler kar\u015f\u0131s\u0131nda bilin\u00e7li karar alma ve hukuki uyum sa\u011flama konusunda kapsaml\u0131 bilgi ve pratik beceriler kazand\u0131rmay\u0131 hedefliyor.<\/p><p>Programlar\u0131m\u0131z, i\u015f d\u00fcnyas\u0131n\u0131n g\u00fcncel ihtiya\u00e7lar\u0131na g\u00f6re \u00f6zelle\u015ftirilmi\u015f etkile\u015fimli at\u00f6lye \u00e7al\u0131\u015fmalar\u0131, vaka analizleri ve \u00f6zel m\u00fcfredatlar i\u00e7eriyor. Deneyimli avukatlardan, akademisyenlerden ve sekt\u00f6r uzmanlar\u0131ndan \u00f6\u011frenerek, uyumlulu\u011fu ve operasyonel verimlili\u011fi art\u0131rmaya y\u00f6nelik deneyimler sa\u011fl\u0131yor.<\/p><h3>\u00c7UKUR &amp; PARTNERS AKADEM\u0130 SOCIAL CLUB<\/h3><p>\u00c7ukur &amp; Partners Akademi Social Club, firmam\u0131z ekibi ve akademi ailemiz i\u00e7erisinde destekleyici ve zenginle\u015ftirici bir sosyal topluluk olu\u015fturma hedefiyle kuruldu. Kurumsal sosyal sorumluluk taahh\u00fcd\u00fcm\u00fcz kapsam\u0131nda, ekip \u00fcyelerimiz, bursiyerlerimiz, akademi kat\u0131l\u0131mc\u0131lar\u0131m\u0131z ve payda\u015flar\u0131m\u0131z i\u00e7in \u00e7e\u015fitli k\u00fclt\u00fcrel ve sosyal etkinlikler d\u00fczenlemekteyiz.<\/p><p>Social Club \u00e7at\u0131s\u0131 alt\u0131nda, t\u00fcm\u00fc \u00fccretsiz olmak \u00fczere, sanat sergilerine ziyaretler ve tiyatro g\u00f6sterimleri gibi k\u00fclt\u00fcrel etkinliklerden yarat\u0131c\u0131 at\u00f6lye \u00e7al\u0131\u015fmalar\u0131na, spor ve sa\u011fl\u0131k faaliyetlerinden seyahat deneyimlerine kadar geni\u015f bir yelpazede etkinlikler sunuyoruz. Etkinliklerimiz t\u00fcm payda\u015flar\u0131m\u0131za a\u00e7\u0131k olup, ba\u011flar kurmay\u0131 ve topluluk bilinci ile kapsay\u0131c\u0131l\u0131\u011f\u0131 te\u015fvik etmeyi hedefliyor.<\/p>\t\t\t\t\t\t\t\t<\/div>\n\t\t\t\t<\/div>\n\t\t\t\t\t<\/div>\n\t\t\t\t<\/div>\n\t\t\t\t<\/div>\n\t\t\t\t<\/div>\n\t\t","protected":false},"excerpt":{"rendered":"<p>HUKUK SEKT\u00d6R\u00dcNDE \u00d6NC\u00dc B\u0130R \u0130Y\u0130L\u0130K HAREKET\u0130 \u00c7ukur &amp; Partners Akademi ile kaynaklar\u0131m\u0131z\u0131n anlaml\u0131 b\u00f6l\u00fcm\u00fcn\u00fc hukuk sekt\u00f6r\u00fcnde \u00f6nc\u00fc bir iyilik hareketini s\u00fcrd\u00fcrmek i\u00e7in kullan\u0131yoruz. Akademimiz, gen\u00e7 hukuk\u00e7ular i\u00e7in f\u0131rsat e\u015fitli\u011fine, mesleki ve ki\u015fisel geli\u015fimi desteklemeye, yetenekleri geli\u015ftirmeye ve kariyer se\u00e7eneklerini art\u0131rmaya adanm\u0131\u015f bir platformdur.\u00a0 Akademimiz ile, hukuk \u00f6\u011frencileri ve gen\u00e7 avukatlar i\u00e7in kapsaml\u0131 burs, geli\u015fim, e\u011fitim,&#8230;<\/p>\n","protected":false},"author":1,"featured_media":991346,"parent":992921,"menu_order":105,"comment_status":"closed","ping_status":"closed","template":"elementor_header_footer","meta":{"footnotes":""},"class_list":["post-992926","page","type-page","status-publish","has-post-thumbnail","hentry"],"_links":{"self":[{"href":"https:\/\/cukurpartners.com\/tr\/wp-json\/wp\/v2\/pages\/992926","targetHints":{"allow":["GET"]}}],"collection":[{"href":"https:\/\/cukurpartners.com\/tr\/wp-json\/wp\/v2\/pages"}],"about":[{"href":"https:\/\/cukurpartners.com\/tr\/wp-json\/wp\/v2\/types\/page"}],"author":[{"embeddable":true,"href":"https:\/\/cukurpartners.com\/tr\/wp-json\/wp\/v2\/users\/1"}],"replies":[{"embeddable":true,"href":"https:\/\/cukurpartners.com\/tr\/wp-json\/wp\/v2\/comments?post=992926"}],"version-history":[{"count":10,"href":"https:\/\/cukurpartners.com\/tr\/wp-json\/wp\/v2\/pages\/992926\/revisions"}],"predecessor-version":[{"id":993337,"href":"https:\/\/cukurpartners.com\/tr\/wp-json\/wp\/v2\/pages\/992926\/revisions\/993337"}],"up":[{"embeddable":true,"href":"https:\/\/cukurpartners.com\/tr\/wp-json\/wp\/v2\/pages\/992921"}],"wp:featuredmedia":[{"embeddable":true,"href":"https:\/\/cukurpartners.com\/tr\/wp-json\/wp\/v2\/media\/991346"}],"wp:attachment":[{"href":"https:\/\/cukurpartners.com\/tr\/wp-json\/wp\/v2\/media?parent=992926"}],"curies":[{"name":"wp","href":"https:\/\/api.w.org\/{rel}","templated":true}]}}