{"id":992935,"date":"2024-12-12T16:46:35","date_gmt":"2024-12-12T13:46:35","guid":{"rendered":"https:\/\/cukurpartners.com\/banking-finance-and-financial-transactions\/"},"modified":"2025-05-08T11:43:19","modified_gmt":"2025-05-08T08:43:19","slug":"bankacilik-finans-ve-finansal-islemler","status":"publish","type":"page","link":"https:\/\/cukurpartners.com\/tr\/calisma-alanlarimiz\/bankacilik-finans-ve-finansal-islemler\/","title":{"rendered":"BANKACILIK, FI\u0307NANS VE FI\u0307NANSAL I\u0307S\u0327LEMLER"},"content":{"rendered":"\t\t<div data-elementor-type=\"wp-page\" data-elementor-id=\"992935\" class=\"elementor elementor-992935 elementor-991364\" data-elementor-post-type=\"page\">\n\t\t\t\t<div class=\"elementor-element elementor-element-395b968 e-flex e-con-boxed e-con e-parent\" data-id=\"395b968\" data-element_type=\"container\" data-settings=\"{&quot;background_background&quot;:&quot;classic&quot;,&quot;animation&quot;:&quot;none&quot;}\">\n\t\t\t\t\t<div class=\"e-con-inner\">\n\t\t<div class=\"elementor-element elementor-element-d1da523 e-con-full e-flex e-con e-child\" data-id=\"d1da523\" data-element_type=\"container\">\n\t\t\t\t<div class=\"elementor-element elementor-element-28ec498 elementor-widget elementor-widget-heading\" data-id=\"28ec498\" data-element_type=\"widget\" data-settings=\"{&quot;_animation&quot;:&quot;none&quot;,&quot;_animation_tablet&quot;:&quot;none&quot;}\" data-widget_type=\"heading.default\">\n\t\t\t\t<div class=\"elementor-widget-container\">\n\t\t\t\t\t<h1 class=\"elementor-heading-title elementor-size-default\">BANKACILIK, FI\u0307NANS VE FI\u0307NANSAL I\u0307S\u0327LEMLER<\/h1>\t\t\t\t<\/div>\n\t\t\t\t<\/div>\n\t\t\t\t<\/div>\n\t\t\t\t\t<\/div>\n\t\t\t\t<\/div>\n\t\t<div class=\"elementor-element elementor-element-ed5fb29 e-flex e-con-boxed e-con e-parent\" data-id=\"ed5fb29\" data-element_type=\"container\">\n\t\t\t\t\t<div class=\"e-con-inner\">\n\t\t\t\t<div class=\"elementor-element elementor-element-677dd81 focusarea elementor-widget elementor-widget-text-editor\" data-id=\"677dd81\" data-element_type=\"widget\" data-widget_type=\"text-editor.default\">\n\t\t\t\t<div class=\"elementor-widget-container\">\n\t\t\t\t\t\t\t\t\t<ul><li><span style=\"font-weight: 400;\">BANKACILIK VE F\u0130NANS HUKUKU<\/span><\/li><li><span style=\"font-weight: 400;\">F\u0130NTECH\u00a0<\/span><\/li><li><span style=\"font-weight: 400;\">D\u0130J\u0130TAL BANKACILIK<\/span><\/li><li><span style=\"font-weight: 400;\">\u00d6DEME S\u0130STEMLER\u0130<\/span><\/li><li><span style=\"font-weight: 400;\">F\u0130NANSAL \u0130\u015eLEMLER<\/span><\/li><li><span style=\"font-weight: 400;\">KURUMSAL F\u0130NANSMAN<\/span><\/li><li><span style=\"font-weight: 400;\">PROJE F\u0130NANSMANI<\/span><\/li><li><span style=\"font-weight: 400;\">VARLIK VE GAYR\u0130MENKUL F\u0130NANSMANI<\/span><\/li><li><span style=\"font-weight: 400;\">T\u0130CARET VE \u0130HRACAT F\u0130NANSMANI<\/span><\/li><li><span style=\"font-weight: 400;\">\u0130SLAM\u0130 F\u0130NANS VE KATILIM BANKACILI\u011eI<\/span><\/li><li><span style=\"font-weight: 400;\">BANKACILIK VE F\u0130NANS D\u00dcZENLEMELER\u0130 VE UYUMLULUK<\/span><\/li><li><span style=\"font-weight: 400;\">YEN\u0130DEN YAPILANDIRMA VE \u0130FLAS<\/span><\/li><li><span style=\"font-weight: 400;\">S\u00dcRD\u00dcR\u00dcLEB\u0130L\u0130R VE YE\u015e\u0130L F\u0130NANSMAN<\/span><\/li><li><span style=\"font-weight: 400;\">\u00d6ZEL BANKACILIK VE VARLIK Y\u00d6NET\u0130M\u0130<\/span><\/li><li><span style=\"font-weight: 400;\">BANKACILIK VE F\u0130NANS UYU\u015eMAZLIKLARI<\/span><\/li><li><span style=\"font-weight: 400;\">ALACAK TAHS\u0130L\u0130<\/span><\/li><\/ul>\t\t\t\t\t\t\t\t<\/div>\n\t\t\t\t<\/div>\n\t\t\t\t\t<\/div>\n\t\t\t\t<\/div>\n\t\t\t\t<\/div>\n\t\t","protected":false},"excerpt":{"rendered":"<p>BANKACILIK VE F\u0130NANS HUKUKU F\u0130NTECH\u00a0 D\u0130J\u0130TAL BANKACILIK \u00d6DEME S\u0130STEMLER\u0130 F\u0130NANSAL \u0130\u015eLEMLER KURUMSAL F\u0130NANSMAN PROJE F\u0130NANSMANI VARLIK VE GAYR\u0130MENKUL F\u0130NANSMANI T\u0130CARET VE \u0130HRACAT F\u0130NANSMANI \u0130SLAM\u0130 F\u0130NANS VE KATILIM BANKACILI\u011eI BANKACILIK VE F\u0130NANS D\u00dcZENLEMELER\u0130 VE UYUMLULUK YEN\u0130DEN YAPILANDIRMA VE \u0130FLAS S\u00dcRD\u00dcR\u00dcLEB\u0130L\u0130R VE YE\u015e\u0130L F\u0130NANSMAN \u00d6ZEL BANKACILIK VE VARLIK Y\u00d6NET\u0130M\u0130 BANKACILIK VE F\u0130NANS UYU\u015eMAZLIKLARI ALACAK TAHS\u0130L\u0130<\/p>\n","protected":false},"author":1,"featured_media":991366,"parent":993122,"menu_order":98,"comment_status":"closed","ping_status":"closed","template":"","meta":{"footnotes":""},"class_list":["post-992935","page","type-page","status-publish","has-post-thumbnail","hentry"],"_links":{"self":[{"href":"https:\/\/cukurpartners.com\/tr\/wp-json\/wp\/v2\/pages\/992935","targetHints":{"allow":["GET"]}}],"collection":[{"href":"https:\/\/cukurpartners.com\/tr\/wp-json\/wp\/v2\/pages"}],"about":[{"href":"https:\/\/cukurpartners.com\/tr\/wp-json\/wp\/v2\/types\/page"}],"author":[{"embeddable":true,"href":"https:\/\/cukurpartners.com\/tr\/wp-json\/wp\/v2\/users\/1"}],"replies":[{"embeddable":true,"href":"https:\/\/cukurpartners.com\/tr\/wp-json\/wp\/v2\/comments?post=992935"}],"version-history":[{"count":7,"href":"https:\/\/cukurpartners.com\/tr\/wp-json\/wp\/v2\/pages\/992935\/revisions"}],"predecessor-version":[{"id":993340,"href":"https:\/\/cukurpartners.com\/tr\/wp-json\/wp\/v2\/pages\/992935\/revisions\/993340"}],"up":[{"embeddable":true,"href":"https:\/\/cukurpartners.com\/tr\/wp-json\/wp\/v2\/pages\/993122"}],"wp:featuredmedia":[{"embeddable":true,"href":"https:\/\/cukurpartners.com\/tr\/wp-json\/wp\/v2\/media\/991366"}],"wp:attachment":[{"href":"https:\/\/cukurpartners.com\/tr\/wp-json\/wp\/v2\/media?parent=992935"}],"curies":[{"name":"wp","href":"https:\/\/api.w.org\/{rel}","templated":true}]}}