{"id":992941,"date":"2024-12-19T08:27:18","date_gmt":"2024-12-19T05:27:18","guid":{"rendered":"https:\/\/cukurpartners.com\/technology-communications-media\/"},"modified":"2025-05-08T11:44:10","modified_gmt":"2025-05-08T08:44:10","slug":"bilisim-ve-iletisim-teknolojileri-ve-medya-hukuku","status":"publish","type":"page","link":"https:\/\/cukurpartners.com\/tr\/calisma-alanlarimiz\/bilisim-ve-iletisim-teknolojileri-ve-medya-hukuku\/","title":{"rendered":"BI\u0307LI\u0307S\u0327I\u0307M VE I\u0307LETI\u0307S\u0327I\u0307M TEKNOLOJI\u0307LERI\u0307 VE MEDYA HUKUKU"},"content":{"rendered":"\t\t<div data-elementor-type=\"wp-page\" data-elementor-id=\"992941\" class=\"elementor elementor-992941 elementor-991605\" data-elementor-post-type=\"page\">\n\t\t\t\t<div class=\"elementor-element elementor-element-86027 e-flex e-con-boxed e-con e-parent\" data-id=\"86027\" data-element_type=\"container\" data-settings=\"{&quot;background_background&quot;:&quot;classic&quot;,&quot;animation&quot;:&quot;none&quot;}\">\n\t\t\t\t\t<div class=\"e-con-inner\">\n\t\t<div class=\"elementor-element elementor-element-249e952 e-con-full e-flex e-con e-child\" data-id=\"249e952\" data-element_type=\"container\">\n\t\t\t\t<div class=\"elementor-element elementor-element-3f0022cb elementor-widget elementor-widget-heading\" data-id=\"3f0022cb\" data-element_type=\"widget\" data-settings=\"{&quot;_animation&quot;:&quot;none&quot;,&quot;_animation_tablet&quot;:&quot;none&quot;}\" data-widget_type=\"heading.default\">\n\t\t\t\t<div class=\"elementor-widget-container\">\n\t\t\t\t\t<h1 class=\"elementor-heading-title elementor-size-default\">BI\u0307LI\u0307S\u0327I\u0307M VE I\u0307LETI\u0307S\u0327I\u0307M TEKNOLOJI\u0307LERI\u0307 VE MEDYA HUKUKU<\/h1>\t\t\t\t<\/div>\n\t\t\t\t<\/div>\n\t\t\t\t<\/div>\n\t\t\t\t\t<\/div>\n\t\t\t\t<\/div>\n\t\t<div class=\"elementor-element elementor-element-26f6afaf e-flex e-con-boxed e-con e-parent\" data-id=\"26f6afaf\" data-element_type=\"container\">\n\t\t\t\t\t<div class=\"e-con-inner\">\n\t\t<div class=\"elementor-element elementor-element-7291d853 e-con-full e-flex e-con e-child\" data-id=\"7291d853\" data-element_type=\"container\">\n\t\t\t\t<div class=\"elementor-element elementor-element-71e451d0 focusarea elementor-widget elementor-widget-text-editor\" data-id=\"71e451d0\" data-element_type=\"widget\" data-widget_type=\"text-editor.default\">\n\t\t\t\t<div class=\"elementor-widget-container\">\n\t\t\t\t\t\t\t\t\t<ul><li><span style=\"font-weight: 400;\">B\u0130L\u0130\u015e\u0130M VE \u0130LET\u0130\u015e\u0130M HUKUKU D\u00dcZENLEMELER\u0130NE UYUM<\/span><\/li><li><span style=\"font-weight: 400;\">MEDYA D\u00dcZENLEMELER\u0130, D\u0130J\u0130TAL VE SOSYAL MEDYA HUKUK\u0130 UYUMLULU\u011eU<\/span><\/li><li><span style=\"font-weight: 400;\">SEKT\u00d6REL VE \u0130DAR\u0130 L\u0130SANSLAR &amp; \u0130Z\u0130NLER<\/span><\/li><li><span style=\"font-weight: 400;\">B\u00dcY\u00dcME SERMAYES\u0130 &amp; F\u0130NANSMANA ER\u0130\u015e\u0130M<\/span><\/li><li><span style=\"font-weight: 400;\">G\u0130R\u0130\u015e\u0130M SERMAYES\u0130 (VENTURE CAP\u0130TAL)<\/span><\/li><li><span style=\"font-weight: 400;\">B\u0130L\u0130\u015e\u0130M, DI\u015e KAYNAK KULLANIMI (OUTSOURCING), H\u0130ZMET VE YAZILIM S\u00d6ZLE\u015eMELER\u0130<\/span><\/li><li><span style=\"font-weight: 400;\">MEDYA &amp; E\u011eLENCE S\u00d6ZLE\u015eMELER\u0130<\/span><\/li><li><span style=\"font-weight: 400;\">F\u0130KR\u0130 M\u00dcLK\u0130YET HAKLARI<\/span><\/li><li><span style=\"font-weight: 400;\">TEL\u0130F HAKLARI<\/span><\/li><li><span style=\"font-weight: 400;\">VER\u0130 KORUMA &amp; G\u0130ZL\u0130L\u0130K<\/span><\/li><li><span style=\"font-weight: 400;\">S\u0130BER G\u00dcVENL\u0130K<\/span><\/li><li><span style=\"font-weight: 400;\">TEKNOLOJ\u0130 TRANSFER\u0130 &amp; T\u0130CAR\u0130LE\u015eT\u0130RME<\/span><\/li><li><span style=\"font-weight: 400;\">T\u0130CAR\u0130 SIRLAR VE G\u0130ZL\u0130 B\u0130LG\u0130LER<\/span><\/li><li><span style=\"font-weight: 400;\">KURUMSAL YATIRIM VE F\u0130NANS \u0130\u015eLEMLER\u0130, B\u0130RLE\u015eME &amp; SATIN ALMALAR VE F\u0130NANSMAN<\/span><\/li><li><span style=\"font-weight: 400;\">E-T\u0130CARET VE PAZAR YERLER\u0130<\/span><\/li><li><span style=\"font-weight: 400;\">D\u0130J\u0130TAL &amp; MOB\u0130L OYUNLAR<\/span><\/li><li><span style=\"font-weight: 400;\">F\u0130NTECH VE D\u0130J\u0130TAL F\u0130NANS<\/span><\/li><li><span style=\"font-weight: 400;\">\u00d6DEME S\u0130STEMLER\u0130<\/span><\/li><li><span style=\"font-weight: 400;\">BLOCKCHAIN &amp; KR\u0130PTO PARA<\/span><\/li><li><span style=\"font-weight: 400;\">YAPAY ZEKA<\/span><\/li><li><span style=\"font-weight: 400;\">ROBOT\u0130K<\/span><\/li><li><span style=\"font-weight: 400;\">ONLINE OYUNLAR<\/span><\/li><li><span style=\"font-weight: 400;\">TELEKOM ALTYAPISI &amp; A\u011eLAR<\/span><\/li><li><span style=\"font-weight: 400;\">MOB\u0130L, \u0130NTERNET &amp; WEB<\/span><\/li><li><span style=\"font-weight: 400;\">BULUT TEKNOLOJ\u0130LER\u0130<\/span><\/li><li><span style=\"font-weight: 400;\">A\u00c7IK KAYNAK KULLANIMI<\/span><\/li><li><span style=\"font-weight: 400;\">SAAS<\/span><\/li><li><span style=\"font-weight: 400;\">IOT (NESNELER\u0130N \u0130NTERNET\u0130)<\/span><\/li><li><span style=\"font-weight: 400;\">D\u0130J\u0130TAL MEDYA<\/span><\/li><li><span style=\"font-weight: 400;\">SOSYAL MEDYA<\/span><\/li><li><span style=\"font-weight: 400;\">D\u0130J\u0130TAL SANAT ESERLER\u0130<\/span><\/li><li><span style=\"font-weight: 400;\">E-SPOR<\/span><\/li><li><span style=\"font-weight: 400;\">B\u0130L\u0130\u015e\u0130M, \u0130LET\u0130\u015e\u0130M VE TEKNOLOJ\u0130 UYU\u015eMAZLIKLARI<\/span><\/li><li><span style=\"font-weight: 400;\">MEDYA HUKUKU UYU\u015eMAZLIKLARI<\/span><\/li><\/ul>\t\t\t\t\t\t\t\t<\/div>\n\t\t\t\t<\/div>\n\t\t\t\t<\/div>\n\t\t\t\t\t<\/div>\n\t\t\t\t<\/div>\n\t\t\t\t<\/div>\n\t\t","protected":false},"excerpt":{"rendered":"<p>B\u0130L\u0130\u015e\u0130M VE \u0130LET\u0130\u015e\u0130M HUKUKU D\u00dcZENLEMELER\u0130NE UYUM MEDYA D\u00dcZENLEMELER\u0130, D\u0130J\u0130TAL VE SOSYAL MEDYA HUKUK\u0130 UYUMLULU\u011eU SEKT\u00d6REL VE \u0130DAR\u0130 L\u0130SANSLAR &amp; \u0130Z\u0130NLER B\u00dcY\u00dcME SERMAYES\u0130 &amp; F\u0130NANSMANA ER\u0130\u015e\u0130M G\u0130R\u0130\u015e\u0130M SERMAYES\u0130 (VENTURE CAP\u0130TAL) B\u0130L\u0130\u015e\u0130M, DI\u015e KAYNAK KULLANIMI (OUTSOURCING), H\u0130ZMET VE YAZILIM S\u00d6ZLE\u015eMELER\u0130 MEDYA &amp; E\u011eLENCE S\u00d6ZLE\u015eMELER\u0130 F\u0130KR\u0130 M\u00dcLK\u0130YET HAKLARI TEL\u0130F HAKLARI VER\u0130 KORUMA &amp; G\u0130ZL\u0130L\u0130K S\u0130BER G\u00dcVENL\u0130K TEKNOLOJ\u0130 TRANSFER\u0130&#8230;<\/p>\n","protected":false},"author":1,"featured_media":991607,"parent":993122,"menu_order":65,"comment_status":"closed","ping_status":"closed","template":"","meta":{"footnotes":""},"class_list":["post-992941","page","type-page","status-publish","has-post-thumbnail","hentry"],"_links":{"self":[{"href":"https:\/\/cukurpartners.com\/tr\/wp-json\/wp\/v2\/pages\/992941","targetHints":{"allow":["GET"]}}],"collection":[{"href":"https:\/\/cukurpartners.com\/tr\/wp-json\/wp\/v2\/pages"}],"about":[{"href":"https:\/\/cukurpartners.com\/tr\/wp-json\/wp\/v2\/types\/page"}],"author":[{"embeddable":true,"href":"https:\/\/cukurpartners.com\/tr\/wp-json\/wp\/v2\/users\/1"}],"replies":[{"embeddable":true,"href":"https:\/\/cukurpartners.com\/tr\/wp-json\/wp\/v2\/comments?post=992941"}],"version-history":[{"count":7,"href":"https:\/\/cukurpartners.com\/tr\/wp-json\/wp\/v2\/pages\/992941\/revisions"}],"predecessor-version":[{"id":993343,"href":"https:\/\/cukurpartners.com\/tr\/wp-json\/wp\/v2\/pages\/992941\/revisions\/993343"}],"up":[{"embeddable":true,"href":"https:\/\/cukurpartners.com\/tr\/wp-json\/wp\/v2\/pages\/993122"}],"wp:featuredmedia":[{"embeddable":true,"href":"https:\/\/cukurpartners.com\/tr\/wp-json\/wp\/v2\/media\/991607"}],"wp:attachment":[{"href":"https:\/\/cukurpartners.com\/tr\/wp-json\/wp\/v2\/media?parent=992941"}],"curies":[{"name":"wp","href":"https:\/\/api.w.org\/{rel}","templated":true}]}}