{"id":992946,"date":"2024-12-18T17:28:38","date_gmt":"2024-12-18T14:28:38","guid":{"rendered":"https:\/\/cukurpartners.com\/mergers-acquisitions\/"},"modified":"2025-05-08T11:44:38","modified_gmt":"2025-05-08T08:44:38","slug":"birlesme-ve-satin-almalar","status":"publish","type":"page","link":"https:\/\/cukurpartners.com\/tr\/calisma-alanlarimiz\/birlesme-ve-satin-almalar\/","title":{"rendered":"BI\u0307RLES\u0327ME VE SATIN ALMALAR"},"content":{"rendered":"\t\t<div data-elementor-type=\"wp-page\" data-elementor-id=\"992946\" class=\"elementor elementor-992946 elementor-991565\" data-elementor-post-type=\"page\">\n\t\t\t\t<div class=\"elementor-element elementor-element-5889f6a3 e-flex e-con-boxed e-con e-parent\" data-id=\"5889f6a3\" data-element_type=\"container\" data-settings=\"{&quot;background_background&quot;:&quot;classic&quot;,&quot;animation&quot;:&quot;none&quot;}\">\n\t\t\t\t\t<div class=\"e-con-inner\">\n\t\t<div class=\"elementor-element elementor-element-37996bfa e-con-full e-flex e-con e-child\" data-id=\"37996bfa\" data-element_type=\"container\">\n\t\t\t\t<div class=\"elementor-element elementor-element-8195a0b elementor-widget elementor-widget-heading\" data-id=\"8195a0b\" data-element_type=\"widget\" data-settings=\"{&quot;_animation&quot;:&quot;none&quot;,&quot;_animation_tablet&quot;:&quot;none&quot;}\" data-widget_type=\"heading.default\">\n\t\t\t\t<div class=\"elementor-widget-container\">\n\t\t\t\t\t<h1 class=\"elementor-heading-title elementor-size-default\">BI\u0307RLES\u0327ME VE SATIN ALMALAR<\/h1>\t\t\t\t<\/div>\n\t\t\t\t<\/div>\n\t\t\t\t<\/div>\n\t\t\t\t\t<\/div>\n\t\t\t\t<\/div>\n\t\t<div class=\"elementor-element elementor-element-2c9c2985 e-flex e-con-boxed e-con e-parent\" data-id=\"2c9c2985\" data-element_type=\"container\">\n\t\t\t\t\t<div class=\"e-con-inner\">\n\t\t<div class=\"elementor-element elementor-element-6fd06e38 e-con-full e-flex e-con e-child\" data-id=\"6fd06e38\" data-element_type=\"container\">\n\t\t\t\t<div class=\"elementor-element elementor-element-3129765b focusarea elementor-widget elementor-widget-text-editor\" data-id=\"3129765b\" data-element_type=\"widget\" data-widget_type=\"text-editor.default\">\n\t\t\t\t<div class=\"elementor-widget-container\">\n\t\t\t\t\t\t\t\t\t<ul><li><span style=\"font-weight: 400;\">B\u0130RLE\u015eME VE SATIN ALMA \u0130\u015eLEMLER\u0130<\/span><\/li><li><span style=\"font-weight: 400;\">ALICI VE SATICI TARAF HUKUK\u0130 DANI\u015eMANLI\u011eI<\/span><\/li><li><span style=\"font-weight: 400;\">STRATEJ\u0130K M&amp;A \u0130\u015eLEMLER\u0130<\/span><\/li><li><span style=\"font-weight: 400;\">FON YATIRIMLARI<\/span><\/li><li><span style=\"font-weight: 400;\">ORTAKLIKLAR<\/span><\/li><li><span style=\"font-weight: 400;\">\u00d6ZEL SERMAYE (PRIVATE EQUITY) VE G\u0130R\u0130\u015e\u0130M SERMAYES\u0130 (VENTURE CAPITAL)<\/span><\/li><li><span style=\"font-weight: 400;\">\u00d6ZEL SERMAYE FONLAMASI (PRIVATE CAPITAL) \u0130\u015eLEMLER\u0130<\/span><\/li><li><span style=\"font-weight: 400;\">MEZZAN\u0130NE F\u0130NANSMANI \u0130\u015eLEMLER\u0130<\/span><\/li><li><span style=\"font-weight: 400;\">KURULU\u015e VE B\u00dcY\u00dcME SERMAYES\u0130 \u0130\u015eLEMLER\u0130<\/span><\/li><li><span style=\"font-weight: 400;\">SINIR \u00d6TES\u0130 VE \u00c7OK ULUSLU \u0130\u015eLEMLER<\/span><\/li><li><span style=\"font-weight: 400;\">\u0130\u015eLETME, VARLIK VE G\u0130R\u0130\u015e\u0130M SATIN ALMALARI<\/span><\/li><li><span style=\"font-weight: 400;\">HALKA A\u00c7IK \u015e\u0130RKETLERE YATIRIM VE BUNLARIN B\u0130RLE\u015eME VE SATIN ALMA \u0130\u015eLEMLER\u0130<\/span><\/li><li><span style=\"font-weight: 400;\">\u0130FLAS VEYA ZOR DURUMDA OLAN \u015e\u0130RKETLER\u0130N B\u0130RLE\u015eME VE SATIN ALMA \u0130\u015eLEMLER\u0130<\/span><\/li><li><span style=\"font-weight: 400;\">B\u0130RLE\u015eME VE SATIN ALMA \u00d6NCES\u0130 VEYA S\u00dcREC\u0130NDE HUKUK\u0130 STRATEJ\u0130 GEL\u0130\u015eT\u0130RME<\/span><\/li><li><span style=\"font-weight: 400;\">G\u0130ZL\u0130L\u0130K S\u00d6ZLE\u015eMELER\u0130<\/span><\/li><li><span style=\"font-weight: 400;\">\u00d6N PROTOKOLLER VE MUTABAKAT MET\u0130NLER\u0130<\/span><\/li><li><span style=\"font-weight: 400;\">HUKUK\u0130 DURUM TESP\u0130T\u0130 (DUE DILIGENCE)<\/span><\/li><li><span style=\"font-weight: 400;\">H\u0130SSE VE VARLIK SATIN ALMA S\u00d6ZLE\u015eMELER\u0130 (SPA)<\/span><\/li><li><span style=\"font-weight: 400;\">H\u0130SSEDAR S\u00d6ZLE\u015eMELER\u0130 VE KURUMSAL Y\u00d6NET\u0130M (SHA)<\/span><\/li><li><span style=\"font-weight: 400;\">ORTAK G\u0130R\u0130\u015e\u0130MLER (JOINT VENTURE) VE STRATEJ\u0130K ORTAKLIKLAR<\/span><\/li><li><span style=\"font-weight: 400;\">KALDIRA\u00c7LI SATIN ALMA (LBO) VE Y\u00d6NET\u0130M SATIN ALMA \u0130\u015eLEMLER\u0130 (MBO)<\/span><\/li><li><span style=\"font-weight: 400;\">B\u0130RLE\u015eME VE SATIN ALMALARIN D\u00dcZENLEY\u0130C\u0130 KURUM UYUMLULUK \u0130\u015eLEMLER\u0130 VE \u0130Z\u0130NLER<\/span><\/li><li><span style=\"font-weight: 400;\">SATIN ALMA F\u0130NANSMANI VE FONLAMA<\/span><\/li><li><span style=\"font-weight: 400;\">REKABET KURUMU ONAYI (MERGER KONTROL)<\/span><\/li><li><span style=\"font-weight: 400;\">B\u0130RLE\u015eME VE SATIN ALMA \u0130\u015eLEMLER\u0130NDE VERG\u0130 YAPILANDIRMASI VE OPT\u0130M\u0130ZASYONU<\/span><\/li><li><span style=\"font-weight: 400;\">B\u0130RLE\u015eME SONRASI Y\u00d6NET\u0130M VE HUKUK\u0130 ENTEGRASYON<\/span><\/li><li><span style=\"font-weight: 400;\">UYU\u015eMAZLIKLAR, DAVA VE TAHK\u0130M<\/span><\/li><\/ul>\t\t\t\t\t\t\t\t<\/div>\n\t\t\t\t<\/div>\n\t\t\t\t<\/div>\n\t\t\t\t\t<\/div>\n\t\t\t\t<\/div>\n\t\t\t\t<\/div>\n\t\t","protected":false},"excerpt":{"rendered":"<p>B\u0130RLE\u015eME VE SATIN ALMA \u0130\u015eLEMLER\u0130 ALICI VE SATICI TARAF HUKUK\u0130 DANI\u015eMANLI\u011eI STRATEJ\u0130K M&amp;A \u0130\u015eLEMLER\u0130 FON YATIRIMLARI ORTAKLIKLAR \u00d6ZEL SERMAYE (PRIVATE EQUITY) VE G\u0130R\u0130\u015e\u0130M SERMAYES\u0130 (VENTURE CAPITAL) \u00d6ZEL SERMAYE FONLAMASI (PRIVATE CAPITAL) \u0130\u015eLEMLER\u0130 MEZZAN\u0130NE F\u0130NANSMANI \u0130\u015eLEMLER\u0130 KURULU\u015e VE B\u00dcY\u00dcME SERMAYES\u0130 \u0130\u015eLEMLER\u0130 SINIR \u00d6TES\u0130 VE \u00c7OK ULUSLU \u0130\u015eLEMLER \u0130\u015eLETME, VARLIK VE G\u0130R\u0130\u015e\u0130M SATIN ALMALARI HALKA A\u00c7IK \u015e\u0130RKETLERE&#8230;<\/p>\n","protected":false},"author":1,"featured_media":991567,"parent":993122,"menu_order":73,"comment_status":"closed","ping_status":"closed","template":"","meta":{"footnotes":""},"class_list":["post-992946","page","type-page","status-publish","has-post-thumbnail","hentry"],"_links":{"self":[{"href":"https:\/\/cukurpartners.com\/tr\/wp-json\/wp\/v2\/pages\/992946","targetHints":{"allow":["GET"]}}],"collection":[{"href":"https:\/\/cukurpartners.com\/tr\/wp-json\/wp\/v2\/pages"}],"about":[{"href":"https:\/\/cukurpartners.com\/tr\/wp-json\/wp\/v2\/types\/page"}],"author":[{"embeddable":true,"href":"https:\/\/cukurpartners.com\/tr\/wp-json\/wp\/v2\/users\/1"}],"replies":[{"embeddable":true,"href":"https:\/\/cukurpartners.com\/tr\/wp-json\/wp\/v2\/comments?post=992946"}],"version-history":[{"count":7,"href":"https:\/\/cukurpartners.com\/tr\/wp-json\/wp\/v2\/pages\/992946\/revisions"}],"predecessor-version":[{"id":993346,"href":"https:\/\/cukurpartners.com\/tr\/wp-json\/wp\/v2\/pages\/992946\/revisions\/993346"}],"up":[{"embeddable":true,"href":"https:\/\/cukurpartners.com\/tr\/wp-json\/wp\/v2\/pages\/993122"}],"wp:featuredmedia":[{"embeddable":true,"href":"https:\/\/cukurpartners.com\/tr\/wp-json\/wp\/v2\/media\/991567"}],"wp:attachment":[{"href":"https:\/\/cukurpartners.com\/tr\/wp-json\/wp\/v2\/media?parent=992946"}],"curies":[{"name":"wp","href":"https:\/\/api.w.org\/{rel}","templated":true}]}}