{"id":992951,"date":"2024-12-18T16:59:42","date_gmt":"2024-12-18T13:59:42","guid":{"rendered":"https:\/\/cukurpartners.com\/foreign-direct-investment-fdi-market-entry\/"},"modified":"2025-05-08T11:45:15","modified_gmt":"2025-05-08T08:45:15","slug":"dogrudan-uluslararasi-yatirimlar","status":"publish","type":"page","link":"https:\/\/cukurpartners.com\/tr\/calisma-alanlarimiz\/dogrudan-uluslararasi-yatirimlar\/","title":{"rendered":"DOG\u0306RUDAN ULUSLARARASI YATIRIMLAR"},"content":{"rendered":"\t\t<div data-elementor-type=\"wp-page\" data-elementor-id=\"992951\" class=\"elementor elementor-992951 elementor-991533\" data-elementor-post-type=\"page\">\n\t\t\t\t<div class=\"elementor-element elementor-element-4b4263da e-flex e-con-boxed e-con e-parent\" data-id=\"4b4263da\" data-element_type=\"container\" data-settings=\"{&quot;background_background&quot;:&quot;classic&quot;,&quot;animation&quot;:&quot;none&quot;}\">\n\t\t\t\t\t<div class=\"e-con-inner\">\n\t\t<div class=\"elementor-element elementor-element-71fa05e7 e-con-full e-flex e-con e-child\" data-id=\"71fa05e7\" data-element_type=\"container\">\n\t\t\t\t<div class=\"elementor-element elementor-element-51eee081 elementor-widget elementor-widget-heading\" data-id=\"51eee081\" data-element_type=\"widget\" data-settings=\"{&quot;_animation&quot;:&quot;none&quot;,&quot;_animation_tablet&quot;:&quot;none&quot;}\" data-widget_type=\"heading.default\">\n\t\t\t\t<div class=\"elementor-widget-container\">\n\t\t\t\t\t<h1 class=\"elementor-heading-title elementor-size-default\">DOG\u0306RUDAN ULUSLARARASI YATIRIMLAR<\/h1>\t\t\t\t<\/div>\n\t\t\t\t<\/div>\n\t\t\t\t<\/div>\n\t\t\t\t\t<\/div>\n\t\t\t\t<\/div>\n\t\t<div class=\"elementor-element elementor-element-6fd602b2 e-flex e-con-boxed e-con e-parent\" data-id=\"6fd602b2\" data-element_type=\"container\">\n\t\t\t\t\t<div class=\"e-con-inner\">\n\t\t<div class=\"elementor-element elementor-element-5ad3aef0 e-con-full e-flex e-con e-child\" data-id=\"5ad3aef0\" data-element_type=\"container\">\n\t\t\t\t<div class=\"elementor-element elementor-element-28206ff9 focusarea elementor-widget elementor-widget-text-editor\" data-id=\"28206ff9\" data-element_type=\"widget\" data-widget_type=\"text-editor.default\">\n\t\t\t\t<div class=\"elementor-widget-container\">\n\t\t\t\t\t\t\t\t\t<ul><li><span style=\"font-weight: 400;\">DO\u011eRUDAN YABANCI YATIRIMLAR (FDI) \u0130\u00c7\u0130N 360 DERECE HUKUK\u0130 DANI\u015eMANLIK<\/span><\/li><li><span style=\"font-weight: 400;\">ULUSLARARASI \u015e\u0130RKET VE \u0130\u015e \u0130NSANLARININ T\u00dcRK\u0130YE\u2019DEK\u0130 YATIRIMLARI<\/span><\/li><li><span style=\"font-weight: 400;\">T\u00dcRK \u015e\u0130RKETLER\u0130 VE \u0130\u015e \u0130NSANLARININ YURT DI\u015eINDAK\u0130 YATIRIMLARI<\/span><\/li><li><span style=\"font-weight: 400;\">\u015e\u0130RKET, \u015eUBE VE TEMS\u0130LC\u0130L\u0130K OF\u0130S\u0130 KURULUMU<\/span><\/li><li><span style=\"font-weight: 400;\">TE\u015eV\u0130KLER VE H\u00dcK\u00dcMET DESTEK MEKAN\u0130ZMALARI<\/span><\/li><li><span style=\"font-weight: 400;\">L\u0130SANSLAR VE \u0130Z\u0130NLER<\/span><\/li><li><span style=\"font-weight: 400;\">VERG\u0130 YAPILANDIRMASI VE PAZAR G\u0130R\u0130\u015e\u0130 OPT\u0130M\u0130ZASYONU<\/span><\/li><li><span style=\"font-weight: 400;\">S\u00d6ZLE\u015eMELER VE ANLA\u015eMALAR<\/span><\/li><li><span style=\"font-weight: 400;\">ORTAK G\u0130R\u0130\u015e\u0130MLER VE STRATEJ\u0130K \u0130\u015e B\u0130RL\u0130KLER\u0130<\/span><\/li><li><span style=\"font-weight: 400;\">ULUSLARARASI \u015e\u0130RKET YEN\u0130DEN YAPILANDIRMA<\/span><\/li><li><span style=\"font-weight: 400;\">SINIR \u00d6TES\u0130 B\u0130RLE\u015eME VE SATIN ALMA \u0130\u015eLEMLER\u0130<\/span><\/li><li><span style=\"font-weight: 400;\">ULUSLARARASI YATIRIM ANLA\u015eMALARI VE S\u00d6ZLE\u015eMELER\u0130<\/span><\/li><li><span style=\"font-weight: 400;\">GAYR\u0130MENKUL VE M\u00dcLK ED\u0130N\u0130M\u0130<\/span><\/li><li><span style=\"font-weight: 400;\">\u0130ST\u0130HDAM, \u00c7ALI\u015eMA \u0130L\u0130\u015eK\u0130LER\u0130 VE \u0130\u015e G\u00dcC\u00dc &amp; \u0130\u015eYER\u0130 Y\u00d6NET\u0130M\u0130<\/span><\/li><li><span style=\"font-weight: 400;\">YATIRIM VE T\u0130CARET KONTROLLER\u0130 VE ENGELLER\u0130, YAPTIRIMLAR<\/span><\/li><li><span style=\"font-weight: 400;\">KAMB\u0130YO VE BANKA D\u00dcZENLEMELER\u0130<\/span><\/li><li><span style=\"font-weight: 400;\">\u0130K\u0130L\u0130 VE \u00c7OK TARAFLI VERG\u0130 VE SERBEST T\u0130CARET ANLA\u015eMALARI<\/span><\/li><li><span style=\"font-weight: 400;\">ULUSLARARASI YATIRIMLARDA HUKUK\u0130 UYUM<\/span><\/li><li><span style=\"font-weight: 400;\">YATIRIM UYU\u015eMAZLIKLARI VE ULUSLARARASI TAHK\u0130M<\/span><\/li><\/ul>\t\t\t\t\t\t\t\t<\/div>\n\t\t\t\t<\/div>\n\t\t\t\t<\/div>\n\t\t\t\t\t<\/div>\n\t\t\t\t<\/div>\n\t\t\t\t<\/div>\n\t\t","protected":false},"excerpt":{"rendered":"<p>DO\u011eRUDAN YABANCI YATIRIMLAR (FDI) \u0130\u00c7\u0130N 360 DERECE HUKUK\u0130 DANI\u015eMANLIK ULUSLARARASI \u015e\u0130RKET VE \u0130\u015e \u0130NSANLARININ T\u00dcRK\u0130YE\u2019DEK\u0130 YATIRIMLARI T\u00dcRK \u015e\u0130RKETLER\u0130 VE \u0130\u015e \u0130NSANLARININ YURT DI\u015eINDAK\u0130 YATIRIMLARI \u015e\u0130RKET, \u015eUBE VE TEMS\u0130LC\u0130L\u0130K OF\u0130S\u0130 KURULUMU TE\u015eV\u0130KLER VE H\u00dcK\u00dcMET DESTEK MEKAN\u0130ZMALARI L\u0130SANSLAR VE \u0130Z\u0130NLER VERG\u0130 YAPILANDIRMASI VE PAZAR G\u0130R\u0130\u015e\u0130 OPT\u0130M\u0130ZASYONU S\u00d6ZLE\u015eMELER VE ANLA\u015eMALAR ORTAK G\u0130R\u0130\u015e\u0130MLER VE STRATEJ\u0130K \u0130\u015e B\u0130RL\u0130KLER\u0130 ULUSLARARASI \u015e\u0130RKET&#8230;<\/p>\n","protected":false},"author":1,"featured_media":991535,"parent":993122,"menu_order":79,"comment_status":"closed","ping_status":"closed","template":"","meta":{"footnotes":""},"class_list":["post-992951","page","type-page","status-publish","has-post-thumbnail","hentry"],"_links":{"self":[{"href":"https:\/\/cukurpartners.com\/tr\/wp-json\/wp\/v2\/pages\/992951","targetHints":{"allow":["GET"]}}],"collection":[{"href":"https:\/\/cukurpartners.com\/tr\/wp-json\/wp\/v2\/pages"}],"about":[{"href":"https:\/\/cukurpartners.com\/tr\/wp-json\/wp\/v2\/types\/page"}],"author":[{"embeddable":true,"href":"https:\/\/cukurpartners.com\/tr\/wp-json\/wp\/v2\/users\/1"}],"replies":[{"embeddable":true,"href":"https:\/\/cukurpartners.com\/tr\/wp-json\/wp\/v2\/comments?post=992951"}],"version-history":[{"count":7,"href":"https:\/\/cukurpartners.com\/tr\/wp-json\/wp\/v2\/pages\/992951\/revisions"}],"predecessor-version":[{"id":993349,"href":"https:\/\/cukurpartners.com\/tr\/wp-json\/wp\/v2\/pages\/992951\/revisions\/993349"}],"up":[{"embeddable":true,"href":"https:\/\/cukurpartners.com\/tr\/wp-json\/wp\/v2\/pages\/993122"}],"wp:featuredmedia":[{"embeddable":true,"href":"https:\/\/cukurpartners.com\/tr\/wp-json\/wp\/v2\/media\/991535"}],"wp:attachment":[{"href":"https:\/\/cukurpartners.com\/tr\/wp-json\/wp\/v2\/media?parent=992951"}],"curies":[{"name":"wp","href":"https:\/\/api.w.org\/{rel}","templated":true}]}}