{"id":992956,"date":"2024-12-18T16:46:06","date_gmt":"2024-12-18T13:46:06","guid":{"rendered":"https:\/\/cukurpartners.com\/energy-mining-natural-resources\/"},"modified":"2025-05-08T11:45:42","modified_gmt":"2025-05-08T08:45:42","slug":"enerji-madencilik-ve-dogal-kaynaklar-hukuku","status":"publish","type":"page","link":"https:\/\/cukurpartners.com\/tr\/calisma-alanlarimiz\/enerji-madencilik-ve-dogal-kaynaklar-hukuku\/","title":{"rendered":"ENERJI\u0307, MADENCI\u0307LI\u0307K VE DOG\u0306AL KAYNAKLAR HUKUKU"},"content":{"rendered":"\t\t<div data-elementor-type=\"wp-page\" data-elementor-id=\"992956\" class=\"elementor elementor-992956 elementor-991513\" data-elementor-post-type=\"page\">\n\t\t\t\t<div class=\"elementor-element elementor-element-29f2261a e-flex e-con-boxed e-con e-parent\" data-id=\"29f2261a\" data-element_type=\"container\" data-settings=\"{&quot;background_background&quot;:&quot;classic&quot;,&quot;animation&quot;:&quot;none&quot;}\">\n\t\t\t\t\t<div class=\"e-con-inner\">\n\t\t<div class=\"elementor-element elementor-element-5bd2c8ad e-con-full e-flex e-con e-child\" data-id=\"5bd2c8ad\" data-element_type=\"container\">\n\t\t\t\t<div class=\"elementor-element elementor-element-38d57ffe elementor-widget elementor-widget-heading\" data-id=\"38d57ffe\" data-element_type=\"widget\" data-settings=\"{&quot;_animation&quot;:&quot;none&quot;,&quot;_animation_tablet&quot;:&quot;none&quot;}\" data-widget_type=\"heading.default\">\n\t\t\t\t<div class=\"elementor-widget-container\">\n\t\t\t\t\t<h1 class=\"elementor-heading-title elementor-size-default\">ENERJI\u0307, MADENCI\u0307LI\u0307K VE DOG\u0306AL KAYNAKLAR HUKUKU<\/h1>\t\t\t\t<\/div>\n\t\t\t\t<\/div>\n\t\t\t\t<\/div>\n\t\t\t\t\t<\/div>\n\t\t\t\t<\/div>\n\t\t<div class=\"elementor-element elementor-element-1dd5ddb8 e-flex e-con-boxed e-con e-parent\" data-id=\"1dd5ddb8\" data-element_type=\"container\">\n\t\t\t\t\t<div class=\"e-con-inner\">\n\t\t<div class=\"elementor-element elementor-element-2a4b0625 e-con-full e-flex e-con e-child\" data-id=\"2a4b0625\" data-element_type=\"container\">\n\t\t\t\t<div class=\"elementor-element elementor-element-4c253c29 focusarea elementor-widget elementor-widget-text-editor\" data-id=\"4c253c29\" data-element_type=\"widget\" data-widget_type=\"text-editor.default\">\n\t\t\t\t<div class=\"elementor-widget-container\">\n\t\t\t\t\t\t\t\t\t<ul><li><span style=\"font-weight: 400;\">ENERJ\u0130 HUKUKU D\u00dcZENLEMELER\u0130 &amp; UYUM<\/span><\/li><li><span style=\"font-weight: 400;\">YEN\u0130LENEB\u0130L\u0130R ENERJ\u0130 &amp; TEM\u0130Z TEKNOLOJ\u0130LER<\/span><\/li><li><span style=\"font-weight: 400;\">MADENC\u0130L\u0130K HUKUKU D\u00dcZENLEMELER\u0130 &amp; UYUM<\/span><\/li><li><span style=\"font-weight: 400;\">ENERJ\u0130 VE MADENC\u0130L\u0130K PROJELER\u0130 F\u0130NANSMANI \u0130\u015eLEMLER\u0130<\/span><\/li><li><span style=\"font-weight: 400;\">ENERJ\u0130 VE MADENC\u0130L\u0130K B\u0130RLE\u015eME VE SATIN ALMA \u0130\u015eLEMLER\u0130<\/span><\/li><li><span style=\"font-weight: 400;\">\u00c7EVRE VE S\u00dcRD\u00dcR\u00dcLEB\u0130L\u0130RL\u0130K D\u00dcZENLEMELER\u0130 &amp; UYUM<\/span><\/li><li><span style=\"font-weight: 400;\">ENERJ\u0130, MADENC\u0130L\u0130K VE DO\u011eAL KAYNAKLAR S\u00d6ZLE\u015eMELER\u0130<\/span><\/li><li><span style=\"font-weight: 400;\">H\u00dcK\u00dcMET L\u0130SANSLARI VE \u0130Z\u0130NLER<\/span><\/li><li><span style=\"font-weight: 400;\">EK\u0130PMAN \u00dcRET\u0130M\u0130, TEDAR\u0130K\u0130, SATI\u015eI VE BUNLARA \u0130L\u0130\u015eK\u0130N S\u00d6ZLE\u015eMELER<\/span><\/li><li><span style=\"font-weight: 400;\">SOSYAL ETK\u0130 DE\u011eERLEND\u0130RMELER\u0130 (\u00c7ED)<\/span><\/li><li><span style=\"font-weight: 400;\">TOPLUM KATILIMI &amp; DANI\u015eMA<\/span><\/li><li><span style=\"font-weight: 400;\">KAMULA\u015eTIRMA VE ARAZ\u0130 KULLANIMI<\/span><\/li><li><span style=\"font-weight: 400;\">TAHS\u0130S VE TE\u015eV\u0130KLER<\/span><\/li><li><span style=\"font-weight: 400;\">MADEN HAKLARI, R\u00d6D\u00d6VANS VE \u0130PTOTEK<\/span><\/li><li><span style=\"font-weight: 400;\">ENERJ\u0130 VE MADENC\u0130L\u0130K UYU\u015eMAZLIKLARI<\/span><\/li><\/ul>\t\t\t\t\t\t\t\t<\/div>\n\t\t\t\t<\/div>\n\t\t\t\t<\/div>\n\t\t\t\t\t<\/div>\n\t\t\t\t<\/div>\n\t\t\t\t<\/div>\n\t\t","protected":false},"excerpt":{"rendered":"<p>ENERJ\u0130 HUKUKU D\u00dcZENLEMELER\u0130 &amp; UYUM YEN\u0130LENEB\u0130L\u0130R ENERJ\u0130 &amp; TEM\u0130Z TEKNOLOJ\u0130LER MADENC\u0130L\u0130K HUKUKU D\u00dcZENLEMELER\u0130 &amp; UYUM ENERJ\u0130 VE MADENC\u0130L\u0130K PROJELER\u0130 F\u0130NANSMANI \u0130\u015eLEMLER\u0130 ENERJ\u0130 VE MADENC\u0130L\u0130K B\u0130RLE\u015eME VE SATIN ALMA \u0130\u015eLEMLER\u0130 \u00c7EVRE VE S\u00dcRD\u00dcR\u00dcLEB\u0130L\u0130RL\u0130K D\u00dcZENLEMELER\u0130 &amp; UYUM ENERJ\u0130, MADENC\u0130L\u0130K VE DO\u011eAL KAYNAKLAR S\u00d6ZLE\u015eMELER\u0130 H\u00dcK\u00dcMET L\u0130SANSLARI VE \u0130Z\u0130NLER EK\u0130PMAN \u00dcRET\u0130M\u0130, TEDAR\u0130K\u0130, SATI\u015eI VE BUNLARA \u0130L\u0130\u015eK\u0130N S\u00d6ZLE\u015eMELER SOSYAL ETK\u0130&#8230;<\/p>\n","protected":false},"author":1,"featured_media":991515,"parent":993122,"menu_order":83,"comment_status":"closed","ping_status":"closed","template":"","meta":{"footnotes":""},"class_list":["post-992956","page","type-page","status-publish","has-post-thumbnail","hentry"],"_links":{"self":[{"href":"https:\/\/cukurpartners.com\/tr\/wp-json\/wp\/v2\/pages\/992956","targetHints":{"allow":["GET"]}}],"collection":[{"href":"https:\/\/cukurpartners.com\/tr\/wp-json\/wp\/v2\/pages"}],"about":[{"href":"https:\/\/cukurpartners.com\/tr\/wp-json\/wp\/v2\/types\/page"}],"author":[{"embeddable":true,"href":"https:\/\/cukurpartners.com\/tr\/wp-json\/wp\/v2\/users\/1"}],"replies":[{"embeddable":true,"href":"https:\/\/cukurpartners.com\/tr\/wp-json\/wp\/v2\/comments?post=992956"}],"version-history":[{"count":7,"href":"https:\/\/cukurpartners.com\/tr\/wp-json\/wp\/v2\/pages\/992956\/revisions"}],"predecessor-version":[{"id":993352,"href":"https:\/\/cukurpartners.com\/tr\/wp-json\/wp\/v2\/pages\/992956\/revisions\/993352"}],"up":[{"embeddable":true,"href":"https:\/\/cukurpartners.com\/tr\/wp-json\/wp\/v2\/pages\/993122"}],"wp:featuredmedia":[{"embeddable":true,"href":"https:\/\/cukurpartners.com\/tr\/wp-json\/wp\/v2\/media\/991515"}],"wp:attachment":[{"href":"https:\/\/cukurpartners.com\/tr\/wp-json\/wp\/v2\/media?parent=992956"}],"curies":[{"name":"wp","href":"https:\/\/api.w.org\/{rel}","templated":true}]}}