{"id":992961,"date":"2024-12-18T16:50:56","date_gmt":"2024-12-18T13:50:56","guid":{"rendered":"https:\/\/cukurpartners.com\/esg-sustainabiliy\/"},"modified":"2025-05-08T11:46:14","modified_gmt":"2025-05-08T08:46:14","slug":"esg-ve-surdurulebilirlik","status":"publish","type":"page","link":"https:\/\/cukurpartners.com\/tr\/calisma-alanlarimiz\/esg-ve-surdurulebilirlik\/","title":{"rendered":"ESG VE SU\u0308RDU\u0308RU\u0308LEBI\u0307LI\u0307RLI\u0307K"},"content":{"rendered":"\t\t<div data-elementor-type=\"wp-page\" data-elementor-id=\"992961\" class=\"elementor elementor-992961 elementor-991523\" data-elementor-post-type=\"page\">\n\t\t\t\t<div class=\"elementor-element elementor-element-678ce953 e-flex e-con-boxed e-con e-parent\" data-id=\"678ce953\" data-element_type=\"container\" data-settings=\"{&quot;background_background&quot;:&quot;classic&quot;,&quot;animation&quot;:&quot;none&quot;}\">\n\t\t\t\t\t<div class=\"e-con-inner\">\n\t\t<div class=\"elementor-element elementor-element-5a727b91 e-con-full e-flex e-con e-child\" data-id=\"5a727b91\" data-element_type=\"container\">\n\t\t\t\t<div class=\"elementor-element elementor-element-277ed407 elementor-widget elementor-widget-heading\" data-id=\"277ed407\" data-element_type=\"widget\" data-settings=\"{&quot;_animation&quot;:&quot;none&quot;,&quot;_animation_tablet&quot;:&quot;none&quot;}\" data-widget_type=\"heading.default\">\n\t\t\t\t<div class=\"elementor-widget-container\">\n\t\t\t\t\t<h1 class=\"elementor-heading-title elementor-size-default\">ESG VE SU\u0308RDU\u0308RU\u0308LEBI\u0307LI\u0307RLI\u0307K<\/h1>\t\t\t\t<\/div>\n\t\t\t\t<\/div>\n\t\t\t\t<\/div>\n\t\t\t\t\t<\/div>\n\t\t\t\t<\/div>\n\t\t<div class=\"elementor-element elementor-element-6d77916e e-flex e-con-boxed e-con e-parent\" data-id=\"6d77916e\" data-element_type=\"container\">\n\t\t\t\t\t<div class=\"e-con-inner\">\n\t\t<div class=\"elementor-element elementor-element-6b93935b e-con-full e-flex e-con e-child\" data-id=\"6b93935b\" data-element_type=\"container\">\n\t\t\t\t<div class=\"elementor-element elementor-element-6d63e05f focusarea elementor-widget elementor-widget-text-editor\" data-id=\"6d63e05f\" data-element_type=\"widget\" data-widget_type=\"text-editor.default\">\n\t\t\t\t<div class=\"elementor-widget-container\">\n\t\t\t\t\t\t\t\t\t<ul><li><span style=\"font-weight: 400;\">\u00c7EVRE HUKUKU VE S\u00dcRD\u00dcR\u00dcLEB\u0130L\u0130RL\u0130K D\u00dcZENLEMELER\u0130NE HUKUK\u0130 UYUM<\/span><\/li><li><span style=\"font-weight: 400;\">K\u00dcRESEL VE AVRUPA B\u0130RL\u0130\u011e\u0130 S\u00dcRD\u00dcR\u00dcLEB\u0130L\u0130RL\u0130K D\u00dcZENLEMELER\u0130NE UYUM<\/span><\/li><li><span style=\"font-weight: 400;\">ESG D\u00dcZENLEMELER\u0130NE UYUM<\/span><\/li><li><span style=\"font-weight: 400;\">EM\u0130SYON VE KARBON D\u00dcZENLEMELER\u0130 &amp; T\u0130CARET\u0130<\/span><\/li><li><span style=\"font-weight: 400;\">YE\u015e\u0130L MUTABAKAT<\/span><\/li><li><span style=\"font-weight: 400;\">\u0130KL\u0130M DE\u011e\u0130\u015e\u0130KL\u0130\u011e\u0130 VE KR\u0130Z Y\u00d6NET\u0130M\u0130<\/span><\/li><li><span style=\"font-weight: 400;\">S\u00dcRD\u00dcR\u00dcLEB\u0130L\u0130R KURUMSAL Y\u00d6NET\u0130\u015e\u0130M<\/span><\/li><li><span style=\"font-weight: 400;\">SOSYAL SORUMLULUK, SOSYAL HAKLAR VE \u0130\u015e \u0130NSAN HAKLARI<\/span><\/li><li><span style=\"font-weight: 400;\">E\u015e\u0130TL\u0130K, KATILIMCILIK, \u00c7E\u015e\u0130TL\u0130L\u0130K<\/span><\/li><li><span style=\"font-weight: 400;\">S\u00dcRD\u00dcR\u00dcLEB\u0130L\u0130R VE YE\u015e\u0130L F\u0130NANSMAN VE ETK\u0130 YATIRIMLARI<\/span><\/li><li><span style=\"font-weight: 400;\">KURUMSAL VE \u015e\u0130RKET \u0130\u00c7\u0130 POL\u0130T\u0130KALAR VE Y\u00d6NERGELER<\/span><\/li><li><span style=\"font-weight: 400;\">ESG RAPORLAMA, DENET\u0130M VE DURUM TESP\u0130T\u0130<\/span><\/li><li><span style=\"font-weight: 400;\">K\u0130RL\u0130L\u0130K KONTROL\u00dc VE ATIK Y\u00d6NET\u0130M\u0130<\/span><\/li><li><span style=\"font-weight: 400;\">YE\u015e\u0130L B\u0130NALAR VE S\u00dcRD\u00dcR\u00dcLEB\u0130L\u0130R GAYR\u0130MENKUL<\/span><\/li><li><span style=\"font-weight: 400;\">ENERJ\u0130 VER\u0130ML\u0130L\u0130\u011e\u0130<\/span><\/li><li><span style=\"font-weight: 400;\">D\u00d6NG\u00dcSEL EKONOM\u0130 VE KAYNAK VER\u0130ML\u0130L\u0130\u011e\u0130<\/span><\/li><li><span style=\"font-weight: 400;\">ET\u0130K \u0130\u015e UYGULAMALARI<\/span><\/li><\/ul>\t\t\t\t\t\t\t\t<\/div>\n\t\t\t\t<\/div>\n\t\t\t\t<\/div>\n\t\t\t\t\t<\/div>\n\t\t\t\t<\/div>\n\t\t\t\t<\/div>\n\t\t","protected":false},"excerpt":{"rendered":"<p>\u00c7EVRE HUKUKU VE S\u00dcRD\u00dcR\u00dcLEB\u0130L\u0130RL\u0130K D\u00dcZENLEMELER\u0130NE HUKUK\u0130 UYUM K\u00dcRESEL VE AVRUPA B\u0130RL\u0130\u011e\u0130 S\u00dcRD\u00dcR\u00dcLEB\u0130L\u0130RL\u0130K D\u00dcZENLEMELER\u0130NE UYUM ESG D\u00dcZENLEMELER\u0130NE UYUM EM\u0130SYON VE KARBON D\u00dcZENLEMELER\u0130 &amp; T\u0130CARET\u0130 YE\u015e\u0130L MUTABAKAT \u0130KL\u0130M DE\u011e\u0130\u015e\u0130KL\u0130\u011e\u0130 VE KR\u0130Z Y\u00d6NET\u0130M\u0130 S\u00dcRD\u00dcR\u00dcLEB\u0130L\u0130R KURUMSAL Y\u00d6NET\u0130\u015e\u0130M SOSYAL SORUMLULUK, SOSYAL HAKLAR VE \u0130\u015e \u0130NSAN HAKLARI E\u015e\u0130TL\u0130K, KATILIMCILIK, \u00c7E\u015e\u0130TL\u0130L\u0130K S\u00dcRD\u00dcR\u00dcLEB\u0130L\u0130R VE YE\u015e\u0130L F\u0130NANSMAN VE ETK\u0130 YATIRIMLARI KURUMSAL VE \u015e\u0130RKET \u0130\u00c7\u0130&#8230;<\/p>\n","protected":false},"author":1,"featured_media":991525,"parent":993122,"menu_order":81,"comment_status":"closed","ping_status":"closed","template":"","meta":{"footnotes":""},"class_list":["post-992961","page","type-page","status-publish","has-post-thumbnail","hentry"],"_links":{"self":[{"href":"https:\/\/cukurpartners.com\/tr\/wp-json\/wp\/v2\/pages\/992961","targetHints":{"allow":["GET"]}}],"collection":[{"href":"https:\/\/cukurpartners.com\/tr\/wp-json\/wp\/v2\/pages"}],"about":[{"href":"https:\/\/cukurpartners.com\/tr\/wp-json\/wp\/v2\/types\/page"}],"author":[{"embeddable":true,"href":"https:\/\/cukurpartners.com\/tr\/wp-json\/wp\/v2\/users\/1"}],"replies":[{"embeddable":true,"href":"https:\/\/cukurpartners.com\/tr\/wp-json\/wp\/v2\/comments?post=992961"}],"version-history":[{"count":7,"href":"https:\/\/cukurpartners.com\/tr\/wp-json\/wp\/v2\/pages\/992961\/revisions"}],"predecessor-version":[{"id":993355,"href":"https:\/\/cukurpartners.com\/tr\/wp-json\/wp\/v2\/pages\/992961\/revisions\/993355"}],"up":[{"embeddable":true,"href":"https:\/\/cukurpartners.com\/tr\/wp-json\/wp\/v2\/pages\/993122"}],"wp:featuredmedia":[{"embeddable":true,"href":"https:\/\/cukurpartners.com\/tr\/wp-json\/wp\/v2\/media\/991525"}],"wp:attachment":[{"href":"https:\/\/cukurpartners.com\/tr\/wp-json\/wp\/v2\/media?parent=992961"}],"curies":[{"name":"wp","href":"https:\/\/api.w.org\/{rel}","templated":true}]}}