{"id":992966,"date":"2024-12-18T17:06:19","date_gmt":"2024-12-18T14:06:19","guid":{"rendered":"https:\/\/cukurpartners.com\/intellectual-property\/"},"modified":"2025-05-08T11:47:16","modified_gmt":"2025-05-08T08:47:16","slug":"fikri-mulkiyet-hukuku","status":"publish","type":"page","link":"https:\/\/cukurpartners.com\/tr\/calisma-alanlarimiz\/fikri-mulkiyet-hukuku\/","title":{"rendered":"FI\u0307KRI\u0307 MU\u0308LKI\u0307YET HUKUKU"},"content":{"rendered":"\t\t<div data-elementor-type=\"wp-page\" data-elementor-id=\"992966\" class=\"elementor elementor-992966 elementor-991543\" data-elementor-post-type=\"page\">\n\t\t\t\t<div class=\"elementor-element elementor-element-45b9c986 e-flex e-con-boxed e-con e-parent\" data-id=\"45b9c986\" data-element_type=\"container\" data-settings=\"{&quot;background_background&quot;:&quot;classic&quot;,&quot;animation&quot;:&quot;none&quot;}\">\n\t\t\t\t\t<div class=\"e-con-inner\">\n\t\t<div class=\"elementor-element elementor-element-4edc6143 e-con-full e-flex e-con e-child\" data-id=\"4edc6143\" data-element_type=\"container\">\n\t\t\t\t<div class=\"elementor-element elementor-element-7f6415f2 elementor-widget elementor-widget-heading\" data-id=\"7f6415f2\" data-element_type=\"widget\" data-settings=\"{&quot;_animation&quot;:&quot;none&quot;,&quot;_animation_tablet&quot;:&quot;none&quot;}\" data-widget_type=\"heading.default\">\n\t\t\t\t<div class=\"elementor-widget-container\">\n\t\t\t\t\t<h1 class=\"elementor-heading-title elementor-size-default\">FI\u0307KRI\u0307 MU\u0308LKI\u0307YET HUKUKU<\/h1>\t\t\t\t<\/div>\n\t\t\t\t<\/div>\n\t\t\t\t<\/div>\n\t\t\t\t\t<\/div>\n\t\t\t\t<\/div>\n\t\t<div class=\"elementor-element elementor-element-75def233 e-flex e-con-boxed e-con e-parent\" data-id=\"75def233\" data-element_type=\"container\">\n\t\t\t\t\t<div class=\"e-con-inner\">\n\t\t<div class=\"elementor-element elementor-element-37b341e0 e-con-full e-flex e-con e-child\" data-id=\"37b341e0\" data-element_type=\"container\">\n\t\t\t\t<div class=\"elementor-element elementor-element-705e1536 focusarea elementor-widget elementor-widget-text-editor\" data-id=\"705e1536\" data-element_type=\"widget\" data-widget_type=\"text-editor.default\">\n\t\t\t\t<div class=\"elementor-widget-container\">\n\t\t\t\t\t\t\t\t\t<ul><li><span style=\"font-weight: 400;\">T\u0130CAR\u0130 MARKALAR<\/span><\/li><li><span style=\"font-weight: 400;\">PATENTLER<\/span><\/li><li><span style=\"font-weight: 400;\">TASARIM HAKLARI<\/span><\/li><li><span style=\"font-weight: 400;\">TEL\u0130F HAKLARI<\/span><\/li><li><span style=\"font-weight: 400;\">FAYDALI MODELLER<\/span><\/li><li><span style=\"font-weight: 400;\">KNOW-HOW, T\u0130CAR\u0130 SIRLAR VE G\u0130ZL\u0130 B\u0130LG\u0130LER<\/span><\/li><li><span style=\"font-weight: 400;\">CO\u011eRAF\u0130 \u0130\u015eARETLER<\/span><\/li><li><span style=\"font-weight: 400;\">F\u0130KR\u0130 M\u00dcLK\u0130YET \u0130\u015eLEMLER\u0130 VE T\u0130CAR\u0130LE\u015eT\u0130RME<\/span><\/li><li><span style=\"font-weight: 400;\">L\u0130SANSLAMA<\/span><\/li><li><span style=\"font-weight: 400;\">ALAN ADLARI<\/span><\/li><li><span style=\"font-weight: 400;\">D\u0130J\u0130TAL &amp; \u0130NTERNET HAKLARI<\/span><\/li><li><span style=\"font-weight: 400;\">A\u00c7IK KAYNAK &amp; YAZILIM L\u0130SANSLAMA<\/span><\/li><li><span style=\"font-weight: 400;\">MEDYA &amp; E\u011eLENCE F\u0130KR\u0130 M\u00dcLK\u0130YET HAKLARI<\/span><\/li><li><span style=\"font-weight: 400;\">REKLAM &amp; PAZARLAMA<\/span><\/li><li><span style=\"font-weight: 400;\">\u0130NOVASYON<\/span><\/li><li><span style=\"font-weight: 400;\">AMBALAJLAMA &amp; ET\u0130KETLEME<\/span><\/li><li><span style=\"font-weight: 400;\">TEKNOLOJ\u0130 TRANSFER\u0130<\/span><\/li><li><span style=\"font-weight: 400;\">\u0130HLALLER VE F\u0130KR\u0130 M\u00dcLK\u0130YET HAKLARININ KORUNMASI<\/span><\/li><li><span style=\"font-weight: 400;\">SAHTEC\u0130L\u0130KLE M\u00dcCADELE<\/span><\/li><li><span style=\"font-weight: 400;\">G\u00dcMR\u00dcK VE DI\u015e T\u0130CARET UYGULAMALARI VE DENET\u0130MLER\u0130<\/span><\/li><li><span style=\"font-weight: 400;\">K\u0130\u015e\u0130L\u0130K HAKLARI VE \u0130T\u0130BAR Y\u00d6NET\u0130M\u0130<\/span><\/li><li><span style=\"font-weight: 400;\">F\u0130KR\u0130 M\u00dcLK\u0130YET UYU\u015eMAZLIKLARI, DAVA VE TAHK\u0130M<\/span><\/li><\/ul>\t\t\t\t\t\t\t\t<\/div>\n\t\t\t\t<\/div>\n\t\t\t\t<\/div>\n\t\t\t\t\t<\/div>\n\t\t\t\t<\/div>\n\t\t\t\t<\/div>\n\t\t","protected":false},"excerpt":{"rendered":"<p>T\u0130CAR\u0130 MARKALAR PATENTLER TASARIM HAKLARI TEL\u0130F HAKLARI FAYDALI MODELLER KNOW-HOW, T\u0130CAR\u0130 SIRLAR VE G\u0130ZL\u0130 B\u0130LG\u0130LER CO\u011eRAF\u0130 \u0130\u015eARETLER F\u0130KR\u0130 M\u00dcLK\u0130YET \u0130\u015eLEMLER\u0130 VE T\u0130CAR\u0130LE\u015eT\u0130RME L\u0130SANSLAMA ALAN ADLARI D\u0130J\u0130TAL &amp; \u0130NTERNET HAKLARI A\u00c7IK KAYNAK &amp; YAZILIM L\u0130SANSLAMA MEDYA &amp; E\u011eLENCE F\u0130KR\u0130 M\u00dcLK\u0130YET HAKLARI REKLAM &amp; PAZARLAMA \u0130NOVASYON AMBALAJLAMA &amp; ET\u0130KETLEME TEKNOLOJ\u0130 TRANSFER\u0130 \u0130HLALLER VE F\u0130KR\u0130 M\u00dcLK\u0130YET HAKLARININ KORUNMASI&#8230;<\/p>\n","protected":false},"author":1,"featured_media":991545,"parent":993122,"menu_order":77,"comment_status":"closed","ping_status":"closed","template":"","meta":{"footnotes":""},"class_list":["post-992966","page","type-page","status-publish","has-post-thumbnail","hentry"],"_links":{"self":[{"href":"https:\/\/cukurpartners.com\/tr\/wp-json\/wp\/v2\/pages\/992966","targetHints":{"allow":["GET"]}}],"collection":[{"href":"https:\/\/cukurpartners.com\/tr\/wp-json\/wp\/v2\/pages"}],"about":[{"href":"https:\/\/cukurpartners.com\/tr\/wp-json\/wp\/v2\/types\/page"}],"author":[{"embeddable":true,"href":"https:\/\/cukurpartners.com\/tr\/wp-json\/wp\/v2\/users\/1"}],"replies":[{"embeddable":true,"href":"https:\/\/cukurpartners.com\/tr\/wp-json\/wp\/v2\/comments?post=992966"}],"version-history":[{"count":7,"href":"https:\/\/cukurpartners.com\/tr\/wp-json\/wp\/v2\/pages\/992966\/revisions"}],"predecessor-version":[{"id":993358,"href":"https:\/\/cukurpartners.com\/tr\/wp-json\/wp\/v2\/pages\/992966\/revisions\/993358"}],"up":[{"embeddable":true,"href":"https:\/\/cukurpartners.com\/tr\/wp-json\/wp\/v2\/pages\/993122"}],"wp:featuredmedia":[{"embeddable":true,"href":"https:\/\/cukurpartners.com\/tr\/wp-json\/wp\/v2\/media\/991545"}],"wp:attachment":[{"href":"https:\/\/cukurpartners.com\/tr\/wp-json\/wp\/v2\/media?parent=992966"}],"curies":[{"name":"wp","href":"https:\/\/api.w.org\/{rel}","templated":true}]}}