{"id":992971,"date":"2024-12-18T17:40:04","date_gmt":"2024-12-18T14:40:04","guid":{"rendered":"https:\/\/cukurpartners.com\/real-estate-construction\/"},"modified":"2025-05-08T11:47:45","modified_gmt":"2025-05-08T08:47:45","slug":"gayrimenkul-ve-insaat-hukuku","status":"publish","type":"page","link":"https:\/\/cukurpartners.com\/tr\/calisma-alanlarimiz\/gayrimenkul-ve-insaat-hukuku\/","title":{"rendered":"GAYRI\u0307MENKUL VE I\u0307NS\u0327AAT HUKUKU"},"content":{"rendered":"\t\t<div data-elementor-type=\"wp-page\" data-elementor-id=\"992971\" class=\"elementor elementor-992971 elementor-991585\" data-elementor-post-type=\"page\">\n\t\t\t\t<div class=\"elementor-element elementor-element-24afee12 e-flex e-con-boxed e-con e-parent\" data-id=\"24afee12\" data-element_type=\"container\" data-settings=\"{&quot;background_background&quot;:&quot;classic&quot;,&quot;animation&quot;:&quot;none&quot;}\">\n\t\t\t\t\t<div class=\"e-con-inner\">\n\t\t<div class=\"elementor-element elementor-element-67b0474f e-con-full e-flex e-con e-child\" data-id=\"67b0474f\" data-element_type=\"container\">\n\t\t\t\t<div class=\"elementor-element elementor-element-3af9462d elementor-widget elementor-widget-heading\" data-id=\"3af9462d\" data-element_type=\"widget\" data-settings=\"{&quot;_animation&quot;:&quot;none&quot;,&quot;_animation_tablet&quot;:&quot;none&quot;}\" data-widget_type=\"heading.default\">\n\t\t\t\t<div class=\"elementor-widget-container\">\n\t\t\t\t\t<h1 class=\"elementor-heading-title elementor-size-default\">GAYRI\u0307MENKUL VE I\u0307NS\u0327AAT HUKUKU<\/h1>\t\t\t\t<\/div>\n\t\t\t\t<\/div>\n\t\t\t\t<\/div>\n\t\t\t\t\t<\/div>\n\t\t\t\t<\/div>\n\t\t<div class=\"elementor-element elementor-element-5000d618 e-flex e-con-boxed e-con e-parent\" data-id=\"5000d618\" data-element_type=\"container\">\n\t\t\t\t\t<div class=\"e-con-inner\">\n\t\t<div class=\"elementor-element elementor-element-2d565a8c e-con-full e-flex e-con e-child\" data-id=\"2d565a8c\" data-element_type=\"container\">\n\t\t\t\t<div class=\"elementor-element elementor-element-1e6ca501 focusarea elementor-widget elementor-widget-text-editor\" data-id=\"1e6ca501\" data-element_type=\"widget\" data-widget_type=\"text-editor.default\">\n\t\t\t\t<div class=\"elementor-widget-container\">\n\t\t\t\t\t\t\t\t\t<ul><li><span style=\"font-weight: 400;\">GAYR\u0130MENKUL PROJE GEL\u0130\u015eT\u0130RME VE Y\u00d6NET\u0130M\u0130<\/span><\/li><li><span style=\"font-weight: 400;\">YAPIM VE \u0130N\u015eAAT S\u00d6ZLE\u015eMELER\u0130<\/span><\/li><li><span style=\"font-weight: 400;\">KAT KAR\u015eILI\u011eI VE HASILAT KAR\u015eILI\u011eI \u0130N\u015eAAT S\u00d6ZLE\u015eMELER\u0130<\/span><\/li><li><span style=\"font-weight: 400;\">GEL\u0130\u015eT\u0130RME, TEDAR\u0130K, TASARIM, M\u0130MARLIK VE M\u00dcHEND\u0130SL\u0130K S\u00d6ZLE\u015eMELER\u0130<\/span><\/li><li><span style=\"font-weight: 400;\">Y\u00dcKLEN\u0130C\u0130 VE ALT Y\u00dcKLEN\u0130C\u0130 S\u00d6ZLE\u015eMELER\u0130<\/span><\/li><li><span style=\"font-weight: 400;\">GAYR\u0130MENKUL PORTF\u00d6Y VE VARLIK Y\u00d6NET\u0130M\u0130<\/span><\/li><li><span style=\"font-weight: 400;\">GAYR\u0130MENKUL SATI\u015e VE ALIM S\u00d6ZLE\u015eMELER\u0130 VE \u0130\u015eLEMLER\u0130<\/span><\/li><li><span style=\"font-weight: 400;\">ORTAK G\u0130R\u0130\u015e\u0130MLER VE \u0130\u015e ORTAKLIKLARI<\/span><\/li><li><span style=\"font-weight: 400;\">ULUSLARARASI GAYR\u0130MENKUL GEL\u0130\u015eT\u0130RME VE PROJELER<\/span><\/li><li><span style=\"font-weight: 400;\">K\u0130RALAMA VE K\u0130RA S\u00d6ZLE\u015eMELER\u0130<\/span><\/li><li><span style=\"font-weight: 400;\">B\u0130NA Y\u00d6NET\u0130M\u0130 S\u00d6ZLE\u015eMELER\u0130 VE \u0130\u015eLEMLER\u0130<\/span><\/li><li><span style=\"font-weight: 400;\">ULUSLARARASI VE YURT DI\u015eI GAYR\u0130MENKUL \u0130\u015eLEMLER\u0130 VE ANLA\u015eMALARI<\/span><\/li><li><span style=\"font-weight: 400;\">\u0130MAR, PLANLAMA VE ARAZ\u0130 KULLANIMI<\/span><\/li><li><span style=\"font-weight: 400;\">KENTSEL D\u00d6N\u00dc\u015e\u00dcM<\/span><\/li><li><span style=\"font-weight: 400;\">\u00c7EVRE VE S\u00dcRD\u00dcR\u00dcLEB\u0130L\u0130RL\u0130K D\u00dcZENLEMELER\u0130<\/span><\/li><li><span style=\"font-weight: 400;\">GAYR\u0130MENKUL F\u0130NANSMANI<\/span><\/li><li><span style=\"font-weight: 400;\">\u0130POTEKLER<\/span><\/li><li><span style=\"font-weight: 400;\">GAYR\u0130MENKUL YATIRIM ORTAKLIKLARI (GYO) VE HALKA ARZI<\/span><\/li><li><span style=\"font-weight: 400;\">GAYR\u0130MENKUL YATIRIM FONLARI (GYF)<\/span><\/li><li><span style=\"font-weight: 400;\">PROJE GAYR\u0130MENKUL YATIRIM FONLARI<\/span><\/li><li><span style=\"font-weight: 400;\">ALTYAPI FONLARI<\/span><\/li><li><span style=\"font-weight: 400;\">YE\u015e\u0130L B\u0130NALAR VE S\u00dcRD\u00dcR\u00dcLEB\u0130L\u0130R GAYR\u0130MENKUL<\/span><\/li><li><span style=\"font-weight: 400;\">KAMULA\u015eTIRMA VE DEVLETLE\u015eT\u0130RME<\/span><\/li><li><span style=\"font-weight: 400;\">ALTYAPI VE KAMU H\u0130ZMETLER\u0130<\/span><\/li><li><span style=\"font-weight: 400;\">GAYR\u0130MENKUL VE \u0130N\u015eAAT UYU\u015eMAZLIKLARI, DAVA VE TAHK\u0130M<\/span><\/li><\/ul>\t\t\t\t\t\t\t\t<\/div>\n\t\t\t\t<\/div>\n\t\t\t\t<\/div>\n\t\t\t\t\t<\/div>\n\t\t\t\t<\/div>\n\t\t\t\t<\/div>\n\t\t","protected":false},"excerpt":{"rendered":"<p>GAYR\u0130MENKUL PROJE GEL\u0130\u015eT\u0130RME VE Y\u00d6NET\u0130M\u0130 YAPIM VE \u0130N\u015eAAT S\u00d6ZLE\u015eMELER\u0130 KAT KAR\u015eILI\u011eI VE HASILAT KAR\u015eILI\u011eI \u0130N\u015eAAT S\u00d6ZLE\u015eMELER\u0130 GEL\u0130\u015eT\u0130RME, TEDAR\u0130K, TASARIM, M\u0130MARLIK VE M\u00dcHEND\u0130SL\u0130K S\u00d6ZLE\u015eMELER\u0130 Y\u00dcKLEN\u0130C\u0130 VE ALT Y\u00dcKLEN\u0130C\u0130 S\u00d6ZLE\u015eMELER\u0130 GAYR\u0130MENKUL PORTF\u00d6Y VE VARLIK Y\u00d6NET\u0130M\u0130 GAYR\u0130MENKUL SATI\u015e VE ALIM S\u00d6ZLE\u015eMELER\u0130 VE \u0130\u015eLEMLER\u0130 ORTAK G\u0130R\u0130\u015e\u0130MLER VE \u0130\u015e ORTAKLIKLARI ULUSLARARASI GAYR\u0130MENKUL GEL\u0130\u015eT\u0130RME VE PROJELER K\u0130RALAMA VE K\u0130RA S\u00d6ZLE\u015eMELER\u0130 B\u0130NA&#8230;<\/p>\n","protected":false},"author":1,"featured_media":991587,"parent":993122,"menu_order":69,"comment_status":"closed","ping_status":"closed","template":"","meta":{"footnotes":""},"class_list":["post-992971","page","type-page","status-publish","has-post-thumbnail","hentry"],"_links":{"self":[{"href":"https:\/\/cukurpartners.com\/tr\/wp-json\/wp\/v2\/pages\/992971","targetHints":{"allow":["GET"]}}],"collection":[{"href":"https:\/\/cukurpartners.com\/tr\/wp-json\/wp\/v2\/pages"}],"about":[{"href":"https:\/\/cukurpartners.com\/tr\/wp-json\/wp\/v2\/types\/page"}],"author":[{"embeddable":true,"href":"https:\/\/cukurpartners.com\/tr\/wp-json\/wp\/v2\/users\/1"}],"replies":[{"embeddable":true,"href":"https:\/\/cukurpartners.com\/tr\/wp-json\/wp\/v2\/comments?post=992971"}],"version-history":[{"count":7,"href":"https:\/\/cukurpartners.com\/tr\/wp-json\/wp\/v2\/pages\/992971\/revisions"}],"predecessor-version":[{"id":993361,"href":"https:\/\/cukurpartners.com\/tr\/wp-json\/wp\/v2\/pages\/992971\/revisions\/993361"}],"up":[{"embeddable":true,"href":"https:\/\/cukurpartners.com\/tr\/wp-json\/wp\/v2\/pages\/993122"}],"wp:featuredmedia":[{"embeddable":true,"href":"https:\/\/cukurpartners.com\/tr\/wp-json\/wp\/v2\/media\/991587"}],"wp:attachment":[{"href":"https:\/\/cukurpartners.com\/tr\/wp-json\/wp\/v2\/media?parent=992971"}],"curies":[{"name":"wp","href":"https:\/\/api.w.org\/{rel}","templated":true}]}}