{"id":992976,"date":"2024-12-19T08:32:06","date_gmt":"2024-12-19T05:32:06","guid":{"rendered":"https:\/\/cukurpartners.com\/venture-capital-private-equity-and-growth-capital\/"},"modified":"2025-05-08T11:48:23","modified_gmt":"2025-05-08T08:48:23","slug":"girisim-sermayesi-venture-capital-ozel-sermaye-private-equity-fonlari","status":"publish","type":"page","link":"https:\/\/cukurpartners.com\/tr\/calisma-alanlarimiz\/girisim-sermayesi-venture-capital-ozel-sermaye-private-equity-fonlari\/","title":{"rendered":"GI\u0307RI\u0307S\u0327I\u0307M SERMAYESI\u0307 (VENTURE CAPITAL) &#038; O\u0308ZEL SERMAYE (PRIVATE EQUITY) FONLARI"},"content":{"rendered":"\t\t<div data-elementor-type=\"wp-page\" data-elementor-id=\"992976\" class=\"elementor elementor-992976 elementor-991615\" data-elementor-post-type=\"page\">\n\t\t\t\t<div class=\"elementor-element elementor-element-6e36a9e4 e-flex e-con-boxed e-con e-parent\" data-id=\"6e36a9e4\" data-element_type=\"container\" data-settings=\"{&quot;background_background&quot;:&quot;classic&quot;,&quot;animation&quot;:&quot;none&quot;}\">\n\t\t\t\t\t<div class=\"e-con-inner\">\n\t\t<div class=\"elementor-element elementor-element-42ca42ef e-con-full e-flex e-con e-child\" data-id=\"42ca42ef\" data-element_type=\"container\">\n\t\t\t\t<div class=\"elementor-element elementor-element-3483cb2c elementor-widget elementor-widget-heading\" data-id=\"3483cb2c\" data-element_type=\"widget\" data-settings=\"{&quot;_animation&quot;:&quot;none&quot;,&quot;_animation_tablet&quot;:&quot;none&quot;}\" data-widget_type=\"heading.default\">\n\t\t\t\t<div class=\"elementor-widget-container\">\n\t\t\t\t\t<h1 class=\"elementor-heading-title elementor-size-default\">GI\u0307RI\u0307S\u0327I\u0307M SERMAYESI\u0307 (VENTURE CAPITAL) &#038; O\u0308ZEL SERMAYE (PRIVATE EQUITY) FONLARI<\/h1>\t\t\t\t<\/div>\n\t\t\t\t<\/div>\n\t\t\t\t<\/div>\n\t\t\t\t\t<\/div>\n\t\t\t\t<\/div>\n\t\t<div class=\"elementor-element elementor-element-52f45bb3 e-flex e-con-boxed e-con e-parent\" data-id=\"52f45bb3\" data-element_type=\"container\">\n\t\t\t\t\t<div class=\"e-con-inner\">\n\t\t<div class=\"elementor-element elementor-element-4aad6596 e-con-full e-flex e-con e-child\" data-id=\"4aad6596\" data-element_type=\"container\">\n\t\t\t\t<div class=\"elementor-element elementor-element-2c700070 focusarea elementor-widget elementor-widget-text-editor\" data-id=\"2c700070\" data-element_type=\"widget\" data-widget_type=\"text-editor.default\">\n\t\t\t\t<div class=\"elementor-widget-container\">\n\t\t\t\t\t\t\t\t\t<ul><li><span style=\"font-weight: 400;\">G\u0130R\u0130\u015e\u0130M SERMAYES\u0130 (VENTURE CAPITAL) \u0130\u015eLEMLER\u0130 VE YATIRIMLARI<\/span><\/li><li><span style=\"font-weight: 400;\">\u00d6ZEL SERMAYE FONU (PRIVATE EQUITY) \u0130\u015eLEMLER\u0130 VE YATIRIMLARI<\/span><\/li><li><span style=\"font-weight: 400;\">\u00d6ZEL SERMAYE F\u0130NANSMANI (PRIVATE CAPITAL) \u0130\u015eLEMLER\u0130\u00a0<\/span><\/li><li><span style=\"font-weight: 400;\">MEZZAN\u0130NE F\u0130NANSMANI \u0130\u015eLEMLER\u0130<\/span><\/li><li><span style=\"font-weight: 400;\">KURULU\u015e SERMAYES\u0130 YATIRIMLARI<\/span><\/li><li><span style=\"font-weight: 400;\">ERKEN A\u015eAMA F\u0130NANSMAN VE YATIRIMLAR<\/span><\/li><li><span style=\"font-weight: 400;\">B\u00dcY\u00dcME SERMAYES\u0130 VE \u00d6L\u00c7EKLENME YATIRIMLARI<\/span><\/li><li><span style=\"font-weight: 400;\">MELEK YATIRIMCI \u0130\u015eLEMLER\u0130<\/span><\/li><li><span style=\"font-weight: 400;\">A, B, C VE \u0130LER\u0130 YATIRIM VE F\u0130NANSMAN TURLARI<\/span><\/li><li><span style=\"font-weight: 400;\">A\u0130LE OF\u0130S FONLARI VE YATIRIMLARI<\/span><\/li><li><span style=\"font-weight: 400;\">K\u0130TLESEL FONLAMA VE SERMAYE P\u0130YASASI KAYNAKLARI<\/span><\/li><li><span style=\"font-weight: 400;\">FON YATIRIMLARI VE \u0130\u015eLEMLER\u0130<\/span><\/li><li><span style=\"font-weight: 400;\">KURUMSAL Y\u00d6NET\u0130M VE H\u0130SSEDAR S\u00d6ZLE\u015eMELER\u0130<\/span><\/li><li><span style=\"font-weight: 400;\">\u0130K\u0130NC\u0130L YATIRIM \u0130\u015eLEMLER\u0130 VE EK F\u0130NANSMAN<\/span><\/li><li><span style=\"font-weight: 400;\">PORTF\u00d6Y Y\u00d6NET\u0130M\u0130 VE HALKA A\u00c7IK G\u0130R\u0130\u015e\u0130M SERMAYES\u0130 FONLARI<\/span><\/li><li><span style=\"font-weight: 400;\">FON KURULUMU, Y\u00d6NET\u0130M\u0130, YAPILANDIRMA VE KAPANI\u015eI<\/span><\/li><li><span style=\"font-weight: 400;\">ULUSLARARASI FON KURULUMU<\/span><\/li><li><span style=\"font-weight: 400;\">FON Y\u00d6NET\u0130M\u0130 VE SERMAYE TOPLAMA<\/span><\/li><li><span style=\"font-weight: 400;\">SINIR \u00d6TES\u0130 VE \u00c7OK ULUSLU \u0130\u015eLEMLER, ULUSLARARASI YATIRIMLAR<\/span><\/li><li><span style=\"font-weight: 400;\">\u00c7IKI\u015e STRATEJ\u0130S\u0130 HUKUK\u0130 PLANLAMA VE UYGULAMA<\/span><\/li><li><span style=\"font-weight: 400;\">F\u0130NANSAL YEN\u0130DEN YAPILANDIRMA<\/span><\/li><\/ul>\t\t\t\t\t\t\t\t<\/div>\n\t\t\t\t<\/div>\n\t\t\t\t<\/div>\n\t\t\t\t\t<\/div>\n\t\t\t\t<\/div>\n\t\t\t\t<\/div>\n\t\t","protected":false},"excerpt":{"rendered":"<p>G\u0130R\u0130\u015e\u0130M SERMAYES\u0130 (VENTURE CAPITAL) \u0130\u015eLEMLER\u0130 VE YATIRIMLARI \u00d6ZEL SERMAYE FONU (PRIVATE EQUITY) \u0130\u015eLEMLER\u0130 VE YATIRIMLARI \u00d6ZEL SERMAYE F\u0130NANSMANI (PRIVATE CAPITAL) \u0130\u015eLEMLER\u0130\u00a0 MEZZAN\u0130NE F\u0130NANSMANI \u0130\u015eLEMLER\u0130 KURULU\u015e SERMAYES\u0130 YATIRIMLARI ERKEN A\u015eAMA F\u0130NANSMAN VE YATIRIMLAR B\u00dcY\u00dcME SERMAYES\u0130 VE \u00d6L\u00c7EKLENME YATIRIMLARI MELEK YATIRIMCI \u0130\u015eLEMLER\u0130 A, B, C VE \u0130LER\u0130 YATIRIM VE F\u0130NANSMAN TURLARI A\u0130LE OF\u0130S FONLARI VE YATIRIMLARI K\u0130TLESEL&#8230;<\/p>\n","protected":false},"author":1,"featured_media":991617,"parent":993122,"menu_order":63,"comment_status":"closed","ping_status":"closed","template":"","meta":{"footnotes":""},"class_list":["post-992976","page","type-page","status-publish","has-post-thumbnail","hentry"],"_links":{"self":[{"href":"https:\/\/cukurpartners.com\/tr\/wp-json\/wp\/v2\/pages\/992976","targetHints":{"allow":["GET"]}}],"collection":[{"href":"https:\/\/cukurpartners.com\/tr\/wp-json\/wp\/v2\/pages"}],"about":[{"href":"https:\/\/cukurpartners.com\/tr\/wp-json\/wp\/v2\/types\/page"}],"author":[{"embeddable":true,"href":"https:\/\/cukurpartners.com\/tr\/wp-json\/wp\/v2\/users\/1"}],"replies":[{"embeddable":true,"href":"https:\/\/cukurpartners.com\/tr\/wp-json\/wp\/v2\/comments?post=992976"}],"version-history":[{"count":7,"href":"https:\/\/cukurpartners.com\/tr\/wp-json\/wp\/v2\/pages\/992976\/revisions"}],"predecessor-version":[{"id":993364,"href":"https:\/\/cukurpartners.com\/tr\/wp-json\/wp\/v2\/pages\/992976\/revisions\/993364"}],"up":[{"embeddable":true,"href":"https:\/\/cukurpartners.com\/tr\/wp-json\/wp\/v2\/pages\/993122"}],"wp:featuredmedia":[{"embeddable":true,"href":"https:\/\/cukurpartners.com\/tr\/wp-json\/wp\/v2\/media\/991617"}],"wp:attachment":[{"href":"https:\/\/cukurpartners.com\/tr\/wp-json\/wp\/v2\/media?parent=992976"}],"curies":[{"name":"wp","href":"https:\/\/api.w.org\/{rel}","templated":true}]}}