{"id":992981,"date":"2024-12-18T16:19:38","date_gmt":"2024-12-18T13:19:38","guid":{"rendered":"https:\/\/cukurpartners.com\/compliance-regulatory-governmental\/"},"modified":"2025-05-08T11:49:07","modified_gmt":"2025-05-08T08:49:07","slug":"hukuki-uyum-hizmetleri-ve-idare-hukuku","status":"publish","type":"page","link":"https:\/\/cukurpartners.com\/tr\/calisma-alanlarimiz\/hukuki-uyum-hizmetleri-ve-idare-hukuku\/","title":{"rendered":"HUKUKI\u0307 UYUM HI\u0307ZMETLERI\u0307 VE I\u0307DARE HUKUKU"},"content":{"rendered":"\t\t<div data-elementor-type=\"wp-page\" data-elementor-id=\"992981\" class=\"elementor elementor-992981 elementor-991468\" data-elementor-post-type=\"page\">\n\t\t\t\t<div class=\"elementor-element elementor-element-383bd742 e-flex e-con-boxed e-con e-parent\" data-id=\"383bd742\" data-element_type=\"container\" data-settings=\"{&quot;background_background&quot;:&quot;classic&quot;,&quot;animation&quot;:&quot;none&quot;}\">\n\t\t\t\t\t<div class=\"e-con-inner\">\n\t\t<div class=\"elementor-element elementor-element-173dc5c7 e-con-full e-flex e-con e-child\" data-id=\"173dc5c7\" data-element_type=\"container\">\n\t\t\t\t<div class=\"elementor-element elementor-element-59440315 elementor-widget elementor-widget-heading\" data-id=\"59440315\" data-element_type=\"widget\" data-settings=\"{&quot;_animation&quot;:&quot;none&quot;,&quot;_animation_tablet&quot;:&quot;none&quot;}\" data-widget_type=\"heading.default\">\n\t\t\t\t<div class=\"elementor-widget-container\">\n\t\t\t\t\t<h1 class=\"elementor-heading-title elementor-size-default\">HUKUKI\u0307 UYUM HI\u0307ZMETLERI\u0307 VE I\u0307DARE HUKUKU<\/h1>\t\t\t\t<\/div>\n\t\t\t\t<\/div>\n\t\t\t\t<\/div>\n\t\t\t\t\t<\/div>\n\t\t\t\t<\/div>\n\t\t<div class=\"elementor-element elementor-element-9a89425 e-flex e-con-boxed e-con e-parent\" data-id=\"9a89425\" data-element_type=\"container\">\n\t\t\t\t\t<div class=\"e-con-inner\">\n\t\t<div class=\"elementor-element elementor-element-296178e0 e-con-full e-flex e-con e-child\" data-id=\"296178e0\" data-element_type=\"container\">\n\t\t\t\t<div class=\"elementor-element elementor-element-3c587792 focusarea elementor-widget elementor-widget-text-editor\" data-id=\"3c587792\" data-element_type=\"widget\" data-widget_type=\"text-editor.default\">\n\t\t\t\t<div class=\"elementor-widget-container\">\n\t\t\t\t\t\t\t\t\t<ul><li><span style=\"font-weight: 400;\">STRATEJ\u0130K HUKUK\u0130 UYUM VE REG\u00dcLASYON DANI\u015eMANLI\u011eI<\/span><\/li><li><span style=\"font-weight: 400;\">KURUMSAL UYUMLULUK POL\u0130T\u0130KALARI VE PROSED\u00dcRLER\u0130<\/span><\/li><li><span style=\"font-weight: 400;\">\u0130DARE VE KAMU HUKUKU<\/span><\/li><li><span style=\"font-weight: 400;\">HUKUK\u0130 DURUM TESP\u0130T\u0130 (DUE DILIGENCE)<\/span><\/li><li><span style=\"font-weight: 400;\">UYUMLULUK PROGRAMLARININ GEL\u0130\u015eT\u0130R\u0130LMES\u0130, \u0130ZLENMES\u0130 VE DENETLENMES\u0130<\/span><\/li><li><span style=\"font-weight: 400;\">ULUSLARARASI \u015e\u0130RKETLER\u0130N UYUMLULUK POL\u0130T\u0130KALARININ T\u00dcRK HUKUKUNA UYARLANMASI<\/span><\/li><li><span style=\"font-weight: 400;\">KAMU L\u0130SANSLARI VE \u0130Z\u0130NLER\u0130<\/span><\/li><li><span style=\"font-weight: 400;\">KAMU \u0130HALELER\u0130<\/span><\/li><li><span style=\"font-weight: 400;\">KAMU ALIMLARI VE S\u00d6ZLE\u015eMELER\u0130<\/span><\/li><li><span style=\"font-weight: 400;\">D\u00dcZENLENM\u0130\u015e SEKT\u00d6R \u0130\u015eLEM VE \u0130Z\u0130NLER\u0130<\/span><\/li><li><span style=\"font-weight: 400;\">\u0130DAR\u0130 VE D\u00dcZENLEY\u0130C\u0130 KURUM SORU\u015eTURMALARI<\/span><\/li><li><span style=\"font-weight: 400;\">R\u00dc\u015eVET, YOLSUZLUK VE DOLANDIRICILIKLA M\u00dcCADELE<\/span><\/li><li><span style=\"font-weight: 400;\">\u015e\u0130RKET \u0130\u00c7\u0130 DENET\u0130M VE SORU\u015eTURMALAR<\/span><\/li><li><span style=\"font-weight: 400;\">ET\u0130K \u0130\u015e UYGULAMALARI<\/span><\/li><li><span style=\"font-weight: 400;\">HUKUK\u0130 UYUM E\u011e\u0130T\u0130M VE DENET\u0130MLER\u0130<\/span><\/li><li><span style=\"font-weight: 400;\">UYUMLULUK VE REG\u00dcLASYON UYU\u015eMAZLIKLARI<\/span><\/li><li><span style=\"font-weight: 400;\">\u0130DAR\u0130 DAVA VE UYU\u015eMAZLIKLARI<\/span><\/li><\/ul>\t\t\t\t\t\t\t\t<\/div>\n\t\t\t\t<\/div>\n\t\t\t\t<\/div>\n\t\t\t\t\t<\/div>\n\t\t\t\t<\/div>\n\t\t\t\t<\/div>\n\t\t","protected":false},"excerpt":{"rendered":"<p>STRATEJ\u0130K HUKUK\u0130 UYUM VE REG\u00dcLASYON DANI\u015eMANLI\u011eI KURUMSAL UYUMLULUK POL\u0130T\u0130KALARI VE PROSED\u00dcRLER\u0130 \u0130DARE VE KAMU HUKUKU HUKUK\u0130 DURUM TESP\u0130T\u0130 (DUE DILIGENCE) UYUMLULUK PROGRAMLARININ GEL\u0130\u015eT\u0130R\u0130LMES\u0130, \u0130ZLENMES\u0130 VE DENETLENMES\u0130 ULUSLARARASI \u015e\u0130RKETLER\u0130N UYUMLULUK POL\u0130T\u0130KALARININ T\u00dcRK HUKUKUNA UYARLANMASI KAMU L\u0130SANSLARI VE \u0130Z\u0130NLER\u0130 KAMU \u0130HALELER\u0130 KAMU ALIMLARI VE S\u00d6ZLE\u015eMELER\u0130 D\u00dcZENLENM\u0130\u015e SEKT\u00d6R \u0130\u015eLEM VE \u0130Z\u0130NLER\u0130 \u0130DAR\u0130 VE D\u00dcZENLEY\u0130C\u0130 KURUM SORU\u015eTURMALARI R\u00dc\u015eVET, YOLSUZLUK&#8230;<\/p>\n","protected":false},"author":1,"featured_media":991470,"parent":993122,"menu_order":91,"comment_status":"closed","ping_status":"closed","template":"","meta":{"footnotes":""},"class_list":["post-992981","page","type-page","status-publish","has-post-thumbnail","hentry"],"_links":{"self":[{"href":"https:\/\/cukurpartners.com\/tr\/wp-json\/wp\/v2\/pages\/992981","targetHints":{"allow":["GET"]}}],"collection":[{"href":"https:\/\/cukurpartners.com\/tr\/wp-json\/wp\/v2\/pages"}],"about":[{"href":"https:\/\/cukurpartners.com\/tr\/wp-json\/wp\/v2\/types\/page"}],"author":[{"embeddable":true,"href":"https:\/\/cukurpartners.com\/tr\/wp-json\/wp\/v2\/users\/1"}],"replies":[{"embeddable":true,"href":"https:\/\/cukurpartners.com\/tr\/wp-json\/wp\/v2\/comments?post=992981"}],"version-history":[{"count":7,"href":"https:\/\/cukurpartners.com\/tr\/wp-json\/wp\/v2\/pages\/992981\/revisions"}],"predecessor-version":[{"id":993367,"href":"https:\/\/cukurpartners.com\/tr\/wp-json\/wp\/v2\/pages\/992981\/revisions\/993367"}],"up":[{"embeddable":true,"href":"https:\/\/cukurpartners.com\/tr\/wp-json\/wp\/v2\/pages\/993122"}],"wp:featuredmedia":[{"embeddable":true,"href":"https:\/\/cukurpartners.com\/tr\/wp-json\/wp\/v2\/media\/991470"}],"wp:attachment":[{"href":"https:\/\/cukurpartners.com\/tr\/wp-json\/wp\/v2\/media?parent=992981"}],"curies":[{"name":"wp","href":"https:\/\/api.w.org\/{rel}","templated":true}]}}