{"id":992986,"date":"2024-12-18T16:38:33","date_gmt":"2024-12-18T13:38:33","guid":{"rendered":"https:\/\/cukurpartners.com\/employment-labor-human-management\/"},"modified":"2025-07-22T09:13:27","modified_gmt":"2025-07-22T06:13:27","slug":"insan-kaynaklari-ve-is-hukuku","status":"publish","type":"page","link":"https:\/\/cukurpartners.com\/tr\/calisma-alanlarimiz\/insan-kaynaklari-ve-is-hukuku\/","title":{"rendered":"I\u0307NSAN KAYNAKLARI VE I\u0307S\u0327 HUKUKU"},"content":{"rendered":"\t\t<div data-elementor-type=\"wp-page\" data-elementor-id=\"992986\" class=\"elementor elementor-992986 elementor-991501\" data-elementor-post-type=\"page\">\n\t\t\t\t<div class=\"elementor-element elementor-element-133bd446 e-flex e-con-boxed e-con e-parent\" data-id=\"133bd446\" data-element_type=\"container\" data-settings=\"{&quot;background_background&quot;:&quot;classic&quot;,&quot;animation&quot;:&quot;none&quot;}\">\n\t\t\t\t\t<div class=\"e-con-inner\">\n\t\t<div class=\"elementor-element elementor-element-7cb9d746 e-con-full e-flex e-con e-child\" data-id=\"7cb9d746\" data-element_type=\"container\">\n\t\t\t\t<div class=\"elementor-element elementor-element-76c5b3c4 elementor-widget elementor-widget-heading\" data-id=\"76c5b3c4\" data-element_type=\"widget\" data-settings=\"{&quot;_animation&quot;:&quot;none&quot;,&quot;_animation_tablet&quot;:&quot;none&quot;}\" data-widget_type=\"heading.default\">\n\t\t\t\t<div class=\"elementor-widget-container\">\n\t\t\t\t\t<h1 class=\"elementor-heading-title elementor-size-default\">I\u0307NSAN KAYNAKLARI VE I\u0307S\u0327 HUKUKU<\/h1>\t\t\t\t<\/div>\n\t\t\t\t<\/div>\n\t\t\t\t<\/div>\n\t\t\t\t\t<\/div>\n\t\t\t\t<\/div>\n\t\t<div class=\"elementor-element elementor-element-371e7ace e-flex e-con-boxed e-con e-parent\" data-id=\"371e7ace\" data-element_type=\"container\">\n\t\t\t\t\t<div class=\"e-con-inner\">\n\t\t<div class=\"elementor-element elementor-element-3842705b e-con-full e-flex e-con e-child\" data-id=\"3842705b\" data-element_type=\"container\">\n\t\t\t\t<div class=\"elementor-element elementor-element-598812bb focusarea elementor-widget elementor-widget-text-editor\" data-id=\"598812bb\" data-element_type=\"widget\" data-widget_type=\"text-editor.default\">\n\t\t\t\t<div class=\"elementor-widget-container\">\n\t\t\t\t\t\t\t\t\t<ul><li><span style=\"font-weight: 400;\">\u0130NSAN KAYNAKLARI, \u0130ST\u0130HDAM VE \u00c7ALI\u015eMA HAYATI D\u00dcZENLEMELER\u0130NE HUKUK\u0130 UYUM<\/span><\/li><li><span style=\"font-weight: 400;\">STRATEJ\u0130K \u0130NSAN KAYNAKLARI VE \u0130\u015e HUKUKU DANI\u015eMANLI\u011eI<\/span><\/li><li><span style=\"font-weight: 400;\">\u0130NSAN KAYNAKLARI VE \u0130ST\u0130HDAM S\u00d6ZLE\u015eMELER\u0130 VE POL\u0130T\u0130KALARI<\/span><\/li><li><span style=\"font-weight: 400;\">\u00c7ALI\u015eAN TAZM\u0130NATLARI VE HAKLARI<\/span><\/li><li><span style=\"font-weight: 400;\">\u0130\u015e G\u00dcVENCES\u0130 VE \u0130\u015eTEN \u00c7IKARMA<\/span><\/li><li><span style=\"font-weight: 400;\">YAN HAKLAR VE TE\u015eV\u0130KLER<\/span><\/li><li><span style=\"font-weight: 400;\">\u00dcCRET, PR\u0130M, \u0130KRAM\u0130YE VE FAZLA \u00c7ALI\u015eMA<\/span><\/li><li><span style=\"font-weight: 400;\">H\u0130SSE OPS\u0130YON VE Y\u00d6NET\u0130C\u0130 HAKLARI VE S\u00d6ZLE\u015eMELER\u0130<\/span><\/li><li><span style=\"font-weight: 400;\">\u00c7ALI\u015eAN BULU\u015eLARI VE F\u0130KR\u0130 M\u00dcLK\u0130YET HAKLARI<\/span><\/li><li><span style=\"font-weight: 400;\">END\u00dcSTR\u0130YEL \u0130L\u0130\u015eK\u0130LER VE SEND\u0130KALAR (\u0130\u015eVEREN DANI\u015eMANLI\u011eI)<\/span><\/li><li><span style=\"font-weight: 400;\">TOPLU \u0130\u015e S\u00d6ZLE\u015eMES\u0130 M\u00dcZAKERELER\u0130 VE ANLA\u015eMALAR (\u0130\u015eVEREN DANI\u015eMANLI\u011eI)<\/span><\/li><li><span style=\"font-weight: 400;\">\u0130\u015eYER\u0130 KR\u0130Z Y\u00d6NET\u0130M\u0130, GREV VE LOKAVT<\/span><\/li><li><span style=\"font-weight: 400;\">\u0130\u015e SA\u011eLI\u011eI VE G\u00dcVENL\u0130\u011e\u0130<\/span><\/li><li><span style=\"font-weight: 400;\">\u0130ST\u0130HDAM YEN\u0130DEN YAPILANMASI VE RE-ORGAN\u0130ZASYON<\/span><\/li><li><span style=\"font-weight: 400;\">\u00c7ALI\u015eAN VER\u0130LER\u0130N\u0130N KORUNMASI VE \u0130\u015eYER\u0130 G\u0130ZL\u0130L\u0130\u011e\u0130<\/span><\/li><li><span style=\"font-weight: 400;\">\u0130HBARCILIK (WHISTLEBLOWING)<\/span><\/li><li><span style=\"font-weight: 400;\">FES\u0130H VE \u0130\u015eTEN \u00c7IKI\u015e \u0130\u015eLEMLER\u0130<\/span><\/li><li><span style=\"font-weight: 400;\">UZAKTAN VE ESNEK \u00c7ALI\u015eMA D\u00dcZENLEMELER\u0130<\/span><\/li><li><span style=\"font-weight: 400;\">\u00c7E\u015e\u0130TL\u0130L\u0130K, E\u015e\u0130TL\u0130K VE KAPSAYICILIK<\/span><\/li><li><span style=\"font-weight: 400;\">SOSYAL G\u00dcVENL\u0130K VE SOSYAL S\u0130GORTALAR<\/span><\/li><li><span style=\"font-weight: 400;\">ULUSLARARASI \u0130NSAN KAYNAKLARI D\u00dcZENLEMELER\u0130 VE \u0130ST\u0130HDAM HUKUKU<\/span><\/li><li><span style=\"font-weight: 400;\">B\u0130RLE\u015eME VE KURUMSAL F\u0130NANS \u0130\u015eLEMLER\u0130NDE \u0130NSAN KAYNAKLARI VE \u0130ST\u0130HDAM KONULARI<\/span><\/li><li><span style=\"font-weight: 400;\">K\u00dcRESEL YER DE\u011e\u0130\u015eT\u0130RME VE KURUMSAL G\u00d6\u00c7MENL\u0130K<\/span><\/li><li><span style=\"font-weight: 400;\">OTURMA VE \u00c7ALI\u015eMA \u0130Z\u0130NLER\u0130, VATANDA\u015eLIK \u0130\u015eLEMLER\u0130<\/span><\/li><li><span style=\"font-weight: 400;\">\u0130ST\u0130HDAM VE \u0130\u015eYER\u0130 UYU\u015eMAZLIKLARI, DAVA, TAHK\u0130M, ARABULUCULUK<\/span><\/li><\/ul>\t\t\t\t\t\t\t\t<\/div>\n\t\t\t\t<\/div>\n\t\t\t\t<\/div>\n\t\t\t\t\t<\/div>\n\t\t\t\t<\/div>\n\t\t\t\t<\/div>\n\t\t","protected":false},"excerpt":{"rendered":"<p>\u0130NSAN KAYNAKLARI, \u0130ST\u0130HDAM VE \u00c7ALI\u015eMA HAYATI D\u00dcZENLEMELER\u0130NE HUKUK\u0130 UYUM STRATEJ\u0130K \u0130NSAN KAYNAKLARI VE \u0130\u015e HUKUKU DANI\u015eMANLI\u011eI \u0130NSAN KAYNAKLARI VE \u0130ST\u0130HDAM S\u00d6ZLE\u015eMELER\u0130 VE POL\u0130T\u0130KALARI \u00c7ALI\u015eAN TAZM\u0130NATLARI VE HAKLARI \u0130\u015e G\u00dcVENCES\u0130 VE \u0130\u015eTEN \u00c7IKARMA YAN HAKLAR VE TE\u015eV\u0130KLER \u00dcCRET, PR\u0130M, \u0130KRAM\u0130YE VE FAZLA \u00c7ALI\u015eMA H\u0130SSE OPS\u0130YON VE Y\u00d6NET\u0130C\u0130 HAKLARI VE S\u00d6ZLE\u015eMELER\u0130 \u00c7ALI\u015eAN BULU\u015eLARI VE F\u0130KR\u0130 M\u00dcLK\u0130YET HAKLARI&#8230;<\/p>\n","protected":false},"author":1,"featured_media":991503,"parent":993122,"menu_order":85,"comment_status":"closed","ping_status":"closed","template":"","meta":{"footnotes":""},"class_list":["post-992986","page","type-page","status-publish","has-post-thumbnail","hentry"],"_links":{"self":[{"href":"https:\/\/cukurpartners.com\/tr\/wp-json\/wp\/v2\/pages\/992986","targetHints":{"allow":["GET"]}}],"collection":[{"href":"https:\/\/cukurpartners.com\/tr\/wp-json\/wp\/v2\/pages"}],"about":[{"href":"https:\/\/cukurpartners.com\/tr\/wp-json\/wp\/v2\/types\/page"}],"author":[{"embeddable":true,"href":"https:\/\/cukurpartners.com\/tr\/wp-json\/wp\/v2\/users\/1"}],"replies":[{"embeddable":true,"href":"https:\/\/cukurpartners.com\/tr\/wp-json\/wp\/v2\/comments?post=992986"}],"version-history":[{"count":13,"href":"https:\/\/cukurpartners.com\/tr\/wp-json\/wp\/v2\/pages\/992986\/revisions"}],"predecessor-version":[{"id":993503,"href":"https:\/\/cukurpartners.com\/tr\/wp-json\/wp\/v2\/pages\/992986\/revisions\/993503"}],"up":[{"embeddable":true,"href":"https:\/\/cukurpartners.com\/tr\/wp-json\/wp\/v2\/pages\/993122"}],"wp:featuredmedia":[{"embeddable":true,"href":"https:\/\/cukurpartners.com\/tr\/wp-json\/wp\/v2\/media\/991503"}],"wp:attachment":[{"href":"https:\/\/cukurpartners.com\/tr\/wp-json\/wp\/v2\/media?parent=992986"}],"curies":[{"name":"wp","href":"https:\/\/api.w.org\/{rel}","templated":true}]}}