{"id":992992,"date":"2024-12-18T17:34:58","date_gmt":"2024-12-18T14:34:58","guid":{"rendered":"https:\/\/cukurpartners.com\/private-client-private-wealth\/"},"modified":"2025-05-08T11:52:16","modified_gmt":"2025-05-08T08:52:16","slug":"is-insanlarina-ve-ailelerine-sundugumuz-hizmetler","status":"publish","type":"page","link":"https:\/\/cukurpartners.com\/tr\/calisma-alanlarimiz\/is-insanlarina-ve-ailelerine-sundugumuz-hizmetler\/","title":{"rendered":"I\u0307S\u0327 I\u0307NSANLARINA VE AI\u0307LELERI\u0307NE SUNDUG\u0306UMUZ HI\u0307ZMETLER"},"content":{"rendered":"\t\t<div data-elementor-type=\"wp-page\" data-elementor-id=\"992992\" class=\"elementor elementor-992992 elementor-991575\" data-elementor-post-type=\"page\">\n\t\t\t\t<div class=\"elementor-element elementor-element-79fa564e e-flex e-con-boxed e-con e-parent\" data-id=\"79fa564e\" data-element_type=\"container\" data-settings=\"{&quot;background_background&quot;:&quot;classic&quot;,&quot;animation&quot;:&quot;none&quot;}\">\n\t\t\t\t\t<div class=\"e-con-inner\">\n\t\t<div class=\"elementor-element elementor-element-519cf429 e-con-full e-flex e-con e-child\" data-id=\"519cf429\" data-element_type=\"container\">\n\t\t\t\t<div class=\"elementor-element elementor-element-17b4f92 elementor-widget elementor-widget-heading\" data-id=\"17b4f92\" data-element_type=\"widget\" data-settings=\"{&quot;_animation&quot;:&quot;none&quot;,&quot;_animation_tablet&quot;:&quot;none&quot;}\" data-widget_type=\"heading.default\">\n\t\t\t\t<div class=\"elementor-widget-container\">\n\t\t\t\t\t<h1 class=\"elementor-heading-title elementor-size-default\">I\u0307S\u0327 I\u0307NSANLARINA VE AI\u0307LELERI\u0307NE SUNDUG\u0306UMUZ HI\u0307ZMETLER<\/h1>\t\t\t\t<\/div>\n\t\t\t\t<\/div>\n\t\t\t\t<\/div>\n\t\t\t\t\t<\/div>\n\t\t\t\t<\/div>\n\t\t<div class=\"elementor-element elementor-element-6f5cfb6 e-flex e-con-boxed e-con e-parent\" data-id=\"6f5cfb6\" data-element_type=\"container\">\n\t\t\t\t\t<div class=\"e-con-inner\">\n\t\t<div class=\"elementor-element elementor-element-194b693d e-con-full e-flex e-con e-child\" data-id=\"194b693d\" data-element_type=\"container\">\n\t\t\t\t<div class=\"elementor-element elementor-element-4ca24c99 focusarea elementor-widget elementor-widget-text-editor\" data-id=\"4ca24c99\" data-element_type=\"widget\" data-widget_type=\"text-editor.default\">\n\t\t\t\t<div class=\"elementor-widget-container\">\n\t\t\t\t\t\t\t\t\t<ul><li><span style=\"font-weight: 400;\">A\u0130LE \u015e\u0130RKETLER\u0130 VE \u0130\u015eLETMELER\u0130<\/span><\/li><li><span style=\"font-weight: 400;\">A\u0130LE OF\u0130SLER\u0130N\u0130N KURULMASI VE Y\u00d6NET\u0130LMES\u0130<\/span><\/li><li><span style=\"font-weight: 400;\">A\u0130LE FONLARI VE YATIRIMLARI<\/span><\/li><li><span style=\"font-weight: 400;\">ULUSLARARASI YAPILANMA VE YATIRIMLAR<\/span><\/li><li><span style=\"font-weight: 400;\">K\u0130\u015e\u0130SEL VE A\u0130LE VARLIK VE SERVET Y\u00d6NET\u0130M\u0130<\/span><\/li><li><span style=\"font-weight: 400;\">K\u0130\u015e\u0130SEL VE A\u0130LE YATIRIM YAPILANDIRMASI VE Y\u00d6NET\u0130M\u0130<\/span><\/li><li><span style=\"font-weight: 400;\">SERVET VE VARLIKLARIN KORUNMASI<\/span><\/li><li><span style=\"font-weight: 400;\">SERVET VE VARLIK TRANSFER\u0130<\/span><\/li><li><span style=\"font-weight: 400;\">M\u00dcLK\u0130YET VE GAYR\u0130MENKUL HAK VE \u0130\u015eLEMLER\u0130<\/span><\/li><li><span style=\"font-weight: 400;\">ULUSLARARASI GAYR\u0130MENKUL YATIRIMLARI VE YURTDI\u015eI M\u00dcLK ED\u0130N\u0130M\u0130<\/span><\/li><li><span style=\"font-weight: 400;\">M\u0130RAS HUKUKU, VAS\u0130YET VE HALEF\u0130YET PLANLAMASI<\/span><\/li><li><span style=\"font-weight: 400;\">K\u00dcRESEL YER DE\u011e\u0130\u015eT\u0130RME VE BA\u015eKA \u00dcLKEYE YERLE\u015eME<\/span><\/li><li><span style=\"font-weight: 400;\">YATIRIM YOLUYLA VATANDA\u015eLIK, OTURMA \u0130ZN\u0130 VE GOLDEN V\u0130ZE PROGRAMLARI<\/span><\/li><li><span style=\"font-weight: 400;\">OTURMA VE \u00c7ALI\u015eMA \u0130ZN\u0130 VE VATANDA\u015eLIK \u0130\u015eLEMLER\u0130<\/span><\/li><li><span style=\"font-weight: 400;\">A\u0130LE HUKUKU (BO\u015eANMA, MAL PAYLA\u015eIMI VE \u00c7OCUK HAKLARI)<\/span><\/li><li><span style=\"font-weight: 400;\">HAYIR KURUMLARI, VAKIFLAR, BA\u011eI\u015eLAR VE HAYIRSEVERL\u0130K \u0130\u015eLEMLER\u0130<\/span><\/li><li><span style=\"font-weight: 400;\">K\u0130\u015e\u0130SEL VERG\u0130 PLANLAMASI VE OPT\u0130M\u0130ZASYONU<\/span><\/li><li><span style=\"font-weight: 400;\">KOLEKS\u0130YONLAR, SANAT VE K\u00dcLT\u00dcREL M\u00dcLK\u0130YET<\/span><\/li><li><span style=\"font-weight: 400;\">A\u0130LE VE K\u0130\u015e\u0130SEL \u0130T\u0130BARIN KORUNMASI<\/span><\/li><\/ul>\t\t\t\t\t\t\t\t<\/div>\n\t\t\t\t<\/div>\n\t\t\t\t<\/div>\n\t\t\t\t\t<\/div>\n\t\t\t\t<\/div>\n\t\t\t\t<\/div>\n\t\t","protected":false},"excerpt":{"rendered":"<p>A\u0130LE \u015e\u0130RKETLER\u0130 VE \u0130\u015eLETMELER\u0130 A\u0130LE OF\u0130SLER\u0130N\u0130N KURULMASI VE Y\u00d6NET\u0130LMES\u0130 A\u0130LE FONLARI VE YATIRIMLARI ULUSLARARASI YAPILANMA VE YATIRIMLAR K\u0130\u015e\u0130SEL VE A\u0130LE VARLIK VE SERVET Y\u00d6NET\u0130M\u0130 K\u0130\u015e\u0130SEL VE A\u0130LE YATIRIM YAPILANDIRMASI VE Y\u00d6NET\u0130M\u0130 SERVET VE VARLIKLARIN KORUNMASI SERVET VE VARLIK TRANSFER\u0130 M\u00dcLK\u0130YET VE GAYR\u0130MENKUL HAK VE \u0130\u015eLEMLER\u0130 ULUSLARARASI GAYR\u0130MENKUL YATIRIMLARI VE YURTDI\u015eI M\u00dcLK ED\u0130N\u0130M\u0130 M\u0130RAS HUKUKU, VAS\u0130YET&#8230;<\/p>\n","protected":false},"author":1,"featured_media":991577,"parent":993122,"menu_order":71,"comment_status":"closed","ping_status":"closed","template":"","meta":{"footnotes":""},"class_list":["post-992992","page","type-page","status-publish","has-post-thumbnail","hentry"],"_links":{"self":[{"href":"https:\/\/cukurpartners.com\/tr\/wp-json\/wp\/v2\/pages\/992992","targetHints":{"allow":["GET"]}}],"collection":[{"href":"https:\/\/cukurpartners.com\/tr\/wp-json\/wp\/v2\/pages"}],"about":[{"href":"https:\/\/cukurpartners.com\/tr\/wp-json\/wp\/v2\/types\/page"}],"author":[{"embeddable":true,"href":"https:\/\/cukurpartners.com\/tr\/wp-json\/wp\/v2\/users\/1"}],"replies":[{"embeddable":true,"href":"https:\/\/cukurpartners.com\/tr\/wp-json\/wp\/v2\/comments?post=992992"}],"version-history":[{"count":7,"href":"https:\/\/cukurpartners.com\/tr\/wp-json\/wp\/v2\/pages\/992992\/revisions"}],"predecessor-version":[{"id":993373,"href":"https:\/\/cukurpartners.com\/tr\/wp-json\/wp\/v2\/pages\/992992\/revisions\/993373"}],"up":[{"embeddable":true,"href":"https:\/\/cukurpartners.com\/tr\/wp-json\/wp\/v2\/pages\/993122"}],"wp:featuredmedia":[{"embeddable":true,"href":"https:\/\/cukurpartners.com\/tr\/wp-json\/wp\/v2\/media\/991577"}],"wp:attachment":[{"href":"https:\/\/cukurpartners.com\/tr\/wp-json\/wp\/v2\/media?parent=992992"}],"curies":[{"name":"wp","href":"https:\/\/api.w.org\/{rel}","templated":true}]}}