{"id":992997,"date":"2024-12-18T16:34:12","date_gmt":"2024-12-18T13:34:12","guid":{"rendered":"https:\/\/cukurpartners.com\/data-protection-and-privacy\/"},"modified":"2025-05-08T11:52:44","modified_gmt":"2025-05-08T08:52:44","slug":"kisisel-verilerin-korunmasi","status":"publish","type":"page","link":"https:\/\/cukurpartners.com\/tr\/calisma-alanlarimiz\/kisisel-verilerin-korunmasi\/","title":{"rendered":"KI\u0307S\u0327I\u0307SEL VERI\u0307LERI\u0307N KORUNMASI"},"content":{"rendered":"\t\t<div data-elementor-type=\"wp-page\" data-elementor-id=\"992997\" class=\"elementor elementor-992997 elementor-991491\" data-elementor-post-type=\"page\">\n\t\t\t\t<div class=\"elementor-element elementor-element-70fe285a e-flex e-con-boxed e-con e-parent\" data-id=\"70fe285a\" data-element_type=\"container\" data-settings=\"{&quot;background_background&quot;:&quot;classic&quot;,&quot;animation&quot;:&quot;none&quot;}\">\n\t\t\t\t\t<div class=\"e-con-inner\">\n\t\t<div class=\"elementor-element elementor-element-66d716f4 e-con-full e-flex e-con e-child\" data-id=\"66d716f4\" data-element_type=\"container\">\n\t\t\t\t<div class=\"elementor-element elementor-element-170f63f7 elementor-widget elementor-widget-heading\" data-id=\"170f63f7\" data-element_type=\"widget\" data-settings=\"{&quot;_animation&quot;:&quot;none&quot;,&quot;_animation_tablet&quot;:&quot;none&quot;}\" data-widget_type=\"heading.default\">\n\t\t\t\t<div class=\"elementor-widget-container\">\n\t\t\t\t\t<h1 class=\"elementor-heading-title elementor-size-default\">KI\u0307S\u0327I\u0307SEL VERI\u0307LERI\u0307N KORUNMASI<\/h1>\t\t\t\t<\/div>\n\t\t\t\t<\/div>\n\t\t\t\t<\/div>\n\t\t\t\t\t<\/div>\n\t\t\t\t<\/div>\n\t\t<div class=\"elementor-element elementor-element-760f3dfd e-flex e-con-boxed e-con e-parent\" data-id=\"760f3dfd\" data-element_type=\"container\">\n\t\t\t\t\t<div class=\"e-con-inner\">\n\t\t<div class=\"elementor-element elementor-element-3c6db76b e-con-full e-flex e-con e-child\" data-id=\"3c6db76b\" data-element_type=\"container\">\n\t\t\t\t<div class=\"elementor-element elementor-element-594b4668 focusarea elementor-widget elementor-widget-text-editor\" data-id=\"594b4668\" data-element_type=\"widget\" data-widget_type=\"text-editor.default\">\n\t\t\t\t<div class=\"elementor-widget-container\">\n\t\t\t\t\t\t\t\t\t<ul><li><span style=\"font-weight: 400;\">K\u0130\u015e\u0130SEL VER\u0130LER\u0130N KORUNMASI D\u00dcZENLEMELER\u0130NE HUKUK\u0130 UYUM<\/span><\/li><li><span style=\"font-weight: 400;\">ULUSLARARASI VE AVRUPA B\u0130RL\u0130\u011e\u0130 K\u0130\u015e\u0130LER VER\u0130LER\u0130N KORUNMASI D\u00dcZENLEMELER\u0130NE HUKUK\u0130 UYUM VE GDPR<\/span><\/li><li><span style=\"font-weight: 400;\">KVKK \u0130\u015eLEMLER\u0130 VE B\u0130LD\u0130R\u0130MLER\u0130<\/span><\/li><li><span style=\"font-weight: 400;\">KVKK \u0130NCELEME VE SORU\u015eTURMALARI<\/span><\/li><li><span style=\"font-weight: 400;\">VER\u0130 DEPOLAMA, KULLANIMI, \u0130\u015eLEME VE \u0130MHASI<\/span><\/li><li><span style=\"font-weight: 400;\">VER\u0130 \u0130HLAL\u0130 M\u00dcDAHALES\u0130 VE KR\u0130Z Y\u00d6NET\u0130M\u0130<\/span><\/li><li><span style=\"font-weight: 400;\">VER\u0130 VE G\u0130ZL\u0130L\u0130K SORU\u015eTURMALARI<\/span><\/li><li><span style=\"font-weight: 400;\">SINIR \u00d6TES\u0130 VER\u0130 TRANSFER\u0130<\/span><\/li><li><span style=\"font-weight: 400;\">G\u0130ZL\u0130L\u0130K POL\u0130T\u0130KALARI<\/span><\/li><li><span style=\"font-weight: 400;\">RIZA VE MUVAFAKAT Y\u00d6NET\u0130M\u0130<\/span><\/li><li><span style=\"font-weight: 400;\">\u00c7EREZ POL\u0130T\u0130KASI, D\u00dcZENLEME VE \u0130\u015eLEMLER\u0130<\/span><\/li><li><span style=\"font-weight: 400;\">\u00dc\u00c7\u00dcNC\u00dc TARAF R\u0130SK Y\u00d6NET\u0130M\u0130<\/span><\/li><li><span style=\"font-weight: 400;\">SEKT\u00d6REL VER\u0130 KORUMA D\u00dcZENLEMELER\u0130NE UYUM<\/span><\/li><li><span style=\"font-weight: 400;\">S\u0130BER G\u00dcVENL\u0130K<\/span><\/li><li><span style=\"font-weight: 400;\">VER\u0130 KORUMA, G\u0130ZL\u0130L\u0130K VE S\u0130BER G\u00dcVENL\u0130K UYU\u015eMAZLIKLARI<\/span><\/li><\/ul>\t\t\t\t\t\t\t\t<\/div>\n\t\t\t\t<\/div>\n\t\t\t\t<\/div>\n\t\t\t\t\t<\/div>\n\t\t\t\t<\/div>\n\t\t\t\t<\/div>\n\t\t","protected":false},"excerpt":{"rendered":"<p>K\u0130\u015e\u0130SEL VER\u0130LER\u0130N KORUNMASI D\u00dcZENLEMELER\u0130NE HUKUK\u0130 UYUM ULUSLARARASI VE AVRUPA B\u0130RL\u0130\u011e\u0130 K\u0130\u015e\u0130LER VER\u0130LER\u0130N KORUNMASI D\u00dcZENLEMELER\u0130NE HUKUK\u0130 UYUM VE GDPR KVKK \u0130\u015eLEMLER\u0130 VE B\u0130LD\u0130R\u0130MLER\u0130 KVKK \u0130NCELEME VE SORU\u015eTURMALARI VER\u0130 DEPOLAMA, KULLANIMI, \u0130\u015eLEME VE \u0130MHASI VER\u0130 \u0130HLAL\u0130 M\u00dcDAHALES\u0130 VE KR\u0130Z Y\u00d6NET\u0130M\u0130 VER\u0130 VE G\u0130ZL\u0130L\u0130K SORU\u015eTURMALARI SINIR \u00d6TES\u0130 VER\u0130 TRANSFER\u0130 G\u0130ZL\u0130L\u0130K POL\u0130T\u0130KALARI RIZA VE MUVAFAKAT Y\u00d6NET\u0130M\u0130 \u00c7EREZ POL\u0130T\u0130KASI, D\u00dcZENLEME&#8230;<\/p>\n","protected":false},"author":1,"featured_media":991493,"parent":993122,"menu_order":87,"comment_status":"closed","ping_status":"closed","template":"","meta":{"footnotes":""},"class_list":["post-992997","page","type-page","status-publish","has-post-thumbnail","hentry"],"_links":{"self":[{"href":"https:\/\/cukurpartners.com\/tr\/wp-json\/wp\/v2\/pages\/992997","targetHints":{"allow":["GET"]}}],"collection":[{"href":"https:\/\/cukurpartners.com\/tr\/wp-json\/wp\/v2\/pages"}],"about":[{"href":"https:\/\/cukurpartners.com\/tr\/wp-json\/wp\/v2\/types\/page"}],"author":[{"embeddable":true,"href":"https:\/\/cukurpartners.com\/tr\/wp-json\/wp\/v2\/users\/1"}],"replies":[{"embeddable":true,"href":"https:\/\/cukurpartners.com\/tr\/wp-json\/wp\/v2\/comments?post=992997"}],"version-history":[{"count":7,"href":"https:\/\/cukurpartners.com\/tr\/wp-json\/wp\/v2\/pages\/992997\/revisions"}],"predecessor-version":[{"id":993376,"href":"https:\/\/cukurpartners.com\/tr\/wp-json\/wp\/v2\/pages\/992997\/revisions\/993376"}],"up":[{"embeddable":true,"href":"https:\/\/cukurpartners.com\/tr\/wp-json\/wp\/v2\/pages\/993122"}],"wp:featuredmedia":[{"embeddable":true,"href":"https:\/\/cukurpartners.com\/tr\/wp-json\/wp\/v2\/media\/991493"}],"wp:attachment":[{"href":"https:\/\/cukurpartners.com\/tr\/wp-json\/wp\/v2\/media?parent=992997"}],"curies":[{"name":"wp","href":"https:\/\/api.w.org\/{rel}","templated":true}]}}