{"id":993002,"date":"2024-12-18T16:09:30","date_gmt":"2024-12-18T13:09:30","guid":{"rendered":"https:\/\/cukurpartners.com\/competition-anti-trust\/"},"modified":"2025-05-08T11:53:10","modified_gmt":"2025-05-08T08:53:10","slug":"rekabet-hukuku","status":"publish","type":"page","link":"https:\/\/cukurpartners.com\/tr\/calisma-alanlarimiz\/rekabet-hukuku\/","title":{"rendered":"REKABET HUKUKU"},"content":{"rendered":"\t\t<div data-elementor-type=\"wp-page\" data-elementor-id=\"993002\" class=\"elementor elementor-993002 elementor-991458\" data-elementor-post-type=\"page\">\n\t\t\t\t<div class=\"elementor-element elementor-element-de1a95a e-flex e-con-boxed e-con e-parent\" data-id=\"de1a95a\" data-element_type=\"container\" data-settings=\"{&quot;background_background&quot;:&quot;classic&quot;,&quot;animation&quot;:&quot;none&quot;}\">\n\t\t\t\t\t<div class=\"e-con-inner\">\n\t\t<div class=\"elementor-element elementor-element-4cf38c71 e-con-full e-flex e-con e-child\" data-id=\"4cf38c71\" data-element_type=\"container\">\n\t\t\t\t<div class=\"elementor-element elementor-element-34046720 elementor-widget elementor-widget-heading\" data-id=\"34046720\" data-element_type=\"widget\" data-settings=\"{&quot;_animation&quot;:&quot;none&quot;,&quot;_animation_tablet&quot;:&quot;none&quot;}\" data-widget_type=\"heading.default\">\n\t\t\t\t<div class=\"elementor-widget-container\">\n\t\t\t\t\t<h1 class=\"elementor-heading-title elementor-size-default\">REKABET HUKUKU<\/h1>\t\t\t\t<\/div>\n\t\t\t\t<\/div>\n\t\t\t\t<\/div>\n\t\t\t\t\t<\/div>\n\t\t\t\t<\/div>\n\t\t<div class=\"elementor-element elementor-element-3906047d e-flex e-con-boxed e-con e-parent\" data-id=\"3906047d\" data-element_type=\"container\">\n\t\t\t\t\t<div class=\"e-con-inner\">\n\t\t<div class=\"elementor-element elementor-element-a1ba872 e-con-full e-flex e-con e-child\" data-id=\"a1ba872\" data-element_type=\"container\">\n\t\t\t\t<div class=\"elementor-element elementor-element-40becd97 focusarea elementor-widget elementor-widget-text-editor\" data-id=\"40becd97\" data-element_type=\"widget\" data-widget_type=\"text-editor.default\">\n\t\t\t\t<div class=\"elementor-widget-container\">\n\t\t\t\t\t\t\t\t\t<ul><li><span style=\"font-weight: 400;\">STRATEJ\u0130K REKABET HUKUKU DANI\u015eMANLI\u011eI VE HUKUK\u0130 UYUM<\/span><\/li><li><span style=\"font-weight: 400;\">REKABET KURUMU B\u0130LD\u0130R\u0130M, \u0130Z\u0130N VE \u0130\u015eLEMLER\u0130<\/span><\/li><li><span style=\"font-weight: 400;\">REKABET \u0130HLALLER\u0130 VE \u015e\u0130KAYETLER\u0130<\/span><\/li><li><span style=\"font-weight: 400;\">ANT\u0130-TR\u00d6ST VE KARTELLER<\/span><\/li><li><span style=\"font-weight: 400;\">REKABET\u0130 SINIRLAYICI VEYA BOZUCU ANLA\u015eMALAR VE S\u00d6ZLE\u015eMELER<\/span><\/li><li><span style=\"font-weight: 400;\">HAK\u0130M DURUMUN VE PAZAR G\u00dcC\u00dcN\u00dcN K\u00d6T\u00dcYE KULLANILMASI<\/span><\/li><li><span style=\"font-weight: 400;\">B\u0130RLE\u015eME KONTROL\u00dc VE REKABET KURUMU ONAYI<\/span><\/li><li><span style=\"font-weight: 400;\">\u0130Z\u0130NLER VE MUAF\u0130YETLER<\/span><\/li><li><span style=\"font-weight: 400;\">REKABET KURUMU \u0130NCELEME VE SORU\u015eTURMALARI<\/span><\/li><li><span style=\"font-weight: 400;\">REKABET POL\u0130T\u0130KALARI, E\u011e\u0130T\u0130MLER VE DENET\u0130MLER<\/span><\/li><li><span style=\"font-weight: 400;\">AVRUPA B\u0130RL\u0130\u011e\u0130 VE ULUSLARARASI REKABET HUKUKU D\u00dcZENLEMELER\u0130<\/span><\/li><li><span style=\"font-weight: 400;\">DEVLET YARDIMLARI, TE\u015eV\u0130KLER VE H\u0130BELER<\/span><\/li><li><span style=\"font-weight: 400;\">D\u00dcZENLENM\u0130\u015e SEKT\u00d6RLERE \u00d6ZG\u00dc REKABET D\u00dcZENLEMELER\u0130<\/span><\/li><li><span style=\"font-weight: 400;\">REKABET HUKUKU UYU\u015eMAZLIKLARI\u00a0<\/span><\/li><\/ul>\t\t\t\t\t\t\t\t<\/div>\n\t\t\t\t<\/div>\n\t\t\t\t<\/div>\n\t\t\t\t\t<\/div>\n\t\t\t\t<\/div>\n\t\t\t\t<\/div>\n\t\t","protected":false},"excerpt":{"rendered":"<p>STRATEJ\u0130K REKABET HUKUKU DANI\u015eMANLI\u011eI VE HUKUK\u0130 UYUM REKABET KURUMU B\u0130LD\u0130R\u0130M, \u0130Z\u0130N VE \u0130\u015eLEMLER\u0130 REKABET \u0130HLALLER\u0130 VE \u015e\u0130KAYETLER\u0130 ANT\u0130-TR\u00d6ST VE KARTELLER REKABET\u0130 SINIRLAYICI VEYA BOZUCU ANLA\u015eMALAR VE S\u00d6ZLE\u015eMELER HAK\u0130M DURUMUN VE PAZAR G\u00dcC\u00dcN\u00dcN K\u00d6T\u00dcYE KULLANILMASI B\u0130RLE\u015eME KONTROL\u00dc VE REKABET KURUMU ONAYI \u0130Z\u0130NLER VE MUAF\u0130YETLER REKABET KURUMU \u0130NCELEME VE SORU\u015eTURMALARI REKABET POL\u0130T\u0130KALARI, E\u011e\u0130T\u0130MLER VE DENET\u0130MLER AVRUPA B\u0130RL\u0130\u011e\u0130&#8230;<\/p>\n","protected":false},"author":1,"featured_media":991460,"parent":993122,"menu_order":93,"comment_status":"closed","ping_status":"closed","template":"","meta":{"footnotes":""},"class_list":["post-993002","page","type-page","status-publish","has-post-thumbnail","hentry"],"_links":{"self":[{"href":"https:\/\/cukurpartners.com\/tr\/wp-json\/wp\/v2\/pages\/993002","targetHints":{"allow":["GET"]}}],"collection":[{"href":"https:\/\/cukurpartners.com\/tr\/wp-json\/wp\/v2\/pages"}],"about":[{"href":"https:\/\/cukurpartners.com\/tr\/wp-json\/wp\/v2\/types\/page"}],"author":[{"embeddable":true,"href":"https:\/\/cukurpartners.com\/tr\/wp-json\/wp\/v2\/users\/1"}],"replies":[{"embeddable":true,"href":"https:\/\/cukurpartners.com\/tr\/wp-json\/wp\/v2\/comments?post=993002"}],"version-history":[{"count":7,"href":"https:\/\/cukurpartners.com\/tr\/wp-json\/wp\/v2\/pages\/993002\/revisions"}],"predecessor-version":[{"id":993379,"href":"https:\/\/cukurpartners.com\/tr\/wp-json\/wp\/v2\/pages\/993002\/revisions\/993379"}],"up":[{"embeddable":true,"href":"https:\/\/cukurpartners.com\/tr\/wp-json\/wp\/v2\/pages\/993122"}],"wp:featuredmedia":[{"embeddable":true,"href":"https:\/\/cukurpartners.com\/tr\/wp-json\/wp\/v2\/media\/991460"}],"wp:attachment":[{"href":"https:\/\/cukurpartners.com\/tr\/wp-json\/wp\/v2\/media?parent=993002"}],"curies":[{"name":"wp","href":"https:\/\/api.w.org\/{rel}","templated":true}]}}