{"id":993007,"date":"2024-12-17T16:28:37","date_gmt":"2024-12-17T13:28:37","guid":{"rendered":"https:\/\/cukurpartners.com\/capital-markets-and-public-company-advisory\/"},"modified":"2025-05-08T11:53:43","modified_gmt":"2025-05-08T08:53:43","slug":"sermaye-piyasasi-hukuku-ve-islemleri","status":"publish","type":"page","link":"https:\/\/cukurpartners.com\/tr\/calisma-alanlarimiz\/sermaye-piyasasi-hukuku-ve-islemleri\/","title":{"rendered":"SERMAYE PI\u0307YASASI HUKUKU VE I\u0307S\u0327LEMLERI\u0307"},"content":{"rendered":"\t\t<div data-elementor-type=\"wp-page\" data-elementor-id=\"993007\" class=\"elementor elementor-993007 elementor-991425\" data-elementor-post-type=\"page\">\n\t\t\t\t<div class=\"elementor-element elementor-element-76cb662c e-flex e-con-boxed e-con e-parent\" data-id=\"76cb662c\" data-element_type=\"container\" data-settings=\"{&quot;background_background&quot;:&quot;classic&quot;,&quot;animation&quot;:&quot;none&quot;}\">\n\t\t\t\t\t<div class=\"e-con-inner\">\n\t\t<div class=\"elementor-element elementor-element-6ee175f7 e-con-full e-flex e-con e-child\" data-id=\"6ee175f7\" data-element_type=\"container\">\n\t\t\t\t<div class=\"elementor-element elementor-element-12df52c5 elementor-widget elementor-widget-heading\" data-id=\"12df52c5\" data-element_type=\"widget\" data-settings=\"{&quot;_animation&quot;:&quot;none&quot;,&quot;_animation_tablet&quot;:&quot;none&quot;}\" data-widget_type=\"heading.default\">\n\t\t\t\t<div class=\"elementor-widget-container\">\n\t\t\t\t\t<h1 class=\"elementor-heading-title elementor-size-default\">SERMAYE PI\u0307YASASI HUKUKU VE I\u0307S\u0327LEMLERI\u0307<\/h1>\t\t\t\t<\/div>\n\t\t\t\t<\/div>\n\t\t\t\t<\/div>\n\t\t\t\t\t<\/div>\n\t\t\t\t<\/div>\n\t\t<div class=\"elementor-element elementor-element-3b3d442c e-flex e-con-boxed e-con e-parent\" data-id=\"3b3d442c\" data-element_type=\"container\">\n\t\t\t\t\t<div class=\"e-con-inner\">\n\t\t<div class=\"elementor-element elementor-element-2f75ed1 e-con-full e-flex e-con e-child\" data-id=\"2f75ed1\" data-element_type=\"container\">\n\t\t\t\t<div class=\"elementor-element elementor-element-9e35bf4 focusarea elementor-widget elementor-widget-text-editor\" data-id=\"9e35bf4\" data-element_type=\"widget\" data-widget_type=\"text-editor.default\">\n\t\t\t\t<div class=\"elementor-widget-container\">\n\t\t\t\t\t\t\t\t\t<ul><li><span style=\"font-weight: 400;\">H\u0130SSE SENED\u0130 HALKA ARZI VE HALKA A\u00c7ILMA<\/span><\/li><li><span style=\"font-weight: 400;\">TAHV\u0130L, BONO VE BOR\u00c7LANMA ARACI \u0130HRACI VE HALKA ARZI<\/span><\/li><li><span style=\"font-weight: 400;\">ULUSLARARASI PAZARLARDA HALKA ARZLAR<\/span><\/li><li><span style=\"font-weight: 400;\">SERMAYE P\u0130YASASI D\u00dcZENLEMELER\u0130NE HUKUK\u0130 UYUM VE RAPORLAMA<\/span><\/li><li><span style=\"font-weight: 400;\">BA\u011eIMSIZ HUKUK\u00c7U RAPORU, HUKUK\u0130 DURUM TESP\u0130T\u0130 (DUE DILIGENCE) VE \u0130ZAHNAME<\/span><\/li><li><span style=\"font-weight: 400;\">YATIRIM BANKASI VE ARACI KURUM S\u00d6ZLE\u015eMELER\u0130 VE \u0130\u015eLEMLER\u0130<\/span><\/li><li><span style=\"font-weight: 400;\">HALKA A\u00c7IK \u015e\u0130RKETLER \u0130\u00c7\u0130N KURUMSAL Y\u00d6NET\u0130M<\/span><\/li><li><span style=\"font-weight: 400;\">HALKA A\u00c7IK \u015e\u0130RKET HUKUK DANI\u015eMANLI\u011eI<\/span><\/li><li><span style=\"font-weight: 400;\">HALKA A\u00c7IK \u015e\u0130RKET B\u0130RLE\u015eME VE DEVRALMALARI (M&amp;A) \u0130\u015eLEMLER\u0130<\/span><\/li><li><span style=\"font-weight: 400;\">\u0130K\u0130NC\u0130 HALKA ARZLAR VE EK SATI\u015eLAR<\/span><\/li><li><span style=\"font-weight: 400;\">BEDELL\u0130 VE BEDELS\u0130Z SERMAYE ARTIRIMI, TEMETT\u00dc \u0130\u015eLEMLER\u0130 VE GENEL KURULLAR<\/span><\/li><li><span style=\"font-weight: 400;\">SPK \u0130Z\u0130N VE \u0130\u015eLEMLER\u0130<\/span><\/li><li><span style=\"font-weight: 400;\">MENKUL KIYMETLER<\/span><\/li><li><span style=\"font-weight: 400;\">SERMAYE P\u0130YASASI ESASLI YE\u015e\u0130L F\u0130NANSMAN VE ETK\u0130 YATIRIMLARI<\/span><\/li><li><span style=\"font-weight: 400;\">YATIRIM FONLARI VE PORTF\u00d6Y Y\u00d6NET\u0130M\u0130<\/span><\/li><li><span style=\"font-weight: 400;\">VARLIK Y\u00d6NET\u0130M\u0130<\/span><\/li><li><span style=\"font-weight: 400;\">GAYR\u0130MENKUL YATIRIM ORTAKLIKLARI VE HALKA ARZI\u00a0<\/span><\/li><li><span style=\"font-weight: 400;\">GAYR\u0130MENKUL YATIRIM FONLARI<\/span><\/li><li><span style=\"font-weight: 400;\">G\u0130R\u0130\u015e\u0130M SERMAYES\u0130 YATIRIM FONLARI<\/span><\/li><li><span style=\"font-weight: 400;\">SUKUK VE K\u0130RA SERT\u0130F\u0130KASI HALKA ARZI<\/span><\/li><li><span style=\"font-weight: 400;\">K\u0130TLESEL FONLAMA<\/span><\/li><li><span style=\"font-weight: 400;\">SERMAYE P\u0130YASASI DENET\u0130M, \u0130NCELEME VE SORU\u015eTURMALARI<\/span><\/li><li><span style=\"font-weight: 400;\">SERMAYE P\u0130YASASI VE MENKUL KIYMET UYU\u015eMAZLIKLARI<\/span><\/li><\/ul>\t\t\t\t\t\t\t\t<\/div>\n\t\t\t\t<\/div>\n\t\t\t\t<\/div>\n\t\t\t\t\t<\/div>\n\t\t\t\t<\/div>\n\t\t\t\t<\/div>\n\t\t","protected":false},"excerpt":{"rendered":"<p>H\u0130SSE SENED\u0130 HALKA ARZI VE HALKA A\u00c7ILMA TAHV\u0130L, BONO VE BOR\u00c7LANMA ARACI \u0130HRACI VE HALKA ARZI ULUSLARARASI PAZARLARDA HALKA ARZLAR SERMAYE P\u0130YASASI D\u00dcZENLEMELER\u0130NE HUKUK\u0130 UYUM VE RAPORLAMA BA\u011eIMSIZ HUKUK\u00c7U RAPORU, HUKUK\u0130 DURUM TESP\u0130T\u0130 (DUE DILIGENCE) VE \u0130ZAHNAME YATIRIM BANKASI VE ARACI KURUM S\u00d6ZLE\u015eMELER\u0130 VE \u0130\u015eLEMLER\u0130 HALKA A\u00c7IK \u015e\u0130RKETLER \u0130\u00c7\u0130N KURUMSAL Y\u00d6NET\u0130M HALKA A\u00c7IK \u015e\u0130RKET HUKUK&#8230;<\/p>\n","protected":false},"author":1,"featured_media":0,"parent":993122,"menu_order":97,"comment_status":"closed","ping_status":"closed","template":"","meta":{"footnotes":""},"class_list":["post-993007","page","type-page","status-publish","hentry"],"_links":{"self":[{"href":"https:\/\/cukurpartners.com\/tr\/wp-json\/wp\/v2\/pages\/993007","targetHints":{"allow":["GET"]}}],"collection":[{"href":"https:\/\/cukurpartners.com\/tr\/wp-json\/wp\/v2\/pages"}],"about":[{"href":"https:\/\/cukurpartners.com\/tr\/wp-json\/wp\/v2\/types\/page"}],"author":[{"embeddable":true,"href":"https:\/\/cukurpartners.com\/tr\/wp-json\/wp\/v2\/users\/1"}],"replies":[{"embeddable":true,"href":"https:\/\/cukurpartners.com\/tr\/wp-json\/wp\/v2\/comments?post=993007"}],"version-history":[{"count":7,"href":"https:\/\/cukurpartners.com\/tr\/wp-json\/wp\/v2\/pages\/993007\/revisions"}],"predecessor-version":[{"id":993382,"href":"https:\/\/cukurpartners.com\/tr\/wp-json\/wp\/v2\/pages\/993007\/revisions\/993382"}],"up":[{"embeddable":true,"href":"https:\/\/cukurpartners.com\/tr\/wp-json\/wp\/v2\/pages\/993122"}],"wp:attachment":[{"href":"https:\/\/cukurpartners.com\/tr\/wp-json\/wp\/v2\/media?parent=993007"}],"curies":[{"name":"wp","href":"https:\/\/api.w.org\/{rel}","templated":true}]}}