{"id":993012,"date":"2024-12-17T17:19:19","date_gmt":"2024-12-17T14:19:19","guid":{"rendered":"https:\/\/cukurpartners.com\/commercial-contracts\/"},"modified":"2025-05-08T13:18:14","modified_gmt":"2025-05-08T10:18:14","slug":"ticaret-hukuku-ve-ticari-sozlesmeler","status":"publish","type":"page","link":"https:\/\/cukurpartners.com\/tr\/calisma-alanlarimiz\/ticaret-hukuku-ve-ticari-sozlesmeler\/","title":{"rendered":"TI\u0307CARET HUKUKU VE TI\u0307CARI\u0307 SO\u0308ZLES\u0327MELER"},"content":{"rendered":"\t\t<div data-elementor-type=\"wp-page\" data-elementor-id=\"993012\" class=\"elementor elementor-993012 elementor-991435\" data-elementor-post-type=\"page\">\n\t\t\t\t<div class=\"elementor-element elementor-element-62c8ad59 e-flex e-con-boxed e-con e-parent\" data-id=\"62c8ad59\" data-element_type=\"container\" data-settings=\"{&quot;background_background&quot;:&quot;classic&quot;,&quot;animation&quot;:&quot;none&quot;}\">\n\t\t\t\t\t<div class=\"e-con-inner\">\n\t\t<div class=\"elementor-element elementor-element-5af18540 e-con-full e-flex e-con e-child\" data-id=\"5af18540\" data-element_type=\"container\">\n\t\t\t\t<div class=\"elementor-element elementor-element-37f3bfe8 elementor-widget elementor-widget-heading\" data-id=\"37f3bfe8\" data-element_type=\"widget\" data-settings=\"{&quot;_animation&quot;:&quot;none&quot;,&quot;_animation_tablet&quot;:&quot;none&quot;}\" data-widget_type=\"heading.default\">\n\t\t\t\t<div class=\"elementor-widget-container\">\n\t\t\t\t\t<h1 class=\"elementor-heading-title elementor-size-default\">TI\u0307CARET HUKUKU VE TI\u0307CARI\u0307 SO\u0308ZLES\u0327MELER<\/h1>\t\t\t\t<\/div>\n\t\t\t\t<\/div>\n\t\t\t\t<\/div>\n\t\t\t\t\t<\/div>\n\t\t\t\t<\/div>\n\t\t<div class=\"elementor-element elementor-element-47ac5f18 e-flex e-con-boxed e-con e-parent\" data-id=\"47ac5f18\" data-element_type=\"container\">\n\t\t\t\t\t<div class=\"e-con-inner\">\n\t\t<div class=\"elementor-element elementor-element-4203226 e-con-full e-flex e-con e-child\" data-id=\"4203226\" data-element_type=\"container\">\n\t\t\t\t<div class=\"elementor-element elementor-element-4b855f7 focusarea elementor-widget elementor-widget-text-editor\" data-id=\"4b855f7\" data-element_type=\"widget\" data-widget_type=\"text-editor.default\">\n\t\t\t\t<div class=\"elementor-widget-container\">\n\t\t\t\t\t\t\t\t\t<ul><li><span style=\"font-weight: 400;\">T\u0130CAR\u0130 S\u00d6ZLE\u015eMELER VE ANLA\u015eMALAR<\/span><\/li><li><span style=\"font-weight: 400;\">ACENTEL\u0130K, DA\u011eITIM, D\u0130STR\u0130B\u00dcT\u00d6RL\u00dcK, BAY\u0130L\u0130K, TEK SATICILIK S\u00d6ZLE\u015eME VE \u0130\u015eLEMLER\u0130<\/span><\/li><li><span style=\"font-weight: 400;\">FRANCHISING S\u00d6ZLE\u015eME VE \u0130\u015eLEMLER\u0130<\/span><\/li><li><span style=\"font-weight: 400;\">PORTF\u00d6Y VE HAKKAN\u0130YET TAZM\u0130NATI TALEPLER\u0130 VE UYU\u015eMAZLIKLARI<\/span><\/li><li><span style=\"font-weight: 400;\">TEDAR\u0130K Z\u0130NC\u0130R\u0130 Y\u00d6NET\u0130M\u0130<\/span><\/li><li><span style=\"font-weight: 400;\">E-T\u0130CARET D\u00dcZENLEMELER\u0130 VE S\u00d6ZLE\u015eMELER\u0130<\/span><\/li><li><span style=\"font-weight: 400;\">REKLAMCILIK, ET\u0130KETLEME VE PAZARLAMA S\u00d6ZLE\u015eMELER\u0130 VE D\u00dcZENLEMELER\u0130<\/span><\/li><li><span style=\"font-weight: 400;\">T\u00dcKET\u0130C\u0130N\u0130N KORUNMASI D\u00dcZENLEMELER\u0130NE HUKUK\u0130 UYUM<\/span><\/li><li><span style=\"font-weight: 400;\">\u00dcR\u00dcN SORUMLULU\u011eU<\/span><\/li><li><span style=\"font-weight: 400;\">T\u00dcKET\u0130C\u0130 G\u0130ZL\u0130L\u0130\u011e\u0130 VE KVKK<\/span><\/li><li><span style=\"font-weight: 400;\">LOJ\u0130ST\u0130K, DEPOLAMA, KARGO VE TA\u015eIMA S\u00d6ZLE\u015eMELER\u0130 VE D\u00dcZENLEMELER\u0130<\/span><\/li><li><span style=\"font-weight: 400;\">AD\u0130L VE S\u00dcRD\u00dcR\u00dcLEB\u0130L\u0130R T\u0130CARET D\u00dcZENLEMELER\u0130NE HUKUK\u0130 UYUM<\/span><\/li><li><span style=\"font-weight: 400;\">HAKSIZ REKABET\u0130N \u00d6NLENMES\u0130 D\u00dcZENLEMELER\u0130NE UYUM VE HAKSIZ REKABET \u0130HLALLER\u0130<\/span><\/li><li><span style=\"font-weight: 400;\">REKABET VE ANT\u0130-TR\u00d6ST D\u00dcZENLEMELER\u0130NE HUKUK\u0130 UYUM<\/span><\/li><li><span style=\"font-weight: 400;\">F\u0130KR\u0130 M\u00dcLK\u0130YET HAKLARI<\/span><\/li><li><span style=\"font-weight: 400;\">T\u00dcKET\u0130C\u0130 F\u0130NANSMANI<\/span><\/li><li><span style=\"font-weight: 400;\">S\u00d6ZLE\u015eMEYE DAYALI UYU\u015eMAZLIKLAR<\/span><\/li><li><span style=\"font-weight: 400;\">T\u00dcKET\u0130C\u0130 UYU\u015eMAZLIKLARI<\/span><\/li><li><span style=\"font-weight: 400;\">TAHK\u0130M, DAVA VE ARABULUCULUK<\/span><\/li><\/ul>\t\t\t\t\t\t\t\t<\/div>\n\t\t\t\t<\/div>\n\t\t\t\t<\/div>\n\t\t\t\t\t<\/div>\n\t\t\t\t<\/div>\n\t\t\t\t<\/div>\n\t\t","protected":false},"excerpt":{"rendered":"<p>T\u0130CAR\u0130 S\u00d6ZLE\u015eMELER VE ANLA\u015eMALAR ACENTEL\u0130K, DA\u011eITIM, D\u0130STR\u0130B\u00dcT\u00d6RL\u00dcK, BAY\u0130L\u0130K, TEK SATICILIK S\u00d6ZLE\u015eME VE \u0130\u015eLEMLER\u0130 FRANCHISING S\u00d6ZLE\u015eME VE \u0130\u015eLEMLER\u0130 PORTF\u00d6Y VE HAKKAN\u0130YET TAZM\u0130NATI TALEPLER\u0130 VE UYU\u015eMAZLIKLARI TEDAR\u0130K Z\u0130NC\u0130R\u0130 Y\u00d6NET\u0130M\u0130 E-T\u0130CARET D\u00dcZENLEMELER\u0130 VE S\u00d6ZLE\u015eMELER\u0130 REKLAMCILIK, ET\u0130KETLEME VE PAZARLAMA S\u00d6ZLE\u015eMELER\u0130 VE D\u00dcZENLEMELER\u0130 T\u00dcKET\u0130C\u0130N\u0130N KORUNMASI D\u00dcZENLEMELER\u0130NE HUKUK\u0130 UYUM \u00dcR\u00dcN SORUMLULU\u011eU T\u00dcKET\u0130C\u0130 G\u0130ZL\u0130L\u0130\u011e\u0130 VE KVKK LOJ\u0130ST\u0130K, DEPOLAMA, KARGO VE TA\u015eIMA S\u00d6ZLE\u015eMELER\u0130&#8230;<\/p>\n","protected":false},"author":1,"featured_media":991437,"parent":993122,"menu_order":94,"comment_status":"closed","ping_status":"closed","template":"","meta":{"footnotes":""},"class_list":["post-993012","page","type-page","status-publish","has-post-thumbnail","hentry"],"_links":{"self":[{"href":"https:\/\/cukurpartners.com\/tr\/wp-json\/wp\/v2\/pages\/993012","targetHints":{"allow":["GET"]}}],"collection":[{"href":"https:\/\/cukurpartners.com\/tr\/wp-json\/wp\/v2\/pages"}],"about":[{"href":"https:\/\/cukurpartners.com\/tr\/wp-json\/wp\/v2\/types\/page"}],"author":[{"embeddable":true,"href":"https:\/\/cukurpartners.com\/tr\/wp-json\/wp\/v2\/users\/1"}],"replies":[{"embeddable":true,"href":"https:\/\/cukurpartners.com\/tr\/wp-json\/wp\/v2\/comments?post=993012"}],"version-history":[{"count":7,"href":"https:\/\/cukurpartners.com\/tr\/wp-json\/wp\/v2\/pages\/993012\/revisions"}],"predecessor-version":[{"id":993388,"href":"https:\/\/cukurpartners.com\/tr\/wp-json\/wp\/v2\/pages\/993012\/revisions\/993388"}],"up":[{"embeddable":true,"href":"https:\/\/cukurpartners.com\/tr\/wp-json\/wp\/v2\/pages\/993122"}],"wp:featuredmedia":[{"embeddable":true,"href":"https:\/\/cukurpartners.com\/tr\/wp-json\/wp\/v2\/media\/991437"}],"wp:attachment":[{"href":"https:\/\/cukurpartners.com\/tr\/wp-json\/wp\/v2\/media?parent=993012"}],"curies":[{"name":"wp","href":"https:\/\/api.w.org\/{rel}","templated":true}]}}