{"id":993017,"date":"2024-12-18T17:22:05","date_gmt":"2024-12-18T14:22:05","guid":{"rendered":"https:\/\/cukurpartners.com\/international-trade\/"},"modified":"2025-05-08T13:18:48","modified_gmt":"2025-05-08T10:18:48","slug":"uluslarararasi-ticaret","status":"publish","type":"page","link":"https:\/\/cukurpartners.com\/tr\/calisma-alanlarimiz\/uluslarararasi-ticaret\/","title":{"rendered":"ULUSLARARARASI TI\u0307CARET"},"content":{"rendered":"\t\t<div data-elementor-type=\"wp-page\" data-elementor-id=\"993017\" class=\"elementor elementor-993017 elementor-991555\" data-elementor-post-type=\"page\">\n\t\t\t\t<div class=\"elementor-element elementor-element-3d0ecfd7 e-flex e-con-boxed e-con e-parent\" data-id=\"3d0ecfd7\" data-element_type=\"container\" data-settings=\"{&quot;background_background&quot;:&quot;classic&quot;,&quot;animation&quot;:&quot;none&quot;}\">\n\t\t\t\t\t<div class=\"e-con-inner\">\n\t\t<div class=\"elementor-element elementor-element-12a6fc94 e-con-full e-flex e-con e-child\" data-id=\"12a6fc94\" data-element_type=\"container\">\n\t\t\t\t<div class=\"elementor-element elementor-element-16ecbf25 elementor-widget elementor-widget-heading\" data-id=\"16ecbf25\" data-element_type=\"widget\" data-settings=\"{&quot;_animation&quot;:&quot;none&quot;,&quot;_animation_tablet&quot;:&quot;none&quot;}\" data-widget_type=\"heading.default\">\n\t\t\t\t<div class=\"elementor-widget-container\">\n\t\t\t\t\t<h1 class=\"elementor-heading-title elementor-size-default\">ULUSLARARARASI TI\u0307CARET<\/h1>\t\t\t\t<\/div>\n\t\t\t\t<\/div>\n\t\t\t\t<\/div>\n\t\t\t\t\t<\/div>\n\t\t\t\t<\/div>\n\t\t<div class=\"elementor-element elementor-element-6ba9bf41 e-flex e-con-boxed e-con e-parent\" data-id=\"6ba9bf41\" data-element_type=\"container\">\n\t\t\t\t\t<div class=\"e-con-inner\">\n\t\t<div class=\"elementor-element elementor-element-f20b9c5 e-con-full e-flex e-con e-child\" data-id=\"f20b9c5\" data-element_type=\"container\">\n\t\t\t\t<div class=\"elementor-element elementor-element-6f343085 focusarea elementor-widget elementor-widget-text-editor\" data-id=\"6f343085\" data-element_type=\"widget\" data-widget_type=\"text-editor.default\">\n\t\t\t\t<div class=\"elementor-widget-container\">\n\t\t\t\t\t\t\t\t\t<ul><li><span style=\"font-weight: 400;\">ULUSLARARASI T\u0130CARET S\u00d6ZLE\u015eMELER\u0130 VE ANLA\u015eMALARI<\/span><\/li><li><span style=\"font-weight: 400;\">ULUSLARARASI SATI\u015e VE SATIN ALMA \u0130\u015eLEMLER\u0130 VE S\u00dcRE\u00c7LER\u0130<\/span><\/li><li><span style=\"font-weight: 400;\">ULUSLARARASI BAY\u0130L\u0130K, ACENTEL\u0130K, D\u0130STR\u0130B\u00dcT\u00d6RL\u00dcK, TEMS\u0130LC\u0130L\u0130K VE TEK SATICILIK S\u00d6ZLE\u015eMELER\u0130 VE \u0130\u015eLEMLER\u0130<\/span><\/li><li><span style=\"font-weight: 400;\">ULUSLARARASI FRANCHISING S\u00d6ZLE\u015eMELER\u0130 VE \u0130\u015eLEMLER\u0130<\/span><\/li><li><span style=\"font-weight: 400;\">DI\u015e T\u0130CARET POL\u0130T\u0130KALARINA VE D\u00dcZENLEMELER\u0130NE HUKUK\u0130 UYUM<\/span><\/li><li><span style=\"font-weight: 400;\">YAPTIRIMLAR VE T\u0130CARET KONTROLLER\u0130<\/span><\/li><li><span style=\"font-weight: 400;\">G\u00dcMR\u00dcK \u0130\u015eLEMLER\u0130, \u0130Z\u0130NLER\u0130, KONTROLLER\u0130 VE SORU\u015eTURMALARI<\/span><\/li><li><span style=\"font-weight: 400;\">ANT\u0130-DAMPING SORU\u015eTURMA VE \u0130\u015eLEMLER\u0130, TELAF\u0130 ED\u0130C\u0130 VERG\u0130LER<\/span><\/li><li><span style=\"font-weight: 400;\">PAZAR ER\u0130\u015e\u0130M\u0130 VE T\u0130CARET ENGELLER\u0130<\/span><\/li><li><span style=\"font-weight: 400;\">D\u00d6V\u0130Z VE KAMB\u0130YO D\u00dcZENLEMELER\u0130<\/span><\/li><li><span style=\"font-weight: 400;\">ULUSAL VE ULUSLARARASI SORU\u015eTURMALAR<\/span><\/li><li><span style=\"font-weight: 400;\">\u0130HRACAT KRED\u0130S\u0130 VE T\u0130CARET F\u0130NANSMANI<\/span><\/li><li><span style=\"font-weight: 400;\">D\u0130J\u0130TAL T\u0130CARET VE E-\u0130HRACAT<\/span><\/li><li><span style=\"font-weight: 400;\">WTO VE AB D\u00dcZENLEMELER\u0130<\/span><\/li><li><span style=\"font-weight: 400;\">\u00c7OK ULUSLU VEYA \u0130K\u0130 TARAFLI T\u0130CARET ANLA\u015eMALARI VE SERBEST T\u0130CARET D\u00dcZENLEMELER\u0130<\/span><\/li><li><span style=\"font-weight: 400;\">TEDAR\u0130K Z\u0130NC\u0130R\u0130 VE LOJ\u0130ST\u0130K<\/span><\/li><li><span style=\"font-weight: 400;\">S\u00dcRD\u00dcR\u00dcLEB\u0130L\u0130R, AD\u0130L VE ET\u0130K T\u0130CARET<\/span><\/li><li><span style=\"font-weight: 400;\">INCOTERMS VE TESL\u0130M \u015eARTLARI<\/span><\/li><li><span style=\"font-weight: 400;\">AB G\u00dcMR\u00dcK B\u0130RL\u0130\u011e\u0130<\/span><\/li><li><span style=\"font-weight: 400;\">SERBEST T\u0130CARET B\u00d6LGELER\u0130 VE \u00d6ZEL EKONOM\u0130K B\u00d6LGELER<\/span><\/li><li><span style=\"font-weight: 400;\">S\u0130GORTA POL\u0130\u00c7ELER\u0130 VE \u0130\u015eLEMLER\u0130<\/span><\/li><li><span style=\"font-weight: 400;\">ULUSLARARASI TA\u015eIMA VE LOJ\u0130ST\u0130K S\u00d6ZLE\u015eMELER\u0130 VE \u0130\u015eLEMLER\u0130<\/span><\/li><li><span style=\"font-weight: 400;\">ULUSLARARASI T\u0130CARET UYU\u015eMAZLIKLARI, DAVA VE TAHK\u0130M<\/span><\/li><\/ul>\t\t\t\t\t\t\t\t<\/div>\n\t\t\t\t<\/div>\n\t\t\t\t<\/div>\n\t\t\t\t\t<\/div>\n\t\t\t\t<\/div>\n\t\t\t\t<\/div>\n\t\t","protected":false},"excerpt":{"rendered":"<p>ULUSLARARASI T\u0130CARET S\u00d6ZLE\u015eMELER\u0130 VE ANLA\u015eMALARI ULUSLARARASI SATI\u015e VE SATIN ALMA \u0130\u015eLEMLER\u0130 VE S\u00dcRE\u00c7LER\u0130 ULUSLARARASI BAY\u0130L\u0130K, ACENTEL\u0130K, D\u0130STR\u0130B\u00dcT\u00d6RL\u00dcK, TEMS\u0130LC\u0130L\u0130K VE TEK SATICILIK S\u00d6ZLE\u015eMELER\u0130 VE \u0130\u015eLEMLER\u0130 ULUSLARARASI FRANCHISING S\u00d6ZLE\u015eMELER\u0130 VE \u0130\u015eLEMLER\u0130 DI\u015e T\u0130CARET POL\u0130T\u0130KALARINA VE D\u00dcZENLEMELER\u0130NE HUKUK\u0130 UYUM YAPTIRIMLAR VE T\u0130CARET KONTROLLER\u0130 G\u00dcMR\u00dcK \u0130\u015eLEMLER\u0130, \u0130Z\u0130NLER\u0130, KONTROLLER\u0130 VE SORU\u015eTURMALARI ANT\u0130-DAMPING SORU\u015eTURMA VE \u0130\u015eLEMLER\u0130, TELAF\u0130 ED\u0130C\u0130 VERG\u0130LER PAZAR ER\u0130\u015e\u0130M\u0130&#8230;<\/p>\n","protected":false},"author":1,"featured_media":991557,"parent":993122,"menu_order":75,"comment_status":"closed","ping_status":"closed","template":"","meta":{"footnotes":""},"class_list":["post-993017","page","type-page","status-publish","has-post-thumbnail","hentry"],"_links":{"self":[{"href":"https:\/\/cukurpartners.com\/tr\/wp-json\/wp\/v2\/pages\/993017","targetHints":{"allow":["GET"]}}],"collection":[{"href":"https:\/\/cukurpartners.com\/tr\/wp-json\/wp\/v2\/pages"}],"about":[{"href":"https:\/\/cukurpartners.com\/tr\/wp-json\/wp\/v2\/types\/page"}],"author":[{"embeddable":true,"href":"https:\/\/cukurpartners.com\/tr\/wp-json\/wp\/v2\/users\/1"}],"replies":[{"embeddable":true,"href":"https:\/\/cukurpartners.com\/tr\/wp-json\/wp\/v2\/comments?post=993017"}],"version-history":[{"count":7,"href":"https:\/\/cukurpartners.com\/tr\/wp-json\/wp\/v2\/pages\/993017\/revisions"}],"predecessor-version":[{"id":993391,"href":"https:\/\/cukurpartners.com\/tr\/wp-json\/wp\/v2\/pages\/993017\/revisions\/993391"}],"up":[{"embeddable":true,"href":"https:\/\/cukurpartners.com\/tr\/wp-json\/wp\/v2\/pages\/993122"}],"wp:featuredmedia":[{"embeddable":true,"href":"https:\/\/cukurpartners.com\/tr\/wp-json\/wp\/v2\/media\/991557"}],"wp:attachment":[{"href":"https:\/\/cukurpartners.com\/tr\/wp-json\/wp\/v2\/media?parent=993017"}],"curies":[{"name":"wp","href":"https:\/\/api.w.org\/{rel}","templated":true}]}}