{"id":993023,"date":"2024-12-03T10:36:58","date_gmt":"2024-12-03T07:36:58","guid":{"rendered":"https:\/\/cukurpartners.com\/arbitration-litigation-and-dispute-resolution\/"},"modified":"2025-05-08T13:17:42","modified_gmt":"2025-05-08T10:17:42","slug":"tahkim-dava-ve-uyusmazlik-cozme-hizmetleri","status":"publish","type":"page","link":"https:\/\/cukurpartners.com\/tr\/calisma-alanlarimiz\/tahkim-dava-ve-uyusmazlik-cozme-hizmetleri\/","title":{"rendered":"TAHKI\u0307M, DAVA VE UYUS\u0327MAZLIK C\u0327O\u0308ZME HI\u0307ZMETLERI\u0307"},"content":{"rendered":"\t\t<div data-elementor-type=\"wp-page\" data-elementor-id=\"993023\" class=\"elementor elementor-993023 elementor-991279\" data-elementor-post-type=\"page\">\n\t\t\t\t<div class=\"elementor-element elementor-element-395b968 e-flex e-con-boxed e-con e-parent\" data-id=\"395b968\" data-element_type=\"container\" data-settings=\"{&quot;background_background&quot;:&quot;classic&quot;,&quot;animation&quot;:&quot;none&quot;}\">\n\t\t\t\t\t<div class=\"e-con-inner\">\n\t\t<div class=\"elementor-element elementor-element-d1da523 e-con-full e-flex e-con e-child\" data-id=\"d1da523\" data-element_type=\"container\">\n\t\t\t\t<div class=\"elementor-element elementor-element-28ec498 elementor-widget elementor-widget-heading\" data-id=\"28ec498\" data-element_type=\"widget\" data-settings=\"{&quot;_animation&quot;:&quot;none&quot;,&quot;_animation_tablet&quot;:&quot;none&quot;}\" data-widget_type=\"heading.default\">\n\t\t\t\t<div class=\"elementor-widget-container\">\n\t\t\t\t\t<h1 class=\"elementor-heading-title elementor-size-default\">TAHKI\u0307M, DAVA VE UYUS\u0327MAZLIK C\u0327O\u0308ZME HI\u0307ZMETLERI\u0307<\/h1>\t\t\t\t<\/div>\n\t\t\t\t<\/div>\n\t\t\t\t<\/div>\n\t\t\t\t\t<\/div>\n\t\t\t\t<\/div>\n\t\t<div class=\"elementor-element elementor-element-730b291 e-flex e-con-boxed e-con e-parent\" data-id=\"730b291\" data-element_type=\"container\">\n\t\t\t\t\t<div class=\"e-con-inner\">\n\t\t<div class=\"elementor-element elementor-element-aa31dbc e-con-full e-flex e-con e-child\" data-id=\"aa31dbc\" data-element_type=\"container\">\n\t\t\t\t<div class=\"elementor-element elementor-element-0d2d474 focusarea elementor-widget elementor-widget-text-editor\" data-id=\"0d2d474\" data-element_type=\"widget\" data-widget_type=\"text-editor.default\">\n\t\t\t\t<div class=\"elementor-widget-container\">\n\t\t\t\t\t\t\t\t\t<ul><li><span style=\"font-weight: 400;\">TAHK\u0130M YOLUYLA UYU\u015eMAZLIK \u00c7\u00d6ZME H\u0130ZMETLER\u0130<\/span><\/li><li><span style=\"font-weight: 400;\">ICC, UNCTAD VE ULUSLARARASI TAHK\u0130M VE UYU\u015eMAZLIK Y\u00d6NET\u0130M\u0130<\/span><\/li><li><span style=\"font-weight: 400;\">ULUSLARARASI YATIRIM (ICSID) TAHK\u0130M\u0130<\/span><\/li><li><span style=\"font-weight: 400;\">ISTAC VE ULUSAL TAHK\u0130M MAHKEMELER\u0130NDE UYU\u015eMAZLIK \u00c7\u00d6ZME H\u0130ZMETLER\u0130<\/span><\/li><li><span style=\"font-weight: 400;\">HAKEML\u0130K VE TAHK\u0130MDE TARAF VEK\u0130LL\u0130\u011e\u0130<\/span><\/li><li><span style=\"font-weight: 400;\">DAVA YOLU \u0130LE UYU\u015eMAZLIK \u00c7\u00d6Z\u00dcMLEME H\u0130ZMETLER\u0130<\/span><\/li><li><span style=\"font-weight: 400;\">ADL\u0130 VE \u0130DAR\u0130 MAHKEMELER \u0130LE VERG\u0130 MAHKEMELER\u0130NDE DAVA TAK\u0130B\u0130<\/span><\/li><li><span style=\"font-weight: 400;\">ZORUNLU VE \u0130HT\u0130YAR\u0130 ARABULUCULUK\u00a0<\/span><\/li><li><span style=\"font-weight: 400;\">ALTERNAT\u0130F UYU\u015eMAZLIK \u00c7\u00d6Z\u00dcM\u00dc (ADR)<\/span><\/li><li><span style=\"font-weight: 400;\">UZLA\u015eMA<\/span><\/li><li><span style=\"font-weight: 400;\">BOR\u00c7 TAHS\u0130L\u0130, ALACAK Y\u00d6NET\u0130M\u0130 VE \u0130CRA \u0130\u015eLEMLER\u0130<\/span><\/li><li><span style=\"font-weight: 400;\">ULUSLARARASI MAHKEME VE TAHK\u0130M KARARLARININ TANINMASI, TENF\u0130Z\u0130 VE \u0130CRASI<\/span><\/li><li><span style=\"font-weight: 400;\">UYU\u015eMAZLIK \u00d6NLEY\u0130C\u0130 STRATEJ\u0130K DANI\u015eMANLIK<\/span><\/li><li><span style=\"font-weight: 400;\">UYU\u015eMAZLIK Y\u00d6NET\u0130M\u0130<\/span><\/li><li><span style=\"font-weight: 400;\">UYU\u015eMAZLIK R\u0130SK ANAL\u0130Z\u0130 VE HUKUK\u0130 STRATEJ\u0130 GEL\u0130\u015eT\u0130RME<\/span><\/li><li><span style=\"font-weight: 400;\">TEMY\u0130Z VE \u0130ST\u0130NAF<\/span><\/li><li><span style=\"font-weight: 400;\">\u0130DAR\u0130 SORU\u015eTURMALAR<\/span><\/li><li><span style=\"font-weight: 400;\">ANAYASA MAHKEMES\u0130 VE AVRUPA \u0130NSAN HAKLARI MAHKEMES\u0130 YARGISI<\/span><\/li><\/ul>\t\t\t\t\t\t\t\t<\/div>\n\t\t\t\t<\/div>\n\t\t\t\t<\/div>\n\t\t\t\t\t<\/div>\n\t\t\t\t<\/div>\n\t\t\t\t<\/div>\n\t\t","protected":false},"excerpt":{"rendered":"<p>TAHK\u0130M YOLUYLA UYU\u015eMAZLIK \u00c7\u00d6ZME H\u0130ZMETLER\u0130 ICC, UNCTAD VE ULUSLARARASI TAHK\u0130M VE UYU\u015eMAZLIK Y\u00d6NET\u0130M\u0130 ULUSLARARASI YATIRIM (ICSID) TAHK\u0130M\u0130 ISTAC VE ULUSAL TAHK\u0130M MAHKEMELER\u0130NDE UYU\u015eMAZLIK \u00c7\u00d6ZME H\u0130ZMETLER\u0130 HAKEML\u0130K VE TAHK\u0130MDE TARAF VEK\u0130LL\u0130\u011e\u0130 DAVA YOLU \u0130LE UYU\u015eMAZLIK \u00c7\u00d6Z\u00dcMLEME H\u0130ZMETLER\u0130 ADL\u0130 VE \u0130DAR\u0130 MAHKEMELER \u0130LE VERG\u0130 MAHKEMELER\u0130NDE DAVA TAK\u0130B\u0130 ZORUNLU VE \u0130HT\u0130YAR\u0130 ARABULUCULUK\u00a0 ALTERNAT\u0130F UYU\u015eMAZLIK \u00c7\u00d6Z\u00dcM\u00dc (ADR) UZLA\u015eMA BOR\u00c7&#8230;<\/p>\n","protected":false},"author":1,"featured_media":991315,"parent":993122,"menu_order":101,"comment_status":"closed","ping_status":"closed","template":"","meta":{"footnotes":""},"class_list":["post-993023","page","type-page","status-publish","has-post-thumbnail","hentry"],"_links":{"self":[{"href":"https:\/\/cukurpartners.com\/tr\/wp-json\/wp\/v2\/pages\/993023","targetHints":{"allow":["GET"]}}],"collection":[{"href":"https:\/\/cukurpartners.com\/tr\/wp-json\/wp\/v2\/pages"}],"about":[{"href":"https:\/\/cukurpartners.com\/tr\/wp-json\/wp\/v2\/types\/page"}],"author":[{"embeddable":true,"href":"https:\/\/cukurpartners.com\/tr\/wp-json\/wp\/v2\/users\/1"}],"replies":[{"embeddable":true,"href":"https:\/\/cukurpartners.com\/tr\/wp-json\/wp\/v2\/comments?post=993023"}],"version-history":[{"count":7,"href":"https:\/\/cukurpartners.com\/tr\/wp-json\/wp\/v2\/pages\/993023\/revisions"}],"predecessor-version":[{"id":993385,"href":"https:\/\/cukurpartners.com\/tr\/wp-json\/wp\/v2\/pages\/993023\/revisions\/993385"}],"up":[{"embeddable":true,"href":"https:\/\/cukurpartners.com\/tr\/wp-json\/wp\/v2\/pages\/993122"}],"wp:featuredmedia":[{"embeddable":true,"href":"https:\/\/cukurpartners.com\/tr\/wp-json\/wp\/v2\/media\/991315"}],"wp:attachment":[{"href":"https:\/\/cukurpartners.com\/tr\/wp-json\/wp\/v2\/media?parent=993023"}],"curies":[{"name":"wp","href":"https:\/\/api.w.org\/{rel}","templated":true}]}}