{"id":993028,"date":"2024-12-18T17:43:12","date_gmt":"2024-12-18T14:43:12","guid":{"rendered":"https:\/\/cukurpartners.com\/tax\/"},"modified":"2025-05-08T13:19:12","modified_gmt":"2025-05-08T10:19:12","slug":"vergi-ve-mali-hukuk","status":"publish","type":"page","link":"https:\/\/cukurpartners.com\/tr\/calisma-alanlarimiz\/vergi-ve-mali-hukuk\/","title":{"rendered":"VERGI\u0307 VE MALI\u0307 HUKUK"},"content":{"rendered":"\t\t<div data-elementor-type=\"wp-page\" data-elementor-id=\"993028\" class=\"elementor elementor-993028 elementor-991595\" data-elementor-post-type=\"page\">\n\t\t\t\t<div class=\"elementor-element elementor-element-68cf5ecc e-flex e-con-boxed e-con e-parent\" data-id=\"68cf5ecc\" data-element_type=\"container\" data-settings=\"{&quot;background_background&quot;:&quot;classic&quot;,&quot;animation&quot;:&quot;none&quot;}\">\n\t\t\t\t\t<div class=\"e-con-inner\">\n\t\t<div class=\"elementor-element elementor-element-5f6407ab e-con-full e-flex e-con e-child\" data-id=\"5f6407ab\" data-element_type=\"container\">\n\t\t\t\t<div class=\"elementor-element elementor-element-5a65eec7 elementor-widget elementor-widget-heading\" data-id=\"5a65eec7\" data-element_type=\"widget\" data-settings=\"{&quot;_animation&quot;:&quot;none&quot;,&quot;_animation_tablet&quot;:&quot;none&quot;}\" data-widget_type=\"heading.default\">\n\t\t\t\t<div class=\"elementor-widget-container\">\n\t\t\t\t\t<h1 class=\"elementor-heading-title elementor-size-default\">VERGI\u0307 VE MALI\u0307 HUKUK<\/h1>\t\t\t\t<\/div>\n\t\t\t\t<\/div>\n\t\t\t\t<\/div>\n\t\t\t\t\t<\/div>\n\t\t\t\t<\/div>\n\t\t<div class=\"elementor-element elementor-element-42f16ee6 e-flex e-con-boxed e-con e-parent\" data-id=\"42f16ee6\" data-element_type=\"container\">\n\t\t\t\t\t<div class=\"e-con-inner\">\n\t\t<div class=\"elementor-element elementor-element-332d66b1 e-con-full e-flex e-con e-child\" data-id=\"332d66b1\" data-element_type=\"container\">\n\t\t\t\t<div class=\"elementor-element elementor-element-20041bb4 focusarea elementor-widget elementor-widget-text-editor\" data-id=\"20041bb4\" data-element_type=\"widget\" data-widget_type=\"text-editor.default\">\n\t\t\t\t<div class=\"elementor-widget-container\">\n\t\t\t\t\t\t\t\t\t<ul><li><span style=\"font-weight: 400;\">KURUMLAR VERG\u0130S\u0130<\/span><\/li><li><span style=\"font-weight: 400;\">ASGAR\u0130 KURUMLAR VERG\u0130S\u0130<\/span><\/li><li><span style=\"font-weight: 400;\">GEL\u0130R VERG\u0130S\u0130<\/span><\/li><li><span style=\"font-weight: 400;\">VERASET VE \u0130NT\u0130KAL VERG\u0130S\u0130<\/span><\/li><li><span style=\"font-weight: 400;\">KDV VE DOLAYLI VERG\u0130LER<\/span><\/li><li><span style=\"font-weight: 400;\">ULUSLARARASI VERG\u0130LEND\u0130RME VE VERG\u0130 OPT\u0130M\u0130ZASYONU<\/span><\/li><li><span style=\"font-weight: 400;\">G\u00dcMR\u00dcK VERG\u0130S\u0130<\/span><\/li><li><span style=\"font-weight: 400;\">\u00c7\u0130FTE VERG\u0130LEND\u0130RME ANLA\u015eMALARI<\/span><\/li><li><span style=\"font-weight: 400;\">VERG\u0130 TE\u015eV\u0130KLER\u0130 VE DESTEKLER\u0130<\/span><\/li><li><span style=\"font-weight: 400;\">TRANSFER F\u0130YATLANDIRMASI<\/span><\/li><li><span style=\"font-weight: 400;\">EMLAK VERG\u0130LER\u0130 VE GAYR\u0130MENKUL M\u00dcLK\u0130YET\u0130NE DAYALI D\u0130\u011eER MAL\u0130 Y\u00dcK\u00dcML\u00dcL\u00dcKLER<\/span><\/li><li><span style=\"font-weight: 400;\">SOSYAL G\u00dcVENL\u0130K<\/span><\/li><li><span style=\"font-weight: 400;\">MAL\u0130 HUKUK<\/span><\/li><li><span style=\"font-weight: 400;\">VERG\u0130 YAPILANDIRMASI VE OPT\u0130M\u0130ZASYONU<\/span><\/li><li><span style=\"font-weight: 400;\">VERG\u0130 \u0130NCELEMELER\u0130 VE DENET\u0130MLER\u0130<\/span><\/li><li><span style=\"font-weight: 400;\">VERG\u0130 UYU\u015eMAZLIKLARI VE VERG\u0130 YARGILAMASI<\/span><\/li><\/ul>\t\t\t\t\t\t\t\t<\/div>\n\t\t\t\t<\/div>\n\t\t\t\t<\/div>\n\t\t\t\t\t<\/div>\n\t\t\t\t<\/div>\n\t\t\t\t<\/div>\n\t\t","protected":false},"excerpt":{"rendered":"<p>KURUMLAR VERG\u0130S\u0130 ASGAR\u0130 KURUMLAR VERG\u0130S\u0130 GEL\u0130R VERG\u0130S\u0130 VERASET VE \u0130NT\u0130KAL VERG\u0130S\u0130 KDV VE DOLAYLI VERG\u0130LER ULUSLARARASI VERG\u0130LEND\u0130RME VE VERG\u0130 OPT\u0130M\u0130ZASYONU G\u00dcMR\u00dcK VERG\u0130S\u0130 \u00c7\u0130FTE VERG\u0130LEND\u0130RME ANLA\u015eMALARI VERG\u0130 TE\u015eV\u0130KLER\u0130 VE DESTEKLER\u0130 TRANSFER F\u0130YATLANDIRMASI EMLAK VERG\u0130LER\u0130 VE GAYR\u0130MENKUL M\u00dcLK\u0130YET\u0130NE DAYALI D\u0130\u011eER MAL\u0130 Y\u00dcK\u00dcML\u00dcL\u00dcKLER SOSYAL G\u00dcVENL\u0130K MAL\u0130 HUKUK VERG\u0130 YAPILANDIRMASI VE OPT\u0130M\u0130ZASYONU VERG\u0130 \u0130NCELEMELER\u0130 VE DENET\u0130MLER\u0130 VERG\u0130 UYU\u015eMAZLIKLARI VE&#8230;<\/p>\n","protected":false},"author":1,"featured_media":991597,"parent":993122,"menu_order":66,"comment_status":"closed","ping_status":"closed","template":"","meta":{"footnotes":""},"class_list":["post-993028","page","type-page","status-publish","has-post-thumbnail","hentry"],"_links":{"self":[{"href":"https:\/\/cukurpartners.com\/tr\/wp-json\/wp\/v2\/pages\/993028","targetHints":{"allow":["GET"]}}],"collection":[{"href":"https:\/\/cukurpartners.com\/tr\/wp-json\/wp\/v2\/pages"}],"about":[{"href":"https:\/\/cukurpartners.com\/tr\/wp-json\/wp\/v2\/types\/page"}],"author":[{"embeddable":true,"href":"https:\/\/cukurpartners.com\/tr\/wp-json\/wp\/v2\/users\/1"}],"replies":[{"embeddable":true,"href":"https:\/\/cukurpartners.com\/tr\/wp-json\/wp\/v2\/comments?post=993028"}],"version-history":[{"count":7,"href":"https:\/\/cukurpartners.com\/tr\/wp-json\/wp\/v2\/pages\/993028\/revisions"}],"predecessor-version":[{"id":993394,"href":"https:\/\/cukurpartners.com\/tr\/wp-json\/wp\/v2\/pages\/993028\/revisions\/993394"}],"up":[{"embeddable":true,"href":"https:\/\/cukurpartners.com\/tr\/wp-json\/wp\/v2\/pages\/993122"}],"wp:featuredmedia":[{"embeddable":true,"href":"https:\/\/cukurpartners.com\/tr\/wp-json\/wp\/v2\/media\/991597"}],"wp:attachment":[{"href":"https:\/\/cukurpartners.com\/tr\/wp-json\/wp\/v2\/media?parent=993028"}],"curies":[{"name":"wp","href":"https:\/\/api.w.org\/{rel}","templated":true}]}}