{"id":993033,"date":"2024-12-20T09:50:17","date_gmt":"2024-12-20T06:50:17","guid":{"rendered":"https:\/\/cukurpartners.com\/family-business-family-offices\/"},"modified":"2025-04-25T16:04:05","modified_gmt":"2025-04-25T13:04:05","slug":"aile-sirketleri-ve-aile-ofisleri","status":"publish","type":"page","link":"https:\/\/cukurpartners.com\/tr\/sektorler\/aile-sirketleri-ve-aile-ofisleri\/","title":{"rendered":"AI\u0307LE S\u0327I\u0307RKETLERI\u0307 VE AI\u0307LE OFI\u0307SLERI\u0307"},"content":{"rendered":"\t\t<div data-elementor-type=\"wp-page\" data-elementor-id=\"993033\" class=\"elementor elementor-993033 elementor-991672\" data-elementor-post-type=\"page\">\n\t\t\t\t<div class=\"elementor-element elementor-element-b6dc7ee e-flex e-con-boxed e-con e-parent\" data-id=\"b6dc7ee\" data-element_type=\"container\" data-settings=\"{&quot;background_background&quot;:&quot;classic&quot;,&quot;animation&quot;:&quot;none&quot;}\">\n\t\t\t\t\t<div class=\"e-con-inner\">\n\t\t<div class=\"elementor-element elementor-element-594fc83c e-con-full e-flex e-con e-child\" data-id=\"594fc83c\" data-element_type=\"container\">\n\t\t\t\t<div class=\"elementor-element elementor-element-4f5aed4 elementor-widget elementor-widget-heading\" data-id=\"4f5aed4\" data-element_type=\"widget\" data-settings=\"{&quot;_animation&quot;:&quot;none&quot;,&quot;_animation_tablet&quot;:&quot;none&quot;}\" data-widget_type=\"heading.default\">\n\t\t\t\t<div class=\"elementor-widget-container\">\n\t\t\t\t\t<h1 class=\"elementor-heading-title elementor-size-default\">AI\u0307LE S\u0327I\u0307RKETLERI\u0307 VE AI\u0307LE OFI\u0307SLERI\u0307<\/h1>\t\t\t\t<\/div>\n\t\t\t\t<\/div>\n\t\t\t\t<\/div>\n\t\t\t\t\t<\/div>\n\t\t\t\t<\/div>\n\t\t<div class=\"elementor-element elementor-element-66ae0b94 e-con-full e-flex e-con e-parent\" data-id=\"66ae0b94\" data-element_type=\"container\">\n\t\t<div class=\"elementor-element elementor-element-1fd99da2 e-flex e-con-boxed e-con e-child\" data-id=\"1fd99da2\" data-element_type=\"container\">\n\t\t\t\t\t<div class=\"e-con-inner\">\n\t\t\t\t<div class=\"elementor-element elementor-element-124104dd focusarea elementor-widget elementor-widget-text-editor\" data-id=\"124104dd\" data-element_type=\"widget\" data-widget_type=\"text-editor.default\">\n\t\t\t\t<div class=\"elementor-widget-container\">\n\t\t\t\t\t\t\t\t\t<ul><li>A\u0130LE \u015e\u0130RKETLER\u0130 VE \u0130\u015eLETMELER\u0130<\/li><li>A\u0130LE OF\u0130SLER\u0130N\u0130N KURULMASI VE Y\u00d6NET\u0130M\u0130<\/li><li>A\u0130LE FONLARI VE YATIRIMLARI<\/li><li>A\u0130LE \u015e\u0130RKET\u0130 KURUMSALLA\u015eMA VE D\u00d6N\u00dc\u015e\u00dcM PROJELER\u0130<\/li><li>A\u0130LE ANAYASALARI VE KONSEYLER\u0130<\/li><li>H\u0130SSEDARLAR VE A\u0130LE \u0130\u00c7\u0130 ANLA\u015eMALAR VE S\u00d6ZLE\u015eMELER<\/li><li>A\u0130LE VARLIK VE SERVET Y\u00d6NET\u0130M\u0130<\/li><li>A\u0130LE M\u00dcLKLER\u0130 VE Y\u00d6NET\u0130M\u0130<\/li><li>ULUSLARARASI A\u0130LE VARLIKLARI, YATIRIMLARI VE \u0130\u015eLEMLER\u0130<\/li><li>M\u0130RAS VE HALEF\u0130YET PLANLAMASI<\/li><li>A\u0130LE VAKIFLARI VE HAYIR KURUMLARI<\/li><li>YATIRIM YOLUYLA VATANDA\u015eLIK VE OTURMA \u0130ZN\u0130, GOLDEN V\u0130ZE<\/li><li>YERLE\u015e\u0130M VE \u00c7ALI\u015eMA \u0130Z\u0130NLER\u0130<\/li><li>ULUSLARARASI BANKACILIK \u0130\u015eLEMLER\u0130<\/li><li>ULUSLARARASI VERG\u0130 PLANLAMASI<\/li><li>\u0130T\u0130BAR Y\u00d6NET\u0130M\u0130<\/li><\/ul>\t\t\t\t\t\t\t\t<\/div>\n\t\t\t\t<\/div>\n\t\t\t\t\t<\/div>\n\t\t\t\t<\/div>\n\t\t\t\t<\/div>\n\t\t\t\t<\/div>\n\t\t","protected":false},"excerpt":{"rendered":"<p>A\u0130LE \u015e\u0130RKETLER\u0130 VE \u0130\u015eLETMELER\u0130 A\u0130LE OF\u0130SLER\u0130N\u0130N KURULMASI VE Y\u00d6NET\u0130M\u0130 A\u0130LE FONLARI VE YATIRIMLARI A\u0130LE \u015e\u0130RKET\u0130 KURUMSALLA\u015eMA VE D\u00d6N\u00dc\u015e\u00dcM PROJELER\u0130 A\u0130LE ANAYASALARI VE KONSEYLER\u0130 H\u0130SSEDARLAR VE A\u0130LE \u0130\u00c7\u0130 ANLA\u015eMALAR VE S\u00d6ZLE\u015eMELER A\u0130LE VARLIK VE SERVET Y\u00d6NET\u0130M\u0130 A\u0130LE M\u00dcLKLER\u0130 VE Y\u00d6NET\u0130M\u0130 ULUSLARARASI A\u0130LE VARLIKLARI, YATIRIMLARI VE \u0130\u015eLEMLER\u0130 M\u0130RAS VE HALEF\u0130YET PLANLAMASI A\u0130LE VAKIFLARI VE HAYIR KURUMLARI YATIRIM&#8230;<\/p>\n","protected":false},"author":1,"featured_media":991674,"parent":993113,"menu_order":51,"comment_status":"closed","ping_status":"closed","template":"","meta":{"footnotes":""},"class_list":["post-993033","page","type-page","status-publish","has-post-thumbnail","hentry"],"_links":{"self":[{"href":"https:\/\/cukurpartners.com\/tr\/wp-json\/wp\/v2\/pages\/993033","targetHints":{"allow":["GET"]}}],"collection":[{"href":"https:\/\/cukurpartners.com\/tr\/wp-json\/wp\/v2\/pages"}],"about":[{"href":"https:\/\/cukurpartners.com\/tr\/wp-json\/wp\/v2\/types\/page"}],"author":[{"embeddable":true,"href":"https:\/\/cukurpartners.com\/tr\/wp-json\/wp\/v2\/users\/1"}],"replies":[{"embeddable":true,"href":"https:\/\/cukurpartners.com\/tr\/wp-json\/wp\/v2\/comments?post=993033"}],"version-history":[{"count":4,"href":"https:\/\/cukurpartners.com\/tr\/wp-json\/wp\/v2\/pages\/993033\/revisions"}],"predecessor-version":[{"id":993037,"href":"https:\/\/cukurpartners.com\/tr\/wp-json\/wp\/v2\/pages\/993033\/revisions\/993037"}],"up":[{"embeddable":true,"href":"https:\/\/cukurpartners.com\/tr\/wp-json\/wp\/v2\/pages\/993113"}],"wp:featuredmedia":[{"embeddable":true,"href":"https:\/\/cukurpartners.com\/tr\/wp-json\/wp\/v2\/media\/991674"}],"wp:attachment":[{"href":"https:\/\/cukurpartners.com\/tr\/wp-json\/wp\/v2\/media?parent=993033"}],"curies":[{"name":"wp","href":"https:\/\/api.w.org\/{rel}","templated":true}]}}