{"id":993038,"date":"2024-12-20T11:23:30","date_gmt":"2024-12-20T08:23:30","guid":{"rendered":"https:\/\/cukurpartners.com\/technology\/"},"modified":"2025-04-25T16:08:08","modified_gmt":"2025-04-25T13:08:08","slug":"bilisim-ve-iletisim-teknolojileri","status":"publish","type":"page","link":"https:\/\/cukurpartners.com\/tr\/sektorler\/bilisim-ve-iletisim-teknolojileri\/","title":{"rendered":"BI\u0307LI\u0307S\u0327I\u0307M VE I\u0307LETI\u0307S\u0327I\u0307M TEKNOLOJI\u0307LERI\u0307"},"content":{"rendered":"\t\t<div data-elementor-type=\"wp-page\" data-elementor-id=\"993038\" class=\"elementor elementor-993038 elementor-991800\" data-elementor-post-type=\"page\">\n\t\t\t\t<div class=\"elementor-element elementor-element-3fa9ecec e-flex e-con-boxed e-con e-parent\" data-id=\"3fa9ecec\" data-element_type=\"container\" data-settings=\"{&quot;background_background&quot;:&quot;classic&quot;,&quot;animation&quot;:&quot;none&quot;}\">\n\t\t\t\t\t<div class=\"e-con-inner\">\n\t\t<div class=\"elementor-element elementor-element-5913a7cd e-con-full e-flex e-con e-child\" data-id=\"5913a7cd\" data-element_type=\"container\">\n\t\t\t\t<div class=\"elementor-element elementor-element-2ffdffa4 elementor-widget elementor-widget-heading\" data-id=\"2ffdffa4\" data-element_type=\"widget\" data-settings=\"{&quot;_animation&quot;:&quot;none&quot;,&quot;_animation_tablet&quot;:&quot;none&quot;}\" data-widget_type=\"heading.default\">\n\t\t\t\t<div class=\"elementor-widget-container\">\n\t\t\t\t\t<h1 class=\"elementor-heading-title elementor-size-default\">BI\u0307LI\u0307S\u0327I\u0307M VE I\u0307LETI\u0307S\u0327I\u0307M TEKNOLOJI\u0307LERI\u0307<\/h1>\t\t\t\t<\/div>\n\t\t\t\t<\/div>\n\t\t\t\t<\/div>\n\t\t\t\t\t<\/div>\n\t\t\t\t<\/div>\n\t\t<div class=\"elementor-element elementor-element-2477798 e-con-full e-flex e-con e-parent\" data-id=\"2477798\" data-element_type=\"container\">\n\t\t<div class=\"elementor-element elementor-element-535329ad e-flex e-con-boxed e-con e-child\" data-id=\"535329ad\" data-element_type=\"container\">\n\t\t\t\t\t<div class=\"e-con-inner\">\n\t\t\t\t<div class=\"elementor-element elementor-element-5fa87dc0 focusarea elementor-widget elementor-widget-text-editor\" data-id=\"5fa87dc0\" data-element_type=\"widget\" data-widget_type=\"text-editor.default\">\n\t\t\t\t<div class=\"elementor-widget-container\">\n\t\t\t\t\t\t\t\t\t<ul><li>B\u0130L\u0130\u015e\u0130M<\/li><li>MOB\u0130L TEKNOLOJ\u0130LER<\/li><li>\u0130LET\u0130\u015e\u0130M<\/li><li>YAZILIM<\/li><li>DONANIM VE EK\u0130PMAN<\/li><li>\u0130NTERNET<\/li><li>WEB<\/li><li>E-T\u0130CARET<\/li><li>D\u0130J\u0130TAL PAZAR YERLER\u0130<\/li><li>D\u0130J\u0130TAL VE MOB\u0130L UYGULAMALAR<\/li><li>FINTECH VE D\u0130J\u0130TAL F\u0130NANSMAN<\/li><li>B\u00dcY\u00dcK VER\u0130 (BIG DATA)<\/li><li>VER\u0130 MERKEZLER\u0130<\/li><li>NESNELER\u0130N \u0130NTERNET\u0130 (IOT)<\/li><li>YAPAY ZEKA (AI)<\/li><li>MAK\u0130NE \u00d6\u011eREN\u0130M\u0130<\/li><li>ROBOT\u0130K<\/li><li>H\u0130ZMET OLARAK YAZILIM (SAAS)<\/li><li>S\u0130BER G\u00dcVENL\u0130K VE G\u0130ZL\u0130L\u0130K<\/li><li>S\u0130STEM ENTEGRAT\u00d6RLER\u0130<\/li><li>TELEKOM<\/li><li>BULUT TEKNOLOJ\u0130S\u0130<\/li><li>A\u00c7IK KAYNAK YAZILIM<\/li><li>G\u0130Y\u0130LEB\u0130L\u0130R TEKNOLOJ\u0130LER<\/li><li>REKLAM TEKNOLOJ\u0130LER\u0130 (ADTECH)<\/li><li>MOB\u0130L\u0130TE TEKNOLOJ\u0130LER\u0130<\/li><li>ULA\u015eIM TEKNOLOJ\u0130LER\u0130<\/li><li>E\u011e\u0130T\u0130M TEKNOLOJ\u0130LER\u0130 (EDTECH)<\/li><li>SA\u011eLIK TEKNOLOJ\u0130LER\u0130 VE MEDTECH<\/li><li>TARIM TEKNOLOJ\u0130LER\u0130 (AGTECH)<\/li><li>D\u0130J\u0130TAL PARA VE BLOCKCHAIN<\/li><li>D\u0130J\u0130TAL BANKACILIK VE \u00d6DEME S\u0130STEMLER\u0130<\/li><\/ul>\t\t\t\t\t\t\t\t<\/div>\n\t\t\t\t<\/div>\n\t\t\t\t\t<\/div>\n\t\t\t\t<\/div>\n\t\t\t\t<\/div>\n\t\t\t\t<\/div>\n\t\t","protected":false},"excerpt":{"rendered":"<p>B\u0130L\u0130\u015e\u0130M MOB\u0130L TEKNOLOJ\u0130LER \u0130LET\u0130\u015e\u0130M YAZILIM DONANIM VE EK\u0130PMAN \u0130NTERNET WEB E-T\u0130CARET D\u0130J\u0130TAL PAZAR YERLER\u0130 D\u0130J\u0130TAL VE MOB\u0130L UYGULAMALAR FINTECH VE D\u0130J\u0130TAL F\u0130NANSMAN B\u00dcY\u00dcK VER\u0130 (BIG DATA) VER\u0130 MERKEZLER\u0130 NESNELER\u0130N \u0130NTERNET\u0130 (IOT) YAPAY ZEKA (AI) MAK\u0130NE \u00d6\u011eREN\u0130M\u0130 ROBOT\u0130K H\u0130ZMET OLARAK YAZILIM (SAAS) S\u0130BER G\u00dcVENL\u0130K VE G\u0130ZL\u0130L\u0130K S\u0130STEM ENTEGRAT\u00d6RLER\u0130 TELEKOM BULUT TEKNOLOJ\u0130S\u0130 A\u00c7IK KAYNAK YAZILIM G\u0130Y\u0130LEB\u0130L\u0130R TEKNOLOJ\u0130LER&#8230;<\/p>\n","protected":false},"author":1,"featured_media":991802,"parent":993113,"menu_order":27,"comment_status":"closed","ping_status":"closed","template":"","meta":{"footnotes":""},"class_list":["post-993038","page","type-page","status-publish","has-post-thumbnail","hentry"],"_links":{"self":[{"href":"https:\/\/cukurpartners.com\/tr\/wp-json\/wp\/v2\/pages\/993038","targetHints":{"allow":["GET"]}}],"collection":[{"href":"https:\/\/cukurpartners.com\/tr\/wp-json\/wp\/v2\/pages"}],"about":[{"href":"https:\/\/cukurpartners.com\/tr\/wp-json\/wp\/v2\/types\/page"}],"author":[{"embeddable":true,"href":"https:\/\/cukurpartners.com\/tr\/wp-json\/wp\/v2\/users\/1"}],"replies":[{"embeddable":true,"href":"https:\/\/cukurpartners.com\/tr\/wp-json\/wp\/v2\/comments?post=993038"}],"version-history":[{"count":4,"href":"https:\/\/cukurpartners.com\/tr\/wp-json\/wp\/v2\/pages\/993038\/revisions"}],"predecessor-version":[{"id":993042,"href":"https:\/\/cukurpartners.com\/tr\/wp-json\/wp\/v2\/pages\/993038\/revisions\/993042"}],"up":[{"embeddable":true,"href":"https:\/\/cukurpartners.com\/tr\/wp-json\/wp\/v2\/pages\/993113"}],"wp:featuredmedia":[{"embeddable":true,"href":"https:\/\/cukurpartners.com\/tr\/wp-json\/wp\/v2\/media\/991802"}],"wp:attachment":[{"href":"https:\/\/cukurpartners.com\/tr\/wp-json\/wp\/v2\/media?parent=993038"}],"curies":[{"name":"wp","href":"https:\/\/api.w.org\/{rel}","templated":true}]}}