{"id":993043,"date":"2024-12-19T17:26:34","date_gmt":"2024-12-19T14:26:34","guid":{"rendered":"https:\/\/cukurpartners.com\/advanced-manufacturing-diversified-industries\/"},"modified":"2025-04-25T16:09:43","modified_gmt":"2025-04-25T13:09:43","slug":"endustriyel-uretim","status":"publish","type":"page","link":"https:\/\/cukurpartners.com\/tr\/sektorler\/endustriyel-uretim\/","title":{"rendered":"ENDU\u0308STRI\u0307YEL U\u0308RETI\u0307M"},"content":{"rendered":"\t\t<div data-elementor-type=\"wp-page\" data-elementor-id=\"993043\" class=\"elementor elementor-993043 elementor-991627\" data-elementor-post-type=\"page\">\n\t\t\t\t<div class=\"elementor-element elementor-element-76efcda2 e-flex e-con-boxed e-con e-parent\" data-id=\"76efcda2\" data-element_type=\"container\" data-settings=\"{&quot;background_background&quot;:&quot;classic&quot;,&quot;animation&quot;:&quot;none&quot;}\">\n\t\t\t\t\t<div class=\"e-con-inner\">\n\t\t<div class=\"elementor-element elementor-element-51a72236 e-con-full e-flex e-con e-child\" data-id=\"51a72236\" data-element_type=\"container\">\n\t\t\t\t<div class=\"elementor-element elementor-element-39cc3479 elementor-widget elementor-widget-heading\" data-id=\"39cc3479\" data-element_type=\"widget\" data-settings=\"{&quot;_animation&quot;:&quot;none&quot;,&quot;_animation_tablet&quot;:&quot;none&quot;}\" data-widget_type=\"heading.default\">\n\t\t\t\t<div class=\"elementor-widget-container\">\n\t\t\t\t\t<h1 class=\"elementor-heading-title elementor-size-default\">ENDU\u0308STRI\u0307YEL U\u0308RETI\u0307M<\/h1>\t\t\t\t<\/div>\n\t\t\t\t<\/div>\n\t\t\t\t<\/div>\n\t\t\t\t\t<\/div>\n\t\t\t\t<\/div>\n\t\t<div class=\"elementor-element elementor-element-3e13eab8 e-con-full e-flex e-con e-parent\" data-id=\"3e13eab8\" data-element_type=\"container\">\n\t\t<div class=\"elementor-element elementor-element-3abbb941 e-flex e-con-boxed e-con e-child\" data-id=\"3abbb941\" data-element_type=\"container\">\n\t\t\t\t\t<div class=\"e-con-inner\">\n\t\t\t\t<div class=\"elementor-element elementor-element-27bfce54 focusarea elementor-widget elementor-widget-text-editor\" data-id=\"27bfce54\" data-element_type=\"widget\" data-widget_type=\"text-editor.default\">\n\t\t\t\t<div class=\"elementor-widget-container\">\n\t\t\t\t\t\t\t\t\t<ul><li>ELEKTRON\u0130K SANAY\u0130 VE T\u00dcKET\u0130C\u0130 C\u0130HAZLARI SANAY\u0130<\/li><li>\u00d6ZEL K\u0130MYASALLAR VE PETROK\u0130MYA<\/li><li>MAK\u0130NE SANAY\u0130<\/li><li>\u0130N\u015eAAT VE YAPI MALZEMELER\u0130<\/li><li>HAVACILIK VE UZAY<\/li><li>SAVUNMA SANAY\u0130<\/li><li>DEM\u0130R &amp; \u00c7EL\u0130K<\/li><li>METAL \u0130\u015eLEME<\/li><\/ul>\t\t\t\t\t\t\t\t<\/div>\n\t\t\t\t<\/div>\n\t\t\t\t\t<\/div>\n\t\t\t\t<\/div>\n\t\t\t\t<\/div>\n\t\t\t\t<\/div>\n\t\t","protected":false},"excerpt":{"rendered":"<p>ELEKTRON\u0130K SANAY\u0130 VE T\u00dcKET\u0130C\u0130 C\u0130HAZLARI SANAY\u0130 \u00d6ZEL K\u0130MYASALLAR VE PETROK\u0130MYA MAK\u0130NE SANAY\u0130 \u0130N\u015eAAT VE YAPI MALZEMELER\u0130 HAVACILIK VE UZAY SAVUNMA SANAY\u0130 DEM\u0130R &amp; \u00c7EL\u0130K METAL \u0130\u015eLEME<\/p>\n","protected":false},"author":1,"featured_media":991629,"parent":993113,"menu_order":61,"comment_status":"closed","ping_status":"closed","template":"","meta":{"footnotes":""},"class_list":["post-993043","page","type-page","status-publish","has-post-thumbnail","hentry"],"_links":{"self":[{"href":"https:\/\/cukurpartners.com\/tr\/wp-json\/wp\/v2\/pages\/993043","targetHints":{"allow":["GET"]}}],"collection":[{"href":"https:\/\/cukurpartners.com\/tr\/wp-json\/wp\/v2\/pages"}],"about":[{"href":"https:\/\/cukurpartners.com\/tr\/wp-json\/wp\/v2\/types\/page"}],"author":[{"embeddable":true,"href":"https:\/\/cukurpartners.com\/tr\/wp-json\/wp\/v2\/users\/1"}],"replies":[{"embeddable":true,"href":"https:\/\/cukurpartners.com\/tr\/wp-json\/wp\/v2\/comments?post=993043"}],"version-history":[{"count":4,"href":"https:\/\/cukurpartners.com\/tr\/wp-json\/wp\/v2\/pages\/993043\/revisions"}],"predecessor-version":[{"id":993047,"href":"https:\/\/cukurpartners.com\/tr\/wp-json\/wp\/v2\/pages\/993043\/revisions\/993047"}],"up":[{"embeddable":true,"href":"https:\/\/cukurpartners.com\/tr\/wp-json\/wp\/v2\/pages\/993113"}],"wp:featuredmedia":[{"embeddable":true,"href":"https:\/\/cukurpartners.com\/tr\/wp-json\/wp\/v2\/media\/991629"}],"wp:attachment":[{"href":"https:\/\/cukurpartners.com\/tr\/wp-json\/wp\/v2\/media?parent=993043"}],"curies":[{"name":"wp","href":"https:\/\/api.w.org\/{rel}","templated":true}]}}