{"id":993048,"date":"2024-12-20T10:53:43","date_gmt":"2024-12-20T07:53:43","guid":{"rendered":"https:\/\/cukurpartners.com\/real-estate-construction\/"},"modified":"2025-04-25T16:14:45","modified_gmt":"2025-04-25T13:14:45","slug":"gayrimenkul-ve-insaat","status":"publish","type":"page","link":"https:\/\/cukurpartners.com\/tr\/sektorler\/gayrimenkul-ve-insaat\/","title":{"rendered":"GAYRI\u0307MENKUL VE I\u0307NS\u0327AAT"},"content":{"rendered":"\t\t<div data-elementor-type=\"wp-page\" data-elementor-id=\"993048\" class=\"elementor elementor-993048 elementor-991764\" data-elementor-post-type=\"page\">\n\t\t\t\t<div class=\"elementor-element elementor-element-46b9a134 e-flex e-con-boxed e-con e-parent\" data-id=\"46b9a134\" data-element_type=\"container\" data-settings=\"{&quot;background_background&quot;:&quot;classic&quot;,&quot;animation&quot;:&quot;none&quot;}\">\n\t\t\t\t\t<div class=\"e-con-inner\">\n\t\t<div class=\"elementor-element elementor-element-6a765390 e-con-full e-flex e-con e-child\" data-id=\"6a765390\" data-element_type=\"container\">\n\t\t\t\t<div class=\"elementor-element elementor-element-250b31f7 elementor-widget elementor-widget-heading\" data-id=\"250b31f7\" data-element_type=\"widget\" data-settings=\"{&quot;_animation&quot;:&quot;none&quot;,&quot;_animation_tablet&quot;:&quot;none&quot;}\" data-widget_type=\"heading.default\">\n\t\t\t\t<div class=\"elementor-widget-container\">\n\t\t\t\t\t<h1 class=\"elementor-heading-title elementor-size-default\">GAYRI\u0307MENKUL VE I\u0307NS\u0327AAT<\/h1>\t\t\t\t<\/div>\n\t\t\t\t<\/div>\n\t\t\t\t<\/div>\n\t\t\t\t\t<\/div>\n\t\t\t\t<\/div>\n\t\t<div class=\"elementor-element elementor-element-534de3e9 e-con-full e-flex e-con e-parent\" data-id=\"534de3e9\" data-element_type=\"container\">\n\t\t<div class=\"elementor-element elementor-element-6584f99b e-flex e-con-boxed e-con e-child\" data-id=\"6584f99b\" data-element_type=\"container\">\n\t\t\t\t\t<div class=\"e-con-inner\">\n\t\t\t\t<div class=\"elementor-element elementor-element-7d9e8a92 focusarea elementor-widget elementor-widget-text-editor\" data-id=\"7d9e8a92\" data-element_type=\"widget\" data-widget_type=\"text-editor.default\">\n\t\t\t\t<div class=\"elementor-widget-container\">\n\t\t\t\t\t\t\t\t\t<ul><li>GAYR\u0130MENKUL GEL\u0130\u015eT\u0130RME<\/li><li>KONUT PROJELER\u0130<\/li><li>T\u0130CAR\u0130 GAYR\u0130MENKULLER<\/li><li>OF\u0130S B\u0130NALARI VE \u0130\u015e MERKEZLER\u0130<\/li><li>KARMA PROJELER<\/li><li>ULUSLARARASI GAYR\u0130MENKUL GEL\u0130\u015eT\u0130RME<\/li><li>VER\u0130 MERKEZLER\u0130<\/li><li>PERAKENDE VE ALI\u015eVER\u0130\u015e MERKEZLER\u0130<\/li><li>OTEL VE TAT\u0130L K\u00d6YLER\u0130<\/li><li>END\u00dcSTR\u0130YEL VE DEPO GAYR\u0130MENKULLER\u0130<\/li><li>KENTSEL D\u00d6N\u00dc\u015e\u00dcM<\/li><li>\u0130N\u015eAAT<\/li><li>M\u00dcHEND\u0130SL\u0130K<\/li><li>M\u0130MARLIK VE TASARIM<\/li><li>PROPTECH VE GAYR\u0130MENKUL \u0130NOVASYONU<\/li><li>AKILLI B\u0130NALAR VE IOT ENTEGRASYONU<\/li><li>S\u00dcRD\u00dcR\u00dcLEB\u0130L\u0130R GAYR\u0130MENKUL VE YE\u015e\u0130L B\u0130NA SERT\u0130F\u0130KASYONU<\/li><li>GAYR\u0130MENKUL YATIRIM ORTAKLIKLARI<\/li><li>GAYR\u0130MENKUL YATIRIM FONLARI<\/li><li>ALTYAPI<\/li><li>KAMU-\u00d6ZEL ORTAKLIKLARI (PPP, PFI) VE PROJELER<\/li><li>ULA\u015eIM<\/li><li>GEL\u0130\u015eT\u0130R\u0130C\u0130LER<\/li><li>PROJE \u015e\u0130RKETLER\u0130<\/li><li>Y\u00dcKLEN\u0130C\u0130LER VE ALT Y\u00dcKLEN\u0130C\u0130LER<\/li><li>DANI\u015eMANLAR<\/li><li>GAYR\u0130MENKUL YATIRIMCILARI<\/li><li>VARLIK Y\u00d6NET\u0130C\u0130LER\u0130<\/li><li>EMLAK ACENTELER\u0130<\/li><li>M\u00dcLK SAH\u0130PLER\u0130<\/li><li>KULLANICILAR\u00a0<\/li><li>K\u0130RACILAR<\/li><\/ul>\t\t\t\t\t\t\t\t<\/div>\n\t\t\t\t<\/div>\n\t\t\t\t\t<\/div>\n\t\t\t\t<\/div>\n\t\t\t\t<\/div>\n\t\t\t\t<\/div>\n\t\t","protected":false},"excerpt":{"rendered":"<p>GAYR\u0130MENKUL GEL\u0130\u015eT\u0130RME KONUT PROJELER\u0130 T\u0130CAR\u0130 GAYR\u0130MENKULLER OF\u0130S B\u0130NALARI VE \u0130\u015e MERKEZLER\u0130 KARMA PROJELER ULUSLARARASI GAYR\u0130MENKUL GEL\u0130\u015eT\u0130RME VER\u0130 MERKEZLER\u0130 PERAKENDE VE ALI\u015eVER\u0130\u015e MERKEZLER\u0130 OTEL VE TAT\u0130L K\u00d6YLER\u0130 END\u00dcSTR\u0130YEL VE DEPO GAYR\u0130MENKULLER\u0130 KENTSEL D\u00d6N\u00dc\u015e\u00dcM \u0130N\u015eAAT M\u00dcHEND\u0130SL\u0130K M\u0130MARLIK VE TASARIM PROPTECH VE GAYR\u0130MENKUL \u0130NOVASYONU AKILLI B\u0130NALAR VE IOT ENTEGRASYONU S\u00dcRD\u00dcR\u00dcLEB\u0130L\u0130R GAYR\u0130MENKUL VE YE\u015e\u0130L B\u0130NA SERT\u0130F\u0130KASYONU GAYR\u0130MENKUL YATIRIM ORTAKLIKLARI&#8230;<\/p>\n","protected":false},"author":1,"featured_media":991766,"parent":993113,"menu_order":37,"comment_status":"closed","ping_status":"closed","template":"","meta":{"footnotes":""},"class_list":["post-993048","page","type-page","status-publish","has-post-thumbnail","hentry"],"_links":{"self":[{"href":"https:\/\/cukurpartners.com\/tr\/wp-json\/wp\/v2\/pages\/993048","targetHints":{"allow":["GET"]}}],"collection":[{"href":"https:\/\/cukurpartners.com\/tr\/wp-json\/wp\/v2\/pages"}],"about":[{"href":"https:\/\/cukurpartners.com\/tr\/wp-json\/wp\/v2\/types\/page"}],"author":[{"embeddable":true,"href":"https:\/\/cukurpartners.com\/tr\/wp-json\/wp\/v2\/users\/1"}],"replies":[{"embeddable":true,"href":"https:\/\/cukurpartners.com\/tr\/wp-json\/wp\/v2\/comments?post=993048"}],"version-history":[{"count":4,"href":"https:\/\/cukurpartners.com\/tr\/wp-json\/wp\/v2\/pages\/993048\/revisions"}],"predecessor-version":[{"id":993052,"href":"https:\/\/cukurpartners.com\/tr\/wp-json\/wp\/v2\/pages\/993048\/revisions\/993052"}],"up":[{"embeddable":true,"href":"https:\/\/cukurpartners.com\/tr\/wp-json\/wp\/v2\/pages\/993113"}],"wp:featuredmedia":[{"embeddable":true,"href":"https:\/\/cukurpartners.com\/tr\/wp-json\/wp\/v2\/media\/991766"}],"wp:attachment":[{"href":"https:\/\/cukurpartners.com\/tr\/wp-json\/wp\/v2\/media?parent=993048"}],"curies":[{"name":"wp","href":"https:\/\/api.w.org\/{rel}","templated":true}]}}