{"id":993053,"date":"2024-12-20T09:52:50","date_gmt":"2024-12-20T06:52:50","guid":{"rendered":"https:\/\/cukurpartners.com\/food-beverage-and-agribusiness\/"},"modified":"2025-04-25T16:16:50","modified_gmt":"2025-04-25T13:16:50","slug":"gida-ve-tarima-dayali-sanayiler","status":"publish","type":"page","link":"https:\/\/cukurpartners.com\/tr\/sektorler\/gida-ve-tarima-dayali-sanayiler\/","title":{"rendered":"GIDA VE TARIMA DAYALI SANAYI\u0307LER"},"content":{"rendered":"\t\t<div data-elementor-type=\"wp-page\" data-elementor-id=\"993053\" class=\"elementor elementor-993053 elementor-991680\" data-elementor-post-type=\"page\">\n\t\t\t\t<div class=\"elementor-element elementor-element-63a48dcd e-flex e-con-boxed e-con e-parent\" data-id=\"63a48dcd\" data-element_type=\"container\" data-settings=\"{&quot;background_background&quot;:&quot;classic&quot;,&quot;animation&quot;:&quot;none&quot;}\">\n\t\t\t\t\t<div class=\"e-con-inner\">\n\t\t<div class=\"elementor-element elementor-element-39ddfd3b e-con-full e-flex e-con e-child\" data-id=\"39ddfd3b\" data-element_type=\"container\">\n\t\t\t\t<div class=\"elementor-element elementor-element-2c8c1769 elementor-widget elementor-widget-heading\" data-id=\"2c8c1769\" data-element_type=\"widget\" data-settings=\"{&quot;_animation&quot;:&quot;none&quot;,&quot;_animation_tablet&quot;:&quot;none&quot;}\" data-widget_type=\"heading.default\">\n\t\t\t\t<div class=\"elementor-widget-container\">\n\t\t\t\t\t<h1 class=\"elementor-heading-title elementor-size-default\">GIDA VE TARIMA DAYALI SANAYI\u0307LER<\/h1>\t\t\t\t<\/div>\n\t\t\t\t<\/div>\n\t\t\t\t<\/div>\n\t\t\t\t\t<\/div>\n\t\t\t\t<\/div>\n\t\t<div class=\"elementor-element elementor-element-1c282e0a e-con-full e-flex e-con e-parent\" data-id=\"1c282e0a\" data-element_type=\"container\">\n\t\t<div class=\"elementor-element elementor-element-1a34b9ba e-flex e-con-boxed e-con e-child\" data-id=\"1a34b9ba\" data-element_type=\"container\">\n\t\t\t\t\t<div class=\"e-con-inner\">\n\t\t\t\t<div class=\"elementor-element elementor-element-2e11a08b focusarea elementor-widget elementor-widget-text-editor\" data-id=\"2e11a08b\" data-element_type=\"widget\" data-widget_type=\"text-editor.default\">\n\t\t\t\t<div class=\"elementor-widget-container\">\n\t\t\t\t\t\t\t\t\t<ul><li>GIDA<\/li><li>\u0130\u00c7ECEK<\/li><li>TARIM MAK\u0130NELER\u0130 VE EK\u0130PMANLARI<\/li><li>TARIM KOOPERAT\u0130FLER\u0130 VE B\u0130RL\u0130KLER\u0130<\/li><li>ALKOLL\u00dc \u0130\u00c7ECEKLER<\/li><li>\u015eARAP<\/li><li>BES\u0130N TAKV\u0130YELER\u0130 VE FONKS\u0130YONEL GIDALAR<\/li><li>RESTORANLAR VE GASTRONOM\u0130<\/li><li>KAHVE Z\u0130NC\u0130RLER\u0130<\/li><li>GIDA H\u0130ZMETLER\u0130 VE KATER\u0130NG<\/li><li>KATKI MALZEMELER\u0130<\/li><li>SA\u011eLIKLI YA\u015eAM \u00dcR\u00dcNLER\u0130<\/li><li>PRIVATE LABEL GIDALAR<\/li><li>T\u00dcT\u00dcN \u00dcR\u00dcNLER\u0130 VE S\u0130GARA<\/li><li>BAHARATLAR<\/li><li>YA\u011eLAR<\/li><li>HAYVAN YET\u0130\u015eT\u0130R\u0130C\u0130L\u0130\u011e\u0130 VE SA\u011eLI\u011eI<\/li><li>EVC\u0130L HAYVAN YEMLER\u0130<\/li><li>AGROK\u0130MYASALLAR<\/li><li>TARIMSAL \u00dcRET\u0130M VE \u00c7\u0130FT\u00c7\u0130L\u0130K<\/li><li>HAYVANCILIK VE KANATLI HAYVAN \u00c7\u0130FT\u00c7\u0130L\u0130\u011e\u0130<\/li><li>SU \u00dcR\u00dcNLER\u0130 VE BALIK\u00c7ILIK<\/li><li>SERALAR<\/li><li>ORGAN\u0130K VE EKOLOJ\u0130K TARIM<\/li><li>TARIMSAL TEKNOLOJ\u0130LER (AGRITECH)<\/li><li>TARIM F\u0130NANSMANI (AGRI-FINANCE)<\/li><li>TARIM TUR\u0130ZM\u0130 (AGRI-TOURISM)<\/li><\/ul>\t\t\t\t\t\t\t\t<\/div>\n\t\t\t\t<\/div>\n\t\t\t\t\t<\/div>\n\t\t\t\t<\/div>\n\t\t\t\t<\/div>\n\t\t\t\t<\/div>\n\t\t","protected":false},"excerpt":{"rendered":"<p>GIDA \u0130\u00c7ECEK TARIM MAK\u0130NELER\u0130 VE EK\u0130PMANLARI TARIM KOOPERAT\u0130FLER\u0130 VE B\u0130RL\u0130KLER\u0130 ALKOLL\u00dc \u0130\u00c7ECEKLER \u015eARAP BES\u0130N TAKV\u0130YELER\u0130 VE FONKS\u0130YONEL GIDALAR RESTORANLAR VE GASTRONOM\u0130 KAHVE Z\u0130NC\u0130RLER\u0130 GIDA H\u0130ZMETLER\u0130 VE KATER\u0130NG KATKI MALZEMELER\u0130 SA\u011eLIKLI YA\u015eAM \u00dcR\u00dcNLER\u0130 PRIVATE LABEL GIDALAR T\u00dcT\u00dcN \u00dcR\u00dcNLER\u0130 VE S\u0130GARA BAHARATLAR YA\u011eLAR HAYVAN YET\u0130\u015eT\u0130R\u0130C\u0130L\u0130\u011e\u0130 VE SA\u011eLI\u011eI EVC\u0130L HAYVAN YEMLER\u0130 AGROK\u0130MYASALLAR TARIMSAL \u00dcRET\u0130M VE \u00c7\u0130FT\u00c7\u0130L\u0130K HAYVANCILIK VE&#8230;<\/p>\n","protected":false},"author":1,"featured_media":991683,"parent":993113,"menu_order":53,"comment_status":"closed","ping_status":"closed","template":"","meta":{"footnotes":""},"class_list":["post-993053","page","type-page","status-publish","has-post-thumbnail","hentry"],"_links":{"self":[{"href":"https:\/\/cukurpartners.com\/tr\/wp-json\/wp\/v2\/pages\/993053","targetHints":{"allow":["GET"]}}],"collection":[{"href":"https:\/\/cukurpartners.com\/tr\/wp-json\/wp\/v2\/pages"}],"about":[{"href":"https:\/\/cukurpartners.com\/tr\/wp-json\/wp\/v2\/types\/page"}],"author":[{"embeddable":true,"href":"https:\/\/cukurpartners.com\/tr\/wp-json\/wp\/v2\/users\/1"}],"replies":[{"embeddable":true,"href":"https:\/\/cukurpartners.com\/tr\/wp-json\/wp\/v2\/comments?post=993053"}],"version-history":[{"count":4,"href":"https:\/\/cukurpartners.com\/tr\/wp-json\/wp\/v2\/pages\/993053\/revisions"}],"predecessor-version":[{"id":993057,"href":"https:\/\/cukurpartners.com\/tr\/wp-json\/wp\/v2\/pages\/993053\/revisions\/993057"}],"up":[{"embeddable":true,"href":"https:\/\/cukurpartners.com\/tr\/wp-json\/wp\/v2\/pages\/993113"}],"wp:featuredmedia":[{"embeddable":true,"href":"https:\/\/cukurpartners.com\/tr\/wp-json\/wp\/v2\/media\/991683"}],"wp:attachment":[{"href":"https:\/\/cukurpartners.com\/tr\/wp-json\/wp\/v2\/media?parent=993053"}],"curies":[{"name":"wp","href":"https:\/\/api.w.org\/{rel}","templated":true}]}}