{"id":993058,"date":"2024-12-19T17:41:28","date_gmt":"2024-12-19T14:41:28","guid":{"rendered":"https:\/\/cukurpartners.com\/education-professional-business-services\/"},"modified":"2025-04-25T16:19:22","modified_gmt":"2025-04-25T13:19:22","slug":"hizmet-sektorleri-ve-egitim","status":"publish","type":"page","link":"https:\/\/cukurpartners.com\/tr\/sektorler\/hizmet-sektorleri-ve-egitim\/","title":{"rendered":"HI\u0307ZMET SEKTO\u0308RLERI\u0307 VE EG\u0306I\u0307TI\u0307M"},"content":{"rendered":"\t\t<div data-elementor-type=\"wp-page\" data-elementor-id=\"993058\" class=\"elementor elementor-993058 elementor-991663\" data-elementor-post-type=\"page\">\n\t\t\t\t<div class=\"elementor-element elementor-element-654d61d2 e-flex e-con-boxed e-con e-parent\" data-id=\"654d61d2\" data-element_type=\"container\" data-settings=\"{&quot;background_background&quot;:&quot;classic&quot;,&quot;animation&quot;:&quot;none&quot;}\">\n\t\t\t\t\t<div class=\"e-con-inner\">\n\t\t<div class=\"elementor-element elementor-element-459e5dcc e-con-full e-flex e-con e-child\" data-id=\"459e5dcc\" data-element_type=\"container\">\n\t\t\t\t<div class=\"elementor-element elementor-element-5a56af64 elementor-widget elementor-widget-heading\" data-id=\"5a56af64\" data-element_type=\"widget\" data-settings=\"{&quot;_animation&quot;:&quot;none&quot;,&quot;_animation_tablet&quot;:&quot;none&quot;}\" data-widget_type=\"heading.default\">\n\t\t\t\t<div class=\"elementor-widget-container\">\n\t\t\t\t\t<h1 class=\"elementor-heading-title elementor-size-default\">HI\u0307ZMET SEKTO\u0308RLERI\u0307 VE EG\u0306I\u0307TI\u0307M<\/h1>\t\t\t\t<\/div>\n\t\t\t\t<\/div>\n\t\t\t\t<\/div>\n\t\t\t\t\t<\/div>\n\t\t\t\t<\/div>\n\t\t<div class=\"elementor-element elementor-element-7d62d3d9 e-con-full e-flex e-con e-parent\" data-id=\"7d62d3d9\" data-element_type=\"container\">\n\t\t<div class=\"elementor-element elementor-element-1d8d8458 e-flex e-con-boxed e-con e-child\" data-id=\"1d8d8458\" data-element_type=\"container\">\n\t\t\t\t\t<div class=\"e-con-inner\">\n\t\t\t\t<div class=\"elementor-element elementor-element-47ef3515 focusarea elementor-widget elementor-widget-text-editor\" data-id=\"47ef3515\" data-element_type=\"widget\" data-widget_type=\"text-editor.default\">\n\t\t\t\t<div class=\"elementor-widget-container\">\n\t\t\t\t\t\t\t\t\t<ul><li>REKLAMCILIK VE PAZARLAMA H\u0130ZMETLER\u0130<\/li><li>MUHASEBE, VERG\u0130 VE DENET\u0130M H\u0130ZMETLER\u0130<\/li><li>F\u0130NANSAL DANI\u015eMANLIK<\/li><li>Y\u00d6NET\u0130M DANI\u015eMANLI\u011eI<\/li><li>\u0130NSAN KAYNAKLARI H\u0130ZMETLER\u0130<\/li><li>TES\u0130S Y\u00d6NET\u0130M\u0130, BAKIM H\u0130ZMETLER\u0130 VE OUTSOURCING H\u0130ZMETLER\u0130<\/li><li>M\u0130MARLIK VE M\u00dcHEND\u0130SL\u0130K H\u0130ZMETLER\u0130<\/li><li>\u00dcN\u0130VERS\u0130TELER VE Y\u00dcKSEK\u00d6\u011eRET\u0130M KURUMLARI<\/li><li>K12 OKULLARI<\/li><li>E\u011e\u0130T\u0130M TEKNOLOJ\u0130LER\u0130 (EDTECH) VE E-\u00d6\u011eRENME<\/li><li>AKADEM\u0130LER VE KURSLAR<\/li><li>MESLEK\u0130 VE PROFESYONEL E\u011e\u0130T\u0130M<\/li><li>ONLINE VE UZAKTAN E\u011e\u0130T\u0130M<\/li><li>\u00d6ZEL E\u011e\u0130T\u0130M KURUMLARI<\/li><\/ul>\t\t\t\t\t\t\t\t<\/div>\n\t\t\t\t<\/div>\n\t\t\t\t\t<\/div>\n\t\t\t\t<\/div>\n\t\t\t\t<\/div>\n\t\t\t\t<\/div>\n\t\t","protected":false},"excerpt":{"rendered":"<p>REKLAMCILIK VE PAZARLAMA H\u0130ZMETLER\u0130 MUHASEBE, VERG\u0130 VE DENET\u0130M H\u0130ZMETLER\u0130 F\u0130NANSAL DANI\u015eMANLIK Y\u00d6NET\u0130M DANI\u015eMANLI\u011eI \u0130NSAN KAYNAKLARI H\u0130ZMETLER\u0130 TES\u0130S Y\u00d6NET\u0130M\u0130, BAKIM H\u0130ZMETLER\u0130 VE OUTSOURCING H\u0130ZMETLER\u0130 M\u0130MARLIK VE M\u00dcHEND\u0130SL\u0130K H\u0130ZMETLER\u0130 \u00dcN\u0130VERS\u0130TELER VE Y\u00dcKSEK\u00d6\u011eRET\u0130M KURUMLARI K12 OKULLARI E\u011e\u0130T\u0130M TEKNOLOJ\u0130LER\u0130 (EDTECH) VE E-\u00d6\u011eRENME AKADEM\u0130LER VE KURSLAR MESLEK\u0130 VE PROFESYONEL E\u011e\u0130T\u0130M ONLINE VE UZAKTAN E\u011e\u0130T\u0130M \u00d6ZEL E\u011e\u0130T\u0130M KURUMLARI<\/p>\n","protected":false},"author":1,"featured_media":991665,"parent":993113,"menu_order":55,"comment_status":"closed","ping_status":"closed","template":"","meta":{"footnotes":""},"class_list":["post-993058","page","type-page","status-publish","has-post-thumbnail","hentry"],"_links":{"self":[{"href":"https:\/\/cukurpartners.com\/tr\/wp-json\/wp\/v2\/pages\/993058","targetHints":{"allow":["GET"]}}],"collection":[{"href":"https:\/\/cukurpartners.com\/tr\/wp-json\/wp\/v2\/pages"}],"about":[{"href":"https:\/\/cukurpartners.com\/tr\/wp-json\/wp\/v2\/types\/page"}],"author":[{"embeddable":true,"href":"https:\/\/cukurpartners.com\/tr\/wp-json\/wp\/v2\/users\/1"}],"replies":[{"embeddable":true,"href":"https:\/\/cukurpartners.com\/tr\/wp-json\/wp\/v2\/comments?post=993058"}],"version-history":[{"count":4,"href":"https:\/\/cukurpartners.com\/tr\/wp-json\/wp\/v2\/pages\/993058\/revisions"}],"predecessor-version":[{"id":993062,"href":"https:\/\/cukurpartners.com\/tr\/wp-json\/wp\/v2\/pages\/993058\/revisions\/993062"}],"up":[{"embeddable":true,"href":"https:\/\/cukurpartners.com\/tr\/wp-json\/wp\/v2\/pages\/993113"}],"wp:featuredmedia":[{"embeddable":true,"href":"https:\/\/cukurpartners.com\/tr\/wp-json\/wp\/v2\/media\/991665"}],"wp:attachment":[{"href":"https:\/\/cukurpartners.com\/tr\/wp-json\/wp\/v2\/media?parent=993058"}],"curies":[{"name":"wp","href":"https:\/\/api.w.org\/{rel}","templated":true}]}}