{"id":993063,"date":"2024-12-20T10:48:53","date_gmt":"2024-12-20T07:48:53","guid":{"rendered":"https:\/\/cukurpartners.com\/packaging-paper\/"},"modified":"2025-04-25T16:21:15","modified_gmt":"2025-04-25T13:21:15","slug":"kagit-ve-ambalaj-sanayi","status":"publish","type":"page","link":"https:\/\/cukurpartners.com\/tr\/sektorler\/kagit-ve-ambalaj-sanayi\/","title":{"rendered":"KAG\u0306IT VE AMBALAJ SANAYI\u0307"},"content":{"rendered":"\t\t<div data-elementor-type=\"wp-page\" data-elementor-id=\"993063\" class=\"elementor elementor-993063 elementor-991756\" data-elementor-post-type=\"page\">\n\t\t\t\t<div class=\"elementor-element elementor-element-31fdfdf6 e-flex e-con-boxed e-con e-parent\" data-id=\"31fdfdf6\" data-element_type=\"container\" data-settings=\"{&quot;background_background&quot;:&quot;classic&quot;,&quot;animation&quot;:&quot;none&quot;}\">\n\t\t\t\t\t<div class=\"e-con-inner\">\n\t\t<div class=\"elementor-element elementor-element-4e7e5179 e-con-full e-flex e-con e-child\" data-id=\"4e7e5179\" data-element_type=\"container\">\n\t\t\t\t<div class=\"elementor-element elementor-element-6b7ea713 elementor-widget elementor-widget-heading\" data-id=\"6b7ea713\" data-element_type=\"widget\" data-settings=\"{&quot;_animation&quot;:&quot;none&quot;,&quot;_animation_tablet&quot;:&quot;none&quot;}\" data-widget_type=\"heading.default\">\n\t\t\t\t<div class=\"elementor-widget-container\">\n\t\t\t\t\t<h1 class=\"elementor-heading-title elementor-size-default\">KAG\u0306IT VE AMBALAJ SANAYI\u0307<\/h1>\t\t\t\t<\/div>\n\t\t\t\t<\/div>\n\t\t\t\t<\/div>\n\t\t\t\t\t<\/div>\n\t\t\t\t<\/div>\n\t\t<div class=\"elementor-element elementor-element-7f4e5eaa e-con-full e-flex e-con e-parent\" data-id=\"7f4e5eaa\" data-element_type=\"container\">\n\t\t<div class=\"elementor-element elementor-element-11e24e19 e-flex e-con-boxed e-con e-child\" data-id=\"11e24e19\" data-element_type=\"container\">\n\t\t\t\t\t<div class=\"e-con-inner\">\n\t\t\t\t<div class=\"elementor-element elementor-element-d1ff11b focusarea elementor-widget elementor-widget-text-editor\" data-id=\"d1ff11b\" data-element_type=\"widget\" data-widget_type=\"text-editor.default\">\n\t\t\t\t<div class=\"elementor-widget-container\">\n\t\t\t\t\t\t\t\t\t<ul><li><span style=\"font-weight: 400;\">KA\u011eIT SANAY\u0130<\/span><\/li><li><span style=\"font-weight: 400;\">\u00d6ZEL VE L\u00dcKS KARTON VE KA\u011eIT \u00dcR\u00dcNLER\u0130<\/span><\/li><li><span style=\"font-weight: 400;\">H\u0130JYEN VE TEM\u0130ZL\u0130K KA\u011eITLARI<\/span><\/li><li><span style=\"font-weight: 400;\">GER\u0130 D\u00d6N\u00dc\u015eT\u00dcR\u00dcLM\u00dc\u015e KA\u011eIT<\/span><\/li><li><span style=\"font-weight: 400;\">ORMANCILIK VE AH\u015eAP \u00dcR\u00dcNLER\u0130<\/span><\/li><li><span style=\"font-weight: 400;\">AMBALAJ SANAY\u0130<\/span><\/li><li><span style=\"font-weight: 400;\">KA\u011eIT AMBALAJ<\/span><\/li><li><span style=\"font-weight: 400;\">ESNEK AMBALAJ<\/span><\/li><li><span style=\"font-weight: 400;\">CAM AMBALAJ<\/span><\/li><li><span style=\"font-weight: 400;\">PLAST\u0130K AMBALAJ<\/span><\/li><li><span style=\"font-weight: 400;\">METAL AMBALAJ<\/span><\/li><li><span style=\"font-weight: 400;\">AH\u015eAP AMBALAJ<\/span><\/li><li><span style=\"font-weight: 400;\">TORBALAR VE KUTULAR<\/span><\/li><li><span style=\"font-weight: 400;\">AMBALAJ TASARIMI\u00a0<\/span><\/li><li><span style=\"font-weight: 400;\">ET\u0130KETLEME<\/span><\/li><li><span style=\"font-weight: 400;\">BASKI<\/span><\/li><li><span style=\"font-weight: 400;\">ETK\u0130LE\u015e\u0130ML\u0130 VE AKILLI AMBALAJLAR<\/span><\/li><li><span style=\"font-weight: 400;\">AMBALAJ MAK\u0130NELER\u0130 VE TEKNOLOJ\u0130LER\u0130<\/span><\/li><\/ul>\t\t\t\t\t\t\t\t<\/div>\n\t\t\t\t<\/div>\n\t\t\t\t\t<\/div>\n\t\t\t\t<\/div>\n\t\t\t\t<\/div>\n\t\t\t\t<\/div>\n\t\t","protected":false},"excerpt":{"rendered":"<p>KA\u011eIT SANAY\u0130 \u00d6ZEL VE L\u00dcKS KARTON VE KA\u011eIT \u00dcR\u00dcNLER\u0130 H\u0130JYEN VE TEM\u0130ZL\u0130K KA\u011eITLARI GER\u0130 D\u00d6N\u00dc\u015eT\u00dcR\u00dcLM\u00dc\u015e KA\u011eIT ORMANCILIK VE AH\u015eAP \u00dcR\u00dcNLER\u0130 AMBALAJ SANAY\u0130 KA\u011eIT AMBALAJ ESNEK AMBALAJ CAM AMBALAJ PLAST\u0130K AMBALAJ METAL AMBALAJ AH\u015eAP AMBALAJ TORBALAR VE KUTULAR AMBALAJ TASARIMI\u00a0 ET\u0130KETLEME BASKI ETK\u0130LE\u015e\u0130ML\u0130 VE AKILLI AMBALAJLAR AMBALAJ MAK\u0130NELER\u0130 VE TEKNOLOJ\u0130LER\u0130<\/p>\n","protected":false},"author":1,"featured_media":991758,"parent":993113,"menu_order":39,"comment_status":"closed","ping_status":"closed","template":"","meta":{"footnotes":""},"class_list":["post-993063","page","type-page","status-publish","has-post-thumbnail","hentry"],"_links":{"self":[{"href":"https:\/\/cukurpartners.com\/tr\/wp-json\/wp\/v2\/pages\/993063","targetHints":{"allow":["GET"]}}],"collection":[{"href":"https:\/\/cukurpartners.com\/tr\/wp-json\/wp\/v2\/pages"}],"about":[{"href":"https:\/\/cukurpartners.com\/tr\/wp-json\/wp\/v2\/types\/page"}],"author":[{"embeddable":true,"href":"https:\/\/cukurpartners.com\/tr\/wp-json\/wp\/v2\/users\/1"}],"replies":[{"embeddable":true,"href":"https:\/\/cukurpartners.com\/tr\/wp-json\/wp\/v2\/comments?post=993063"}],"version-history":[{"count":4,"href":"https:\/\/cukurpartners.com\/tr\/wp-json\/wp\/v2\/pages\/993063\/revisions"}],"predecessor-version":[{"id":993067,"href":"https:\/\/cukurpartners.com\/tr\/wp-json\/wp\/v2\/pages\/993063\/revisions\/993067"}],"up":[{"embeddable":true,"href":"https:\/\/cukurpartners.com\/tr\/wp-json\/wp\/v2\/pages\/993113"}],"wp:featuredmedia":[{"embeddable":true,"href":"https:\/\/cukurpartners.com\/tr\/wp-json\/wp\/v2\/media\/991758"}],"wp:attachment":[{"href":"https:\/\/cukurpartners.com\/tr\/wp-json\/wp\/v2\/media?parent=993063"}],"curies":[{"name":"wp","href":"https:\/\/api.w.org\/{rel}","templated":true}]}}