{"id":993068,"date":"2024-12-20T10:12:16","date_gmt":"2024-12-20T07:12:16","guid":{"rendered":"https:\/\/cukurpartners.com\/logistics-supply-chain\/"},"modified":"2025-04-25T16:22:59","modified_gmt":"2025-04-25T13:22:59","slug":"lojiistik-ve-tedarik-zinciri","status":"publish","type":"page","link":"https:\/\/cukurpartners.com\/tr\/sektorler\/lojiistik-ve-tedarik-zinciri\/","title":{"rendered":"LOJII\u0307STI\u0307K VE TEDARI\u0307K ZI\u0307NCI\u0307RI\u0307"},"content":{"rendered":"\t\t<div data-elementor-type=\"wp-page\" data-elementor-id=\"993068\" class=\"elementor elementor-993068 elementor-991732\" data-elementor-post-type=\"page\">\n\t\t\t\t<div class=\"elementor-element elementor-element-3ff3e3f1 e-flex e-con-boxed e-con e-parent\" data-id=\"3ff3e3f1\" data-element_type=\"container\" data-settings=\"{&quot;background_background&quot;:&quot;classic&quot;,&quot;animation&quot;:&quot;none&quot;}\">\n\t\t\t\t\t<div class=\"e-con-inner\">\n\t\t<div class=\"elementor-element elementor-element-583e94fb e-con-full e-flex e-con e-child\" data-id=\"583e94fb\" data-element_type=\"container\">\n\t\t\t\t<div class=\"elementor-element elementor-element-ae2571e elementor-widget elementor-widget-heading\" data-id=\"ae2571e\" data-element_type=\"widget\" data-settings=\"{&quot;_animation&quot;:&quot;none&quot;,&quot;_animation_tablet&quot;:&quot;none&quot;}\" data-widget_type=\"heading.default\">\n\t\t\t\t<div class=\"elementor-widget-container\">\n\t\t\t\t\t<h1 class=\"elementor-heading-title elementor-size-default\">LOJII\u0307STI\u0307K VE TEDARI\u0307K ZI\u0307NCI\u0307RI\u0307<\/h1>\t\t\t\t<\/div>\n\t\t\t\t<\/div>\n\t\t\t\t<\/div>\n\t\t\t\t\t<\/div>\n\t\t\t\t<\/div>\n\t\t<div class=\"elementor-element elementor-element-68615668 e-con-full e-flex e-con e-parent\" data-id=\"68615668\" data-element_type=\"container\">\n\t\t<div class=\"elementor-element elementor-element-2531a017 e-flex e-con-boxed e-con e-child\" data-id=\"2531a017\" data-element_type=\"container\">\n\t\t\t\t\t<div class=\"e-con-inner\">\n\t\t\t\t<div class=\"elementor-element elementor-element-23fd92d focusarea elementor-widget elementor-widget-text-editor\" data-id=\"23fd92d\" data-element_type=\"widget\" data-widget_type=\"text-editor.default\">\n\t\t\t\t<div class=\"elementor-widget-container\">\n\t\t\t\t\t\t\t\t\t<ul><li><span style=\"font-weight: 400;\">DEN\u0130ZC\u0130L\u0130K VE DEN\u0130Z TA\u015eIMACILI\u011eI<\/span><\/li><li><span style=\"font-weight: 400;\">ARMAT\u00d6RLER<\/span><\/li><li><span style=\"font-weight: 400;\">L\u0130MANLAR, TERM\u0130NAL \u0130\u015eLETMELER\u0130 VE H\u0130ZMETLER\u0130<\/span><\/li><li><span style=\"font-weight: 400;\">TERSANELER<\/span><\/li><li><span style=\"font-weight: 400;\">HAVAYOLU TA\u015eIMACILI\u011eI<\/span><\/li><li><span style=\"font-weight: 400;\">HAVA KARGO<\/span><\/li><li><span style=\"font-weight: 400;\">HAVAYOLU \u015e\u0130RKETLER\u0130 VE CHARTER H\u0130ZMETLER\u0130<\/span><\/li><li><span style=\"font-weight: 400;\">KRUVAZ\u0130YER HATLARI<\/span><\/li><li><span style=\"font-weight: 400;\">LOJ\u0130ST\u0130K<\/span><\/li><li><span style=\"font-weight: 400;\">DEPOLAMA VE SAKLAMA<\/span><\/li><li><span style=\"font-weight: 400;\">KARAYOLU TA\u015eIMACILI\u011eI VE KAMYON NAKL\u0130YATI<\/span><\/li><li><span style=\"font-weight: 400;\">OTOB\u00dcS VE SERV\u0130S \u015e\u0130RKETLER\u0130<\/span><\/li><li><span style=\"font-weight: 400;\">DEM\u0130RYOLU TA\u015eIMACILI\u011eI<\/span><\/li><li><span style=\"font-weight: 400;\">TA\u015eIMACILIK TEKNOLOJ\u0130LER\u0130<\/span><\/li><li><span style=\"font-weight: 400;\">TEDAR\u0130K Z\u0130NC\u0130R\u0130 Y\u00d6NET\u0130M\u0130<\/span><\/li><li><span style=\"font-weight: 400;\">KARGO H\u0130ZMETLER\u0130<\/span><\/li><li><span style=\"font-weight: 400;\">TA\u015eIYICILAR<\/span><\/li><li><span style=\"font-weight: 400;\">BROKERLER<\/span><\/li><li><span style=\"font-weight: 400;\">ACENTELER<\/span><\/li><li><span style=\"font-weight: 400;\">FREIGHT FORWARDER H\u0130ZMETLER\u0130<\/span><\/li><li><span style=\"font-weight: 400;\">SO\u011eUK Z\u0130NC\u0130R LOJ\u0130ST\u0130\u011e\u0130<\/span><\/li><li><span style=\"font-weight: 400;\">G\u00dcMR\u00dcK DANI\u015eMANLI\u011eI VE G\u00dcMR\u00dcK BROKERLI\u011eI<\/span><\/li><li><span style=\"font-weight: 400;\">P&amp;I KUL\u00dcPLER\u0130<\/span><\/li><li><span style=\"font-weight: 400;\">S\u0130GORTA<\/span><\/li><li><span style=\"font-weight: 400;\">REAS\u00dcRANS<\/span><\/li><\/ul>\t\t\t\t\t\t\t\t<\/div>\n\t\t\t\t<\/div>\n\t\t\t\t\t<\/div>\n\t\t\t\t<\/div>\n\t\t\t\t<\/div>\n\t\t\t\t<\/div>\n\t\t","protected":false},"excerpt":{"rendered":"<p>DEN\u0130ZC\u0130L\u0130K VE DEN\u0130Z TA\u015eIMACILI\u011eI ARMAT\u00d6RLER L\u0130MANLAR, TERM\u0130NAL \u0130\u015eLETMELER\u0130 VE H\u0130ZMETLER\u0130 TERSANELER HAVAYOLU TA\u015eIMACILI\u011eI HAVA KARGO HAVAYOLU \u015e\u0130RKETLER\u0130 VE CHARTER H\u0130ZMETLER\u0130 KRUVAZ\u0130YER HATLARI LOJ\u0130ST\u0130K DEPOLAMA VE SAKLAMA KARAYOLU TA\u015eIMACILI\u011eI VE KAMYON NAKL\u0130YATI OTOB\u00dcS VE SERV\u0130S \u015e\u0130RKETLER\u0130 DEM\u0130RYOLU TA\u015eIMACILI\u011eI TA\u015eIMACILIK TEKNOLOJ\u0130LER\u0130 TEDAR\u0130K Z\u0130NC\u0130R\u0130 Y\u00d6NET\u0130M\u0130 KARGO H\u0130ZMETLER\u0130 TA\u015eIYICILAR BROKERLER ACENTELER FREIGHT FORWARDER H\u0130ZMETLER\u0130 SO\u011eUK Z\u0130NC\u0130R LOJ\u0130ST\u0130\u011e\u0130 G\u00dcMR\u00dcK DANI\u015eMANLI\u011eI&#8230;<\/p>\n","protected":false},"author":1,"featured_media":991734,"parent":993113,"menu_order":45,"comment_status":"closed","ping_status":"closed","template":"","meta":{"footnotes":""},"class_list":["post-993068","page","type-page","status-publish","has-post-thumbnail","hentry"],"_links":{"self":[{"href":"https:\/\/cukurpartners.com\/tr\/wp-json\/wp\/v2\/pages\/993068","targetHints":{"allow":["GET"]}}],"collection":[{"href":"https:\/\/cukurpartners.com\/tr\/wp-json\/wp\/v2\/pages"}],"about":[{"href":"https:\/\/cukurpartners.com\/tr\/wp-json\/wp\/v2\/types\/page"}],"author":[{"embeddable":true,"href":"https:\/\/cukurpartners.com\/tr\/wp-json\/wp\/v2\/users\/1"}],"replies":[{"embeddable":true,"href":"https:\/\/cukurpartners.com\/tr\/wp-json\/wp\/v2\/comments?post=993068"}],"version-history":[{"count":4,"href":"https:\/\/cukurpartners.com\/tr\/wp-json\/wp\/v2\/pages\/993068\/revisions"}],"predecessor-version":[{"id":993072,"href":"https:\/\/cukurpartners.com\/tr\/wp-json\/wp\/v2\/pages\/993068\/revisions\/993072"}],"up":[{"embeddable":true,"href":"https:\/\/cukurpartners.com\/tr\/wp-json\/wp\/v2\/pages\/993113"}],"wp:featuredmedia":[{"embeddable":true,"href":"https:\/\/cukurpartners.com\/tr\/wp-json\/wp\/v2\/media\/991734"}],"wp:attachment":[{"href":"https:\/\/cukurpartners.com\/tr\/wp-json\/wp\/v2\/media?parent=993068"}],"curies":[{"name":"wp","href":"https:\/\/api.w.org\/{rel}","templated":true}]}}