{"id":993073,"date":"2024-12-20T10:45:06","date_gmt":"2024-12-20T07:45:06","guid":{"rendered":"https:\/\/cukurpartners.com\/mining-natural-resources\/"},"modified":"2025-04-25T16:25:12","modified_gmt":"2025-04-25T13:25:12","slug":"madencilik-ve-dogal-kaynaklar","status":"publish","type":"page","link":"https:\/\/cukurpartners.com\/tr\/sektorler\/madencilik-ve-dogal-kaynaklar\/","title":{"rendered":"MADENCI\u0307LI\u0307K VE DOG\u0306AL KAYNAKLAR"},"content":{"rendered":"\t\t<div data-elementor-type=\"wp-page\" data-elementor-id=\"993073\" class=\"elementor elementor-993073 elementor-991748\" data-elementor-post-type=\"page\">\n\t\t\t\t<div class=\"elementor-element elementor-element-5d4a54b e-flex e-con-boxed e-con e-parent\" data-id=\"5d4a54b\" data-element_type=\"container\" data-settings=\"{&quot;background_background&quot;:&quot;classic&quot;,&quot;animation&quot;:&quot;none&quot;}\">\n\t\t\t\t\t<div class=\"e-con-inner\">\n\t\t<div class=\"elementor-element elementor-element-13ec4ea3 e-con-full e-flex e-con e-child\" data-id=\"13ec4ea3\" data-element_type=\"container\">\n\t\t\t\t<div class=\"elementor-element elementor-element-77f822c elementor-widget elementor-widget-heading\" data-id=\"77f822c\" data-element_type=\"widget\" data-settings=\"{&quot;_animation&quot;:&quot;none&quot;,&quot;_animation_tablet&quot;:&quot;none&quot;}\" data-widget_type=\"heading.default\">\n\t\t\t\t<div class=\"elementor-widget-container\">\n\t\t\t\t\t<h1 class=\"elementor-heading-title elementor-size-default\">MADENCI\u0307LI\u0307K VE DOG\u0306AL KAYNAKLAR<\/h1>\t\t\t\t<\/div>\n\t\t\t\t<\/div>\n\t\t\t\t<\/div>\n\t\t\t\t\t<\/div>\n\t\t\t\t<\/div>\n\t\t<div class=\"elementor-element elementor-element-a98b61e e-con-full e-flex e-con e-parent\" data-id=\"a98b61e\" data-element_type=\"container\">\n\t\t<div class=\"elementor-element elementor-element-5c8568b4 e-flex e-con-boxed e-con e-child\" data-id=\"5c8568b4\" data-element_type=\"container\">\n\t\t\t\t\t<div class=\"e-con-inner\">\n\t\t\t\t<div class=\"elementor-element elementor-element-32c29fa3 focusarea elementor-widget elementor-widget-text-editor\" data-id=\"32c29fa3\" data-element_type=\"widget\" data-widget_type=\"text-editor.default\">\n\t\t\t\t<div class=\"elementor-widget-container\">\n\t\t\t\t\t\t\t\t\t<ul><li><span style=\"font-weight: 400;\">MADENC\u0130L\u0130K<\/span><\/li><li><span style=\"font-weight: 400;\">M\u0130NERALLER<\/span><\/li><li><span style=\"font-weight: 400;\">METALLER<\/span><\/li><li><span style=\"font-weight: 400;\">BAZ VE DE\u011eERL\u0130 METALLER<\/span><\/li><li><span style=\"font-weight: 400;\">END\u00dcSTR\u0130YEL M\u0130NERALLER<\/span><\/li><li><span style=\"font-weight: 400;\">NAD\u0130R TOPRAK ELEMENTLER\u0130 VE KR\u0130T\u0130K M\u0130NERALLER<\/span><\/li><li><span style=\"font-weight: 400;\">K\u00d6M\u00dcR<\/span><\/li><li><span style=\"font-weight: 400;\">EMT\u0130A<\/span><\/li><li><span style=\"font-weight: 400;\">PETROL VE DO\u011eALGAZ<\/span><\/li><li><span style=\"font-weight: 400;\">DO\u011eAL KAYNAKLAR<\/span><\/li><li><span style=\"font-weight: 400;\">SU<\/span><\/li><li><span style=\"font-weight: 400;\">MADEN ARAMA VE GEL\u0130\u015eT\u0130RME<\/span><\/li><li><span style=\"font-weight: 400;\">\u0130\u015eLETME VE \u00dcRET\u0130M<\/span><\/li><\/ul>\t\t\t\t\t\t\t\t<\/div>\n\t\t\t\t<\/div>\n\t\t\t\t\t<\/div>\n\t\t\t\t<\/div>\n\t\t\t\t<\/div>\n\t\t\t\t<\/div>\n\t\t","protected":false},"excerpt":{"rendered":"<p>MADENC\u0130L\u0130K M\u0130NERALLER METALLER BAZ VE DE\u011eERL\u0130 METALLER END\u00dcSTR\u0130YEL M\u0130NERALLER NAD\u0130R TOPRAK ELEMENTLER\u0130 VE KR\u0130T\u0130K M\u0130NERALLER K\u00d6M\u00dcR EMT\u0130A PETROL VE DO\u011eALGAZ DO\u011eAL KAYNAKLAR SU MADEN ARAMA VE GEL\u0130\u015eT\u0130RME \u0130\u015eLETME VE \u00dcRET\u0130M<\/p>\n","protected":false},"author":1,"featured_media":991750,"parent":993113,"menu_order":41,"comment_status":"closed","ping_status":"closed","template":"","meta":{"footnotes":""},"class_list":["post-993073","page","type-page","status-publish","has-post-thumbnail","hentry"],"_links":{"self":[{"href":"https:\/\/cukurpartners.com\/tr\/wp-json\/wp\/v2\/pages\/993073","targetHints":{"allow":["GET"]}}],"collection":[{"href":"https:\/\/cukurpartners.com\/tr\/wp-json\/wp\/v2\/pages"}],"about":[{"href":"https:\/\/cukurpartners.com\/tr\/wp-json\/wp\/v2\/types\/page"}],"author":[{"embeddable":true,"href":"https:\/\/cukurpartners.com\/tr\/wp-json\/wp\/v2\/users\/1"}],"replies":[{"embeddable":true,"href":"https:\/\/cukurpartners.com\/tr\/wp-json\/wp\/v2\/comments?post=993073"}],"version-history":[{"count":4,"href":"https:\/\/cukurpartners.com\/tr\/wp-json\/wp\/v2\/pages\/993073\/revisions"}],"predecessor-version":[{"id":993077,"href":"https:\/\/cukurpartners.com\/tr\/wp-json\/wp\/v2\/pages\/993073\/revisions\/993077"}],"up":[{"embeddable":true,"href":"https:\/\/cukurpartners.com\/tr\/wp-json\/wp\/v2\/pages\/993113"}],"wp:featuredmedia":[{"embeddable":true,"href":"https:\/\/cukurpartners.com\/tr\/wp-json\/wp\/v2\/media\/991750"}],"wp:attachment":[{"href":"https:\/\/cukurpartners.com\/tr\/wp-json\/wp\/v2\/media?parent=993073"}],"curies":[{"name":"wp","href":"https:\/\/api.w.org\/{rel}","templated":true}]}}