{"id":993078,"date":"2024-12-20T10:16:45","date_gmt":"2024-12-20T07:16:45","guid":{"rendered":"https:\/\/cukurpartners.com\/media-entertainment\/"},"modified":"2025-04-25T16:28:04","modified_gmt":"2025-04-25T13:28:04","slug":"medya-ve-eglence","status":"publish","type":"page","link":"https:\/\/cukurpartners.com\/tr\/sektorler\/medya-ve-eglence\/","title":{"rendered":"MEDYA VE EG\u0306LENCE"},"content":{"rendered":"\t\t<div data-elementor-type=\"wp-page\" data-elementor-id=\"993078\" class=\"elementor elementor-993078 elementor-991740\" data-elementor-post-type=\"page\">\n\t\t\t\t<div class=\"elementor-element elementor-element-18ed6301 e-flex e-con-boxed e-con e-parent\" data-id=\"18ed6301\" data-element_type=\"container\" data-settings=\"{&quot;background_background&quot;:&quot;classic&quot;,&quot;animation&quot;:&quot;none&quot;}\">\n\t\t\t\t\t<div class=\"e-con-inner\">\n\t\t<div class=\"elementor-element elementor-element-6e0c3309 e-con-full e-flex e-con e-child\" data-id=\"6e0c3309\" data-element_type=\"container\">\n\t\t\t\t<div class=\"elementor-element elementor-element-1d82dd77 elementor-widget elementor-widget-heading\" data-id=\"1d82dd77\" data-element_type=\"widget\" data-settings=\"{&quot;_animation&quot;:&quot;none&quot;,&quot;_animation_tablet&quot;:&quot;none&quot;}\" data-widget_type=\"heading.default\">\n\t\t\t\t<div class=\"elementor-widget-container\">\n\t\t\t\t\t<h1 class=\"elementor-heading-title elementor-size-default\">MEDYA VE EG\u0306LENCE<\/h1>\t\t\t\t<\/div>\n\t\t\t\t<\/div>\n\t\t\t\t<\/div>\n\t\t\t\t\t<\/div>\n\t\t\t\t<\/div>\n\t\t<div class=\"elementor-element elementor-element-67659115 e-con-full e-flex e-con e-parent\" data-id=\"67659115\" data-element_type=\"container\">\n\t\t<div class=\"elementor-element elementor-element-7ab7e164 e-flex e-con-boxed e-con e-child\" data-id=\"7ab7e164\" data-element_type=\"container\">\n\t\t\t\t\t<div class=\"e-con-inner\">\n\t\t\t\t<div class=\"elementor-element elementor-element-32e906ed focusarea elementor-widget elementor-widget-text-editor\" data-id=\"32e906ed\" data-element_type=\"widget\" data-widget_type=\"text-editor.default\">\n\t\t\t\t<div class=\"elementor-widget-container\">\n\t\t\t\t\t\t\t\t\t<ul><li><span style=\"font-weight: 400;\">TELEV\u0130ZYON<\/span><\/li><li><span style=\"font-weight: 400;\">D\u0130J\u0130TAL PLATFORMLAR<\/span><\/li><li><span style=\"font-weight: 400;\">YAYINCILIK<\/span><\/li><li><span style=\"font-weight: 400;\">S\u0130NEMA<\/span><\/li><li><span style=\"font-weight: 400;\">\u0130NTERNET VE WEB<\/span><\/li><li><span style=\"font-weight: 400;\">D\u0130J\u0130TAL MEDYA<\/span><\/li><li><span style=\"font-weight: 400;\">SOSYAL MEDYA<\/span><\/li><li><span style=\"font-weight: 400;\">MEDYA \u00dcRET\u0130M\u0130 VE DA\u011eITIMI<\/span><\/li><li><span style=\"font-weight: 400;\">D\u0130J\u0130TAL VE MOB\u0130L OYUNLAR<\/span><\/li><li><span style=\"font-weight: 400;\">V\u0130DEO OYUNLARI VE ETK\u0130LE\u015e\u0130ML\u0130 E\u011eLENCE<\/span><\/li><li><span style=\"font-weight: 400;\">D\u0130J\u0130TAL PAZARLAMA<\/span><\/li><li><span style=\"font-weight: 400;\">REKLAMCILIK<\/span><\/li><li><span style=\"font-weight: 400;\">MARKA Y\u00d6NET\u0130M\u0130<\/span><\/li><li><span style=\"font-weight: 400;\">INFLUENCER PAZARLAMA<\/span><\/li><li><span style=\"font-weight: 400;\">M\u00dcZ\u0130K<\/span><\/li><li><span style=\"font-weight: 400;\">BASIN YAYIN<\/span><\/li><li><span style=\"font-weight: 400;\">D\u0130J\u0130TAL YAYINCILIK<\/span><\/li><li><span style=\"font-weight: 400;\">D\u0130J\u0130TAL SANAT<\/span><\/li><li><span style=\"font-weight: 400;\">RADYO<\/span><\/li><li><span style=\"font-weight: 400;\">AKI\u015e TEKNOLOJ\u0130LER\u0130 VE PLATFORMLARI<\/span><\/li><li><span style=\"font-weight: 400;\">SANAT\u00c7ILAR<\/span><\/li><li><span style=\"font-weight: 400;\">SANAT\u00c7I VE SPORCU AJANSLARI VE MENEJERLER<\/span><\/li><li><span style=\"font-weight: 400;\">E-SPOR<\/span><\/li><li><span style=\"font-weight: 400;\">SPOR<\/span><\/li><li><span style=\"font-weight: 400;\">SPORCULAR<\/span><\/li><li><span style=\"font-weight: 400;\">KONSERLER VE ETK\u0130NL\u0130KLER<\/span><\/li><li><span style=\"font-weight: 400;\">PERFORMANS SANATLARI<\/span><\/li><li><span style=\"font-weight: 400;\">TV, S\u0130NEMA VE MEDYA F\u0130NANSMANI<\/span><\/li><\/ul>\t\t\t\t\t\t\t\t<\/div>\n\t\t\t\t<\/div>\n\t\t\t\t\t<\/div>\n\t\t\t\t<\/div>\n\t\t\t\t<\/div>\n\t\t\t\t<\/div>\n\t\t","protected":false},"excerpt":{"rendered":"<p>TELEV\u0130ZYON D\u0130J\u0130TAL PLATFORMLAR YAYINCILIK S\u0130NEMA \u0130NTERNET VE WEB D\u0130J\u0130TAL MEDYA SOSYAL MEDYA MEDYA \u00dcRET\u0130M\u0130 VE DA\u011eITIMI D\u0130J\u0130TAL VE MOB\u0130L OYUNLAR V\u0130DEO OYUNLARI VE ETK\u0130LE\u015e\u0130ML\u0130 E\u011eLENCE D\u0130J\u0130TAL PAZARLAMA REKLAMCILIK MARKA Y\u00d6NET\u0130M\u0130 INFLUENCER PAZARLAMA M\u00dcZ\u0130K BASIN YAYIN D\u0130J\u0130TAL YAYINCILIK D\u0130J\u0130TAL SANAT RADYO AKI\u015e TEKNOLOJ\u0130LER\u0130 VE PLATFORMLARI SANAT\u00c7ILAR SANAT\u00c7I VE SPORCU AJANSLARI VE MENEJERLER E-SPOR SPOR SPORCULAR KONSERLER&#8230;<\/p>\n","protected":false},"author":1,"featured_media":991742,"parent":993113,"menu_order":43,"comment_status":"closed","ping_status":"closed","template":"","meta":{"footnotes":""},"class_list":["post-993078","page","type-page","status-publish","has-post-thumbnail","hentry"],"_links":{"self":[{"href":"https:\/\/cukurpartners.com\/tr\/wp-json\/wp\/v2\/pages\/993078","targetHints":{"allow":["GET"]}}],"collection":[{"href":"https:\/\/cukurpartners.com\/tr\/wp-json\/wp\/v2\/pages"}],"about":[{"href":"https:\/\/cukurpartners.com\/tr\/wp-json\/wp\/v2\/types\/page"}],"author":[{"embeddable":true,"href":"https:\/\/cukurpartners.com\/tr\/wp-json\/wp\/v2\/users\/1"}],"replies":[{"embeddable":true,"href":"https:\/\/cukurpartners.com\/tr\/wp-json\/wp\/v2\/comments?post=993078"}],"version-history":[{"count":4,"href":"https:\/\/cukurpartners.com\/tr\/wp-json\/wp\/v2\/pages\/993078\/revisions"}],"predecessor-version":[{"id":993082,"href":"https:\/\/cukurpartners.com\/tr\/wp-json\/wp\/v2\/pages\/993078\/revisions\/993082"}],"up":[{"embeddable":true,"href":"https:\/\/cukurpartners.com\/tr\/wp-json\/wp\/v2\/pages\/993113"}],"wp:featuredmedia":[{"embeddable":true,"href":"https:\/\/cukurpartners.com\/tr\/wp-json\/wp\/v2\/media\/991742"}],"wp:attachment":[{"href":"https:\/\/cukurpartners.com\/tr\/wp-json\/wp\/v2\/media?parent=993078"}],"curies":[{"name":"wp","href":"https:\/\/api.w.org\/{rel}","templated":true}]}}