{"id":993083,"date":"2024-12-19T17:35:38","date_gmt":"2024-12-19T14:35:38","guid":{"rendered":"https:\/\/cukurpartners.com\/automotive-mobility\/"},"modified":"2025-04-25T16:30:40","modified_gmt":"2025-04-25T13:30:40","slug":"otomotiv-ve-tasit-araclari","status":"publish","type":"page","link":"https:\/\/cukurpartners.com\/tr\/sektorler\/otomotiv-ve-tasit-araclari\/","title":{"rendered":"OTOMOTI\u0307V VE TAS\u0327IT ARAC\u0327LARI"},"content":{"rendered":"\t\t<div data-elementor-type=\"wp-page\" data-elementor-id=\"993083\" class=\"elementor elementor-993083 elementor-991644\" data-elementor-post-type=\"page\">\n\t\t\t\t<div class=\"elementor-element elementor-element-378f49db e-flex e-con-boxed e-con e-parent\" data-id=\"378f49db\" data-element_type=\"container\" data-settings=\"{&quot;background_background&quot;:&quot;classic&quot;,&quot;animation&quot;:&quot;none&quot;}\">\n\t\t\t\t\t<div class=\"e-con-inner\">\n\t\t<div class=\"elementor-element elementor-element-58417ff5 e-con-full e-flex e-con e-child\" data-id=\"58417ff5\" data-element_type=\"container\">\n\t\t\t\t<div class=\"elementor-element elementor-element-1f761f6e elementor-widget elementor-widget-heading\" data-id=\"1f761f6e\" data-element_type=\"widget\" data-settings=\"{&quot;_animation&quot;:&quot;none&quot;,&quot;_animation_tablet&quot;:&quot;none&quot;}\" data-widget_type=\"heading.default\">\n\t\t\t\t<div class=\"elementor-widget-container\">\n\t\t\t\t\t<h1 class=\"elementor-heading-title elementor-size-default\">OTOMOTI\u0307V VE TAS\u0327IT ARAC\u0327LARI<\/h1>\t\t\t\t<\/div>\n\t\t\t\t<\/div>\n\t\t\t\t<\/div>\n\t\t\t\t\t<\/div>\n\t\t\t\t<\/div>\n\t\t<div class=\"elementor-element elementor-element-a79c681 e-con-full e-flex e-con e-parent\" data-id=\"a79c681\" data-element_type=\"container\">\n\t\t<div class=\"elementor-element elementor-element-521aad24 e-flex e-con-boxed e-con e-child\" data-id=\"521aad24\" data-element_type=\"container\">\n\t\t\t\t\t<div class=\"e-con-inner\">\n\t\t\t\t<div class=\"elementor-element elementor-element-5be99ae0 focusarea elementor-widget elementor-widget-text-editor\" data-id=\"5be99ae0\" data-element_type=\"widget\" data-widget_type=\"text-editor.default\">\n\t\t\t\t<div class=\"elementor-widget-container\">\n\t\t\t\t\t\t\t\t\t<ul><li><span style=\"font-weight: 400;\">OTOMOT\u0130V SANAY\u0130 VE OR\u0130J\u0130NAL EK\u0130PMAN \u00dcRET\u0130C\u0130LER\u0130 (OEM\u2019LER)<\/span><\/li><li><span style=\"font-weight: 400;\">MOTORLU ARA\u00c7 VE TA\u015eIT \u00dcRET\u0130M\u0130 VE MONTAJI<\/span><\/li><li><span style=\"font-weight: 400;\">T\u0130ER 1 VE T\u0130ER 2 TEDAR\u0130K\u00c7\u0130LER<\/span><\/li><li><span style=\"font-weight: 400;\">TA\u015eIT YAN SANAY\u0130 VE PAR\u00c7A \u00dcRET\u0130C\u0130LER\u0130<\/span><\/li><li><span style=\"font-weight: 400;\">ELEKTR\u0130KL\u0130 ARA\u00c7LAR (EV\u2019LER) VE YEN\u0130 MOB\u0130L\u0130TE TEKNOLOJ\u0130LER\u0130<\/span><\/li><li><span style=\"font-weight: 400;\">OTONOM ARA\u00c7LAR<\/span><\/li><li><span style=\"font-weight: 400;\">BA\u011eLANTILI ARA\u00c7LAR<\/span><\/li><li><span style=\"font-weight: 400;\">D\u0130STR\u0130B\u00dcT\u00d6RLER VE BAY\u0130LER<\/span><\/li><li><span style=\"font-weight: 400;\">KAMYONLAR<\/span><\/li><li><span style=\"font-weight: 400;\">OTOB\u00dcSLER<\/span><\/li><li><span style=\"font-weight: 400;\">TRAKT\u00d6RLER<\/span><\/li><li><span style=\"font-weight: 400;\">MOTOS\u0130KLET, ELEKTR\u0130KL\u0130 B\u0130S\u0130KLET, SCOOTER<\/span><\/li><li><span style=\"font-weight: 400;\">SATI\u015e SONRASI H\u0130ZMETLER, SERV\u0130S VE BAKIM H\u0130ZMETLER\u0130<\/span><\/li><li><span style=\"font-weight: 400;\">YEDEK PAR\u00c7ALAR<\/span><\/li><li><span style=\"font-weight: 400;\">MOB\u0130L\u0130TE H\u0130ZMETLER\u0130<\/span><\/li><li><span style=\"font-weight: 400;\">F\u0130LO K\u0130RALAMA<\/span><\/li><li><span style=\"font-weight: 400;\">MOTORLU TA\u015eIT VE ARA\u00c7 F\u0130NANSMANI<\/span><\/li><\/ul>\t\t\t\t\t\t\t\t<\/div>\n\t\t\t\t<\/div>\n\t\t\t\t\t<\/div>\n\t\t\t\t<\/div>\n\t\t\t\t<\/div>\n\t\t\t\t<\/div>\n\t\t","protected":false},"excerpt":{"rendered":"<p>OTOMOT\u0130V SANAY\u0130 VE OR\u0130J\u0130NAL EK\u0130PMAN \u00dcRET\u0130C\u0130LER\u0130 (OEM\u2019LER) MOTORLU ARA\u00c7 VE TA\u015eIT \u00dcRET\u0130M\u0130 VE MONTAJI T\u0130ER 1 VE T\u0130ER 2 TEDAR\u0130K\u00c7\u0130LER TA\u015eIT YAN SANAY\u0130 VE PAR\u00c7A \u00dcRET\u0130C\u0130LER\u0130 ELEKTR\u0130KL\u0130 ARA\u00c7LAR (EV\u2019LER) VE YEN\u0130 MOB\u0130L\u0130TE TEKNOLOJ\u0130LER\u0130 OTONOM ARA\u00c7LAR BA\u011eLANTILI ARA\u00c7LAR D\u0130STR\u0130B\u00dcT\u00d6RLER VE BAY\u0130LER KAMYONLAR OTOB\u00dcSLER TRAKT\u00d6RLER MOTOS\u0130KLET, ELEKTR\u0130KL\u0130 B\u0130S\u0130KLET, SCOOTER SATI\u015e SONRASI H\u0130ZMETLER, SERV\u0130S VE BAKIM H\u0130ZMETLER\u0130 YEDEK&#8230;<\/p>\n","protected":false},"author":1,"featured_media":991646,"parent":993113,"menu_order":59,"comment_status":"closed","ping_status":"closed","template":"","meta":{"footnotes":""},"class_list":["post-993083","page","type-page","status-publish","has-post-thumbnail","hentry"],"_links":{"self":[{"href":"https:\/\/cukurpartners.com\/tr\/wp-json\/wp\/v2\/pages\/993083","targetHints":{"allow":["GET"]}}],"collection":[{"href":"https:\/\/cukurpartners.com\/tr\/wp-json\/wp\/v2\/pages"}],"about":[{"href":"https:\/\/cukurpartners.com\/tr\/wp-json\/wp\/v2\/types\/page"}],"author":[{"embeddable":true,"href":"https:\/\/cukurpartners.com\/tr\/wp-json\/wp\/v2\/users\/1"}],"replies":[{"embeddable":true,"href":"https:\/\/cukurpartners.com\/tr\/wp-json\/wp\/v2\/comments?post=993083"}],"version-history":[{"count":4,"href":"https:\/\/cukurpartners.com\/tr\/wp-json\/wp\/v2\/pages\/993083\/revisions"}],"predecessor-version":[{"id":993087,"href":"https:\/\/cukurpartners.com\/tr\/wp-json\/wp\/v2\/pages\/993083\/revisions\/993087"}],"up":[{"embeddable":true,"href":"https:\/\/cukurpartners.com\/tr\/wp-json\/wp\/v2\/pages\/993113"}],"wp:featuredmedia":[{"embeddable":true,"href":"https:\/\/cukurpartners.com\/tr\/wp-json\/wp\/v2\/media\/991646"}],"wp:attachment":[{"href":"https:\/\/cukurpartners.com\/tr\/wp-json\/wp\/v2\/media?parent=993083"}],"curies":[{"name":"wp","href":"https:\/\/api.w.org\/{rel}","templated":true}]}}