{"id":993088,"date":"2024-12-20T09:57:27","date_gmt":"2024-12-20T06:57:27","guid":{"rendered":"https:\/\/cukurpartners.com\/healthcare-lifesciences\/"},"modified":"2025-04-25T16:32:22","modified_gmt":"2025-04-25T13:32:22","slug":"saglik-hizmetleri-ilac-ve-medikal","status":"publish","type":"page","link":"https:\/\/cukurpartners.com\/tr\/sektorler\/saglik-hizmetleri-ilac-ve-medikal\/","title":{"rendered":"SAG\u0306LIK HI\u0307ZMETLERI\u0307, I\u0307LAC\u0327 VE MEDI\u0307KAL"},"content":{"rendered":"\t\t<div data-elementor-type=\"wp-page\" data-elementor-id=\"993088\" class=\"elementor elementor-993088 elementor-991695\" data-elementor-post-type=\"page\">\n\t\t\t\t<div class=\"elementor-element elementor-element-4d9a2a8d e-flex e-con-boxed e-con e-parent\" data-id=\"4d9a2a8d\" data-element_type=\"container\" data-settings=\"{&quot;background_background&quot;:&quot;classic&quot;,&quot;animation&quot;:&quot;none&quot;}\">\n\t\t\t\t\t<div class=\"e-con-inner\">\n\t\t<div class=\"elementor-element elementor-element-710c0339 e-con-full e-flex e-con e-child\" data-id=\"710c0339\" data-element_type=\"container\">\n\t\t\t\t<div class=\"elementor-element elementor-element-8a06300 elementor-widget elementor-widget-heading\" data-id=\"8a06300\" data-element_type=\"widget\" data-settings=\"{&quot;_animation&quot;:&quot;none&quot;,&quot;_animation_tablet&quot;:&quot;none&quot;}\" data-widget_type=\"heading.default\">\n\t\t\t\t<div class=\"elementor-widget-container\">\n\t\t\t\t\t<h1 class=\"elementor-heading-title elementor-size-default\">SAG\u0306LIK HI\u0307ZMETLERI\u0307, I\u0307LAC\u0327 VE MEDI\u0307KAL<\/h1>\t\t\t\t<\/div>\n\t\t\t\t<\/div>\n\t\t\t\t<\/div>\n\t\t\t\t\t<\/div>\n\t\t\t\t<\/div>\n\t\t<div class=\"elementor-element elementor-element-743088bd e-con-full e-flex e-con e-parent\" data-id=\"743088bd\" data-element_type=\"container\">\n\t\t<div class=\"elementor-element elementor-element-7d22e15b e-flex e-con-boxed e-con e-child\" data-id=\"7d22e15b\" data-element_type=\"container\">\n\t\t\t\t\t<div class=\"e-con-inner\">\n\t\t\t\t<div class=\"elementor-element elementor-element-10fab2d9 focusarea elementor-widget elementor-widget-text-editor\" data-id=\"10fab2d9\" data-element_type=\"widget\" data-widget_type=\"text-editor.default\">\n\t\t\t\t<div class=\"elementor-widget-container\">\n\t\t\t\t\t\t\t\t\t<ul><li><span style=\"font-weight: 400;\">HASTANELER VE KL\u0130N\u0130KLER<\/span><\/li><li><span style=\"font-weight: 400;\">\u0130LA\u00c7 SEKT\u00d6R\u00dc VE SANAY\u0130<\/span><\/li><li><span style=\"font-weight: 400;\">B\u0130YOTEKNOLOJ\u0130<\/span><\/li><li><span style=\"font-weight: 400;\">TIBB\u0130 C\u0130HAZLAR<\/span><\/li><li><span style=\"font-weight: 400;\">MED\u0130KAL<\/span><\/li><li><span style=\"font-weight: 400;\">TANI VE LABORATUVAR H\u0130ZMETLER\u0130<\/span><\/li><li><span style=\"font-weight: 400;\">TIBB\u0130 SARF MALZEMELER\u0130<\/span><\/li><li><span style=\"font-weight: 400;\">YUMU\u015eAK TIBB\u0130 \u00dcR\u00dcNLER<\/span><\/li><li><span style=\"font-weight: 400;\">TIBB\u0130 MALZEME VE DA\u011eITICILAR<\/span><\/li><li><span style=\"font-weight: 400;\">GIDA TAKV\u0130YELER\u0130, B\u0130TK\u0130SEL \u00dcR\u00dcNLER VE DESTEK \u00dcR\u00dcNLER\u0130<\/span><\/li><li><span style=\"font-weight: 400;\">VETER\u0130NERL\u0130K H\u0130ZMETLER\u0130<\/span><\/li><li><span style=\"font-weight: 400;\">D\u0130J\u0130TAL SA\u011eLIK VE SA\u011eLIK TEKNOLOJ\u0130LER\u0130 (HEALTHTECH)<\/span><\/li><li><span style=\"font-weight: 400;\">TIP TEKNOLOJ\u0130LER\u0130 (MEDTECH)<\/span><\/li><li><span style=\"font-weight: 400;\">MEDICARE VE MEDICAID H\u0130ZMETLER\u0130<\/span><\/li><li><span style=\"font-weight: 400;\">YA\u015eLI BAKIM VE UZUN D\u00d6NEM BAKIM MERKEZLER\u0130 VE H\u0130ZMETLER\u0130<\/span><\/li><li><span style=\"font-weight: 400;\">D\u0130\u015e KL\u0130N\u0130KLER\u0130 VE MERKEZLER\u0130<\/span><\/li><li><span style=\"font-weight: 400;\">ESTET\u0130K, KOZMET\u0130K VE K\u0130\u015e\u0130SEL BAKIM KL\u0130N\u0130KLER\u0130 VE MERKEZLER\u0130<\/span><\/li><li><span style=\"font-weight: 400;\">SA\u011eLIK TUR\u0130ZM\u0130 VE SINIR \u00d6TES\u0130 SA\u011eLIK H\u0130ZMETLER\u0130<\/span><\/li><\/ul>\t\t\t\t\t\t\t\t<\/div>\n\t\t\t\t<\/div>\n\t\t\t\t\t<\/div>\n\t\t\t\t<\/div>\n\t\t\t\t<\/div>\n\t\t\t\t<\/div>\n\t\t","protected":false},"excerpt":{"rendered":"<p>HASTANELER VE KL\u0130N\u0130KLER \u0130LA\u00c7 SEKT\u00d6R\u00dc VE SANAY\u0130 B\u0130YOTEKNOLOJ\u0130 TIBB\u0130 C\u0130HAZLAR MED\u0130KAL TANI VE LABORATUVAR H\u0130ZMETLER\u0130 TIBB\u0130 SARF MALZEMELER\u0130 YUMU\u015eAK TIBB\u0130 \u00dcR\u00dcNLER TIBB\u0130 MALZEME VE DA\u011eITICILAR GIDA TAKV\u0130YELER\u0130, B\u0130TK\u0130SEL \u00dcR\u00dcNLER VE DESTEK \u00dcR\u00dcNLER\u0130 VETER\u0130NERL\u0130K H\u0130ZMETLER\u0130 D\u0130J\u0130TAL SA\u011eLIK VE SA\u011eLIK TEKNOLOJ\u0130LER\u0130 (HEALTHTECH) TIP TEKNOLOJ\u0130LER\u0130 (MEDTECH) MEDICARE VE MEDICAID H\u0130ZMETLER\u0130 YA\u015eLI BAKIM VE UZUN D\u00d6NEM BAKIM MERKEZLER\u0130 VE&#8230;<\/p>\n","protected":false},"author":1,"featured_media":991697,"parent":993113,"menu_order":49,"comment_status":"closed","ping_status":"closed","template":"","meta":{"footnotes":""},"class_list":["post-993088","page","type-page","status-publish","has-post-thumbnail","hentry"],"_links":{"self":[{"href":"https:\/\/cukurpartners.com\/tr\/wp-json\/wp\/v2\/pages\/993088","targetHints":{"allow":["GET"]}}],"collection":[{"href":"https:\/\/cukurpartners.com\/tr\/wp-json\/wp\/v2\/pages"}],"about":[{"href":"https:\/\/cukurpartners.com\/tr\/wp-json\/wp\/v2\/types\/page"}],"author":[{"embeddable":true,"href":"https:\/\/cukurpartners.com\/tr\/wp-json\/wp\/v2\/users\/1"}],"replies":[{"embeddable":true,"href":"https:\/\/cukurpartners.com\/tr\/wp-json\/wp\/v2\/comments?post=993088"}],"version-history":[{"count":4,"href":"https:\/\/cukurpartners.com\/tr\/wp-json\/wp\/v2\/pages\/993088\/revisions"}],"predecessor-version":[{"id":993092,"href":"https:\/\/cukurpartners.com\/tr\/wp-json\/wp\/v2\/pages\/993088\/revisions\/993092"}],"up":[{"embeddable":true,"href":"https:\/\/cukurpartners.com\/tr\/wp-json\/wp\/v2\/pages\/993113"}],"wp:featuredmedia":[{"embeddable":true,"href":"https:\/\/cukurpartners.com\/tr\/wp-json\/wp\/v2\/media\/991697"}],"wp:attachment":[{"href":"https:\/\/cukurpartners.com\/tr\/wp-json\/wp\/v2\/media?parent=993088"}],"curies":[{"name":"wp","href":"https:\/\/api.w.org\/{rel}","templated":true}]}}