{"id":993093,"date":"2024-12-20T11:20:55","date_gmt":"2024-12-20T08:20:55","guid":{"rendered":"https:\/\/cukurpartners.com\/start-up-emerging-companies\/"},"modified":"2025-04-25T16:35:17","modified_gmt":"2025-04-25T13:35:17","slug":"start-up-ve-hizla-buyuyen-sirketler","status":"publish","type":"page","link":"https:\/\/cukurpartners.com\/tr\/sektorler\/start-up-ve-hizla-buyuyen-sirketler\/","title":{"rendered":"START-UP VE HIZLA BU\u0308YU\u0308YEN S\u0327I\u0307RKETLER"},"content":{"rendered":"\t\t<div data-elementor-type=\"wp-page\" data-elementor-id=\"993093\" class=\"elementor elementor-993093 elementor-991792\" data-elementor-post-type=\"page\">\n\t\t\t\t<div class=\"elementor-element elementor-element-2a4c8f43 e-flex e-con-boxed e-con e-parent\" data-id=\"2a4c8f43\" data-element_type=\"container\" data-settings=\"{&quot;background_background&quot;:&quot;classic&quot;,&quot;animation&quot;:&quot;none&quot;}\">\n\t\t\t\t\t<div class=\"e-con-inner\">\n\t\t<div class=\"elementor-element elementor-element-45c18347 e-con-full e-flex e-con e-child\" data-id=\"45c18347\" data-element_type=\"container\">\n\t\t\t\t<div class=\"elementor-element elementor-element-4dcaced9 elementor-widget elementor-widget-heading\" data-id=\"4dcaced9\" data-element_type=\"widget\" data-settings=\"{&quot;_animation&quot;:&quot;none&quot;,&quot;_animation_tablet&quot;:&quot;none&quot;}\" data-widget_type=\"heading.default\">\n\t\t\t\t<div class=\"elementor-widget-container\">\n\t\t\t\t\t<h1 class=\"elementor-heading-title elementor-size-default\">START-UP VE HIZLA BU\u0308YU\u0308YEN S\u0327I\u0307RKETLER<\/h1>\t\t\t\t<\/div>\n\t\t\t\t<\/div>\n\t\t\t\t<\/div>\n\t\t\t\t\t<\/div>\n\t\t\t\t<\/div>\n\t\t<div class=\"elementor-element elementor-element-22417eeb e-con-full e-flex e-con e-parent\" data-id=\"22417eeb\" data-element_type=\"container\">\n\t\t<div class=\"elementor-element elementor-element-62571009 e-flex e-con-boxed e-con e-child\" data-id=\"62571009\" data-element_type=\"container\">\n\t\t\t\t\t<div class=\"e-con-inner\">\n\t\t\t\t<div class=\"elementor-element elementor-element-7bd1b2a focusarea elementor-widget elementor-widget-text-editor\" data-id=\"7bd1b2a\" data-element_type=\"widget\" data-widget_type=\"text-editor.default\">\n\t\t\t\t<div class=\"elementor-widget-container\">\n\t\t\t\t\t\t\t\t\t<ul><li><span style=\"font-weight: 400;\">G\u0130R\u0130\u015e\u0130MC\u0130LER VE YEN\u0130L\u0130K\u00c7\u0130LER<\/span><\/li><li><span style=\"font-weight: 400;\">START-UP VE ERKEN A\u015eAMA \u015e\u0130RKETLER VE G\u0130R\u0130\u015e\u0130MLER<\/span><\/li><li><span style=\"font-weight: 400;\">SCALE-UP \u015e\u0130RKETLER<\/span><\/li><li><span style=\"font-weight: 400;\">GEL\u0130\u015eMEKTE OLAN \u015e\u0130RKETLER<\/span><\/li><li><span style=\"font-weight: 400;\">HIZLA B\u00dcY\u00dcYEN \u015e\u0130RKETLER<\/span><\/li><li><span style=\"font-weight: 400;\">MELEK YATIRIMCILAR<\/span><\/li><li><span style=\"font-weight: 400;\">MELEK YATIRIMCI PLATFORMLARI<\/span><\/li><li><span style=\"font-weight: 400;\">G\u0130R\u0130\u015e\u0130M SERMAYES\u0130 (VENTURE CAPITAL) FONLARI<\/span><\/li><li><span style=\"font-weight: 400;\">\u00d6ZEL SERMAYE (PRIVATE EQUITY) FONLARI<\/span><\/li><li><span style=\"font-weight: 400;\">HALKA A\u00c7IK G\u0130R\u0130\u015e\u0130M SERMAYES\u0130 FONLARI<\/span><\/li><li><span style=\"font-weight: 400;\">KULU\u00c7KA MERKEZLER\u0130<\/span><\/li><li><span style=\"font-weight: 400;\">ARA\u015eTIRMA VE GEL\u0130\u015eT\u0130RME (AR-GE) MERKEZLER\u0130<\/span><\/li><li><span style=\"font-weight: 400;\">HIZLANDIRICI PROGRAMLAR<\/span><\/li><li><span style=\"font-weight: 400;\">G\u0130R\u0130\u015e\u0130MC\u0130L\u0130K PLATFORMLARI<\/span><\/li><li><span style=\"font-weight: 400;\">K\u00dcMELENMELER<\/span><\/li><li><span style=\"font-weight: 400;\">\u00dcN\u0130VERS\u0130TELER<\/span><\/li><li><span style=\"font-weight: 400;\">SEKT\u00d6REL KURULU\u015eLAR<\/span><\/li><li><span style=\"font-weight: 400;\">TEKNOPARKLAR<\/span><\/li><li><span style=\"font-weight: 400;\">SOSYAL G\u0130R\u0130\u015e\u0130MLER<\/span><\/li><li><span style=\"font-weight: 400;\">K\u0130TLE FONLAMA \u015e\u0130RKETLER\u0130<\/span><\/li><\/ul>\t\t\t\t\t\t\t\t<\/div>\n\t\t\t\t<\/div>\n\t\t\t\t\t<\/div>\n\t\t\t\t<\/div>\n\t\t\t\t<\/div>\n\t\t\t\t<\/div>\n\t\t","protected":false},"excerpt":{"rendered":"<p>G\u0130R\u0130\u015e\u0130MC\u0130LER VE YEN\u0130L\u0130K\u00c7\u0130LER START-UP VE ERKEN A\u015eAMA \u015e\u0130RKETLER VE G\u0130R\u0130\u015e\u0130MLER SCALE-UP \u015e\u0130RKETLER GEL\u0130\u015eMEKTE OLAN \u015e\u0130RKETLER HIZLA B\u00dcY\u00dcYEN \u015e\u0130RKETLER MELEK YATIRIMCILAR MELEK YATIRIMCI PLATFORMLARI G\u0130R\u0130\u015e\u0130M SERMAYES\u0130 (VENTURE CAPITAL) FONLARI \u00d6ZEL SERMAYE (PRIVATE EQUITY) FONLARI HALKA A\u00c7IK G\u0130R\u0130\u015e\u0130M SERMAYES\u0130 FONLARI KULU\u00c7KA MERKEZLER\u0130 ARA\u015eTIRMA VE GEL\u0130\u015eT\u0130RME (AR-GE) MERKEZLER\u0130 HIZLANDIRICI PROGRAMLAR G\u0130R\u0130\u015e\u0130MC\u0130L\u0130K PLATFORMLARI K\u00dcMELENMELER \u00dcN\u0130VERS\u0130TELER SEKT\u00d6REL KURULU\u015eLAR TEKNOPARKLAR SOSYAL&#8230;<\/p>\n","protected":false},"author":1,"featured_media":991794,"parent":993113,"menu_order":29,"comment_status":"closed","ping_status":"closed","template":"","meta":{"footnotes":""},"class_list":["post-993093","page","type-page","status-publish","has-post-thumbnail","hentry"],"_links":{"self":[{"href":"https:\/\/cukurpartners.com\/tr\/wp-json\/wp\/v2\/pages\/993093","targetHints":{"allow":["GET"]}}],"collection":[{"href":"https:\/\/cukurpartners.com\/tr\/wp-json\/wp\/v2\/pages"}],"about":[{"href":"https:\/\/cukurpartners.com\/tr\/wp-json\/wp\/v2\/types\/page"}],"author":[{"embeddable":true,"href":"https:\/\/cukurpartners.com\/tr\/wp-json\/wp\/v2\/users\/1"}],"replies":[{"embeddable":true,"href":"https:\/\/cukurpartners.com\/tr\/wp-json\/wp\/v2\/comments?post=993093"}],"version-history":[{"count":4,"href":"https:\/\/cukurpartners.com\/tr\/wp-json\/wp\/v2\/pages\/993093\/revisions"}],"predecessor-version":[{"id":993097,"href":"https:\/\/cukurpartners.com\/tr\/wp-json\/wp\/v2\/pages\/993093\/revisions\/993097"}],"up":[{"embeddable":true,"href":"https:\/\/cukurpartners.com\/tr\/wp-json\/wp\/v2\/pages\/993113"}],"wp:featuredmedia":[{"embeddable":true,"href":"https:\/\/cukurpartners.com\/tr\/wp-json\/wp\/v2\/media\/991794"}],"wp:attachment":[{"href":"https:\/\/cukurpartners.com\/tr\/wp-json\/wp\/v2\/media?parent=993093"}],"curies":[{"name":"wp","href":"https:\/\/api.w.org\/{rel}","templated":true}]}}