{"id":993098,"date":"2024-12-20T10:03:52","date_gmt":"2024-12-20T07:03:52","guid":{"rendered":"https:\/\/cukurpartners.com\/hospitality-leisure\/"},"modified":"2025-04-25T16:36:50","modified_gmt":"2025-04-25T13:36:50","slug":"turizm-ve-otelcilik","status":"publish","type":"page","link":"https:\/\/cukurpartners.com\/tr\/sektorler\/turizm-ve-otelcilik\/","title":{"rendered":"TURI\u0307ZM VE OTELCI\u0307LI\u0307K"},"content":{"rendered":"\t\t<div data-elementor-type=\"wp-page\" data-elementor-id=\"993098\" class=\"elementor elementor-993098 elementor-991724\" data-elementor-post-type=\"page\">\n\t\t\t\t<div class=\"elementor-element elementor-element-1513eb03 e-flex e-con-boxed e-con e-parent\" data-id=\"1513eb03\" data-element_type=\"container\" data-settings=\"{&quot;background_background&quot;:&quot;classic&quot;,&quot;animation&quot;:&quot;none&quot;}\">\n\t\t\t\t\t<div class=\"e-con-inner\">\n\t\t<div class=\"elementor-element elementor-element-3ef72b44 e-con-full e-flex e-con e-child\" data-id=\"3ef72b44\" data-element_type=\"container\">\n\t\t\t\t<div class=\"elementor-element elementor-element-1611b06b elementor-widget elementor-widget-heading\" data-id=\"1611b06b\" data-element_type=\"widget\" data-settings=\"{&quot;_animation&quot;:&quot;none&quot;,&quot;_animation_tablet&quot;:&quot;none&quot;}\" data-widget_type=\"heading.default\">\n\t\t\t\t<div class=\"elementor-widget-container\">\n\t\t\t\t\t<h1 class=\"elementor-heading-title elementor-size-default\">TURI\u0307ZM VE OTELCI\u0307LI\u0307K<\/h1>\t\t\t\t<\/div>\n\t\t\t\t<\/div>\n\t\t\t\t<\/div>\n\t\t\t\t\t<\/div>\n\t\t\t\t<\/div>\n\t\t<div class=\"elementor-element elementor-element-34c20bf e-con-full e-flex e-con e-parent\" data-id=\"34c20bf\" data-element_type=\"container\">\n\t\t<div class=\"elementor-element elementor-element-36db065e e-flex e-con-boxed e-con e-child\" data-id=\"36db065e\" data-element_type=\"container\">\n\t\t\t\t\t<div class=\"e-con-inner\">\n\t\t\t\t<div class=\"elementor-element elementor-element-3746b48b focusarea elementor-widget elementor-widget-text-editor\" data-id=\"3746b48b\" data-element_type=\"widget\" data-widget_type=\"text-editor.default\">\n\t\t\t\t<div class=\"elementor-widget-container\">\n\t\t\t\t\t\t\t\t\t<ul><li><span style=\"font-weight: 400;\">OTELLER<\/span><\/li><li><span style=\"font-weight: 400;\">TAT\u0130L K\u00d6YLER\u0130<\/span><\/li><li><span style=\"font-weight: 400;\">OTEL Z\u0130NC\u0130RLER\u0130 VE OTEL Y\u00d6NET\u0130M \u015e\u0130RKETLER\u0130<\/span><\/li><li><span style=\"font-weight: 400;\">SEYAHAT ACENTELER\u0130<\/span><\/li><li><span style=\"font-weight: 400;\">TUR OPERAT\u00d6RLER\u0130<\/span><\/li><li><span style=\"font-weight: 400;\">E\u011eLENCE SEKT\u00d6R\u00dc<\/span><\/li><li><span style=\"font-weight: 400;\">KISA D\u00d6NEM K\u0130RALAMALAR VE TAT\u0130L EVLER\u0130<\/span><\/li><li><span style=\"font-weight: 400;\">DEVREM\u00dcLKLER<\/span><\/li><li><span style=\"font-weight: 400;\">PAYLA\u015eIMLI M\u00dcLK\u0130YET S\u0130STEMLER\u0130 (TIMESHARE)<\/span><\/li><li><span style=\"font-weight: 400;\">KONSERLER VE ETK\u0130NL\u0130KLER, ORGAN\u0130ZASYON \u015e\u0130RKETLER\u0130<\/span><\/li><li><span style=\"font-weight: 400;\">ARA\u00c7 VE TEKNE K\u0130RALAMA<\/span><\/li><li><span style=\"font-weight: 400;\">RESTORANLAR VE YEMEK H\u0130ZMETLER\u0130<\/span><\/li><li><span style=\"font-weight: 400;\">GASTRONOM\u0130<\/span><\/li><li><span style=\"font-weight: 400;\">KRUVAZ\u0130YER TUR\u0130ZM\u0130<\/span><\/li><li><span style=\"font-weight: 400;\">SPOR ORGAN\u0130ZASYONLARI<\/span><\/li><li><span style=\"font-weight: 400;\">TEMA PARKLAR VE E\u011eLENCE MERKEZLER\u0130<\/span><\/li><li><span style=\"font-weight: 400;\">FITNESS MERKEZLER\u0130 VE SPOR SALONLARI<\/span><\/li><li><span style=\"font-weight: 400;\">SANAT GALER\u0130LER\u0130 VE K\u00dcLT\u00dcR MERKEZLER\u0130<\/span><\/li><li><span style=\"font-weight: 400;\">SA\u011eLIK TUR\u0130ZM\u0130<\/span><\/li><\/ul>\t\t\t\t\t\t\t\t<\/div>\n\t\t\t\t<\/div>\n\t\t\t\t\t<\/div>\n\t\t\t\t<\/div>\n\t\t\t\t<\/div>\n\t\t\t\t<\/div>\n\t\t","protected":false},"excerpt":{"rendered":"<p>OTELLER TAT\u0130L K\u00d6YLER\u0130 OTEL Z\u0130NC\u0130RLER\u0130 VE OTEL Y\u00d6NET\u0130M \u015e\u0130RKETLER\u0130 SEYAHAT ACENTELER\u0130 TUR OPERAT\u00d6RLER\u0130 E\u011eLENCE SEKT\u00d6R\u00dc KISA D\u00d6NEM K\u0130RALAMALAR VE TAT\u0130L EVLER\u0130 DEVREM\u00dcLKLER PAYLA\u015eIMLI M\u00dcLK\u0130YET S\u0130STEMLER\u0130 (TIMESHARE) KONSERLER VE ETK\u0130NL\u0130KLER, ORGAN\u0130ZASYON \u015e\u0130RKETLER\u0130 ARA\u00c7 VE TEKNE K\u0130RALAMA RESTORANLAR VE YEMEK H\u0130ZMETLER\u0130 GASTRONOM\u0130 KRUVAZ\u0130YER TUR\u0130ZM\u0130 SPOR ORGAN\u0130ZASYONLARI TEMA PARKLAR VE E\u011eLENCE MERKEZLER\u0130 FITNESS MERKEZLER\u0130 VE SPOR SALONLARI SANAT&#8230;<\/p>\n","protected":false},"author":1,"featured_media":991726,"parent":993113,"menu_order":47,"comment_status":"closed","ping_status":"closed","template":"","meta":{"footnotes":""},"class_list":["post-993098","page","type-page","status-publish","has-post-thumbnail","hentry"],"_links":{"self":[{"href":"https:\/\/cukurpartners.com\/tr\/wp-json\/wp\/v2\/pages\/993098","targetHints":{"allow":["GET"]}}],"collection":[{"href":"https:\/\/cukurpartners.com\/tr\/wp-json\/wp\/v2\/pages"}],"about":[{"href":"https:\/\/cukurpartners.com\/tr\/wp-json\/wp\/v2\/types\/page"}],"author":[{"embeddable":true,"href":"https:\/\/cukurpartners.com\/tr\/wp-json\/wp\/v2\/users\/1"}],"replies":[{"embeddable":true,"href":"https:\/\/cukurpartners.com\/tr\/wp-json\/wp\/v2\/comments?post=993098"}],"version-history":[{"count":4,"href":"https:\/\/cukurpartners.com\/tr\/wp-json\/wp\/v2\/pages\/993098\/revisions"}],"predecessor-version":[{"id":993102,"href":"https:\/\/cukurpartners.com\/tr\/wp-json\/wp\/v2\/pages\/993098\/revisions\/993102"}],"up":[{"embeddable":true,"href":"https:\/\/cukurpartners.com\/tr\/wp-json\/wp\/v2\/pages\/993113"}],"wp:featuredmedia":[{"embeddable":true,"href":"https:\/\/cukurpartners.com\/tr\/wp-json\/wp\/v2\/media\/991726"}],"wp:attachment":[{"href":"https:\/\/cukurpartners.com\/tr\/wp-json\/wp\/v2\/media?parent=993098"}],"curies":[{"name":"wp","href":"https:\/\/api.w.org\/{rel}","templated":true}]}}