{"id":993103,"date":"2024-12-19T17:38:42","date_gmt":"2024-12-19T14:38:42","guid":{"rendered":"https:\/\/cukurpartners.com\/consumer-products-retail\/"},"modified":"2025-04-25T16:38:29","modified_gmt":"2025-04-25T13:38:29","slug":"tuketici-urunleri-ve-perakende","status":"publish","type":"page","link":"https:\/\/cukurpartners.com\/tr\/sektorler\/tuketici-urunleri-ve-perakende\/","title":{"rendered":"TU\u0308KETI\u0307CI\u0307 U\u0308RU\u0308NLERI\u0307 VE PERAKENDE"},"content":{"rendered":"\t\t<div data-elementor-type=\"wp-page\" data-elementor-id=\"993103\" class=\"elementor elementor-993103 elementor-991655\" data-elementor-post-type=\"page\">\n\t\t\t\t<div class=\"elementor-element elementor-element-78cb98f1 e-flex e-con-boxed e-con e-parent\" data-id=\"78cb98f1\" data-element_type=\"container\" data-settings=\"{&quot;background_background&quot;:&quot;classic&quot;,&quot;animation&quot;:&quot;none&quot;}\">\n\t\t\t\t\t<div class=\"e-con-inner\">\n\t\t<div class=\"elementor-element elementor-element-15d8953f e-con-full e-flex e-con e-child\" data-id=\"15d8953f\" data-element_type=\"container\">\n\t\t\t\t<div class=\"elementor-element elementor-element-46c4f85 elementor-widget elementor-widget-heading\" data-id=\"46c4f85\" data-element_type=\"widget\" data-settings=\"{&quot;_animation&quot;:&quot;none&quot;,&quot;_animation_tablet&quot;:&quot;none&quot;}\" data-widget_type=\"heading.default\">\n\t\t\t\t<div class=\"elementor-widget-container\">\n\t\t\t\t\t<h1 class=\"elementor-heading-title elementor-size-default\">TU\u0308KETI\u0307CI\u0307 U\u0308RU\u0308NLERI\u0307 VE PERAKENDE<\/h1>\t\t\t\t<\/div>\n\t\t\t\t<\/div>\n\t\t\t\t<\/div>\n\t\t\t\t\t<\/div>\n\t\t\t\t<\/div>\n\t\t<div class=\"elementor-element elementor-element-1928c81c e-con-full e-flex e-con e-parent\" data-id=\"1928c81c\" data-element_type=\"container\">\n\t\t<div class=\"elementor-element elementor-element-82e58f5 e-flex e-con-boxed e-con e-child\" data-id=\"82e58f5\" data-element_type=\"container\">\n\t\t\t\t\t<div class=\"e-con-inner\">\n\t\t\t\t<div class=\"elementor-element elementor-element-49628737 focusarea elementor-widget elementor-widget-text-editor\" data-id=\"49628737\" data-element_type=\"widget\" data-widget_type=\"text-editor.default\">\n\t\t\t\t<div class=\"elementor-widget-container\">\n\t\t\t\t\t\t\t\t\t<ul><li><span style=\"font-weight: 400;\">PERAKENDE<\/span><\/li><li><span style=\"font-weight: 400;\">L\u00dcKS MARKALAR<\/span><\/li><li><span style=\"font-weight: 400;\">MODA<\/span><\/li><li><span style=\"font-weight: 400;\">TEKST\u0130L VE G\u0130Y\u0130M<\/span><\/li><li><span style=\"font-weight: 400;\">YA\u015eAM TARZI, \u0130Y\u0130 YA\u015eAM VE K\u0130\u015e\u0130SEL BAKIM \u00dcR\u00dcNLER\u0130 VE H\u0130ZMETLER\u0130<\/span><\/li><li><span style=\"font-weight: 400;\">KOZMET\u0130K VE G\u00dcZELL\u0130K<\/span><\/li><li><span style=\"font-weight: 400;\">HIZLI T\u00dcKET\u0130M \u00dcR\u00dcNLER\u0130<\/span><\/li><li><span style=\"font-weight: 400;\">MOB\u0130LYA VE EV \u00dcR\u00dcNLER\u0130<\/span><\/li><li><span style=\"font-weight: 400;\">S\u00dcPERMARKETLER VE PAZAR YERLER\u0130<\/span><\/li><li><span style=\"font-weight: 400;\">CASH &amp; CARRY<\/span><\/li><li><span style=\"font-weight: 400;\">E-T\u0130CARET VE D\u0130J\u0130TAL PAZAR YERLER\u0130<\/span><\/li><li><span style=\"font-weight: 400;\">PRIVATE LABEL<\/span><\/li><\/ul>\t\t\t\t\t\t\t\t<\/div>\n\t\t\t\t<\/div>\n\t\t\t\t\t<\/div>\n\t\t\t\t<\/div>\n\t\t\t\t<\/div>\n\t\t\t\t<\/div>\n\t\t","protected":false},"excerpt":{"rendered":"<p>PERAKENDE L\u00dcKS MARKALAR MODA TEKST\u0130L VE G\u0130Y\u0130M YA\u015eAM TARZI, \u0130Y\u0130 YA\u015eAM VE K\u0130\u015e\u0130SEL BAKIM \u00dcR\u00dcNLER\u0130 VE H\u0130ZMETLER\u0130 KOZMET\u0130K VE G\u00dcZELL\u0130K HIZLI T\u00dcKET\u0130M \u00dcR\u00dcNLER\u0130 MOB\u0130LYA VE EV \u00dcR\u00dcNLER\u0130 S\u00dcPERMARKETLER VE PAZAR YERLER\u0130 CASH &amp; CARRY E-T\u0130CARET VE D\u0130J\u0130TAL PAZAR YERLER\u0130 PRIVATE LABEL<\/p>\n","protected":false},"author":1,"featured_media":991657,"parent":993113,"menu_order":57,"comment_status":"closed","ping_status":"closed","template":"","meta":{"footnotes":""},"class_list":["post-993103","page","type-page","status-publish","has-post-thumbnail","hentry"],"_links":{"self":[{"href":"https:\/\/cukurpartners.com\/tr\/wp-json\/wp\/v2\/pages\/993103","targetHints":{"allow":["GET"]}}],"collection":[{"href":"https:\/\/cukurpartners.com\/tr\/wp-json\/wp\/v2\/pages"}],"about":[{"href":"https:\/\/cukurpartners.com\/tr\/wp-json\/wp\/v2\/types\/page"}],"author":[{"embeddable":true,"href":"https:\/\/cukurpartners.com\/tr\/wp-json\/wp\/v2\/users\/1"}],"replies":[{"embeddable":true,"href":"https:\/\/cukurpartners.com\/tr\/wp-json\/wp\/v2\/comments?post=993103"}],"version-history":[{"count":4,"href":"https:\/\/cukurpartners.com\/tr\/wp-json\/wp\/v2\/pages\/993103\/revisions"}],"predecessor-version":[{"id":993107,"href":"https:\/\/cukurpartners.com\/tr\/wp-json\/wp\/v2\/pages\/993103\/revisions\/993107"}],"up":[{"embeddable":true,"href":"https:\/\/cukurpartners.com\/tr\/wp-json\/wp\/v2\/pages\/993113"}],"wp:featuredmedia":[{"embeddable":true,"href":"https:\/\/cukurpartners.com\/tr\/wp-json\/wp\/v2\/media\/991657"}],"wp:attachment":[{"href":"https:\/\/cukurpartners.com\/tr\/wp-json\/wp\/v2\/media?parent=993103"}],"curies":[{"name":"wp","href":"https:\/\/api.w.org\/{rel}","templated":true}]}}