{"id":993108,"date":"2024-12-20T11:18:22","date_gmt":"2024-12-20T08:18:22","guid":{"rendered":"https:\/\/cukurpartners.com\/renewables-energy\/"},"modified":"2025-04-25T16:39:53","modified_gmt":"2025-04-25T13:39:53","slug":"yenilenebilir-enerji","status":"publish","type":"page","link":"https:\/\/cukurpartners.com\/tr\/sektorler\/yenilenebilir-enerji\/","title":{"rendered":"YENI\u0307LENEBI\u0307LI\u0307R ENERJI\u0307"},"content":{"rendered":"\t\t<div data-elementor-type=\"wp-page\" data-elementor-id=\"993108\" class=\"elementor elementor-993108 elementor-991784\" data-elementor-post-type=\"page\">\n\t\t\t\t<div class=\"elementor-element elementor-element-22d29967 e-flex e-con-boxed e-con e-parent\" data-id=\"22d29967\" data-element_type=\"container\" data-settings=\"{&quot;background_background&quot;:&quot;classic&quot;,&quot;animation&quot;:&quot;none&quot;}\">\n\t\t\t\t\t<div class=\"e-con-inner\">\n\t\t<div class=\"elementor-element elementor-element-1ad38e35 e-con-full e-flex e-con e-child\" data-id=\"1ad38e35\" data-element_type=\"container\">\n\t\t\t\t<div class=\"elementor-element elementor-element-5ea8427c elementor-widget elementor-widget-heading\" data-id=\"5ea8427c\" data-element_type=\"widget\" data-settings=\"{&quot;_animation&quot;:&quot;none&quot;,&quot;_animation_tablet&quot;:&quot;none&quot;}\" data-widget_type=\"heading.default\">\n\t\t\t\t<div class=\"elementor-widget-container\">\n\t\t\t\t\t<h1 class=\"elementor-heading-title elementor-size-default\">YENI\u0307LENEBI\u0307LI\u0307R ENERJI\u0307<\/h1>\t\t\t\t<\/div>\n\t\t\t\t<\/div>\n\t\t\t\t<\/div>\n\t\t\t\t\t<\/div>\n\t\t\t\t<\/div>\n\t\t<div class=\"elementor-element elementor-element-5c7347de e-con-full e-flex e-con e-parent\" data-id=\"5c7347de\" data-element_type=\"container\">\n\t\t<div class=\"elementor-element elementor-element-76f3a19c e-flex e-con-boxed e-con e-child\" data-id=\"76f3a19c\" data-element_type=\"container\">\n\t\t\t\t\t<div class=\"e-con-inner\">\n\t\t\t\t<div class=\"elementor-element elementor-element-1b14852 focusarea elementor-widget elementor-widget-text-editor\" data-id=\"1b14852\" data-element_type=\"widget\" data-widget_type=\"text-editor.default\">\n\t\t\t\t<div class=\"elementor-widget-container\">\n\t\t\t\t\t\t\t\t\t<ul><li><span style=\"font-weight: 400;\">YEN\u0130LENEB\u0130L\u0130R ENERJ\u0130<\/span><\/li><li><span style=\"font-weight: 400;\">TEM\u0130Z ENERJ\u0130 TEKNOLOJ\u0130LER\u0130 (CLEANTECH)<\/span><\/li><li><span style=\"font-weight: 400;\">R\u00dcZGAR ENERJ\u0130S\u0130<\/span><\/li><li><span style=\"font-weight: 400;\">R\u00dcZGAR T\u00dcRB\u0130N\u0130 TEKNOLOJ\u0130S\u0130 VE EK\u0130PMANLARI<\/span><\/li><li><span style=\"font-weight: 400;\">G\u00dcNE\u015e ENERJ\u0130S\u0130<\/span><\/li><li><span style=\"font-weight: 400;\">FOTOVOLTA\u0130K TEKNOLOJ\u0130<\/span><\/li><li><span style=\"font-weight: 400;\">JEOTERMAL ENERJ\u0130<\/span><\/li><li><span style=\"font-weight: 400;\">H\u0130DROELEKTR\u0130K ENERJ\u0130<\/span><\/li><li><span style=\"font-weight: 400;\">ATIKTAN ENERJ\u0130, B\u0130YOK\u00dcTLE VE B\u0130YOGAZ<\/span><\/li><li><span style=\"font-weight: 400;\">B\u0130YOENERJ\u0130<\/span><\/li><li><span style=\"font-weight: 400;\">EPC Y\u00dcKLEN\u0130C\u0130LER\u0130<\/span><\/li><li><span style=\"font-weight: 400;\">L\u0130SANSSIZ ELEKTR\u0130K \u00dcRET\u0130M\u0130<\/span><\/li><li><span style=\"font-weight: 400;\">ENERJ\u0130 VE G\u00dc\u00c7 EK\u0130PMANLARI VE H\u0130ZMET TEDAR\u0130K\u00c7\u0130LER\u0130<\/span><\/li><li><span style=\"font-weight: 400;\">\u015eEBEKE ENTEGRASYONU VE \u0130LET\u0130M\u0130<\/span><\/li><li><span style=\"font-weight: 400;\">ELEKTR\u0130K DA\u011eITIMI VE SATI\u015eI<\/span><\/li><li><span style=\"font-weight: 400;\">ENERJ\u0130 VER\u0130ML\u0130L\u0130\u011e\u0130<\/span><\/li><\/ul>\t\t\t\t\t\t\t\t<\/div>\n\t\t\t\t<\/div>\n\t\t\t\t\t<\/div>\n\t\t\t\t<\/div>\n\t\t\t\t<\/div>\n\t\t\t\t<\/div>\n\t\t","protected":false},"excerpt":{"rendered":"<p>YEN\u0130LENEB\u0130L\u0130R ENERJ\u0130 TEM\u0130Z ENERJ\u0130 TEKNOLOJ\u0130LER\u0130 (CLEANTECH) R\u00dcZGAR ENERJ\u0130S\u0130 R\u00dcZGAR T\u00dcRB\u0130N\u0130 TEKNOLOJ\u0130S\u0130 VE EK\u0130PMANLARI G\u00dcNE\u015e ENERJ\u0130S\u0130 FOTOVOLTA\u0130K TEKNOLOJ\u0130 JEOTERMAL ENERJ\u0130 H\u0130DROELEKTR\u0130K ENERJ\u0130 ATIKTAN ENERJ\u0130, B\u0130YOK\u00dcTLE VE B\u0130YOGAZ B\u0130YOENERJ\u0130 EPC Y\u00dcKLEN\u0130C\u0130LER\u0130 L\u0130SANSSIZ ELEKTR\u0130K \u00dcRET\u0130M\u0130 ENERJ\u0130 VE G\u00dc\u00c7 EK\u0130PMANLARI VE H\u0130ZMET TEDAR\u0130K\u00c7\u0130LER\u0130 \u015eEBEKE ENTEGRASYONU VE \u0130LET\u0130M\u0130 ELEKTR\u0130K DA\u011eITIMI VE SATI\u015eI ENERJ\u0130 VER\u0130ML\u0130L\u0130\u011e\u0130<\/p>\n","protected":false},"author":1,"featured_media":991786,"parent":993113,"menu_order":31,"comment_status":"closed","ping_status":"closed","template":"","meta":{"footnotes":""},"class_list":["post-993108","page","type-page","status-publish","has-post-thumbnail","hentry"],"_links":{"self":[{"href":"https:\/\/cukurpartners.com\/tr\/wp-json\/wp\/v2\/pages\/993108","targetHints":{"allow":["GET"]}}],"collection":[{"href":"https:\/\/cukurpartners.com\/tr\/wp-json\/wp\/v2\/pages"}],"about":[{"href":"https:\/\/cukurpartners.com\/tr\/wp-json\/wp\/v2\/types\/page"}],"author":[{"embeddable":true,"href":"https:\/\/cukurpartners.com\/tr\/wp-json\/wp\/v2\/users\/1"}],"replies":[{"embeddable":true,"href":"https:\/\/cukurpartners.com\/tr\/wp-json\/wp\/v2\/comments?post=993108"}],"version-history":[{"count":4,"href":"https:\/\/cukurpartners.com\/tr\/wp-json\/wp\/v2\/pages\/993108\/revisions"}],"predecessor-version":[{"id":993112,"href":"https:\/\/cukurpartners.com\/tr\/wp-json\/wp\/v2\/pages\/993108\/revisions\/993112"}],"up":[{"embeddable":true,"href":"https:\/\/cukurpartners.com\/tr\/wp-json\/wp\/v2\/pages\/993113"}],"wp:featuredmedia":[{"embeddable":true,"href":"https:\/\/cukurpartners.com\/tr\/wp-json\/wp\/v2\/media\/991786"}],"wp:attachment":[{"href":"https:\/\/cukurpartners.com\/tr\/wp-json\/wp\/v2\/media?parent=993108"}],"curies":[{"name":"wp","href":"https:\/\/api.w.org\/{rel}","templated":true}]}}