{"id":993146,"date":"2024-12-27T14:27:42","date_gmt":"2024-12-27T11:27:42","guid":{"rendered":"https:\/\/cukurpartners.com\/insights-news\/"},"modified":"2025-05-26T16:57:18","modified_gmt":"2025-05-26T13:57:18","slug":"bilgi-kaynaklarimiz","status":"publish","type":"page","link":"https:\/\/cukurpartners.com\/tr\/bilgi-kaynaklarimiz\/","title":{"rendered":"Bilgi Kaynaklar\u0131m\u0131z"},"content":{"rendered":"\t\t<div data-elementor-type=\"wp-page\" data-elementor-id=\"993146\" class=\"elementor elementor-993146 elementor-992268\" data-elementor-post-type=\"page\">\n\t\t\t\t\t\t<section class=\"elementor-section elementor-top-section elementor-element elementor-element-58eaa2f elementor-section-boxed elementor-section-height-default elementor-section-height-default\" data-id=\"58eaa2f\" data-element_type=\"section\">\n\t\t\t\t\t\t<div class=\"elementor-container elementor-column-gap-no\">\n\t\t\t\t\t<div class=\"elementor-column elementor-col-100 elementor-top-column elementor-element elementor-element-b171187\" data-id=\"b171187\" data-element_type=\"column\">\n\t\t\t<div class=\"elementor-widget-wrap elementor-element-populated\">\n\t\t\t\t\t\t<div class=\"elementor-element elementor-element-faab9e5 elementor-widget elementor-widget-heading\" data-id=\"faab9e5\" data-element_type=\"widget\" data-widget_type=\"heading.default\">\n\t\t\t\t<div class=\"elementor-widget-container\">\n\t\t\t\t\t<h1 class=\"elementor-heading-title elementor-size-default\">Bilgi Kaynaklar\u0131<\/h1>\t\t\t\t<\/div>\n\t\t\t\t<\/div>\n\t\t\t\t<div class=\"vamtam-has-theme-widget-styles elementor-element elementor-element-a91c25c elementor-grid-4 elementor-grid-tablet-2 elementor-grid-mobile-1 elementor-posts--thumbnail-top elementor-card-shadow-yes elementor-posts__hover-gradient load-more-align-center elementor-widget elementor-widget-posts\" data-id=\"a91c25c\" data-element_type=\"widget\" data-settings=\"{&quot;cards_columns&quot;:&quot;4&quot;,&quot;pagination_type&quot;:&quot;load_more_on_click&quot;,&quot;cards_columns_tablet&quot;:&quot;2&quot;,&quot;cards_columns_mobile&quot;:&quot;1&quot;,&quot;cards_row_gap&quot;:{&quot;unit&quot;:&quot;px&quot;,&quot;size&quot;:35,&quot;sizes&quot;:[]},&quot;cards_row_gap_tablet&quot;:{&quot;unit&quot;:&quot;px&quot;,&quot;size&quot;:&quot;&quot;,&quot;sizes&quot;:[]},&quot;cards_row_gap_mobile&quot;:{&quot;unit&quot;:&quot;px&quot;,&quot;size&quot;:&quot;&quot;,&quot;sizes&quot;:[]},&quot;load_more_spinner&quot;:{&quot;value&quot;:&quot;fas fa-spinner&quot;,&quot;library&quot;:&quot;fa-solid&quot;}}\" data-widget_type=\"posts.cards\">\n\t\t\t\t<div class=\"elementor-widget-container\">\n\t\t\t\t\t\t\t<div class=\"elementor-posts-container elementor-posts elementor-posts--skin-cards elementor-grid\">\n\t\t\t\t<article class=\"elementor-post elementor-grid-item post-993774 post type-post status-publish format-standard hentry category-bilgi-kaynaklari\">\n\t\t\t<div class=\"elementor-post__card\">\n\t\t\t\t<div class=\"elementor-post__text\">\n\t\t\t\t<h3 class=\"elementor-post__title\">\n\t\t\t<a href=\"https:\/\/cukurpartners.com\/tr\/kenevir-yetistiriciliginde-yeni-donem\/\" >\n\t\t\t\tKENEV\u0130R YET\u0130\u015eT\u0130R\u0130C\u0130L\u0130\u011e\u0130NDE YEN\u0130 D\u00d6NEM\t\t\t<\/a>\n\t\t<\/h3>\n\t\t\t\t<div class=\"elementor-post__excerpt\">\n\t\t\t<p>Giri\u015f 31 Ocak 2026 tarihli Resmi Gazete\u2019de yay\u0131mlanarak y\u00fcr\u00fcrl\u00fc\u011fe giren &#8220;Kenevir Yeti\u015ftiricili\u011fi ve Kontrol\u00fcne Dair Y\u00f6netmelik&#8221; ve &#8220;Kenevirden Elde Edilen<\/p>\n\t\t<\/div>\n\t\t\t\t<\/div>\n\t\t\t\t<div class=\"elementor-post__meta-data\">\n\t\t\t\t\t<span class=\"elementor-post-date\">\n\t\t\t\u015eubat 24, 2026\t\t<\/span>\n\t\t\t\t<\/div>\n\t\t\t\t\t<\/div>\n\t\t<\/article>\n\t\t\t\t<article class=\"elementor-post elementor-grid-item post-993769 post type-post status-publish format-standard hentry category-bilgi-kaynaklari\">\n\t\t\t<div class=\"elementor-post__card\">\n\t\t\t\t<div class=\"elementor-post__text\">\n\t\t\t\t<h3 class=\"elementor-post__title\">\n\t\t\t<a href=\"https:\/\/cukurpartners.com\/tr\/calisanin-emeklilik-sonrasi-ayni-isveren-nezdinde-yeniden-istihdami\/\" >\n\t\t\t\t\u00c7al\u0131\u015fan\u0131n Emeklilik Sonras\u0131 Ayn\u0131 \u0130\u015fveren Nezdinde Yeniden \u0130stihdam\u0131\t\t\t<\/a>\n\t\t<\/h3>\n\t\t\t\t<div class=\"elementor-post__excerpt\">\n\t\t\t<p>\u00c7al\u0131\u015fanlar\u0131n, emeklilik (ya\u015fl\u0131l\u0131k) nedeniyle i\u015ften ayr\u0131lmas\u0131 sonras\u0131nda, ayn\u0131 i\u015fverenlik nezdinde yeniden \u00e7al\u0131\u015fma talebinde bulunmalar\u0131 s\u0131kl\u0131kla kar\u015f\u0131la\u015fan bir durumdur. \u0130\u015fverenlerin bu<\/p>\n\t\t<\/div>\n\t\t\t\t<\/div>\n\t\t\t\t<div class=\"elementor-post__meta-data\">\n\t\t\t\t\t<span class=\"elementor-post-date\">\n\t\t\tOcak 20, 2026\t\t<\/span>\n\t\t\t\t<\/div>\n\t\t\t\t\t<\/div>\n\t\t<\/article>\n\t\t\t\t<article class=\"elementor-post elementor-grid-item post-993767 post type-post status-publish format-standard hentry category-bilgi-kaynaklari\">\n\t\t\t<div class=\"elementor-post__card\">\n\t\t\t\t<div class=\"elementor-post__text\">\n\t\t\t\t<h3 class=\"elementor-post__title\">\n\t\t\t<a href=\"https:\/\/cukurpartners.com\/tr\/karanlik-ticari-tasarimlar-ve-reklam-kurulu-kararlari-tuketiciyi-yaniltmanin-hukuki-sonuclari\/\" >\n\t\t\t\tKaranl\u0131k Ticari Tasar\u0131mlar ve Reklam Kurulu Kararlar\u0131: T\u00fcketiciyi Yan\u0131ltman\u0131n Hukuki Sonu\u00e7lar\u0131\t\t\t<\/a>\n\t\t<\/h3>\n\t\t\t\t<div class=\"elementor-post__excerpt\">\n\t\t\t<p>Karanl\u0131k Ticari Tasar\u0131m (Dark Pattern) Kavram\u0131 Dijitalle\u015fme ile birlikte reklamlar yaln\u0131zca i\u00e7erik yoluyla de\u011fil, ayn\u0131 zamanda tasar\u0131m tercihleri arac\u0131l\u0131\u011f\u0131yla da<\/p>\n\t\t<\/div>\n\t\t\t\t<\/div>\n\t\t\t\t<div class=\"elementor-post__meta-data\">\n\t\t\t\t\t<span class=\"elementor-post-date\">\n\t\t\tOcak 20, 2026\t\t<\/span>\n\t\t\t\t<\/div>\n\t\t\t\t\t<\/div>\n\t\t<\/article>\n\t\t\t\t<article class=\"elementor-post elementor-grid-item post-993751 post type-post status-publish format-standard hentry category-bilgi-kaynaklari\">\n\t\t\t<div class=\"elementor-post__card\">\n\t\t\t\t<div class=\"elementor-post__text\">\n\t\t\t\t<h3 class=\"elementor-post__title\">\n\t\t\t<a href=\"https:\/\/cukurpartners.com\/tr\/mesai-saatleri-disinda-gerceklestirilen-sirket-etkinliklerinde-meydana-gelen-kazalarin-hukuki-niteligi\/\" >\n\t\t\t\tMESA\u0130 SAATLER\u0130 DI\u015eINDA GER\u00c7EKLE\u015eT\u0130R\u0130LEN \u015e\u0130RKET ETK\u0130NL\u0130KLER\u0130NDE MEYDANA GELEN KAZALARIN HUKUK\u0130 N\u0130TEL\u0130\u011e\u0130\t\t\t<\/a>\n\t\t<\/h3>\n\t\t\t\t<div class=\"elementor-post__excerpt\">\n\t\t\t<p>Giri\u015f G\u00fcn\u00fcm\u00fczde \u015firketler, \u00e7al\u0131\u015fanlar\u0131n\u0131n ba\u011fl\u0131l\u0131\u011f\u0131 ve motivasyonunu art\u0131rmak amac\u0131yla, mesai saatleri d\u0131\u015f\u0131nda da \u00e7e\u015fitli sosyal, k\u00fclt\u00fcrel veya sportif etkinlikler d\u00fczenleyebilmektedirler.<\/p>\n\t\t<\/div>\n\t\t\t\t<\/div>\n\t\t\t\t<div class=\"elementor-post__meta-data\">\n\t\t\t\t\t<span class=\"elementor-post-date\">\n\t\t\tOcak 20, 2026\t\t<\/span>\n\t\t\t\t<\/div>\n\t\t\t\t\t<\/div>\n\t\t<\/article>\n\t\t\t\t<article class=\"elementor-post elementor-grid-item post-993749 post type-post status-publish format-standard hentry category-bilgi-kaynaklari\">\n\t\t\t<div class=\"elementor-post__card\">\n\t\t\t\t<div class=\"elementor-post__text\">\n\t\t\t\t<h3 class=\"elementor-post__title\">\n\t\t\t<a href=\"https:\/\/cukurpartners.com\/tr\/izinsiz-yabanci-personel-calistiran-isverenin-sinir-disi-edilme-masraflarina-katlanma-yukumlulugu\/\" >\n\t\t\t\t\u0130zinsiz Yabanc\u0131 Personel \u00c7al\u0131\u015ft\u0131ran \u0130\u015fverenin S\u0131n\u0131r D\u0131\u015f\u0131 Edilme Masraflar\u0131na Katlanma Y\u00fck\u00fcml\u00fcl\u00fc\u011f\u00fc\t\t\t<\/a>\n\t\t<\/h3>\n\t\t\t\t<div class=\"elementor-post__excerpt\">\n\t\t\t<p>Giri\u015f Globalle\u015fen d\u00fcnyada yabanc\u0131 personel istihdam\u0131 i\u015fverenlere uluslararas\u0131 deneyim, farkl\u0131 uzmanl\u0131k alanlar\u0131, nitelikli i\u015f g\u00fcc\u00fcne eri\u015fim gibi bir\u00e7ok a\u00e7\u0131dan avantaj<\/p>\n\t\t<\/div>\n\t\t\t\t<\/div>\n\t\t\t\t<div class=\"elementor-post__meta-data\">\n\t\t\t\t\t<span class=\"elementor-post-date\">\n\t\t\tOcak 20, 2026\t\t<\/span>\n\t\t\t\t<\/div>\n\t\t\t\t\t<\/div>\n\t\t<\/article>\n\t\t\t\t<article class=\"elementor-post elementor-grid-item post-993747 post type-post status-publish format-standard hentry category-bilgi-kaynaklari\">\n\t\t\t<div class=\"elementor-post__card\">\n\t\t\t\t<div class=\"elementor-post__text\">\n\t\t\t\t<h3 class=\"elementor-post__title\">\n\t\t\t<a href=\"https:\/\/cukurpartners.com\/tr\/ticari-unvan-ile-marka-hakkinin-catismasinda-oncelik-sorunu-ve-haksiz-rekabet-boyutu\/\" >\n\t\t\t\tTicari Unvan ile Marka Hakk\u0131n\u0131n \u00c7at\u0131\u015fmas\u0131nda \u00d6ncelik Sorunu ve Haks\u0131z Rekabet Boyutu\t\t\t<\/a>\n\t\t<\/h3>\n\t\t\t\t<div class=\"elementor-post__excerpt\">\n\t\t\t<p>&nbsp; Giri\u015f \u015eirketler a\u00e7\u0131s\u0131ndan isim se\u00e7imi yaln\u0131zca bir pazarlama tercihi de\u011fildir; hukuki sonu\u00e7lar\u0131 olan, uzun vadeli ve stratejik bir karard\u0131r.<\/p>\n\t\t<\/div>\n\t\t\t\t<\/div>\n\t\t\t\t<div class=\"elementor-post__meta-data\">\n\t\t\t\t\t<span class=\"elementor-post-date\">\n\t\t\tOcak 20, 2026\t\t<\/span>\n\t\t\t\t<\/div>\n\t\t\t\t\t<\/div>\n\t\t<\/article>\n\t\t\t\t<article class=\"elementor-post elementor-grid-item post-993745 post type-post status-publish format-standard hentry category-bilgi-kaynaklari\">\n\t\t\t<div class=\"elementor-post__card\">\n\t\t\t\t<div class=\"elementor-post__text\">\n\t\t\t\t<h3 class=\"elementor-post__title\">\n\t\t\t<a href=\"https:\/\/cukurpartners.com\/tr\/genetigi-degistirilmis-organizmali-urun-ticaretinin-ceza-hukuku-boyutu-biyoguvenlik-kanunundaki-mevcut-yaptirim-rejimi\/\" >\n\t\t\t\tGeneti\u011fi De\u011fi\u015ftirilmi\u015f Organizmal\u0131 \u00dcr\u00fcn Ticaretinin Ceza Hukuku Boyutu: Biyog\u00fcvenlik Kanunu\u2019ndaki Mevcut Yapt\u0131r\u0131m Rejimi\t\t\t<\/a>\n\t\t<\/h3>\n\t\t\t\t<div class=\"elementor-post__excerpt\">\n\t\t\t<p>G\u0130R\u0130\u015e G\u00fcn\u00fcm\u00fczde bilimsel ve teknolojik ilerlemeler, bir yanda avantajlar\u0131yla gelirken di\u011fer yandan geneti\u011fi de\u011fi\u015ftirilmi\u015f organizmalar\u0131n (\u2018\u2019GDO\u2019\u2019) da hayat\u0131m\u0131za girmesine neden<\/p>\n\t\t<\/div>\n\t\t\t\t<\/div>\n\t\t\t\t<div class=\"elementor-post__meta-data\">\n\t\t\t\t\t<span class=\"elementor-post-date\">\n\t\t\tOcak 20, 2026\t\t<\/span>\n\t\t\t\t<\/div>\n\t\t\t\t\t<\/div>\n\t\t<\/article>\n\t\t\t\t<article class=\"elementor-post elementor-grid-item post-993741 post type-post status-publish format-standard hentry category-bilgi-kaynaklari\">\n\t\t\t<div class=\"elementor-post__card\">\n\t\t\t\t<div class=\"elementor-post__text\">\n\t\t\t\t<h3 class=\"elementor-post__title\">\n\t\t\t<a href=\"https:\/\/cukurpartners.com\/tr\/belirli-sureli-is-sozlesmelerinde-yillik-ucretli-izin-hakkinin-uygulanmasi\/\" >\n\t\t\t\tBEL\u0130RL\u0130 S\u00dcREL\u0130 \u0130\u015e S\u00d6ZLE\u015eMELER\u0130NDE YILLIK \u00dcCRETL\u0130 \u0130Z\u0130N HAKKININ UYGULANMASI\t\t\t<\/a>\n\t\t<\/h3>\n\t\t\t\t<div class=\"elementor-post__excerpt\">\n\t\t\t<p>Giri\u015f Temel dayana\u011f\u0131n\u0131 Anayasa m.50\u2019de bulan ve 4857 Say\u0131l\u0131 \u0130\u015f Kanunu m.53\u2019te d\u00fczenlenen y\u0131ll\u0131k \u00fccretli izin hakk\u0131; \u00e7al\u0131\u015fan\u0131n belirli d\u00f6nemlerde<\/p>\n\t\t<\/div>\n\t\t\t\t<\/div>\n\t\t\t\t<div class=\"elementor-post__meta-data\">\n\t\t\t\t\t<span class=\"elementor-post-date\">\n\t\t\tOcak 20, 2026\t\t<\/span>\n\t\t\t\t<\/div>\n\t\t\t\t\t<\/div>\n\t\t<\/article>\n\t\t\t\t<\/div>\n\t\t\t\t\t<span class=\"e-load-more-spinner\">\n\t\t\t\t<svg aria-hidden=\"true\" class=\"e-font-icon-svg e-fas-spinner\" viewBox=\"0 0 512 512\" xmlns=\"http:\/\/www.w3.org\/2000\/svg\"><path d=\"M304 48c0 26.51-21.49 48-48 48s-48-21.49-48-48 21.49-48 48-48 48 21.49 48 48zm-48 368c-26.51 0-48 21.49-48 48s21.49 48 48 48 48-21.49 48-48-21.49-48-48-48zm208-208c-26.51 0-48 21.49-48 48s21.49 48 48 48 48-21.49 48-48-21.49-48-48-48zM96 256c0-26.51-21.49-48-48-48S0 229.49 0 256s21.49 48 48 48 48-21.49 48-48zm12.922 99.078c-26.51 0-48 21.49-48 48s21.49 48 48 48 48-21.49 48-48c0-26.509-21.491-48-48-48zm294.156 0c-26.51 0-48 21.49-48 48s21.49 48 48 48 48-21.49 48-48c0-26.509-21.49-48-48-48zM108.922 60.922c-26.51 0-48 21.49-48 48s21.49 48 48 48 48-21.49 48-48-21.491-48-48-48z\"><\/path><\/svg>\t\t\t<\/span>\n\t\t\n\t\t\t\t<div class=\"e-load-more-anchor\" data-page=\"1\" data-max-page=\"6\" data-next-page=\"https:\/\/cukurpartners.com\/tr\/wp-json\/wp\/v2\/pages\/993146\/page\/2\/\"><\/div>\n\t\t\t\t<div class=\"elementor-button-wrapper\">\n\t\t\t<a href=\"#\" class=\"elementor-button-link elementor-button\" role=\"button\">\n\t\t\t\t\t\t<span class=\"elementor-button-content-wrapper\">\n\t\t\t\t\t\t\t\t\t<span class=\"elementor-button-text\">Daha Fazla Yaz\u0131 G\u00f6r\u00fcnt\u00fcle<\/span>\n\t\t\t\t\t<\/span>\n\t\t\t\t\t<\/a>\n\t\t<\/div>\n\t\t\t\t<div class=\"e-load-more-message\"><\/div>\n\t\t\t\t\t\t<\/div>\n\t\t\t\t<\/div>\n\t\t\t\t<div class=\"elementor-element elementor-element-294a672 elementor-widget elementor-widget-spacer\" data-id=\"294a672\" data-element_type=\"widget\" data-widget_type=\"spacer.default\">\n\t\t\t\t<div class=\"elementor-widget-container\">\n\t\t\t\t\t\t\t<div class=\"elementor-spacer\">\n\t\t\t<div class=\"elementor-spacer-inner\"><\/div>\n\t\t<\/div>\n\t\t\t\t\t\t<\/div>\n\t\t\t\t<\/div>\n\t\t\t\t<div class=\"elementor-element elementor-element-30dcfc0 elementor-widget elementor-widget-heading\" data-id=\"30dcfc0\" data-element_type=\"widget\" data-widget_type=\"heading.default\">\n\t\t\t\t<div class=\"elementor-widget-container\">\n\t\t\t\t\t<h1 class=\"elementor-heading-title elementor-size-default\">Haberler<\/h1>\t\t\t\t<\/div>\n\t\t\t\t<\/div>\n\t\t\t\t<div class=\"vamtam-has-theme-widget-styles elementor-element elementor-element-a31f555 elementor-grid-4 elementor-grid-tablet-2 elementor-grid-mobile-1 elementor-posts--thumbnail-top elementor-card-shadow-yes elementor-posts__hover-gradient load-more-align-center elementor-widget elementor-widget-posts\" data-id=\"a31f555\" data-element_type=\"widget\" data-settings=\"{&quot;cards_columns&quot;:&quot;4&quot;,&quot;pagination_type&quot;:&quot;load_more_on_click&quot;,&quot;cards_columns_tablet&quot;:&quot;2&quot;,&quot;cards_columns_mobile&quot;:&quot;1&quot;,&quot;cards_row_gap&quot;:{&quot;unit&quot;:&quot;px&quot;,&quot;size&quot;:35,&quot;sizes&quot;:[]},&quot;cards_row_gap_tablet&quot;:{&quot;unit&quot;:&quot;px&quot;,&quot;size&quot;:&quot;&quot;,&quot;sizes&quot;:[]},&quot;cards_row_gap_mobile&quot;:{&quot;unit&quot;:&quot;px&quot;,&quot;size&quot;:&quot;&quot;,&quot;sizes&quot;:[]},&quot;load_more_spinner&quot;:{&quot;value&quot;:&quot;fas fa-spinner&quot;,&quot;library&quot;:&quot;fa-solid&quot;}}\" data-widget_type=\"posts.cards\">\n\t\t\t\t<div class=\"elementor-widget-container\">\n\t\t\t\t\t\t\t<div class=\"elementor-posts-container elementor-posts elementor-posts--skin-cards elementor-grid\">\n\t\t\t\t<article class=\"elementor-post elementor-grid-item post-993736 post type-post status-publish format-standard has-post-thumbnail hentry category-bizden-haberler\">\n\t\t\t<div class=\"elementor-post__card\">\n\t\t\t\t<a class=\"elementor-post__thumbnail__link\" href=\"https:\/\/cukurpartners.com\/tr\/cukur-partners-polser-kompozite-bolgesel-kalkinma-fonunun-yatirim-isleminde-satici-tarafa-hukuki-danismanlik-vermistir\/\" tabindex=\"-1\" ><div class=\"elementor-post__thumbnail\"><img fetchpriority=\"high\" decoding=\"async\" width=\"1024\" height=\"724\" src=\"https:\/\/cukurpartners.com\/wp-content\/uploads\/2026\/01\/Polser-Fotograf-1024x724.png\" class=\"attachment-large size-large wp-image-993730\" alt=\"\" srcset=\"https:\/\/cukurpartners.com\/wp-content\/uploads\/2026\/01\/Polser-Fotograf-1024x724.png 1024w, https:\/\/cukurpartners.com\/wp-content\/uploads\/2026\/01\/Polser-Fotograf-300x212.png 300w, https:\/\/cukurpartners.com\/wp-content\/uploads\/2026\/01\/Polser-Fotograf-768x543.png 768w, https:\/\/cukurpartners.com\/wp-content\/uploads\/2026\/01\/Polser-Fotograf-1536x1086.png 1536w, https:\/\/cukurpartners.com\/wp-content\/uploads\/2026\/01\/Polser-Fotograf.png 2000w\" sizes=\"(max-width: 1024px) 100vw, 1024px\" \/><\/div><\/a>\n\t\t\t\t<div class=\"elementor-post__badge\">Bizden Haberler<\/div>\n\t\t\t\t<div class=\"elementor-post__text\">\n\t\t\t\t<h3 class=\"elementor-post__title\">\n\t\t\t<a href=\"https:\/\/cukurpartners.com\/tr\/cukur-partners-polser-kompozite-bolgesel-kalkinma-fonunun-yatirim-isleminde-satici-tarafa-hukuki-danismanlik-vermistir\/\" >\n\t\t\t\t\u00c7ukur &#038; Partners, Polser Kompozit\u2019e B\u00f6lgesel Kalk\u0131nma Fonu\u2019nun Yat\u0131r\u0131m \u0130\u015fleminde Sat\u0131c\u0131 Tarafa Hukuki Dan\u0131\u015fmanl\u0131k Vermi\u015ftir\t\t\t<\/a>\n\t\t<\/h3>\n\t\t\t\t<div class=\"elementor-post__excerpt\">\n\t\t\t<p>\u00c7ukur &amp; Partners, Polser Kompozit Sanayi ve Ticaret Anonim \u015eirketi\u2019nin sat\u0131c\u0131 taraf\u0131n\u0131 temsilen, T\u00fcrkiye Kalk\u0131nma Fonu (TDF) taraf\u0131ndan y\u00f6netilen B\u00f6lgesel<\/p>\n\t\t<\/div>\n\t\t\t\t<\/div>\n\t\t\t\t<div class=\"elementor-post__meta-data\">\n\t\t\t\t\t<span class=\"elementor-post-date\">\n\t\t\tOcak 16, 2026\t\t<\/span>\n\t\t\t\t<\/div>\n\t\t\t\t\t<\/div>\n\t\t<\/article>\n\t\t\t\t<article class=\"elementor-post elementor-grid-item post-993684 post type-post status-publish format-standard has-post-thumbnail hentry category-bizden-haberler\">\n\t\t\t<div class=\"elementor-post__card\">\n\t\t\t\t<a class=\"elementor-post__thumbnail__link\" href=\"https:\/\/cukurpartners.com\/tr\/cukur-partners-deu-hukuk-kariyer-calistayi-2025in-ana-destekcileri-arasinda-yer-aldi\/\" tabindex=\"-1\" ><div class=\"elementor-post__thumbnail\"><img decoding=\"async\" width=\"828\" height=\"735\" src=\"https:\/\/cukurpartners.com\/wp-content\/uploads\/2025\/12\/CukurPartners-KHT.jpg\" class=\"attachment-large size-large wp-image-993685\" alt=\"\" srcset=\"https:\/\/cukurpartners.com\/wp-content\/uploads\/2025\/12\/CukurPartners-KHT.jpg 828w, https:\/\/cukurpartners.com\/wp-content\/uploads\/2025\/12\/CukurPartners-KHT-300x266.jpg 300w, https:\/\/cukurpartners.com\/wp-content\/uploads\/2025\/12\/CukurPartners-KHT-768x682.jpg 768w\" sizes=\"(max-width: 828px) 100vw, 828px\" \/><\/div><\/a>\n\t\t\t\t<div class=\"elementor-post__badge\">Bizden Haberler<\/div>\n\t\t\t\t<div class=\"elementor-post__text\">\n\t\t\t\t<h3 class=\"elementor-post__title\">\n\t\t\t<a href=\"https:\/\/cukurpartners.com\/tr\/cukur-partners-deu-hukuk-kariyer-calistayi-2025in-ana-destekcileri-arasinda-yer-aldi\/\" >\n\t\t\t\t\u00c7ukur &#038; Partners, DE\u00dc Hukuk Kariyer \u00c7al\u0131\u015ftay\u0131 2025\u2019in Ana Destek\u00e7ileri Aras\u0131nda Yer Ald\u0131\t\t\t<\/a>\n\t\t<\/h3>\n\t\t\t\t<div class=\"elementor-post__excerpt\">\n\t\t\t<p>\u00c7ukur &amp; Partners olarak, gen\u00e7 hukuk\u00e7ular\u0131n mesleki ve akademik geli\u015fimlerine katk\u0131 sunmay\u0131 kurumsal sorumlulu\u011fumuzun bir par\u00e7as\u0131 olarak g\u00f6r\u00fcyoruz. Bu kapsamda,<\/p>\n\t\t<\/div>\n\t\t\t\t<\/div>\n\t\t\t\t<div class=\"elementor-post__meta-data\">\n\t\t\t\t\t<span class=\"elementor-post-date\">\n\t\t\tKas\u0131m 21, 2025\t\t<\/span>\n\t\t\t\t<\/div>\n\t\t\t\t\t<\/div>\n\t\t<\/article>\n\t\t\t\t<article class=\"elementor-post elementor-grid-item post-993682 post type-post status-publish format-standard has-post-thumbnail hentry category-bizden-haberler\">\n\t\t\t<div class=\"elementor-post__card\">\n\t\t\t\t<a class=\"elementor-post__thumbnail__link\" href=\"https:\/\/cukurpartners.com\/tr\/iclg-franchise-2026-turkiye-bolumunu-cukur-partners-hazirladi\/\" tabindex=\"-1\" ><div class=\"elementor-post__thumbnail\"><img decoding=\"async\" width=\"1024\" height=\"1024\" src=\"https:\/\/cukurpartners.com\/wp-content\/uploads\/2025\/11\/1-1024x1024.jpeg\" class=\"attachment-large size-large wp-image-993680\" alt=\"\" srcset=\"https:\/\/cukurpartners.com\/wp-content\/uploads\/2025\/11\/1-1024x1024.jpeg 1024w, https:\/\/cukurpartners.com\/wp-content\/uploads\/2025\/11\/1-300x300.jpeg 300w, https:\/\/cukurpartners.com\/wp-content\/uploads\/2025\/11\/1-150x150.jpeg 150w, https:\/\/cukurpartners.com\/wp-content\/uploads\/2025\/11\/1-768x769.jpeg 768w, https:\/\/cukurpartners.com\/wp-content\/uploads\/2025\/11\/1.jpeg 1535w\" sizes=\"(max-width: 1024px) 100vw, 1024px\" \/><\/div><\/a>\n\t\t\t\t<div class=\"elementor-post__badge\">Bizden Haberler<\/div>\n\t\t\t\t<div class=\"elementor-post__text\">\n\t\t\t\t<h3 class=\"elementor-post__title\">\n\t\t\t<a href=\"https:\/\/cukurpartners.com\/tr\/iclg-franchise-2026-turkiye-bolumunu-cukur-partners-hazirladi\/\" >\n\t\t\t\tICLG Franchise 2026 T\u00fcrkiye B\u00f6l\u00fcm\u00fcn\u00fc \u00c7ukur &#038; Partners Haz\u0131rlad\u0131\t\t\t<\/a>\n\t\t<\/h3>\n\t\t\t\t<div class=\"elementor-post__excerpt\">\n\t\t\t<p>\u00c7ukur &amp; Partners, ticaret hukuku ve franchising alan\u0131ndaki uzmanl\u0131\u011f\u0131yla, Global Legal Group (ICLG) taraf\u0131ndan yay\u0131mlanan The International Comparative Legal Guide<\/p>\n\t\t<\/div>\n\t\t\t\t<\/div>\n\t\t\t\t<div class=\"elementor-post__meta-data\">\n\t\t\t\t\t<span class=\"elementor-post-date\">\n\t\t\tKas\u0131m 19, 2025\t\t<\/span>\n\t\t\t\t<\/div>\n\t\t\t\t\t<\/div>\n\t\t<\/article>\n\t\t\t\t<article class=\"elementor-post elementor-grid-item post-993696 post type-post status-publish format-standard has-post-thumbnail hentry category-bizden-haberler\">\n\t\t\t<div class=\"elementor-post__card\">\n\t\t\t\t<a class=\"elementor-post__thumbnail__link\" href=\"https:\/\/cukurpartners.com\/tr\/cukur-partners-iflr1000-tarafindan-bir-kez-daha-turkiyenin-onde-gelen-hukuk-firmalari-arasinda-gosterildi\/\" tabindex=\"-1\" ><div class=\"elementor-post__thumbnail\"><img loading=\"lazy\" decoding=\"async\" width=\"1024\" height=\"1024\" src=\"https:\/\/cukurpartners.com\/wp-content\/uploads\/2025\/12\/IFLR1000-1024x1024.jpeg\" class=\"attachment-large size-large wp-image-993693\" alt=\"\" srcset=\"https:\/\/cukurpartners.com\/wp-content\/uploads\/2025\/12\/IFLR1000-1024x1024.jpeg 1024w, https:\/\/cukurpartners.com\/wp-content\/uploads\/2025\/12\/IFLR1000-300x300.jpeg 300w, https:\/\/cukurpartners.com\/wp-content\/uploads\/2025\/12\/IFLR1000-150x150.jpeg 150w, https:\/\/cukurpartners.com\/wp-content\/uploads\/2025\/12\/IFLR1000-768x768.jpeg 768w, https:\/\/cukurpartners.com\/wp-content\/uploads\/2025\/12\/IFLR1000.jpeg 1200w\" sizes=\"(max-width: 1024px) 100vw, 1024px\" \/><\/div><\/a>\n\t\t\t\t<div class=\"elementor-post__badge\">Bizden Haberler<\/div>\n\t\t\t\t<div class=\"elementor-post__text\">\n\t\t\t\t<h3 class=\"elementor-post__title\">\n\t\t\t<a href=\"https:\/\/cukurpartners.com\/tr\/cukur-partners-iflr1000-tarafindan-bir-kez-daha-turkiyenin-onde-gelen-hukuk-firmalari-arasinda-gosterildi\/\" >\n\t\t\t\t\u00c7ukur &#038; Partners, IFLR1000 Taraf\u0131ndan Bir Kez Daha T\u00fcrkiye\u2019nin \u00d6nde Gelen Hukuk Firmalar\u0131 Aras\u0131nda G\u00f6sterildi\t\t\t<\/a>\n\t\t<\/h3>\n\t\t\t\t<div class=\"elementor-post__excerpt\">\n\t\t\t<p>\u00c7ukur &amp; Partners, uluslararas\u0131 ba\u011f\u0131ms\u0131z derecelendirme kurulu\u015fu IFLR1000 taraf\u0131ndan; Birle\u015fme &amp; Sat\u0131n Almalar ile Gayrimenkul, \u0130n\u015faat ve Enerji Projeleri alanlar\u0131nda<\/p>\n\t\t<\/div>\n\t\t\t\t<\/div>\n\t\t\t\t<div class=\"elementor-post__meta-data\">\n\t\t\t\t\t<span class=\"elementor-post-date\">\n\t\t\tKas\u0131m 11, 2025\t\t<\/span>\n\t\t\t\t<\/div>\n\t\t\t\t\t<\/div>\n\t\t<\/article>\n\t\t\t\t<\/div>\n\t\t\t\t\t<span class=\"e-load-more-spinner\">\n\t\t\t\t<svg aria-hidden=\"true\" class=\"e-font-icon-svg e-fas-spinner\" viewBox=\"0 0 512 512\" xmlns=\"http:\/\/www.w3.org\/2000\/svg\"><path d=\"M304 48c0 26.51-21.49 48-48 48s-48-21.49-48-48 21.49-48 48-48 48 21.49 48 48zm-48 368c-26.51 0-48 21.49-48 48s21.49 48 48 48 48-21.49 48-48-21.49-48-48-48zm208-208c-26.51 0-48 21.49-48 48s21.49 48 48 48 48-21.49 48-48-21.49-48-48-48zM96 256c0-26.51-21.49-48-48-48S0 229.49 0 256s21.49 48 48 48 48-21.49 48-48zm12.922 99.078c-26.51 0-48 21.49-48 48s21.49 48 48 48 48-21.49 48-48c0-26.509-21.491-48-48-48zm294.156 0c-26.51 0-48 21.49-48 48s21.49 48 48 48 48-21.49 48-48c0-26.509-21.49-48-48-48zM108.922 60.922c-26.51 0-48 21.49-48 48s21.49 48 48 48 48-21.49 48-48-21.491-48-48-48z\"><\/path><\/svg>\t\t\t<\/span>\n\t\t\n\t\t\t\t<div class=\"e-load-more-anchor\" data-page=\"1\" data-max-page=\"18\" data-next-page=\"https:\/\/cukurpartners.com\/tr\/wp-json\/wp\/v2\/pages\/993146\/page\/2\/\"><\/div>\n\t\t\t\t<div class=\"elementor-button-wrapper\">\n\t\t\t<a href=\"#\" class=\"elementor-button-link elementor-button\" role=\"button\">\n\t\t\t\t\t\t<span class=\"elementor-button-content-wrapper\">\n\t\t\t\t\t\t\t\t\t<span class=\"elementor-button-text\">Daha Fazla Yaz\u0131 G\u00f6r\u00fcnt\u00fcle<\/span>\n\t\t\t\t\t<\/span>\n\t\t\t\t\t<\/a>\n\t\t<\/div>\n\t\t\t\t<div class=\"e-load-more-message\"><\/div>\n\t\t\t\t\t\t<\/div>\n\t\t\t\t<\/div>\n\t\t\t\t\t<\/div>\n\t\t<\/div>\n\t\t\t\t\t<\/div>\n\t\t<\/section>\n\t\t\t\t<\/div>\n\t\t","protected":false},"excerpt":{"rendered":"<p>Bilgi Kaynaklar\u0131 Haberler<\/p>\n","protected":false},"author":1,"featured_media":0,"parent":0,"menu_order":116,"comment_status":"closed","ping_status":"closed","template":"","meta":{"footnotes":""},"class_list":["post-993146","page","type-page","status-publish","hentry"],"_links":{"self":[{"href":"https:\/\/cukurpartners.com\/tr\/wp-json\/wp\/v2\/pages\/993146","targetHints":{"allow":["GET"]}}],"collection":[{"href":"https:\/\/cukurpartners.com\/tr\/wp-json\/wp\/v2\/pages"}],"about":[{"href":"https:\/\/cukurpartners.com\/tr\/wp-json\/wp\/v2\/types\/page"}],"author":[{"embeddable":true,"href":"https:\/\/cukurpartners.com\/tr\/wp-json\/wp\/v2\/users\/1"}],"replies":[{"embeddable":true,"href":"https:\/\/cukurpartners.com\/tr\/wp-json\/wp\/v2\/comments?post=993146"}],"version-history":[{"count":13,"href":"https:\/\/cukurpartners.com\/tr\/wp-json\/wp\/v2\/pages\/993146\/revisions"}],"predecessor-version":[{"id":993444,"href":"https:\/\/cukurpartners.com\/tr\/wp-json\/wp\/v2\/pages\/993146\/revisions\/993444"}],"wp:attachment":[{"href":"https:\/\/cukurpartners.com\/tr\/wp-json\/wp\/v2\/media?parent=993146"}],"curies":[{"name":"wp","href":"https:\/\/api.w.org\/{rel}","templated":true}]}}