{"id":993155,"date":"2025-04-29T11:27:07","date_gmt":"2025-04-29T08:27:07","guid":{"rendered":"https:\/\/cukurpartners.com\/?page_id=993155"},"modified":"2025-04-29T11:27:59","modified_gmt":"2025-04-29T08:27:59","slug":"uluslararasi-sayginlik-ve-basarilarimiz","status":"publish","type":"page","link":"https:\/\/cukurpartners.com\/tr\/uluslararasi-sayginlik-ve-basarilarimiz\/","title":{"rendered":"ULUSLARARASI SAYGINLIK VE BA\u015eARILARIMIZ"},"content":{"rendered":"\t\t<div data-elementor-type=\"wp-page\" data-elementor-id=\"993155\" class=\"elementor elementor-993155\" data-elementor-post-type=\"page\">\n\t\t\t\t<div class=\"elementor-element elementor-element-b0d0bc9 e-flex e-con-boxed e-con e-parent\" data-id=\"b0d0bc9\" data-element_type=\"container\" data-settings=\"{&quot;background_background&quot;:&quot;classic&quot;,&quot;animation&quot;:&quot;none&quot;}\">\n\t\t\t\t\t<div class=\"e-con-inner\">\n\t\t<div class=\"elementor-element elementor-element-3fd35ed e-con-full e-flex e-con e-child\" data-id=\"3fd35ed\" data-element_type=\"container\">\n\t\t\t\t<div class=\"elementor-element elementor-element-8cecf20 elementor-widget elementor-widget-heading\" data-id=\"8cecf20\" data-element_type=\"widget\" data-settings=\"{&quot;_animation&quot;:&quot;none&quot;,&quot;_animation_tablet&quot;:&quot;none&quot;}\" data-widget_type=\"heading.default\">\n\t\t\t\t<div class=\"elementor-widget-container\">\n\t\t\t\t\t<h1 class=\"elementor-heading-title elementor-size-default\">ULUSLARARASI SAYGINLIK VE BA\u015eARILARIMIZ<\/h1>\t\t\t\t<\/div>\n\t\t\t\t<\/div>\n\t\t\t\t<\/div>\n\t\t\t\t\t<\/div>\n\t\t\t\t<\/div>\n\t\t<div class=\"elementor-element elementor-element-8ce24e2 e-con-full e-flex e-con e-parent\" data-id=\"8ce24e2\" data-element_type=\"container\">\n\t\t<div class=\"elementor-element elementor-element-d159d49 e-flex e-con-boxed e-con e-child\" data-id=\"d159d49\" data-element_type=\"container\">\n\t\t\t\t\t<div class=\"e-con-inner\">\n\t\t\t\t<div class=\"elementor-element elementor-element-3d787cc elementor-widget elementor-widget-text-editor\" data-id=\"3d787cc\" data-element_type=\"widget\" data-widget_type=\"text-editor.default\">\n\t\t\t\t<div class=\"elementor-widget-container\">\n\t\t\t\t\t\t\t\t\t<p><span style=\"font-weight: 400;\">\u00c7ukur &amp; Partners, son 15 y\u0131lda kazand\u0131\u011f\u0131 uluslararas\u0131 sayg\u0131nl\u0131k ve \u00e7e\u015fitli hizmet \u00f6d\u00fclleriyle \u00fclkemizin hukuk sekt\u00f6r\u00fcn\u00fcn uluslararas\u0131 platformda temsiline ve tan\u0131nmas\u0131na sa\u011flad\u0131\u011f\u0131 katk\u0131lar ile gurur duymaktad\u0131r.\u00a0<\/span><\/p><p><span style=\"font-weight: 400;\">Hukuk firmam\u0131z, Legal500, IFLR1000 ve Chambers &amp; Partners gibi sayg\u0131n ba\u011f\u0131ms\u0131z hukuk kurulu\u015flar\u0131 taraf\u0131ndan uzun y\u0131llard\u0131r \u00e7al\u0131\u015fma alanlar\u0131nda \u00fclkemizin \u00f6nde gelen hukuk firmalar\u0131 aras\u0131nda say\u0131lmakta ve tavsiye edilmektedir.<\/span><\/p><p><span style=\"font-weight: 400;\">Ba\u015far\u0131lar\u0131m\u0131z aras\u0131nda, sekt\u00f6r\u00fcm\u00fcz\u00fcn en sayg\u0131n hukuk \u00f6d\u00fcllerinden biri olan The Lawyer European Awards\u2019ta \u00fcst \u00fcste iki y\u0131l (2016 ve 2017) \u201cT\u00fcrkiye\u2019de Y\u0131l\u0131n Hukuk B\u00fcrosu\u201d \u00f6d\u00fcl\u00fcn\u00fc almak \u00e7ok \u00f6zel bir yer tutmaktad\u0131r. Bu \u00f6d\u00fcl, \u00c7ukur &amp; Partners\u2019\u0131, bu prestijli \u00f6d\u00fcl\u00fc iki kez kazanan tek T\u00fcrk hukuk b\u00fcrosu ve bu ba\u015far\u0131y\u0131 ard\u0131\u015f\u0131k y\u0131llarda elde eden Avrupa\u2019daki say\u0131l\u0131 hukuk firmalar\u0131ndan biri yapmaktad\u0131r.<\/span><\/p><p><span style=\"font-weight: 400;\">Bu uluslararas\u0131 sayg\u0131nl\u0131k, yenilik\u00e7i hukuki \u00e7\u00f6z\u00fcmlerimize, \u00fcst\u00fcn hizmet standartlar\u0131m\u0131za ve hem T\u00fcrk hem de uluslararas\u0131 hukuk sahas\u0131nda yaratt\u0131\u011f\u0131m\u0131z \u00f6nemli etkiye duyulan takdirin bir g\u00f6stergesidir.<\/span><\/p>\t\t\t\t\t\t\t\t<\/div>\n\t\t\t\t<\/div>\n\t\t\t\t\t<\/div>\n\t\t\t\t<\/div>\n\t\t\t\t<\/div>\n\t\t\t\t<\/div>\n\t\t","protected":false},"excerpt":{"rendered":"<p>\u00c7ukur &amp; Partners, son 15 y\u0131lda kazand\u0131\u011f\u0131 uluslararas\u0131 sayg\u0131nl\u0131k ve \u00e7e\u015fitli hizmet \u00f6d\u00fclleriyle \u00fclkemizin hukuk sekt\u00f6r\u00fcn\u00fcn uluslararas\u0131 platformda temsiline ve tan\u0131nmas\u0131na sa\u011flad\u0131\u011f\u0131 katk\u0131lar ile gurur duymaktad\u0131r.\u00a0 Hukuk firmam\u0131z, Legal500, IFLR1000 ve Chambers &amp; Partners gibi sayg\u0131n ba\u011f\u0131ms\u0131z hukuk kurulu\u015flar\u0131 taraf\u0131ndan uzun y\u0131llard\u0131r \u00e7al\u0131\u015fma alanlar\u0131nda \u00fclkemizin \u00f6nde gelen hukuk firmalar\u0131 aras\u0131nda say\u0131lmakta ve tavsiye edilmektedir. Ba\u015far\u0131lar\u0131m\u0131z&#8230;<\/p>\n","protected":false},"author":1,"featured_media":0,"parent":0,"menu_order":1,"comment_status":"closed","ping_status":"closed","template":"","meta":{"footnotes":""},"class_list":["post-993155","page","type-page","status-publish","hentry"],"_links":{"self":[{"href":"https:\/\/cukurpartners.com\/tr\/wp-json\/wp\/v2\/pages\/993155","targetHints":{"allow":["GET"]}}],"collection":[{"href":"https:\/\/cukurpartners.com\/tr\/wp-json\/wp\/v2\/pages"}],"about":[{"href":"https:\/\/cukurpartners.com\/tr\/wp-json\/wp\/v2\/types\/page"}],"author":[{"embeddable":true,"href":"https:\/\/cukurpartners.com\/tr\/wp-json\/wp\/v2\/users\/1"}],"replies":[{"embeddable":true,"href":"https:\/\/cukurpartners.com\/tr\/wp-json\/wp\/v2\/comments?post=993155"}],"version-history":[{"count":4,"href":"https:\/\/cukurpartners.com\/tr\/wp-json\/wp\/v2\/pages\/993155\/revisions"}],"predecessor-version":[{"id":993159,"href":"https:\/\/cukurpartners.com\/tr\/wp-json\/wp\/v2\/pages\/993155\/revisions\/993159"}],"wp:attachment":[{"href":"https:\/\/cukurpartners.com\/tr\/wp-json\/wp\/v2\/media?parent=993155"}],"curies":[{"name":"wp","href":"https:\/\/api.w.org\/{rel}","templated":true}]}}